{"id":13165,"date":"2021-11-22T12:15:56","date_gmt":"2021-11-22T10:15:56","guid":{"rendered":"https:\/\/tea-shop.md\/politica-de-confidentialitate\/"},"modified":"2026-02-08T11:39:21","modified_gmt":"2026-02-08T09:39:21","slug":"politica-de-confidentialitate","status":"publish","type":"page","link":"https:\/\/tea-shop.md\/ro\/politica-de-confidentialitate\/","title":{"rendered":"Politica de confiden\u021bialitate"},"content":{"rendered":"\t\t<div data-elementor-type=\"wp-page\" data-elementor-id=\"13165\" class=\"elementor elementor-13165 elementor-11506\" data-elementor-post-type=\"page\">\n\t\t\t\t<div class=\"wd-negative-gap elementor-element elementor-element-65f9e89 wd-section-stretch e-flex e-con-boxed e-con e-parent\" data-id=\"65f9e89\" data-element_type=\"container\" data-e-type=\"container\" data-settings=\"{&quot;background_background&quot;:&quot;classic&quot;}\">\n\t\t\t\t\t<div class=\"e-con-inner\">\n\t\t\t\t<div class=\"elementor-element elementor-element-d9ff0ae elementor-widget elementor-widget-wd_image_or_svg\" data-id=\"d9ff0ae\" data-element_type=\"widget\" data-e-type=\"widget\" data-widget_type=\"wd_image_or_svg.default\">\n\t\t\t\t<div class=\"elementor-widget-container\">\n\t\t\t\t\t\n\t\t<div class=\"wd-image text-center\">\n\t\t\t\t\t\t\t\t<img decoding=\"async\" width=\"80\" height=\"80\" src=\"https:\/\/tea-shop.md\/wp-content\/uploads\/2025\/05\/b868830744f0bc93cd07649ebd9bd7fc-80x80.png\" class=\"attachment-80x80 size-80x80\" alt=\"\" srcset=\"https:\/\/tea-shop.md\/wp-content\/uploads\/2025\/05\/b868830744f0bc93cd07649ebd9bd7fc-80x80.png 80w, https:\/\/tea-shop.md\/wp-content\/uploads\/2025\/05\/b868830744f0bc93cd07649ebd9bd7fc-300x300.png 300w, https:\/\/tea-shop.md\/wp-content\/uploads\/2025\/05\/b868830744f0bc93cd07649ebd9bd7fc-150x150.png 150w\" sizes=\"(max-width: 80px) 100vw, 80px\" \/>\t\t\t\t\t<\/div>\n\n\t\t\t\t\t\t<\/div>\n\t\t\t\t<\/div>\n\t\t\t\t<div class=\"elementor-element elementor-element-d8daf79 wd-width-100 elementor-widget elementor-widget-wd_title\" data-id=\"d8daf79\" data-element_type=\"widget\" data-e-type=\"widget\" data-widget_type=\"wd_title.default\">\n\t\t\t\t<div class=\"elementor-widget-container\">\n\t\t\t\t\t\t\t<div class=\"title-wrapper wd-set-mb reset-last-child wd-title-color-default wd-title-style-default wd-title-size-large text-center\">\n\n\t\t\t\n\t\t\t<div class=\"liner-continer\">\n\t\t\t\t<h4 class=\"woodmart-title-container title wd-fontsize-xxl\">CINE NOI<\/h4> \n\t\t\t\t\t\t\t<\/div>\n\n\t\t\t\t\t<\/div>\n\t\t\t\t\t\t<\/div>\n\t\t\t\t<\/div>\n\t\t\t\t<div class=\"elementor-element elementor-element-c531958 elementor-widget elementor-widget-wd_text_block\" data-id=\"c531958\" data-element_type=\"widget\" data-e-type=\"widget\" data-widget_type=\"wd_text_block.default\">\n\t\t\t\t<div class=\"elementor-widget-container\">\n\t\t\t\t\t\t\t<div class=\"wd-text-block reset-last-child text-center\">\n\t\t\t\n\t\t\t<p>Suntem un magazin de ceai care are grij\u0103 de confortul \u0219i calitatea serviciilor dvs. atunci c\u00e2nd alege\u021bi \u0219i cump\u0103ra\u021bi ceai. V\u0103 rug\u0103m s\u0103 citi\u021bi prezenta Politic\u0103 de confiden\u021bialitate \u0219i s\u0103 v\u0103 da\u021bi acordul pentru utilizarea serviciilor noastre. <\/p>\n\t\t\t\t\t<\/div>\n\t\t\t\t\t\t<\/div>\n\t\t\t\t<\/div>\n\t\t\t\t\t<\/div>\n\t\t\t\t<\/div>\n\t\t<div class=\"wd-negative-gap elementor-element elementor-element-aa3f714 e-flex e-con-boxed e-con e-parent\" data-id=\"aa3f714\" data-element_type=\"container\" data-e-type=\"container\">\n\t\t\t\t\t<div class=\"e-con-inner\">\n\t\t\t\t<div class=\"elementor-element elementor-element-115ceb1 wd-width-100 elementor-widget elementor-widget-wd_title\" data-id=\"115ceb1\" data-element_type=\"widget\" data-e-type=\"widget\" data-widget_type=\"wd_title.default\">\n\t\t\t\t<div class=\"elementor-widget-container\">\n\t\t\t\t\t\t\t<div class=\"title-wrapper wd-set-mb reset-last-child wd-title-color-default wd-title-style-default wd-title-size-default text-center\">\n\n\t\t\t\n\t\t\t<div class=\"liner-continer\">\n\t\t\t\t<h4 class=\"woodmart-title-container title wd-fontsize-l\">CE DATE PERSONALE COLECT\u0102M \u0218I DE CE LE COLECT\u0102M LE<\/h4> \n\t\t\t\t\t\t\t<\/div>\n\n\t\t\t\t\t<\/div>\n\t\t\t\t\t\t<\/div>\n\t\t\t\t<\/div>\n\t\t<div class=\"elementor-element elementor-element-639de48 e-con-full e-flex e-con e-child\" data-id=\"639de48\" data-element_type=\"container\" data-e-type=\"container\">\n\t\t\t\t<div class=\"elementor-element elementor-element-a15977a wd-width-100 elementor-widget elementor-widget-wd_title\" data-id=\"a15977a\" data-element_type=\"widget\" data-e-type=\"widget\" data-widget_type=\"wd_title.default\">\n\t\t\t\t<div class=\"elementor-widget-container\">\n\t\t\t\t\t\t\t<div class=\"title-wrapper wd-set-mb reset-last-child wd-title-color-default wd-title-style-default wd-title-size-small text-left\">\n\n\t\t\t\n\t\t\t<div class=\"liner-continer\">\n\t\t\t\t<h4 class=\"woodmart-title-container title wd-fontsize-m wd-underline-colored\"><u>1.<\/u> COMENTARII<\/h4> \n\t\t\t\t\t\t\t<\/div>\n\n\t\t\t\t\t<\/div>\n\t\t\t\t\t\t<\/div>\n\t\t\t\t<\/div>\n\t\t\t\t<div class=\"elementor-element elementor-element-63fea1a elementor-widget elementor-widget-wd_text_block\" data-id=\"63fea1a\" data-element_type=\"widget\" data-e-type=\"widget\" data-widget_type=\"wd_text_block.default\">\n\t\t\t\t<div class=\"elementor-widget-container\">\n\t\t\t\t\t\t\t<div class=\"wd-text-block reset-last-child text-left\">\n\t\t\t\n\t\t\t<p>C\u00e2nd vizitatorii las\u0103 comentarii pe site, colect\u0103m datele specificate \u00een formularul de comentarii, precum \u0219i adresa IP a vizitatorului \u0219i \u0219irul agentului utilizatorului browserului, pentru a ajuta la detectarea spamului.<\/p><p>O \u0219ir de caractere anonimizat, creat pe baza adresei dvs. de e-mail (denumit \u0219i hash), poate fi furnizat serviciului Gravatar pentru a verifica dac\u0103 \u00eel utiliza\u021bi. Politica de confiden\u021bialitate a serviciului Gravatar este disponibil\u0103 la adresa: <a href=\"https:\/\/automattic.com\/privacy\/\">https:\/\/automattic.com\/privacy\/<\/a>. Dup\u0103 aprobarea comentariului dvs., fotografia dvs. de profil va fi vizibil\u0103 tuturor \u00een contextul comentariului dvs.  <\/p>\n\t\t\t\t\t<\/div>\n\t\t\t\t\t\t<\/div>\n\t\t\t\t<\/div>\n\t\t\t\t<\/div>\n\t\t<div class=\"elementor-element elementor-element-354e95e e-con-full e-flex e-con e-child\" data-id=\"354e95e\" data-element_type=\"container\" data-e-type=\"container\">\n\t\t\t\t<div class=\"elementor-element elementor-element-e56a5bb wd-width-100 elementor-widget elementor-widget-wd_title\" data-id=\"e56a5bb\" data-element_type=\"widget\" data-e-type=\"widget\" data-widget_type=\"wd_title.default\">\n\t\t\t\t<div class=\"elementor-widget-container\">\n\t\t\t\t\t\t\t<div class=\"title-wrapper wd-set-mb reset-last-child wd-title-color-default wd-title-style-default wd-title-size-small text-left\">\n\n\t\t\t\n\t\t\t<div class=\"liner-continer\">\n\t\t\t\t<h4 class=\"woodmart-title-container title wd-fontsize-m wd-underline-colored\">2. Mass-media<\/h4> \n\t\t\t\t\t\t\t<\/div>\n\n\t\t\t\t\t<\/div>\n\t\t\t\t\t\t<\/div>\n\t\t\t\t<\/div>\n\t\t\t\t<div class=\"elementor-element elementor-element-d2ccfc7 elementor-widget elementor-widget-wd_text_block\" data-id=\"d2ccfc7\" data-element_type=\"widget\" data-e-type=\"widget\" data-widget_type=\"wd_text_block.default\">\n\t\t\t\t<div class=\"elementor-widget-container\">\n\t\t\t\t\t\t\t<div class=\"wd-text-block reset-last-child text-left\">\n\t\t\t\n\t\t\t<p>Dac\u0103 \u00eenc\u0103rca\u021bi imagini pe site, ar trebui s\u0103 evita\u021bi \u00eenc\u0103rcarea imaginilor cu date de loca\u021bie \u00eencorporate (EXIF GPS). Vizitatorii site-ului web pot desc\u0103rca \u0219i extrage orice date de loca\u021bie din imaginile de pe site. <\/p>\n\t\t\t\t\t<\/div>\n\t\t\t\t\t\t<\/div>\n\t\t\t\t<\/div>\n\t\t\t\t<\/div>\n\t\t<div class=\"elementor-element elementor-element-2091282 e-con-full e-flex e-con e-child\" data-id=\"2091282\" data-element_type=\"container\" data-e-type=\"container\">\n\t\t\t\t<div class=\"elementor-element elementor-element-029b7dd wd-width-100 elementor-widget elementor-widget-wd_title\" data-id=\"029b7dd\" data-element_type=\"widget\" data-e-type=\"widget\" data-widget_type=\"wd_title.default\">\n\t\t\t\t<div class=\"elementor-widget-container\">\n\t\t\t\t\t\t\t<div class=\"title-wrapper wd-set-mb reset-last-child wd-title-color-default wd-title-style-default wd-title-size-small text-left\">\n\n\t\t\t\n\t\t\t<div class=\"liner-continer\">\n\t\t\t\t<h4 class=\"woodmart-title-container title wd-fontsize-m wd-underline-colored\"><u>3.<\/u> FORMULARE DE CONTACT FORMULARE<\/h4> \n\t\t\t\t\t\t\t<\/div>\n\n\t\t\t\t\t<\/div>\n\t\t\t\t\t\t<\/div>\n\t\t\t\t<\/div>\n\t\t\t\t<div class=\"elementor-element elementor-element-17bd2fb elementor-widget elementor-widget-wd_text_block\" data-id=\"17bd2fb\" data-element_type=\"widget\" data-e-type=\"widget\" data-widget_type=\"wd_text_block.default\">\n\t\t\t\t<div class=\"elementor-widget-container\">\n\t\t\t\t\t\t\t<div class=\"wd-text-block reset-last-child text-left\">\n\t\t\t\n\t\t\t<p>Dac\u0103 l\u0103sa\u021bi un comentariu pe site-ul nostru, pute\u021bi accepta stocarea numelui, adresei de e-mail \u0219i a site-ului web \u00een fi\u0219iere cookie. Acest lucru este f\u0103cut pentru confortul dvs., astfel \u00eenc\u00e2t s\u0103 nu fie necesar s\u0103 introduce\u021bi din nou datele dvs. atunci c\u00e2nd l\u0103sa\u021bi urm\u0103torul comentariu. Aceste fi\u0219iere cookie vor fi stocate timp de un an.  <\/p><p>Dac\u0103 ave\u021bi un cont \u0219i v\u0103 conecta\u021bi la acest site, set\u0103m un cookie temporar pentru a determina dac\u0103 browserul dvs. accept\u0103 cookie-uri. Acest cookie nu con\u021bine date personale \u0219i este \u0219ters la \u00eenchiderea browserului. <\/p><p>C\u00e2nd intra\u021bi \u00een sistem, noi de asemenea instal\u0103m c\u00e2teva fi\u0219iere cookie pentru a stoca informa\u021biile dvs. a13&gt; informa\u021bii despre conectarea la sistem \u0219i set\u0103rile dumneavoastr\u0103 de afi\u0219are ecranului. Fi\u0219ierele cookie pentru conectarea la sistem sunt stocate \u00een cursul a dou\u0103 zile, iar fi\u0219ierele cookie pentru set\u0103rile ecranului \u2014 pe o perioad\u0103 de un an. Dac\u0103 dori\u021bi s\u0103 selecta\u021bi \u201eRe\u021bine\u021bi-m\u0103\u201d, datele dvs. de conectare \u00een a41&gt; \u00een sistem va fi p\u0103strat\u0103 \u00een cursul a dou\u0103 s\u0103pt\u0103m\u00e2ni. Dac\u0103 v\u0103 deconecta\u021bi din contul dumneavoastr\u0103 de \u00eenregistrare, fi\u0219ierele cookie pentru conectarea la sistem vor fi \u0219terse.   <\/p><p>Dac\u0103 edita\u021bi sau publica\u021bi un articol, \u00een browserul dvs. va fi stocat un cookie suplimentar. Acest cookie nu con\u021bine date personale \u0219i indic\u0103 doar identificatorul articolului pe care tocmai l-a\u021bi editat. Valabilitatea acestuia expir\u0103 dup\u0103 1 zi.  <\/p>\n\t\t\t\t\t<\/div>\n\t\t\t\t\t\t<\/div>\n\t\t\t\t<\/div>\n\t\t\t\t<\/div>\n\t\t<div class=\"elementor-element elementor-element-d574158 e-con-full e-flex e-con e-child\" data-id=\"d574158\" data-element_type=\"container\" data-e-type=\"container\">\n\t\t\t\t<div class=\"elementor-element elementor-element-9a37f22 wd-width-100 elementor-widget elementor-widget-wd_title\" data-id=\"9a37f22\" data-element_type=\"widget\" data-e-type=\"widget\" data-widget_type=\"wd_title.default\">\n\t\t\t\t<div class=\"elementor-widget-container\">\n\t\t\t\t\t\t\t<div class=\"title-wrapper wd-set-mb reset-last-child wd-title-color-default wd-title-style-default wd-title-size-small text-left\">\n\n\t\t\t\n\t\t\t<div class=\"liner-continer\">\n\t\t\t\t<h4 class=\"woodmart-title-container title wd-fontsize-m wd-underline-colored\"><u>4.<\/u> CON\u021aINUT \u00ceNCORPORAT DIN ALTE SITE-URI WEB<\/h4> \n\t\t\t\t\t\t\t<\/div>\n\n\t\t\t\t\t<\/div>\n\t\t\t\t\t\t<\/div>\n\t\t\t\t<\/div>\n\t\t\t\t<div class=\"elementor-element elementor-element-cb2b5e1 elementor-widget elementor-widget-wd_text_block\" data-id=\"cb2b5e1\" data-element_type=\"widget\" data-e-type=\"widget\" data-widget_type=\"wd_text_block.default\">\n\t\t\t\t<div class=\"elementor-widget-container\">\n\t\t\t\t\t\t\t<div class=\"wd-text-block reset-last-child text-left\">\n\t\t\t\n\t\t\t<p>Articolele de pe acest site pot con\u021bine con\u021binut \u00eencorporat (de exemplu, videoclipuri, imagini, articole etc.). Con\u021binutul \u00eencorporat de pe alte site-uri web se comport\u0103 exact ca \u0219i cum vizitatorul ar fi accesat un alt site web. <\/p><p>Aceste site-uri web pot colecta date despre dvs., pot utiliza cookie-uri, pot \u00eencorpora instrumente suplimentare de urm\u0103rire ale unor ter\u021be p\u0103r\u021bi \u0219i pot urm\u0103ri interac\u021biunea dvs. cu acest con\u021binut \u00eencorporat, inclusiv urm\u0103rirea interac\u021biunii dvs. cu con\u021binutul \u00eencorporat, dac\u0103 ave\u021bi un cont \u0219i v-a\u021bi conectat la acest site web.<\/p>\n\t\t\t\t\t<\/div>\n\t\t\t\t\t\t<\/div>\n\t\t\t\t<\/div>\n\t\t\t\t<\/div>\n\t\t<div class=\"elementor-element elementor-element-f4a9a34 e-con-full e-flex e-con e-child\" data-id=\"f4a9a34\" data-element_type=\"container\" data-e-type=\"container\">\n\t\t\t\t<div class=\"elementor-element elementor-element-bcf8d69 wd-width-100 elementor-widget elementor-widget-wd_title\" data-id=\"bcf8d69\" data-element_type=\"widget\" data-e-type=\"widget\" data-widget_type=\"wd_title.default\">\n\t\t\t\t<div class=\"elementor-widget-container\">\n\t\t\t\t\t\t\t<div class=\"title-wrapper wd-set-mb reset-last-child wd-title-color-default wd-title-style-default wd-title-size-small text-left\">\n\n\t\t\t\n\t\t\t<div class=\"liner-continer\">\n\t\t\t\t<h4 class=\"woodmart-title-container title wd-fontsize-m wd-underline-colored\"><u>5.<\/u> C\u00c2T TIMP P\u0102STR\u0102M DATELE DVS. DVS.<\/h4> \n\t\t\t\t\t\t\t<\/div>\n\n\t\t\t\t\t<\/div>\n\t\t\t\t\t\t<\/div>\n\t\t\t\t<\/div>\n\t\t\t\t<div class=\"elementor-element elementor-element-fc99148 elementor-widget elementor-widget-wd_text_block\" data-id=\"fc99148\" data-element_type=\"widget\" data-e-type=\"widget\" data-widget_type=\"wd_text_block.default\">\n\t\t\t\t<div class=\"elementor-widget-container\">\n\t\t\t\t\t\t\t<div class=\"wd-text-block reset-last-child text-left\">\n\t\t\t\n\t\t\t<p>Dac\u0103 l\u0103sa\u021bi un comentariu, acesta \u0219i metadatele sale sunt stocate pe o perioad\u0103 nedeterminat\u0103. Acest lucru se face pentru a ne permite s\u0103 recunoa\u0219tem \u0219i s\u0103 aprob\u0103m automat comentariile ulterioare, \u00een loc s\u0103 le p\u0103str\u0103m \u00een a\u0219teptare pentru moderare. <\/p><p>Pentru utilizatorii care se \u00eenregistreaz\u0103 pe site-ul nostru (dac\u0103 exist\u0103), p\u0103str\u0103m \u0219i informa\u021biile personale pe care le furnizeaz\u0103 \u00een profilul lor de utilizator. To\u021bi utilizatorii pot vizualiza, edita sau \u0219terge \u00een orice moment informa\u021biile lor personale (cu excep\u021bia numelui de utilizator, care nu poate fi modificat). Administratorii site-ului web pot, de asemenea, s\u0103 vizualizeze \u0219i s\u0103 editeze aceste informa\u021bii.  <\/p>\n\t\t\t\t\t<\/div>\n\t\t\t\t\t\t<\/div>\n\t\t\t\t<\/div>\n\t\t\t\t<\/div>\n\t\t<div class=\"elementor-element elementor-element-105314a e-con-full e-flex e-con e-child\" data-id=\"105314a\" data-element_type=\"container\" data-e-type=\"container\">\n\t\t\t\t<div class=\"elementor-element elementor-element-352b07a wd-width-100 elementor-widget elementor-widget-wd_title\" data-id=\"352b07a\" data-element_type=\"widget\" data-e-type=\"widget\" data-widget_type=\"wd_title.default\">\n\t\t\t\t<div class=\"elementor-widget-container\">\n\t\t\t\t\t\t\t<div class=\"title-wrapper wd-set-mb reset-last-child wd-title-color-default wd-title-style-default wd-title-size-small text-left\">\n\n\t\t\t\n\t\t\t<div class=\"liner-continer\">\n\t\t\t\t<h4 class=\"woodmart-title-container title wd-fontsize-m wd-underline-colored\"><u>6. <\/u> CARE SUNT DREPTURILE PE CARE LE AVE\u021aI \u00ceN CEEA CE PRIVE\u0218TE DATELE DVS.<\/h4> \n\t\t\t\t\t\t\t<\/div>\n\n\t\t\t\t\t<\/div>\n\t\t\t\t\t\t<\/div>\n\t\t\t\t<\/div>\n\t\t\t\t<div class=\"elementor-element elementor-element-6d51875 elementor-widget elementor-widget-wd_text_block\" data-id=\"6d51875\" data-element_type=\"widget\" data-e-type=\"widget\" data-widget_type=\"wd_text_block.default\">\n\t\t\t\t<div class=\"elementor-widget-container\">\n\t\t\t\t\t\t\t<div class=\"wd-text-block reset-last-child text-left\">\n\t\t\t\n\t\t\t<p>Dac\u0103 ave\u021bi un cont pe acest site sau a\u021bi l\u0103sat comentarii, pute\u021bi solicita un fi\u0219ier de export cu datele dvs. personale pe care le stoc\u0103m, inclusiv toate datele pe care ni le-a\u021bi furnizat. De asemenea, pute\u021bi solicita \u0219tergerea tuturor datelor dvs. personale pe care le stoc\u0103m. Aceasta nu include datele pe care suntem obliga\u021bi s\u0103 le p\u0103str\u0103m \u00een scopuri administrative, legale sau de securitate.  <\/p>\n\t\t\t\t\t<\/div>\n\t\t\t\t\t\t<\/div>\n\t\t\t\t<\/div>\n\t\t\t\t<\/div>\n\t\t<div class=\"elementor-element elementor-element-7bb22a4 e-con-full e-flex e-con e-child\" data-id=\"7bb22a4\" data-element_type=\"container\" data-e-type=\"container\">\n\t\t\t\t<div class=\"elementor-element elementor-element-5849db8 wd-width-100 elementor-widget elementor-widget-wd_title\" data-id=\"5849db8\" data-element_type=\"widget\" data-e-type=\"widget\" data-widget_type=\"wd_title.default\">\n\t\t\t\t<div class=\"elementor-widget-container\">\n\t\t\t\t\t\t\t<div class=\"title-wrapper wd-set-mb reset-last-child wd-title-color-default wd-title-style-default wd-title-size-small text-left\">\n\n\t\t\t\n\t\t\t<div class=\"liner-continer\">\n\t\t\t\t<h4 class=\"woodmart-title-container title wd-fontsize-m wd-underline-colored\"><u>7.<\/u> \u041a\u0423\u0414\u0410 \u041c\u042b \u041f\u0415\u0420\u0415\u0414\u0410\u0415\u041c \u0412\u0410\u0428\u0418 \u0414\u0410\u041d\u041d\u042b\u0415<\/h4> \n\t\t\t\t\t\t\t<\/div>\n\n\t\t\t\t\t<\/div>\n\t\t\t\t\t\t<\/div>\n\t\t\t\t<\/div>\n\t\t\t\t<div class=\"elementor-element elementor-element-6749d1b elementor-widget elementor-widget-wd_text_block\" data-id=\"6749d1b\" data-element_type=\"widget\" data-e-type=\"widget\" data-widget_type=\"wd_text_block.default\">\n\t\t\t\t<div class=\"elementor-widget-container\">\n\t\t\t\t\t\t\t<div class=\"wd-text-block reset-last-child text-left\">\n\t\t\t\n\t\t\t<p>Comentariile vizitatorilor pot fi verificate cu ajutorul serviciului automat de detectare a spamului.<\/p>\n\t\t\t\t\t<\/div>\n\t\t\t\t\t\t<\/div>\n\t\t\t\t<\/div>\n\t\t\t\t<\/div>\n\t\t\t\t\t<\/div>\n\t\t\t\t<\/div>\n\t\t\t\t<\/div>\n\t\t","protected":false},"excerpt":{"rendered":"<p>CINE NOI Suntem un magazin de ceai care are grij\u0103 de confortul \u0219i calitatea serviciilor dvs. atunci c\u00e2nd alege\u021bi \u0219i<\/p>\n","protected":false},"author":2,"featured_media":0,"parent":0,"menu_order":0,"comment_status":"closed","ping_status":"closed","template":"","meta":{"footnotes":""},"class_list":["post-13165","page","type-page","status-publish","hentry"],"_links":{"self":[{"href":"https:\/\/tea-shop.md\/ro\/wp-json\/wp\/v2\/pages\/13165","targetHints":{"allow":["GET"]}}],"collection":[{"href":"https:\/\/tea-shop.md\/ro\/wp-json\/wp\/v2\/pages"}],"about":[{"href":"https:\/\/tea-shop.md\/ro\/wp-json\/wp\/v2\/types\/page"}],"author":[{"embeddable":true,"href":"https:\/\/tea-shop.md\/ro\/wp-json\/wp\/v2\/users\/2"}],"replies":[{"embeddable":true,"href":"https:\/\/tea-shop.md\/ro\/wp-json\/wp\/v2\/comments?post=13165"}],"version-history":[{"count":6,"href":"https:\/\/tea-shop.md\/ro\/wp-json\/wp\/v2\/pages\/13165\/revisions"}],"predecessor-version":[{"id":13172,"href":"https:\/\/tea-shop.md\/ro\/wp-json\/wp\/v2\/pages\/13165\/revisions\/13172"}],"wp:attachment":[{"href":"https:\/\/tea-shop.md\/ro\/wp-json\/wp\/v2\/media?parent=13165"}],"curies":[{"name":"wp","href":"https:\/\/api.w.org\/{rel}","templated":true}]}}