{"id":13173,"date":"2025-12-10T19:51:30","date_gmt":"2025-12-10T17:51:30","guid":{"rendered":"https:\/\/tea-shop.md\/livrare-si-plata\/"},"modified":"2026-02-08T11:44:10","modified_gmt":"2026-02-08T09:44:10","slug":"livrare-si-plata","status":"publish","type":"page","link":"https:\/\/tea-shop.md\/ro\/livrare-si-plata\/","title":{"rendered":"Livrare \u0219i plat\u0103"},"content":{"rendered":"\t\t<div data-elementor-type=\"wp-page\" data-elementor-id=\"13173\" class=\"elementor elementor-13173 elementor-1508\" data-elementor-post-type=\"page\">\n\t\t\t\t<div class=\"wd-negative-gap elementor-element elementor-element-49505753 wd-section-stretch opacity-video-bg e-flex e-con-boxed e-con e-parent\" data-id=\"49505753\" data-element_type=\"container\" data-e-type=\"container\" data-settings=\"{&quot;background_background&quot;:&quot;classic&quot;}\">\n\t\t\t\t\t<div class=\"e-con-inner\">\n\t\t\t\t<div class=\"elementor-element elementor-element-f878fe0 wd-width-100 elementor-widget elementor-widget-wd_title\" data-id=\"f878fe0\" data-element_type=\"widget\" data-e-type=\"widget\" data-widget_type=\"wd_title.default\">\n\t\t\t\t<div class=\"elementor-widget-container\">\n\t\t\t\t\t\t\t<div class=\"title-wrapper wd-set-mb reset-last-child wd-title-color-primary wd-title-style-underlined-2 wd-title-size-large text-center\">\n\n\t\t\t\n\t\t\t<div class=\"liner-continer\">\n\t\t\t\t<h4 class=\"woodmart-title-container title wd-fontsize-xxl\">Livrare \u0219i plat\u0103<\/h4> \n\t\t\t\t\t\t\t<\/div>\n\n\t\t\t\t\t<\/div>\n\t\t\t\t\t\t<\/div>\n\t\t\t\t<\/div>\n\t\t\t\t\t<\/div>\n\t\t\t\t<\/div>\n\t\t<div class=\"wd-negative-gap elementor-element elementor-element-dd86831 e-flex e-con-boxed e-con e-parent\" data-id=\"dd86831\" data-element_type=\"container\" data-e-type=\"container\">\n\t\t\t\t\t<div class=\"e-con-inner\">\n\t\t\t\t<div class=\"elementor-element elementor-element-17ad765 elementor-widget elementor-widget-wd_text_block\" data-id=\"17ad765\" data-element_type=\"widget\" data-e-type=\"widget\" data-widget_type=\"wd_text_block.default\">\n\t\t\t\t<div class=\"elementor-widget-container\">\n\t\t\t\t\t\t\t<div class=\"wd-text-block reset-last-child text-left\">\n\t\t\t\n\t\t\t<p>Noi \u00eencerc\u0103m s\u0103 facem cump\u0103rarea ceaiului c\u00e2t mai confortabil\u0103 \u0219i inteligibil\u0103.<\/p><p>Mai jos ve\u021bi g\u0103si toate informa\u021biile actualizate despre modalit\u0103\u021bile de livrare \u0219i modalit\u0103\u021bile de plat\u0103 a6&gt; despre modalit\u0103\u021bile de livrare \u0219i op\u021biunile de plat\u0103 \u00een magazinul nostru de ceai .<\/p><p> <\/p><p><strong>Livrare<\/strong><\/p><p>\ud83d\ude9a <span style=\"text-decoration: underline;\">Pentru parteneri<\/span> (cafenele, cafenea, restaurante, narghilere \u0219i alte localuri) se aplic\u0103 livrare gratuit\u0103 indiferent de volumul \u0219i frecven\u021ba comenzilor.<\/p><p> <\/p><p><span style=\"text-decoration: underline;\">Condi\u021bii de livrare pentru comenzile cu am\u0103nuntul:<\/span><\/p><p>\ud83c\udfea Ridicare personal\u0103<\/p><p>Dumneavoastr\u0103 pute\u021bi ridica comanda personal din magazinul nostru la adresa:<\/p><p>g. Tiraspol, str. . Lenin, 19<\/p><p> <\/p><p>\ud83d\udd58 Magazinul func\u021bioneaz\u0103 zilnic<\/p><p>de la 10:00 la 20:00, \u0219apte zile pe s\u0103pt\u0103m\u00e2n\u0103.<\/p><p> <\/p><p>\ud83d\udce6 Po\u0219t\u0103 rapid\u0103 (la oficiu) \u2013 40 ruble.<\/p><p>Livrare la sucursala po\u0219tei expres din urm\u0103toarele localit\u0103\u021bi:<\/p><p>Tiraspol<\/p><p>Bendery<\/p><p>Dnestrovsk<\/p><p>Grigoriopol<\/p><p>Dub\u0103sari<\/p><p>Rybnitsa<\/p><p>Kamenka<\/p><p> <\/p><p>\ud83d\ude9a Po\u0219t\u0103 rapid\u0103 (livrare la adres\u0103) \u2013 70 ruble.<\/p><p>Livrarea la adres\u0103 prin curier se efectueaz\u0103 \u00een:<\/p><p>Tiraspol<\/p><p>s. Sukleya<\/p><p>s. Blizhniy Hutor<\/p><p>Slobodedia<\/p><p>Bendery<\/p><p>s. Protyagailovka<\/p><p>s. Giska<\/p><p>Grigoriopol<\/p><p>s. Delacue<\/p><p>s. Krasnaya Gorka (m-n conservator)<\/p><p>Dub\u0103sari<\/p><p>s. Dzherzhinskoe<\/p><p>Rybnitsa<\/p><p>s. Erzhovo<\/p><p>Dnestrovsk<\/p><p>s. Nezavertaylovka<\/p><p>Kamenka<\/p><p> <\/p><p>\ud83d\udccd Restul localit\u0103\u021bilor populate \u2013 100 ruble.<\/p><p> <\/p><p>Costul livr\u0103rii \u00een alte localit\u0103\u021bi este calculat \u00een mod fix.<\/p><p> <\/p><p>\ud83c\uddf2\ud83c\udde9 Livrare \u00een Republica Moldova<\/p><p>Livrarea se efectueaz\u0103 prin po\u0219ta na\u021bional\u0103.<\/p><p>Costul livr\u0103rii \u2013 65 lei.<\/p><p> <\/p><p>\ud83d\udcb3 Plat\u0103<\/p><p>Pl\u0103ti\u021bi comanda pute\u021bi confortabil pentru dumneavoastr\u0103 modul:<\/p><p>\ud83d\udcb5 \u00een numerar<\/p><p>\ud83d\udcf1 mobil plat\u0103<\/p><p>\ud83d\udcb3 card \u201eClover\u201d<\/p><p>\ud83c\udfe6 bancar transfer pe contul curent<\/p><p>\ud83c\udf0d Interna\u021bionale carduri (pentru clien\u021bii care nu sunt din Transnistria)<\/p>\n\t\t\t\t\t<\/div>\n\t\t\t\t\t\t<\/div>\n\t\t\t\t<\/div>\n\t\t\t\t\t<\/div>\n\t\t\t\t<\/div>\n\t\t\t\t<\/div>\n\t\t","protected":false},"excerpt":{"rendered":"<p>Livrare \u0219i plat\u0103 Noi \u00eencerc\u0103m s\u0103 facem cump\u0103rarea ceaiului c\u00e2t mai confortabil\u0103 \u0219i inteligibil\u0103. Mai jos ve\u021bi g\u0103si toate informa\u021biile<\/p>\n","protected":false},"author":2,"featured_media":0,"parent":0,"menu_order":0,"comment_status":"closed","ping_status":"closed","template":"","meta":{"footnotes":""},"class_list":["post-13173","page","type-page","status-publish","hentry"],"_links":{"self":[{"href":"https:\/\/tea-shop.md\/ro\/wp-json\/wp\/v2\/pages\/13173","targetHints":{"allow":["GET"]}}],"collection":[{"href":"https:\/\/tea-shop.md\/ro\/wp-json\/wp\/v2\/pages"}],"about":[{"href":"https:\/\/tea-shop.md\/ro\/wp-json\/wp\/v2\/types\/page"}],"author":[{"embeddable":true,"href":"https:\/\/tea-shop.md\/ro\/wp-json\/wp\/v2\/users\/2"}],"replies":[{"embeddable":true,"href":"https:\/\/tea-shop.md\/ro\/wp-json\/wp\/v2\/comments?post=13173"}],"version-history":[{"count":1,"href":"https:\/\/tea-shop.md\/ro\/wp-json\/wp\/v2\/pages\/13173\/revisions"}],"predecessor-version":[{"id":13176,"href":"https:\/\/tea-shop.md\/ro\/wp-json\/wp\/v2\/pages\/13173\/revisions\/13176"}],"wp:attachment":[{"href":"https:\/\/tea-shop.md\/ro\/wp-json\/wp\/v2\/media?parent=13173"}],"curies":[{"name":"wp","href":"https:\/\/api.w.org\/{rel}","templated":true}]}}