{"id":13180,"date":"2025-12-22T22:46:36","date_gmt":"2025-12-22T20:46:36","guid":{"rendered":"https:\/\/tea-shop.md\/partener\/"},"modified":"2026-02-08T11:50:23","modified_gmt":"2026-02-08T09:50:23","slug":"partener","status":"publish","type":"page","link":"https:\/\/tea-shop.md\/ro\/partener\/","title":{"rendered":"Partener"},"content":{"rendered":"\t\t<div data-elementor-type=\"wp-page\" data-elementor-id=\"13180\" class=\"elementor elementor-13180 elementor-11522\" data-elementor-post-type=\"page\">\n\t\t\t\t<div class=\"wd-negative-gap elementor-element elementor-element-fb3a019 wd-section-stretch opacity-video-bg e-flex e-con-boxed e-con e-parent\" data-id=\"fb3a019\" data-element_type=\"container\" data-e-type=\"container\" data-settings=\"{&quot;background_background&quot;:&quot;classic&quot;}\">\n\t\t\t\t\t<div class=\"e-con-inner\">\n\t\t\t\t<div class=\"elementor-element elementor-element-159e423 wd-width-100 elementor-widget elementor-widget-wd_title\" data-id=\"159e423\" data-element_type=\"widget\" data-e-type=\"widget\" data-widget_type=\"wd_title.default\">\n\t\t\t\t<div class=\"elementor-widget-container\">\n\t\t\t\t\t\t\t<div class=\"title-wrapper wd-set-mb reset-last-child wd-title-color-primary wd-title-style-underlined-2 wd-title-size-large text-center\">\n\n\t\t\t\n\t\t\t<div class=\"liner-continer\">\n\t\t\t\t<h4 class=\"woodmart-title-container title wd-fontsize-xxl\">Partener<\/h4> \n\t\t\t\t\t\t\t<\/div>\n\n\t\t\t\t\t<\/div>\n\t\t\t\t\t\t<\/div>\n\t\t\t\t<\/div>\n\t\t\t\t\t<\/div>\n\t\t\t\t<\/div>\n\t\t<div class=\"wd-negative-gap elementor-element elementor-element-5fe684e e-flex e-con-boxed e-con e-parent\" data-id=\"5fe684e\" data-element_type=\"container\" data-e-type=\"container\">\n\t\t\t\t\t<div class=\"e-con-inner\">\n\t\t\t\t<div class=\"elementor-element elementor-element-8861d6e elementor-widget elementor-widget-wd_text_block\" data-id=\"8861d6e\" data-element_type=\"widget\" data-e-type=\"widget\" data-widget_type=\"wd_text_block.default\">\n\t\t\t\t<div class=\"elementor-widget-container\">\n\t\t\t\t\t\t\t<div class=\"wd-text-block reset-last-child text-left\">\n\t\t\t\n\t\t\t<p><strong>Ceain\u0103ria lavc\u0103<\/strong> invit\u0103 la colaborare afacerile \u0219i organiza\u021biile, pentru care sunt importante calitatea produsului, stabilitatea livr\u0103rilor \u0219i aten\u021bia la detalii. <br>\u00cen urma c\u00e2\u021biva ani de activitate am devenit unul dintre a27&gt; cei mai mari furnizori de ceai din <strong>Transnistria \u0219i Moldova<\/strong>, form\u00e2nd o gam\u0103 larg\u0103 de produse \u0219i construind rela\u021bii de parteneriat fiabile a41&gt;a41&gt;a41&gt;.<\/p><p><strong>Cu cine noi colabor\u0103m:<\/strong><\/p><p>Noi lucr\u0103m activ \u0219i suntem deschi\u0219i la colaborare cu:<\/p><p> \u2022 cafenele<\/p><p> \u2022 cafea<\/p><p> \u2022 restaurante<\/p><p> \u2022 narghilele<\/p><p> \u2022 baruri<\/p><p> \u2022 hoteluri<\/p><p> \u2022 alte unit\u0103\u021bi din segmentul HoReCa<\/p><p>\u0218i, de asemenea, cu:<\/p><p> \u2022 companii \u0219i organiza\u021bii<\/p><p> \u2022 agen\u021bii de evenimente<\/p><p> \u2022 clien\u021bi priva\u021bi pentru evenimente<\/p><p><strong>Formate de cooperare cu institu\u021biile:<\/strong><\/p><p>Pentru unit\u0103\u021bile de alimenta\u021bie public\u0103 oferim:<\/p><p> \u2022 alegerea ceaiului potrivit pentru formatul localului dumneavoastr\u0103<\/p><p> \u2022 crearea \u0219i actualizarea meniului de ceaiuri<\/p><p> \u2022 consultan\u021b\u0103 privind gama de produse<\/p><p> \u2022 mostre gratuite de ceaiuri<\/p><p> \u2022 livr\u0103ri stabile<\/p><p>\ud83d\udd39 <strong>Reducere permanent\u0103 pentru parteneri<\/strong><\/p><p>Pentru partenerii no\u0219tri din HoReCa se aplic\u0103 <strong>o reducere permanent\u0103<\/strong>, care <strong>nu depinde de volumul \u0219i frecven\u021ba achizi\u021biilor<\/strong>.<\/p><p>\ud83d\udd39 <strong>Livrare gratuit\u0103<\/strong><\/p><p>Oferim <strong>livrare gratuit\u0103<\/strong> pentru parteneri.<\/p><p><strong>Ceai pentru cadouri \u0219i evenimente:<\/strong><\/p><p>De asemenea, colabor\u0103m \u00een formatul preg\u0103tirii <strong>cadourilor din ceai<\/strong> \u0219i <strong>solu\u021biilor corporative.<\/strong><\/p><p><strong>Evenimente private<\/strong><\/p><p>Preg\u0103tim:<\/p><p> \u2022 cadouri de ceai pentru <strong>nunt\u0103<\/strong><\/p><p> \u2022 seturi pentru <strong>zile de na\u0219tere<\/strong><\/p><p> \u2022 complimente pentru oaspe\u021bii evenimentelor<\/p><p><strong>Cooperare corporativ\u0103<\/strong><\/p><p>Pentru companii \u0219i organiza\u021bii oferim:<\/p><p> \u2022 seturi cadou corporative<\/p><p> \u2022 cadouri sub form\u0103 de ceai pentru angaja\u021bi<\/p><p> \u2022 \u043f\u043e\u0434\u0430\u0440\u043a\u0438 \u0434\u043b\u044f \u043f\u0430\u0440\u0442\u043d\u0451\u0440\u043e\u0432 \u0438 \u043a\u043b\u0438\u0435\u043d\u0442\u043e\u0432<\/p><p> \u2022 seturi personalizate sau tematice (la cerere)<\/p><p>Formatele pot fi at\u00e2t mici cadouri, c\u00e2t \u0219i cutii cadou complete.<\/p><p><strong>Sortimentul de ceaiuri<\/strong><\/p><p>\u00cen lume exist\u0103 aproximativ <strong>1500 de soiuri de ceai<\/strong>, iar \u00een sortimentul nostru sunt reprezentate peste <strong>150 de denumiri<\/strong>.<\/p><p>Oferim ceaiuri naturale \u0219i de calitate din:<\/p><p>China, Japonia, Sri Lanka, Germania, \u021b\u0103rile din Africa, America Latin\u0103, Ucraina \u0219i alte regiuni.<\/p><p>\u00cen sortiment:<\/p><p> \u2022 pu-erh<\/p><p> \u2022 ulony<\/p><p> \u2022 ceaiuri verzi, negre, ro\u0219ii \u0219i albe<\/p><p> \u2022 ceaiuri din plante<\/p><p> \u2022 amestecuri de fructe<\/p><p> \u2022 ceaiuri etnice (matcha, rooibos, mate, ceai albastru anchan)<\/p><p>Ceaiurile sunt potrivite at\u00e2t pentru servire individual\u0103, c\u00e2t \u0219i pentru crearea de <strong>b\u0103uturi \u0219i produse originale<\/strong>.<\/p><p><strong>De ce ceaiul este o solu\u021bie profitabil\u0103 pentru afaceri<\/strong><\/p><p>Ceaiul este una dintre cele mai populare b\u0103uturi din lume.<\/p><p>\u00cen fiecare secund\u0103, oamenii beau peste <strong>15 000 de ce\u0219ti de ceai<\/strong>, iar popularitatea acestuia continu\u0103 s\u0103 creasc\u0103.<\/p><p>Ceai:<\/p><p> \u2022 extinde meniul<\/p><p> \u2022 cre\u0219te valoarea medie a bonului<\/p><p> \u2022 potrivit pentru orice tip de local<\/p><p> \u2022 este perceput\u0103 ca grij\u0103 \u0219i aten\u021bie fa\u021b\u0103 de oaspete<\/p><p><strong>Condi\u021bii de colaborare<\/strong><\/p><p> \u2022 reducere permanent\u0103 pentru parteneri<\/p><p> \u2022 livrare gratuit\u0103<\/p><p> \u2022 mostre gratuite<\/p><p> \u2022 abordare individual\u0103<\/p><p> \u2022 livr\u0103ri stabile<\/p><p><strong>Contacte<\/strong><\/p><p>\ud83d\udccd <strong>Adres\u0103<\/strong>:<\/p><p>Tiraspol, str. Lenin, 19 (vizavi de centrul comercial \u201eDIK\u201d)<\/p><p>\ud83d\udd58 <strong>Program de lucru<\/strong>:<\/p><p>zilnic, f\u0103r\u0103 zile libere<\/p><p>de la 10:00 la 19:00<\/p><p>\ud83d\udce6 <strong>Plasa\u021bi o comand\u0103 \u0219i discuta\u021bi despre colaborare<\/strong>:<\/p><p> \u2022 site: https:\/\/tea-shop.md\/<\/p><p> \u2022 telefon \/ mesagerie instantanee: <a href=\"tel:+373%20777%2057055\"><strong>+373 777 57055<\/strong><\/a><\/p><p> \u2022 Instagram Direct: <a href=\"https:\/\/www.instagram.com\/tea.tiraspol\/\"><strong>@tea.tiraspol<\/strong><\/a><\/p><p>\ud83d\udcb3 <strong>Plat\u0103<\/strong>:<\/p><p>numerar \u0219i f\u0103r\u0103 numerar, plat\u0103 mobil\u0103, card \u201eKlever\u201d, transfer \u00een contul curent, carduri interna\u021bionale (pentru clien\u021bii care nu sunt din Transnistria)<\/p><p><strong>Datele noastre de contact:<\/strong><\/p><p>Antreprenor independent Ekaterina Dmitriyevna Balan<\/p><p>autoriza\u021bie USN 1640000357<\/p><p>contul 2214160000024859 la SA \u201eAgroprobank\u201d din Tiraspol<\/p><p>Munc\u0103\/Cont 20210000087<\/p>\n\t\t\t\t\t<\/div>\n\t\t\t\t\t\t<\/div>\n\t\t\t\t<\/div>\n\t\t\t\t\t<\/div>\n\t\t\t\t<\/div>\n\t\t\t\t<\/div>\n\t\t","protected":false},"excerpt":{"rendered":"<p>Partener Ceain\u0103ria lavc\u0103 invit\u0103 la colaborare afacerile \u0219i organiza\u021biile, pentru care sunt importante calitatea produsului, stabilitatea livr\u0103rilor \u0219i aten\u021bia la<\/p>\n","protected":false},"author":2,"featured_media":0,"parent":0,"menu_order":0,"comment_status":"closed","ping_status":"closed","template":"","meta":{"footnotes":""},"class_list":["post-13180","page","type-page","status-publish","hentry"],"_links":{"self":[{"href":"https:\/\/tea-shop.md\/ro\/wp-json\/wp\/v2\/pages\/13180","targetHints":{"allow":["GET"]}}],"collection":[{"href":"https:\/\/tea-shop.md\/ro\/wp-json\/wp\/v2\/pages"}],"about":[{"href":"https:\/\/tea-shop.md\/ro\/wp-json\/wp\/v2\/types\/page"}],"author":[{"embeddable":true,"href":"https:\/\/tea-shop.md\/ro\/wp-json\/wp\/v2\/users\/2"}],"replies":[{"embeddable":true,"href":"https:\/\/tea-shop.md\/ro\/wp-json\/wp\/v2\/comments?post=13180"}],"version-history":[{"count":1,"href":"https:\/\/tea-shop.md\/ro\/wp-json\/wp\/v2\/pages\/13180\/revisions"}],"predecessor-version":[{"id":13181,"href":"https:\/\/tea-shop.md\/ro\/wp-json\/wp\/v2\/pages\/13180\/revisions\/13181"}],"wp:attachment":[{"href":"https:\/\/tea-shop.md\/ro\/wp-json\/wp\/v2\/media?parent=13180"}],"curies":[{"name":"wp","href":"https:\/\/api.w.org\/{rel}","templated":true}]}}