{"id":13182,"date":"2026-01-13T16:12:25","date_gmt":"2026-01-13T14:12:25","guid":{"rendered":"https:\/\/tea-shop.md\/despre-noi\/"},"modified":"2026-03-30T23:06:57","modified_gmt":"2026-03-30T20:06:57","slug":"despre-noi","status":"publish","type":"page","link":"https:\/\/tea-shop.md\/ro\/despre-noi\/","title":{"rendered":"Despre noi"},"content":{"rendered":"\t\t<div data-elementor-type=\"wp-page\" data-elementor-id=\"13182\" class=\"elementor elementor-13182 elementor-12007\" data-elementor-post-type=\"page\">\n\t\t\t\t<div class=\"wd-negative-gap elementor-element elementor-element-2839350 e-flex e-con-boxed e-con e-parent\" data-id=\"2839350\" data-element_type=\"container\" data-e-type=\"container\">\n\t\t\t\t\t<div class=\"e-con-inner\">\n\t\t\t\t<div class=\"elementor-element elementor-element-58d1c82 wd-width-100 elementor-widget elementor-widget-wd_title\" data-id=\"58d1c82\" data-element_type=\"widget\" data-e-type=\"widget\" data-widget_type=\"wd_title.default\">\n\t\t\t\t<div class=\"elementor-widget-container\">\n\t\t\t\t\t\t\t<div class=\"title-wrapper wd-set-mb reset-last-child wd-title-color-default wd-title-style-default wd-title-size-default text-center\">\n\n\t\t\t\n\t\t\t<div class=\"liner-continer\">\n\t\t\t\t<h4 class=\"woodmart-title-container title wd-fontsize-l\">Echipa noastr\u0103<\/h4> \n\t\t\t\t\t\t\t<\/div>\n\n\t\t\t\t\t<\/div>\n\t\t\t\t\t\t<\/div>\n\t\t\t\t<\/div>\n\t\t\t\t<div class=\"elementor-element elementor-element-61488bc elementor-widget elementor-widget-wd_testimonials\" data-id=\"61488bc\" data-element_type=\"widget\" data-e-type=\"widget\" data-widget_type=\"wd_testimonials.default\">\n\t\t\t\t<div class=\"elementor-widget-container\">\n\t\t\t\t\t\t\t<div class=\"testimonials testimon-style-standard  color-scheme- testimon-align-center\" id=\"carousel-9800\">\n\t\t\t\n\t\t\t<div class=\"wd-grid-g\" style=\"--wd-col-lg:3;--wd-col-md:3;--wd-col-sm:1;--wd-gap-lg:30px;--wd-gap-sm:10px;\" >\n\t\t\t\t\n\t\t\t\t\t\t\t\t\t\n<div class=\"testimonial wd-col\">\n\t<div class=\"testimonial-inner\">\n\t\t\t\t\t<div class=\"testimonial-avatar\">\n\t\t\t\t<img fetchpriority=\"high\" decoding=\"async\" width=\"1152\" height=\"2048\" src=\"https:\/\/tea-shop.md\/wp-content\/uploads\/2026\/01\/img_8556-scaled.jpg\" class=\"testimonial-avatar-image\" alt=\"\" srcset=\"https:\/\/tea-shop.md\/wp-content\/uploads\/2026\/01\/img_8556-scaled.jpg 1440w, https:\/\/tea-shop.md\/wp-content\/uploads\/2026\/01\/img_8556-scaled-150x267.jpg 150w, https:\/\/tea-shop.md\/wp-content\/uploads\/2026\/01\/img_8556-scaled-600x1067.jpg 600w, https:\/\/tea-shop.md\/wp-content\/uploads\/2026\/01\/img_8556-169x300.jpg 169w, https:\/\/tea-shop.md\/wp-content\/uploads\/2026\/01\/img_8556-576x1024.jpg 576w, https:\/\/tea-shop.md\/wp-content\/uploads\/2026\/01\/img_8556-768x1365.jpg 768w, https:\/\/tea-shop.md\/wp-content\/uploads\/2026\/01\/img_8556-864x1536.jpg 864w, https:\/\/tea-shop.md\/wp-content\/uploads\/2026\/01\/img_8556-1152x2048.jpg 1152w\" sizes=\"(max-width: 1152px) 100vw, 1152px\" \/>\t\t\t<\/div>\n\t\t\n\t\t<div class=\"testimonial-content\">\n\t\t\t<div class=\"testimonial-rating\">\n\t\t\t\t<span class=\"star-rating\">\n\t\t\t\t\t<span style=\"width:100%\"><\/span>\n\t\t\t\t<\/span>\n\t\t\t<\/div>\n\n\t\t\t<strong>Administrator<\/strong><br>Valeria, 22 de ani\n<h6 style=\"font-weight: normal;\">\u201e<em>\u00cemi place s\u0103 c\u00e2nt la instrumente \u0219i s\u0103 c\u00e2nt. <\/em><\/h6>\n<h6 style=\"font-weight: normal;\"><em>\u00cemi place s\u0103 m\u0103n\u00e2nc bine \u0219i s\u0103 beau ceai din magazinul nostru\u270c\ufe0f<\/em>\u00bb<\/h6>\n\t\t\t<footer>\n\t\t\t\t\n\t\t\t\t\t\t\t<\/footer>\n\t\t<\/div>\n\t<\/div>\n<\/div>\t\t\t\t\t\t\t\t\t\n<div class=\"testimonial wd-col\">\n\t<div class=\"testimonial-inner\">\n\t\t\t\t\t<div class=\"testimonial-avatar\">\n\t\t\t\t<img decoding=\"async\" width=\"1152\" height=\"2048\" src=\"https:\/\/tea-shop.md\/wp-content\/uploads\/2026\/01\/img_0060-scaled.jpg\" class=\"testimonial-avatar-image\" alt=\"\" srcset=\"https:\/\/tea-shop.md\/wp-content\/uploads\/2026\/01\/img_0060-scaled.jpg 1440w, https:\/\/tea-shop.md\/wp-content\/uploads\/2026\/01\/img_0060-scaled-150x267.jpg 150w, https:\/\/tea-shop.md\/wp-content\/uploads\/2026\/01\/img_0060-scaled-600x1067.jpg 600w, https:\/\/tea-shop.md\/wp-content\/uploads\/2026\/01\/img_0060-169x300.jpg 169w, https:\/\/tea-shop.md\/wp-content\/uploads\/2026\/01\/img_0060-576x1024.jpg 576w, https:\/\/tea-shop.md\/wp-content\/uploads\/2026\/01\/img_0060-768x1365.jpg 768w, https:\/\/tea-shop.md\/wp-content\/uploads\/2026\/01\/img_0060-864x1536.jpg 864w, https:\/\/tea-shop.md\/wp-content\/uploads\/2026\/01\/img_0060-1152x2048.jpg 1152w\" sizes=\"(max-width: 1152px) 100vw, 1152px\" \/>\t\t\t<\/div>\n\t\t\n\t\t<div class=\"testimonial-content\">\n\t\t\t<div class=\"testimonial-rating\">\n\t\t\t\t<span class=\"star-rating\">\n\t\t\t\t\t<span style=\"width:100%\"><\/span>\n\t\t\t\t<\/span>\n\t\t\t<\/div>\n\n\t\t\t<strong>Consilier V\u00e2nz\u0103ri<\/strong><br>Tatiana, 21 de ani\n<h6 style=\"font-weight: normal;\">\u201e<em>Lucrez cu ceaiul \u0219i m\u0103 familiarizez cu istoria \u0219i caracterul fiec\u0103rui sortiment. \u00cenainte am fost barista, de aceea \u00een\u021beleg bine, cum b\u0103utura poate crea starea de spirit. \u00cemi place s\u0103 citesc \u0219i apreciez momentele lini\u0219tite cu o cea\u0219c\u0103 de ceai bun ceai \ud83d\udc9a<\/em>\u00bb<\/h6>\n\t\t\t<footer>\n\t\t\t\t\n\t\t\t\t\t\t\t<\/footer>\n\t\t<\/div>\n\t<\/div>\n<\/div>\t\t\t\t\t\t\t\t\t\n<div class=\"testimonial wd-col\">\n\t<div class=\"testimonial-inner\">\n\t\t\t\t\t<div class=\"testimonial-avatar\">\n\t\t\t\t<img decoding=\"async\" width=\"1536\" height=\"2048\" src=\"https:\/\/tea-shop.md\/wp-content\/uploads\/2026\/01\/img_4248-scaled.jpg\" class=\"testimonial-avatar-image\" alt=\"\" srcset=\"https:\/\/tea-shop.md\/wp-content\/uploads\/2026\/01\/img_4248-scaled.jpg 1920w, https:\/\/tea-shop.md\/wp-content\/uploads\/2026\/01\/img_4248-scaled-150x200.jpg 150w, https:\/\/tea-shop.md\/wp-content\/uploads\/2026\/01\/img_4248-scaled-600x800.jpg 600w, https:\/\/tea-shop.md\/wp-content\/uploads\/2026\/01\/img_4248-225x300.jpg 225w, https:\/\/tea-shop.md\/wp-content\/uploads\/2026\/01\/img_4248-768x1024.jpg 768w, https:\/\/tea-shop.md\/wp-content\/uploads\/2026\/01\/img_4248-1536x2048.jpg 1536w\" sizes=\"(max-width: 1536px) 100vw, 1536px\" \/>\t\t\t<\/div>\n\t\t\n\t\t<div class=\"testimonial-content\">\n\t\t\t<div class=\"testimonial-rating\">\n\t\t\t\t<span class=\"star-rating\">\n\t\t\t\t\t<span style=\"width:100%\"><\/span>\n\t\t\t\t<\/span>\n\t\t\t<\/div>\n\n\t\t\t<strong>Consilier V\u00e2nz\u0103ri<\/strong><br>Madina, 19 de ani\n<h6 style=\"font-weight: normal;\">\u201e<em>Am avut diverse experien\u021be, dar acest magazin a devenit cu adev\u0103rat preferatul meu, la fel ca \u0219i pentru clien\u021bii no\u0219tri fideli. Cunosc ceaiurile noastre nu doar din descriere: am \u00eencercat aproape toat\u0103 gama \u0219i voi alege cu pl\u0103cere aroma care v\u0103 va cuceri \u2764\ufe0f<\/em>\u201d<\/h6>\n\t\t\t<footer>\n\t\t\t\t\n\t\t\t\t\t\t\t<\/footer>\n\t\t<\/div>\n\t<\/div>\n<\/div>\t\t\t\t\n\t\t\t\t\t\t\t<\/div>\n\t\t\t\t\t<\/div>\n\t\t\t\t\t\t<\/div>\n\t\t\t\t<\/div>\n\t\t\t\t<div class=\"elementor-element elementor-element-0973c25 elementor-widget elementor-widget-wd_text_block\" data-id=\"0973c25\" data-element_type=\"widget\" data-e-type=\"widget\" data-widget_type=\"wd_text_block.default\">\n\t\t\t\t<div class=\"elementor-widget-container\">\n\t\t\t\t\t\t\t<div class=\"wd-text-block reset-last-child text-left\">\n\t\t\t\n\t\t\t<p>Magazinul nostru de ceai a luat na\u0219tere \u00een 2021 dintr-o idee simpl\u0103, dar foarte sincer\u0103.<\/p><p>Am visat s\u0103 cre\u0103m un loc \u00een care s\u0103 vrei s\u0103 te \u00eentorci - unde este cald, confortabil \u0219i lini\u0219tit, unde po\u021bi s\u0103 \u00eencetine\u0219ti ritmul, s\u0103 \u00eencerci noi gusturi \u0219i s\u0103 sim\u021bi c\u0103 cineva are cu adev\u0103rat grij\u0103 de tine.<\/p><p>Am vrut ca ceaiul s\u0103 nu fie doar o b\u0103utur\u0103, ci o mic\u0103 c\u0103l\u0103torie prin \u021b\u0103ri, culturi \u0219i st\u0103ri de spirit.<\/p><p>A\u0219a a ap\u0103rut magazinul nostru.<\/p><p>Calitatea ceaiului este prioritatea noastr\u0103 principal\u0103.<\/p><p>Suntem mereu \u00een c\u0103utare de furnizori \u0219i alegem cu aten\u021bie fiecare ceai care ajunge pe rafturile noastre.<\/p><p>Dac\u0103 ceaiul nu trece de selec\u021bia noastr\u0103 intern\u0103 sau nu are succes la clien\u021bi, \u00eel respingem f\u0103r\u0103 ezitare.<\/p><p>Pentru noi este important ca fiecare ceai s\u0103 fie:<\/p><p> \u2022 delicios,<\/p><p> \u2022 onest \u00een ceea ce prive\u0219te calitatea,<\/p><p> \u2022 \u0219i m-a bucurat \u00eenc\u0103 de la prima cea\u0219c\u0103.<\/p><p>\u00cei iubim sincer pe clien\u021bii no\u0219tri \u0219i ascult\u0103m \u00eentotdeauna p\u0103rerea lor.<\/p><p>\u00cei \u00eentreb\u0103m ce ceaiuri le plac, ce arome caut\u0103, ce ar dori s\u0103 g\u0103seasc\u0103 \u00een sortiment \u2013 \u0219i astfel magazinul nostru tr\u0103ie\u0219te \u0219i se dezvolt\u0103.<\/p><p>Ast\u0103zi, magazinul nostru ofer\u0103 peste 150 de sortimente de ceai din diferite col\u021buri ale lumii: China, India, Japonia, \u021b\u0103rile din America Latin\u0103, Africa, Rusia, Ucraina \u0219i alte regiuni.<\/p><p>La noi ve\u021bi g\u0103si:<\/p><p> \u2022 ceaiuri negre \u0219i verzi<\/p><p> \u2022 ulunuri \u0219i pueruri<\/p><p> \u2022 ceaiuri din plante \u0219i ceaiuri etnice<\/p><p> \u2022 amestecuri de fructe<\/p><p> \u2022 ceai legat<\/p><p> \u2022 rooibos \u0219i matcha<\/p><p> \u2022 superalimente \u0219i produse rare<\/p><p>Ne str\u0103duim ca fiecare \u2013 at\u00e2t cunosc\u0103torii experimenta\u021bi, c\u00e2t \u0219i cei care abia \u00eencep s\u0103 descopere ceaiul \u2013 s\u0103 g\u0103seasc\u0103 aici gustul \u201epotrivit\u201d pentru ei.<\/p><p>La noi vin at\u00e2t iubitorii de ceai chinezesc, pu-erh \u0219i oolong, c\u00e2t \u0219i \u00eencep\u0103torii care doresc s\u0103 \u00eencerce ceva nou, dar nu \u0219tiu de unde s\u0103 \u00eenceap\u0103. Noi v\u0103 vom ajuta \u00eentotdeauna s\u0103 alege\u021bi, v\u0103 vom sf\u0103tui, v\u0103 vom povesti \u0219i vom selecta ceaiul potrivit pentru starea de spirit, ora din zi sau ocazie. <\/p><p>Pe tot parcursul anului, cre\u0103m seturi cadou - de la mici cadouri cu ceai p\u00e2n\u0103 la cutii cadou mari, frumos decorate.<\/p><p>Seturile noastre sunt adesea alese:<\/p><p> \u2022 de s\u0103rb\u0103tori,<\/p><p> \u2022 \u00een semn de aten\u021bie,<\/p><p> \u2022 pentru un cadou cald \u0219i gustos, f\u0103r\u0103 cuvinte inutile.<\/p><p>Magazinul nostru este un spa\u021biu offline unde oamenii vin nu doar pentru cump\u0103r\u0103turi, ci \u0219i pentru atmosfer\u0103, lini\u0219te \u0219i bun\u0103 dispozi\u021bie.<\/p><p>Ne bucur\u0103m de fiecare oaspete \u0219i credem c\u0103 ceaiul poate face ziua pu\u021bin mai cald\u0103.<\/p><p>V\u0103 a\u0219tept\u0103m cu drag \u00een magazinul nostru de ceaiuri!<\/p><p> <\/p><p><strong>Contacte<\/strong><\/p><p>\ud83d\udccd <strong>Adres\u0103<\/strong>:<\/p><p>Tiraspol, str. Lenin, 19 (vizavi de centrul comercial \u201eDIK\u201d)<\/p><p>\ud83d\udd58 <strong>Program de lucru<\/strong>:<\/p><p>zilnic, f\u0103r\u0103 zile libere<\/p><p>de la 10:00 la 19:00<\/p><p>\ud83d\udce6 <strong>Plasa\u021bi o comand\u0103 \u0219i discuta\u021bi despre colaborare<\/strong>:<\/p><p> \u2022 site: https:\/\/tea-shop.md\/<\/p><p> \u2022 telefon \/ mesagerie instantanee: <a href=\"tel:+373%20777%2057055\"><strong>+373 777 57055<\/strong><\/a><\/p><p> \u2022 Instagram Direct: <a href=\"https:\/\/www.instagram.com\/tea.tiraspol\/\"><strong>@tea.tiraspol<\/strong><\/a><\/p><p>\ud83d\udcb3 <strong>Plat\u0103<\/strong>:<\/p><p>numerar \u0219i bancar, mobil plat\u0103, card \u201eKlever\u201d, transfer pe contul de decontare, interna\u021bionale (pentru clien\u021bii care nu sunt din Transnistria)<\/p><p><strong>Datele noastre de contact<\/strong>:<\/p><p>Antreprenor independent Ekaterina Dmitriyevna Balan<\/p><p>autoriza\u021bie USN 1640000357<\/p><p>contul 2214160000024859 la SA \u201eAgroprobank\u201d din Tiraspol<\/p><p>Munc\u0103\/Cont 20210000087<\/p>\n\t\t\t\t\t<\/div>\n\t\t\t\t\t\t<\/div>\n\t\t\t\t<\/div>\n\t\t\t\t<div class=\"elementor-element elementor-element-a311c18 wd-width-100 elementor-widget elementor-widget-wd_google_map\" data-id=\"a311c18\" data-element_type=\"widget\" data-e-type=\"widget\" data-widget_type=\"wd_google_map.default\">\n\t\t\t\t<div class=\"elementor-widget-container\">\n\t\t\t\t\t\t\t<div class=\"google-map-container wd-map-container\" data-map-args='{\"multiple_markers\":\"no\",\"latitude\":\"46.838504\",\"longitude\":\"29.624333\",\"zoom\":17,\"mouse_zoom\":\"no\",\"init_type\":\"page_load\",\"init_offset\":\"\",\"json_style\":\"\",\"marker_icon\":\"https:\\\/\\\/tea-shop.md\\\/wp-content\\\/themes\\\/woodmart\\\/inc\\\/admin\\\/assets\\\/images\\\/google-icon.png\",\"marker_icon_size\":\"\",\"elementor\":true,\"marker_text_needed\":\"yes\",\"marker_text\":\"<h3 style=\\\"min-width:300px; text-align:center; margin:15px;\\\">Magazin de ceai<br>Tiraspol, str. Lenin 19<\\\/h3>\",\"selector\":\"wd-map-id-69e613c7ea2dc\",\"markers\":null,\"center\":\"\"}'>\n\n\t\t\t\n\t\t\t\n\t\t\t<div class=\"wd-google-map-wrapper wd-map-wrapper wd-fill\">\n\t\t\t\t<div id=\"wd-map-id-69e613c7ea2dc\" class=\"wd-google-map without-content wd-fill\"><\/div>\n\t\t\t<\/div>\n\n\t\t\t\t\t<\/div>\n\t\t\t\t\t\t<\/div>\n\t\t\t\t<\/div>\n\t\t\t\t\t<\/div>\n\t\t\t\t<\/div>\n\t\t\t\t<\/div>\n\t\t","protected":false},"excerpt":{"rendered":"<p>Echipa noastr\u0103 AdministratorValeria, 22 de ani \u201e\u00cemi place s\u0103 c\u00e2nt la instrumente \u0219i s\u0103 c\u00e2nt. \u00cemi place s\u0103 m\u0103n\u00e2nc bine<\/p>\n","protected":false},"author":2,"featured_media":0,"parent":0,"menu_order":0,"comment_status":"closed","ping_status":"closed","template":"","meta":{"footnotes":""},"class_list":["post-13182","page","type-page","status-publish","hentry"],"_links":{"self":[{"href":"https:\/\/tea-shop.md\/ro\/wp-json\/wp\/v2\/pages\/13182","targetHints":{"allow":["GET"]}}],"collection":[{"href":"https:\/\/tea-shop.md\/ro\/wp-json\/wp\/v2\/pages"}],"about":[{"href":"https:\/\/tea-shop.md\/ro\/wp-json\/wp\/v2\/types\/page"}],"author":[{"embeddable":true,"href":"https:\/\/tea-shop.md\/ro\/wp-json\/wp\/v2\/users\/2"}],"replies":[{"embeddable":true,"href":"https:\/\/tea-shop.md\/ro\/wp-json\/wp\/v2\/comments?post=13182"}],"version-history":[{"count":2,"href":"https:\/\/tea-shop.md\/ro\/wp-json\/wp\/v2\/pages\/13182\/revisions"}],"predecessor-version":[{"id":14793,"href":"https:\/\/tea-shop.md\/ro\/wp-json\/wp\/v2\/pages\/13182\/revisions\/14793"}],"wp:attachment":[{"href":"https:\/\/tea-shop.md\/ro\/wp-json\/wp\/v2\/media?parent=13182"}],"curies":[{"name":"wp","href":"https:\/\/api.w.org\/{rel}","templated":true}]}}