{"id":13921,"date":"2025-12-10T20:09:15","date_gmt":"2025-12-10T18:09:15","guid":{"rendered":"https:\/\/tea-shop.md\/product\/rosu-earl-grey-bergamota\/"},"modified":"2026-03-31T22:14:28","modified_gmt":"2026-03-31T19:14:28","slug":"rosu-earl-grey-bergamota","status":"publish","type":"product","link":"https:\/\/tea-shop.md\/ro\/produs\/rosu-earl-grey-bergamota\/","title":{"rendered":"Ro\u0219u Earl Grey (bergamot\u0103)"},"content":{"rendered":"<p>Ceai ro\u0219u chinezesc cu ulei de bergamot\u0103.<\/p>\n<p>Earl Grey cu bergamot\u0103 \u00eembun\u0103t\u0103\u021be\u0219te digestia, are propriet\u0103\u021bi calmante \u0219i antidepresive , este un bun antiseptic. \u00cen afar\u0103 de asta, bergamota face parte din grupa celor mai puternice afrodisiace, de aceea o cea\u0219c\u0103 de o astfel de b\u0103utur\u0103 va completa pl\u0103cut o sear\u0103 romantic\u0103 . <\/p>\n<p>Infuzia are un gust intens, special pentru iubitorii de ceai cu arom\u0103 de bergamot\u0103.<\/p>\n<p>Se toarn\u0103 1 linguri\u021b\u0103 de frunze de ceai \u00een ceainic. Se toarn\u0103 250 ml de ap\u0103 cald\u0103 95cc, insist\u0103 timp de 3-5 minute pentru a ob\u021bine o b\u0103utur\u0103 cu un gust delicat. <\/p>\n<p>&nbsp;<\/p>\n","protected":false},"excerpt":{"rendered":"<p>Ceai ro\u0219u chinezesc cu ulei de bergamot\u0103. Earl Grey cu bergamot\u0103 \u00eembun\u0103t\u0103\u021be\u0219te digestia, are propriet\u0103\u021bi calmante \u0219i antidepresive , este<\/p>\n","protected":false},"featured_media":13583,"comment_status":"open","ping_status":"closed","template":"","meta":[],"product_brand":[],"product_cat":[334],"product_tag":[],"class_list":{"0":"post-13921","1":"product","2":"type-product","3":"status-publish","4":"has-post-thumbnail","6":"product_cat-krasnyj-chaj","8":"first","9":"instock","10":"shipping-taxable","11":"purchasable","12":"product-type-variable","13":"has-default-attributes"},"_links":{"self":[{"href":"https:\/\/tea-shop.md\/ro\/wp-json\/wp\/v2\/product\/13921","targetHints":{"allow":["GET"]}}],"collection":[{"href":"https:\/\/tea-shop.md\/ro\/wp-json\/wp\/v2\/product"}],"about":[{"href":"https:\/\/tea-shop.md\/ro\/wp-json\/wp\/v2\/types\/product"}],"replies":[{"embeddable":true,"href":"https:\/\/tea-shop.md\/ro\/wp-json\/wp\/v2\/comments?post=13921"}],"version-history":[{"count":2,"href":"https:\/\/tea-shop.md\/ro\/wp-json\/wp\/v2\/product\/13921\/revisions"}],"predecessor-version":[{"id":14968,"href":"https:\/\/tea-shop.md\/ro\/wp-json\/wp\/v2\/product\/13921\/revisions\/14968"}],"wp:featuredmedia":[{"embeddable":true,"href":"https:\/\/tea-shop.md\/ro\/wp-json\/wp\/v2\/media\/13583"}],"wp:attachment":[{"href":"https:\/\/tea-shop.md\/ro\/wp-json\/wp\/v2\/media?parent=13921"}],"wp:term":[{"taxonomy":"product_brand","embeddable":true,"href":"https:\/\/tea-shop.md\/ro\/wp-json\/wp\/v2\/product_brand?post=13921"},{"taxonomy":"product_cat","embeddable":true,"href":"https:\/\/tea-shop.md\/ro\/wp-json\/wp\/v2\/product_cat?post=13921"},{"taxonomy":"product_tag","embeddable":true,"href":"https:\/\/tea-shop.md\/ro\/wp-json\/wp\/v2\/product_tag?post=13921"}],"curies":[{"name":"wp","href":"https:\/\/api.w.org\/{rel}","templated":true}]}}