{"id":13929,"date":"2025-12-09T20:32:17","date_gmt":"2025-12-09T18:32:17","guid":{"rendered":"https:\/\/tea-shop.md\/product\/bai-mao-hou-maimuta-alba\/"},"modified":"2026-03-31T19:02:26","modified_gmt":"2026-03-31T16:02:26","slug":"bai-mao-hou-maimuta-alba","status":"publish","type":"product","link":"https:\/\/tea-shop.md\/ro\/produs\/bai-mao-hou-maimuta-alba\/","title":{"rendered":"Bai Mao Hou \u00abMaimu\u021ba Alb\u0103\u00bb"},"content":{"rendered":"<p>Bai Mao Hou, care \u00eenseamn\u0103 &#8222;maimu\u021b\u0103 alb\u0103&#8221; sau &#8222;\u00eemp\u0103rat maimu\u021b\u0103&#8221;, este un ceai verde chinezesc rar care combin\u0103 gra\u021bia, prospe\u021bimea \u0219i caracterul legendar. Este renumit pentru frunzele sale r\u0103sucite neobi\u0219nuite, asem\u0103n\u0103toare cu blana pufoas\u0103 de maimu\u021b\u0103, \u0219i gustul s\u0103u bl\u00e2nd cu note de orhidee. Acest ceai este un adev\u0103rat imn pentru aerul de Munte, cea\u021b\u0103 \u0219i prim\u0103var\u0103, c\u00e2nd natura se treze\u0219te \u00een frumuse\u021bea sa curat\u0103.  <\/p>\n<p>Aroma ceaiului uscat este proasp\u0103t\u0103, floral\u0103, cu note u\u0219oare de orhidee, fasole \u0219i iarb\u0103 t\u00e2n\u0103r\u0103. C\u00e2nd se prepar\u0103, ceaiul prinde via\u021b\u0103-frunzele se \u00eentind, dezv\u0103luind aroma bogat\u0103 \u0219i curat\u0103 a aerului de munte. Infuzia de Bai Mao Hou este transparent\u0103, aurie deschis\u0103, cu o nuan\u021b\u0103 verde. Gustul este echilibrat, moale \u0219i complex: primele note sunt dulci, nuci-pe baz\u0103 de plante, urmate de o prospe\u021bime u\u0219oar\u0103 de orhidee, dulcea\u021b\u0103 de miere \u0219i r\u0103coare u\u0219oar\u0103 \u00een postgust.   <\/p>\n<p>Se toarn\u0103 1 linguri\u021b\u0103 de frunze de ceai \u00een ceainic. Se toarn\u0103 250 ml de ap\u0103 cald\u0103 80cc, insist\u0103 timp de 3-5 minute pentru a ob\u021bine o b\u0103utur\u0103 cu un gust delicat. <\/p>\n<p>Aceea\u0219i b\u0103utur\u0103 poate fi turnat\u0103 de p\u00e2n\u0103 la 5 ori la r\u00e2nd, de fiecare dat\u0103 prelungind timpul de perfuzie cu aproximativ 1 minut. P\u0103stra\u021bi-l timp de maximum 5 minute, nu pute\u021bi insista mult timp, b\u0103utura va deveni tart\u0103. <\/p>\n","protected":false},"excerpt":{"rendered":"<p>Bai Mao Hou, care \u00eenseamn\u0103 &#8222;maimu\u021b\u0103 alb\u0103&#8221; sau &#8222;\u00eemp\u0103rat maimu\u021b\u0103&#8221;, este un ceai verde chinezesc rar care combin\u0103 gra\u021bia, prospe\u021bimea<\/p>\n","protected":false},"featured_media":13578,"comment_status":"open","ping_status":"closed","template":"","meta":[],"product_brand":[],"product_cat":[331,332],"product_tag":[],"class_list":{"0":"post-13929","1":"product","2":"type-product","3":"status-publish","4":"has-post-thumbnail","6":"product_cat-zelyonyj-chaj","7":"product_cat-zelyonyj-bez-dobavok","9":"first","10":"instock","11":"shipping-taxable","12":"purchasable","13":"product-type-variable","14":"has-default-attributes"},"_links":{"self":[{"href":"https:\/\/tea-shop.md\/ro\/wp-json\/wp\/v2\/product\/13929","targetHints":{"allow":["GET"]}}],"collection":[{"href":"https:\/\/tea-shop.md\/ro\/wp-json\/wp\/v2\/product"}],"about":[{"href":"https:\/\/tea-shop.md\/ro\/wp-json\/wp\/v2\/types\/product"}],"replies":[{"embeddable":true,"href":"https:\/\/tea-shop.md\/ro\/wp-json\/wp\/v2\/comments?post=13929"}],"version-history":[{"count":1,"href":"https:\/\/tea-shop.md\/ro\/wp-json\/wp\/v2\/product\/13929\/revisions"}],"predecessor-version":[{"id":13943,"href":"https:\/\/tea-shop.md\/ro\/wp-json\/wp\/v2\/product\/13929\/revisions\/13943"}],"wp:featuredmedia":[{"embeddable":true,"href":"https:\/\/tea-shop.md\/ro\/wp-json\/wp\/v2\/media\/13578"}],"wp:attachment":[{"href":"https:\/\/tea-shop.md\/ro\/wp-json\/wp\/v2\/media?parent=13929"}],"wp:term":[{"taxonomy":"product_brand","embeddable":true,"href":"https:\/\/tea-shop.md\/ro\/wp-json\/wp\/v2\/product_brand?post=13929"},{"taxonomy":"product_cat","embeddable":true,"href":"https:\/\/tea-shop.md\/ro\/wp-json\/wp\/v2\/product_cat?post=13929"},{"taxonomy":"product_tag","embeddable":true,"href":"https:\/\/tea-shop.md\/ro\/wp-json\/wp\/v2\/product_tag?post=13929"}],"curies":[{"name":"wp","href":"https:\/\/api.w.org\/{rel}","templated":true}]}}