{"id":13939,"date":"2025-12-09T20:32:17","date_gmt":"2025-12-09T18:32:17","guid":{"rendered":"https:\/\/tea-shop.md\/product\/bi-lo-chun-spirale-de-smarald-de-primavara\/"},"modified":"2026-03-31T19:06:34","modified_gmt":"2026-03-31T16:06:34","slug":"bi-lo-chun-spirale-de-smarald-de-primavara","status":"publish","type":"product","link":"https:\/\/tea-shop.md\/ro\/produs\/bi-lo-chun-spirale-de-smarald-de-primavara\/","title":{"rendered":"Bi Lo Chun \u00abSpirale de smarald de prim\u0103var\u0103\u00bb"},"content":{"rendered":"<p>Bi Lo Chun este un clasic al ceaiului verde. Acest ceai este foarte popular nu numai printre locuitorii Chinei, ci \u0219i printre cunosc\u0103torii ceremoniilor de ceai din \u00eentreaga lume.<\/p>\n<p>Tr\u0103s\u0103turile caracteristice ale b\u0103uturii finite sunt considerate a fi o arom\u0103 delicat\u0103 de fructe, forma spiral\u0103 a frunzelor, care se ob\u021bine datorit\u0103 unei tehnologii speciale de r\u0103sucire manual\u0103. Emerald \u2013 pentru c\u0103 ceaiul este verde. Spirale-deoarece acest ceai este&#8221; r\u0103sucit &#8221; \u00een timpul produc\u021biei sale. Prim\u0103vara &#8211; pentru c\u0103 Bi Lo Chun se recolteaz\u0103 o dat\u0103 pe an-prim\u0103vara, \u00een timpul sezonului ploios.   <\/p>\n<p>\u00cen timpul procesului de produc\u021bie, materiile prime nu sunt fermentate, datorit\u0103 c\u0103rora recolta con\u021bine antioxidan\u021bi care protejeaz\u0103 celulele de radicalii liberi. Sunt capabili s\u0103 \u00eencetineasc\u0103 \u00eemb\u0103tr\u00e2nirea, p\u0103str\u00e2nd tinere\u021bea \u0219i frumuse\u021bea. De asemenea, con\u021bine mul\u021bi al\u021bi nutrien\u021bi care contribuie la buna func\u021bionare a tuturor organelor \u0219i sistemelor.<\/p>\n<p>B\u0103utura con\u021bine concentra\u021bii semnificative de vitamina C, fluor \u0219i calciu, care sunt esen\u021biale pentru men\u021binerea din\u021bilor \u0219i oaselor s\u0103n\u0103toase.<\/p>\n<p>Are o cantitate minim\u0103 de cofein\u0103 \u00een componentele sale. Este de aproximativ 10% din volumul care se afl\u0103 \u00eentr-o cea\u0219c\u0103 de cafea.<\/p>\n<p>Ceai verde rulat f\u0103r\u0103 adaosuri<\/p>\n<p>Infuzia sa se caracterizeaz\u0103 printr-un arom\u0103 intens\u0103, de miere, un gust proasp\u0103t \u0219i o infuzie transparent\u0103, de un verde smarald delicat.<\/p>\n<p>Se toarn\u0103 1 linguri\u021b\u0103 de frunze de ceai \u00een ceainic. Se toarn\u0103 250 ml de ap\u0103 cald\u0103 80cc, insist\u0103 timp de 3-5 minute pentru a ob\u021bine o b\u0103utur\u0103 cu un gust delicat. <\/p>\n<p>Aceea\u0219i b\u0103utur\u0103 poate fi turnat\u0103 de p\u00e2n\u0103 la 5 ori la r\u00e2nd, de fiecare dat\u0103 prelungind timpul de perfuzie cu aproximativ 1 minut. P\u0103stra\u021bi-l timp de maximum 5 minute, nu pute\u021bi insista mult timp, b\u0103utura va deveni tart\u0103. <\/p>\n","protected":false},"excerpt":{"rendered":"<p>Bi Lo Chun este un clasic al ceaiului verde. Acest ceai este foarte popular nu numai printre locuitorii Chinei, ci \u0219i printre cunosc\u0103torii ceremoniilor de ceai din \u00eentreaga lume.<\/p>\n<p>\u0425\u0430\u0440\u0430\u043a\u0442\u0435\u0440\u043d\u044b\u043c\u0438 \u043e\u0441\u043e\u0431\u0435\u043d\u043d\u043e\u0441\u0442\u044f\u043c\u0438 \u0433\u043e\u0442\u043e\u0432\u043e\u0433\u043e \u043d\u0430\u043f\u0438\u0442\u043a\u0430 \u0441\u0447\u0438\u0442\u0430\u044e\u0442\u0441\u044f \u043d\u0435\u0436\u043d\u044b\u0439 \u0444\u0440\u0443\u043a\u0442\u043e\u0432\u044b\u0439 \u0430\u0440\u043e\u043c\u0430\u0442, \u0441\u043f\u0438\u0440\u0430\u043b\u0435\u0432\u0438\u0434\u043d\u0430\u044f \u0444\u043e\u0440\u043c\u0430 \u043b\u0438\u0441\u0442\u044c\u0435\u0432, \u043a\u043e\u0442\u043e\u0440\u0430\u044f \u043f\u043e\u043b\u0443\u0447\u0430\u0435\u0442\u0441\u044f \u0431\u043b\u0430\u0433\u043e\u0434\u0430\u0440\u044f \u043e\u0441\u043e\u0431\u043e\u0439 \u0442\u0435\u0445\u043d\u043e\u043b\u043e\u0433\u0438\u0438 \u0441\u043a\u0440\u0443\u0447\u0438\u0432\u0430\u043d\u0438\u044f \u0432\u0440\u0443\u0447\u043d\u0443\u044e.\u0418\u0437\u0443\u043c\u0440\u0443\u0434\u043d\u044b\u0435 \u2013 \u043f\u043e\u0442\u043e\u043c\u0443 \u0447\u0442\u043e \u0447\u0430\u0439 \u0437\u0435\u043b\u0435\u043d\u044b\u0439. \u0421\u043f\u0438\u0440\u0430\u043b\u0438 \u2013 \u043f\u043e\u0442\u043e\u043c\u0443 \u0447\u0442\u043e \u044d\u0442\u043e\u0442 \u0447\u0430\u0439 \u00ab\u0441\u043a\u0440\u0443\u0447\u0438\u0432\u0430\u044e\u0442\u00bb \u0432\u043e \u0432\u0440\u0435\u043c\u044f \u0435\u0433\u043e \u043f\u0440\u043e\u0438\u0437\u0432\u043e\u0434\u0441\u0442\u0432\u0430. \u0412\u0435\u0441\u043d\u044b \u2013 \u043f\u043e\u0442\u043e\u043c\u0443 \u0447\u0442\u043e \u0411\u0438 \u041b\u043e \u0427\u0443\u043d\u044c \u0441\u043e\u0431\u0438\u0440\u0430\u044e\u0442 \u043e\u0434\u0438\u043d \u0440\u0430\u0437 \u0432 \u0433\u043e\u0434 \u2013 \u0432\u0435\u0441\u043d\u043e\u0439, \u0432 \u0441\u0435\u0437\u043e\u043d \u0434\u043e\u0436\u0434\u0435\u0439.<\/p>\n<p>\u00cen timpul procesului de produc\u021bie, materiile prime nu sunt fermentate, datorit\u0103 c\u0103rora recolta con\u021bine antioxidan\u021bi care protejeaz\u0103 celulele de radicalii liberi. Sunt capabili s\u0103 \u00eencetineasc\u0103 \u00eemb\u0103tr\u00e2nirea, p\u0103str\u00e2nd tinere\u021bea \u0219i frumuse\u021bea. De asemenea, con\u021bine mul\u021bi al\u021bi nutrien\u021bi care contribuie la buna func\u021bionare a tuturor organelor \u0219i sistemelor.<\/p>\n<p>B\u0103utura con\u021bine concentra\u021bii semnificative de vitamina C, fluor \u0219i calciu, care sunt esen\u021biale pentru men\u021binerea din\u021bilor \u0219i oaselor s\u0103n\u0103toase.<\/p>\n<p>Are o cantitate minim\u0103 de cofein\u0103 \u00een componentele sale. \u0415\u0433\u043e \u043f\u0440\u0438\u043c\u0435\u0440\u043d\u043e 10% \u043e\u0442 \u0442\u043e\u0433\u043e \u043e\u0431\u044a\u0435\u043c\u0430, \u043a\u043e\u0442\u043e\u0440\u044b\u0439 \u0435\u0441\u0442\u044c \u0432 \u0447\u0430\u0448\u043a\u0435 \u043a\u043e\u0444\u0435.<\/p>\n<p>Ceai verde laminat f\u0103r\u0103 aditivi.<\/p>\n<p>Infuzia sa se caracterizeaz\u0103 printr-o arom\u0103 groas\u0103, de miere, gust proasp\u0103t \u0219i o infuzie delicat\u0103 transparent\u0103 de smarald.<\/p>\n<p>Se toarn\u0103 1 linguri\u021b\u0103 de frunze de ceai \u00een ceainic. Se toarn\u0103 250 ml de ap\u0103 cald\u0103 80cc, insist\u0103 timp de 3-5 minute pentru a ob\u021bine o b\u0103utur\u0103 cu un gust delicat. \u0417\u0430\u043b\u0438\u0442\u044c \u0433\u043e\u0440\u044f\u0447\u0435\u0439 \u0432\u043e\u0434\u043e\u0439 300 \u043c\u043b 80 \u00b0C, \u043d\u0430\u0441\u0442\u043e\u044f\u0442\u044c \u0432 \u0442\u0435\u0447\u0435\u043d\u0438\u0435 3-5 \u043c\u0438\u043d, \u0447\u0442\u043e\u0431\u044b \u043f\u043e\u043b\u0443\u0447\u0438\u0442\u044c \u043d\u0430\u043f\u0438\u0442\u043e\u043a \u0441 \u0434\u0435\u043b\u0438\u043a\u0430\u0442\u043d\u044b\u043c \u0432\u043a\u0443\u0441\u043e\u043c.<\/p>\n<p>Aceea\u0219i b\u0103utur\u0103 poate fi turnat\u0103 de p\u00e2n\u0103 la 5 ori la r\u00e2nd, de fiecare dat\u0103 prelungind timpul de perfuzie cu aproximativ 1 minut. P\u0103stra\u021bi-l timp de maximum 5 minute, nu pute\u021bi insista mult timp, b\u0103utura va deveni tart\u0103. \u041c\u0430\u043a\u0441\u0438\u043c\u0430\u043b\u044c\u043d\u043e \u0434\u0435\u0440\u0436\u0430\u0442\u044c 5 \u043c\u0438\u043d, \u0434\u043e\u043b\u0433\u043e \u043d\u0430\u0441\u0442\u0430\u0438\u0432\u0430\u0442\u044c \u043d\u0435\u043b\u044c\u0437\u044f, \u043d\u0430\u043f\u0438\u0442\u043e\u043a \u0441\u0442\u0430\u043d\u0435\u0442 \u0442\u0435\u0440\u043f\u043a\u0438\u043c.<\/p>\n","protected":false},"featured_media":2060,"comment_status":"open","ping_status":"closed","template":"","meta":[],"product_brand":[],"product_cat":[331,332],"product_tag":[],"class_list":{"0":"post-13939","1":"product","2":"type-product","3":"status-publish","4":"has-post-thumbnail","6":"product_cat-zelyonyj-chaj","7":"product_cat-zelyonyj-bez-dobavok","9":"first","10":"instock","11":"shipping-taxable","12":"purchasable","13":"product-type-variable","14":"has-default-attributes"},"_links":{"self":[{"href":"https:\/\/tea-shop.md\/ro\/wp-json\/wp\/v2\/product\/13939","targetHints":{"allow":["GET"]}}],"collection":[{"href":"https:\/\/tea-shop.md\/ro\/wp-json\/wp\/v2\/product"}],"about":[{"href":"https:\/\/tea-shop.md\/ro\/wp-json\/wp\/v2\/types\/product"}],"replies":[{"embeddable":true,"href":"https:\/\/tea-shop.md\/ro\/wp-json\/wp\/v2\/comments?post=13939"}],"version-history":[{"count":1,"href":"https:\/\/tea-shop.md\/ro\/wp-json\/wp\/v2\/product\/13939\/revisions"}],"predecessor-version":[{"id":14848,"href":"https:\/\/tea-shop.md\/ro\/wp-json\/wp\/v2\/product\/13939\/revisions\/14848"}],"wp:featuredmedia":[{"embeddable":true,"href":"https:\/\/tea-shop.md\/ro\/wp-json\/wp\/v2\/media\/2060"}],"wp:attachment":[{"href":"https:\/\/tea-shop.md\/ro\/wp-json\/wp\/v2\/media?parent=13939"}],"wp:term":[{"taxonomy":"product_brand","embeddable":true,"href":"https:\/\/tea-shop.md\/ro\/wp-json\/wp\/v2\/product_brand?post=13939"},{"taxonomy":"product_cat","embeddable":true,"href":"https:\/\/tea-shop.md\/ro\/wp-json\/wp\/v2\/product_cat?post=13939"},{"taxonomy":"product_tag","embeddable":true,"href":"https:\/\/tea-shop.md\/ro\/wp-json\/wp\/v2\/product_tag?post=13939"}],"curies":[{"name":"wp","href":"https:\/\/api.w.org\/{rel}","templated":true}]}}