{"id":13948,"date":"2026-02-12T13:35:54","date_gmt":"2026-02-12T11:35:54","guid":{"rendered":"https:\/\/tea-shop.md\/product\/darjeeling-verde\/"},"modified":"2026-02-12T13:35:54","modified_gmt":"2026-02-12T11:35:54","slug":"darjeeling-verde","status":"publish","type":"product","link":"https:\/\/tea-shop.md\/ro\/produs\/darjeeling-verde\/","title":{"rendered":"Darjeeling (verde)"},"content":{"rendered":"<div>Ceaiul verde Darjeeling este un ceai clasic cu frunze \u00eentregi cultivat \u00een districtul cu acela\u0219i nume din partea de nord-est a Indiei, la poalele Himalaya. Planta\u021biile sunt situate pe versan\u021bii teraselor montane, la o altitudine de 700-2000 de metri deasupra nivelului m\u0103rii. <\/div>\n<div>Este un produs natural, nu con\u021bine aditivi sau arome artificiale, are o arom\u0103 dulce \u0219i fructat\u0103, are un gust non-amar \u0219i este un ceai bine echilibrat, cu un gust pl\u0103cut.<\/div>\n<div>\n<div><a href=\"https:\/\/dzen.ru\/a\/Z68D2dleFHQP8iKD\" target=\"_blank\" rel=\"nofollow noopener\" data-counter=\"[\"b\"]\" data-y9ofiqyh9cxs=\"1_ld53w02-0-12e\">Green Darjeeling difer\u0103 de negru \u00een modul \u00een care este procesat \u0219i \u0432\u043a\u0443\u0441\u043e\u043c.\u0427\u0430\u0439dzen.ru este aburit, nu fermentat. Ca urmare, frunzele \u00ee\u0219i p\u0103streaz\u0103 culoarea verde, deoarece nu exist\u0103 oxidare. Darjeelingul verde este mai deschis \u0219i mai delicat dec\u00e2t negrul. \u00cen plus, verdele este bogat \u00een antioxidan\u021bi \u0219i polifenoli benefici.<\/a>   <\/div>\n<div>\n<div>Se toarn\u0103 1 linguri\u021b\u0103 de frunze de ceai \u00een ceainic. Se toarn\u0103 250 ml de 90 de grade C ap\u0103 fierbinte \u0219i se las\u0103 timp de 3-5 minute pentru a ob\u021bine o b\u0103utur\u0103 cu un gust delicat. <\/div>\n<div><\/div>\n<\/div>\n<\/div>\n","protected":false},"excerpt":{"rendered":"<p>Ceaiul verde Darjeeling este un ceai clasic cu frunze \u00eentregi cultivat \u00een districtul cu acela\u0219i nume din partea de nord-est<\/p>\n","protected":false},"featured_media":15110,"comment_status":"open","ping_status":"closed","template":"","meta":[],"product_brand":[],"product_cat":[331,332],"product_tag":[],"class_list":{"0":"post-13948","1":"product","2":"type-product","3":"status-publish","4":"has-post-thumbnail","6":"product_cat-zelyonyj-chaj","7":"product_cat-zelyonyj-bez-dobavok","9":"first","10":"instock","11":"shipping-taxable","12":"purchasable","13":"product-type-variable"},"_links":{"self":[{"href":"https:\/\/tea-shop.md\/ro\/wp-json\/wp\/v2\/product\/13948","targetHints":{"allow":["GET"]}}],"collection":[{"href":"https:\/\/tea-shop.md\/ro\/wp-json\/wp\/v2\/product"}],"about":[{"href":"https:\/\/tea-shop.md\/ro\/wp-json\/wp\/v2\/types\/product"}],"replies":[{"embeddable":true,"href":"https:\/\/tea-shop.md\/ro\/wp-json\/wp\/v2\/comments?post=13948"}],"version-history":[{"count":0,"href":"https:\/\/tea-shop.md\/ro\/wp-json\/wp\/v2\/product\/13948\/revisions"}],"wp:featuredmedia":[{"embeddable":true,"href":"https:\/\/tea-shop.md\/ro\/wp-json\/wp\/v2\/media\/15110"}],"wp:attachment":[{"href":"https:\/\/tea-shop.md\/ro\/wp-json\/wp\/v2\/media?parent=13948"}],"wp:term":[{"taxonomy":"product_brand","embeddable":true,"href":"https:\/\/tea-shop.md\/ro\/wp-json\/wp\/v2\/product_brand?post=13948"},{"taxonomy":"product_cat","embeddable":true,"href":"https:\/\/tea-shop.md\/ro\/wp-json\/wp\/v2\/product_cat?post=13948"},{"taxonomy":"product_tag","embeddable":true,"href":"https:\/\/tea-shop.md\/ro\/wp-json\/wp\/v2\/product_tag?post=13948"}],"curies":[{"name":"wp","href":"https:\/\/api.w.org\/{rel}","templated":true}]}}