{"id":13953,"date":"2025-12-09T20:32:18","date_gmt":"2025-12-09T18:32:18","guid":{"rendered":"https:\/\/tea-shop.md\/product\/moli-bai-mao-hou-maimuta-alba-cu-iasomie\/"},"modified":"2026-03-31T19:07:22","modified_gmt":"2026-03-31T16:07:22","slug":"moli-bai-mao-hou-maimuta-alba-cu-iasomie","status":"publish","type":"product","link":"https:\/\/tea-shop.md\/ro\/produs\/moli-bai-mao-hou-maimuta-alba-cu-iasomie\/","title":{"rendered":"Moli Bai Mao Hou \u00abMaimu\u021b\u0103 alb\u0103 cu iasomie\u00bb"},"content":{"rendered":"<div class=\"FuturisMarkdown-Paragraph\">Moli Bai Mao Hou, sau &#8222;Maimu\u021ba alb\u0103 de iasomie&#8221;, este un ceai verde chinezesc care folose\u0219te muguri de ceai argintiu cu o gr\u0103mad\u0103 alb\u0103, asem\u0103n\u0103toare cu coada unei maimu\u021be \u00een aparen\u021b\u0103.<\/div>\n<div class=\"FuturisMarkdown-Paragraph\">Frunzele de ceai sunt supuse unei usc\u0103ri suplimentare, doar frunzele superioare ale tufi\u0219ului de ceai, acoperite cu cel mai delicat puf, sunt selectate pentru soi. Culegerea ceaiului \u00eencepe \u00een mai \u0219i se termin\u0103 \u00een octombrie. B\u0103utura trece printr-o tripl\u0103 aromatizare cu flori proaspete de iasomie. Drept urmare, ceaiul cap\u0103t\u0103 o arom\u0103 unic\u0103 de iasomie, un gust subtil, u\u0219or \u0219i floral.   <\/div>\n<div><\/div>\n<div class=\"FuturisMarkdown-Paragraph\">C\u00e2nd se prepar\u0103, infuzia cap\u0103t\u0103 o nuan\u021b\u0103 galben pal, aproape transparent\u0103, cu o u\u0219oar\u0103 nuan\u021b\u0103 roz \u0219i o arom\u0103 incredibil\u0103 de iasomie.<\/div>\n<div><\/div>\n<div class=\"FuturisMarkdown-Paragraph\">Acest ceai este considerat un ceai antidepresiv, calmeaz\u0103 sistemul nervos, ajut\u0103 la relaxare, scap\u0103 de g\u00e2ndurile obsesive \u0219i de starea de spirit proast\u0103, face fa\u021b\u0103 anxiet\u0103\u021bii \u0219i grijilor crescute. B\u0103utura are, de asemenea, propriet\u0103\u021bi detoxifiante, accelereaz\u0103 metabolismul, promoveaz\u0103 pierderea \u00een greutate sigur\u0103, elimin\u0103 toxinele, cur\u0103\u021b\u0103 ficatul \u0219i ajut\u0103 rinichii. <\/div>\n<p>Se toarn\u0103 1 linguri\u021b\u0103 de frunze de ceai \u00een ceainic. Se toarn\u0103 250 ml de ap\u0103 cald\u0103 80cc, insist\u0103 timp de 3-5 minute pentru a ob\u021bine o b\u0103utur\u0103 cu un gust delicat. <\/p>\n<p>&nbsp;<\/p>\n","protected":false},"excerpt":{"rendered":"<p>Moli Bai Mao Hou, sau &#8222;Maimu\u021ba alb\u0103 de iasomie&#8221;, este un ceai verde chinezesc care folose\u0219te muguri de ceai argintiu<\/p>\n","protected":false},"featured_media":1968,"comment_status":"open","ping_status":"closed","template":"","meta":[],"product_brand":[],"product_cat":[331,333],"product_tag":[],"class_list":{"0":"post-13953","1":"product","2":"type-product","3":"status-publish","4":"has-post-thumbnail","6":"product_cat-zelyonyj-chaj","7":"product_cat-zelyonyj-s-dobavkami","9":"first","10":"instock","11":"shipping-taxable","12":"purchasable","13":"product-type-variable","14":"has-default-attributes"},"_links":{"self":[{"href":"https:\/\/tea-shop.md\/ro\/wp-json\/wp\/v2\/product\/13953","targetHints":{"allow":["GET"]}}],"collection":[{"href":"https:\/\/tea-shop.md\/ro\/wp-json\/wp\/v2\/product"}],"about":[{"href":"https:\/\/tea-shop.md\/ro\/wp-json\/wp\/v2\/types\/product"}],"replies":[{"embeddable":true,"href":"https:\/\/tea-shop.md\/ro\/wp-json\/wp\/v2\/comments?post=13953"}],"version-history":[{"count":1,"href":"https:\/\/tea-shop.md\/ro\/wp-json\/wp\/v2\/product\/13953\/revisions"}],"predecessor-version":[{"id":14849,"href":"https:\/\/tea-shop.md\/ro\/wp-json\/wp\/v2\/product\/13953\/revisions\/14849"}],"wp:featuredmedia":[{"embeddable":true,"href":"https:\/\/tea-shop.md\/ro\/wp-json\/wp\/v2\/media\/1968"}],"wp:attachment":[{"href":"https:\/\/tea-shop.md\/ro\/wp-json\/wp\/v2\/media?parent=13953"}],"wp:term":[{"taxonomy":"product_brand","embeddable":true,"href":"https:\/\/tea-shop.md\/ro\/wp-json\/wp\/v2\/product_brand?post=13953"},{"taxonomy":"product_cat","embeddable":true,"href":"https:\/\/tea-shop.md\/ro\/wp-json\/wp\/v2\/product_cat?post=13953"},{"taxonomy":"product_tag","embeddable":true,"href":"https:\/\/tea-shop.md\/ro\/wp-json\/wp\/v2\/product_tag?post=13953"}],"curies":[{"name":"wp","href":"https:\/\/api.w.org\/{rel}","templated":true}]}}