{"id":13959,"date":"2025-12-09T20:32:16","date_gmt":"2025-12-09T18:32:16","guid":{"rendered":"https:\/\/tea-shop.md\/product\/moli-feng-yan-ochiul-phoenixului\/"},"modified":"2026-03-31T19:00:50","modified_gmt":"2026-03-31T16:00:50","slug":"moli-feng-yan-ochiul-phoenixului","status":"publish","type":"product","link":"https:\/\/tea-shop.md\/ro\/produs\/moli-feng-yan-ochiul-phoenixului\/","title":{"rendered":"Moli Feng Yan \u00abOchiul Phoenixului\u00bb"},"content":{"rendered":"<p>Ceaiul verde Moli Feng Yan este o b\u0103utur\u0103 premium din China. Numele s\u0103u se traduce prin &#8222;ochiul de iasomie al Phoenixului&#8221;. Soiul a fost numit astfel datorit\u0103 formei neobi\u0219nuite alungite-rotunjite a frunzelor de ceai r\u0103sucite &#8211; seam\u0103n\u0103 \u00eentr-adev\u0103r oarecum cu ochii Phoenixului, o pas\u0103re mitologic\u0103 care este o creatur\u0103 de cult \u00een China.  <\/p>\n<p>Acest ceai verde este unul dintre cei mai puternici antioxidan\u021bi de origine vegetal\u0103, permi\u021b\u00e2nd organismului s\u0103 scape rapid \u0219i productiv de toxine. Efectul sedativ u\u0219or ajut\u0103 la combaterea hipertensiunii \u0219i reduce riscul diferitelor tipuri de boli de inim\u0103. Florile de iasomie sunt un antidepresiv natural \u0219i fac fa\u021b\u0103 perfect stresurilor minore \u0219i condi\u021biilor nevrotice.  <\/p>\n<p>Infuzia are un gust u\u0219or, dulce, r\u0103coritor.<\/p>\n<p>Se toarn\u0103 1 linguri\u021b\u0103 de frunze de ceai \u00een ceainic. Se toarn\u0103 250 ml de ap\u0103 cald\u0103 80cc, insist\u0103 timp de 3-5 minute pentru a ob\u021bine o b\u0103utur\u0103 cu un gust delicat. <\/p>\n<p>&nbsp;<\/p>\n","protected":false},"excerpt":{"rendered":"<p>\u0417\u0435\u043b\u0435\u043d\u044b\u0439 \u0447\u0430\u0439 \u041c\u043e\u043b\u0438 \u0424\u044d\u043d \u042f\u043d\u044c \u2013 \u043f\u0440\u0435\u043c\u0438\u0430\u043b\u044c\u043d\u044b\u0439 \u043d\u0430\u043f\u0438\u0442\u043e\u043a \u043a\u0438\u0442\u0430\u0439\u0441\u043a\u043e\u0433\u043e \u043f\u0440\u043e\u0438\u0441\u0445\u043e\u0436\u0434\u0435\u043d\u0438\u044f. \u0415\u0433\u043e \u043d\u0430\u0438\u043c\u0435\u043d\u043e\u0432\u0430\u043d\u0438\u0435 \u043f\u0435\u0440\u0435\u0432\u043e\u0434\u0438\u0442\u0441\u044f \u043a\u0430\u043a \u00ab\u0416\u0430\u0441\u043c\u0438\u043d\u043e\u0432\u044b\u0439 \u0413\u043b\u0430\u0437 \u0424\u0435\u043d\u0438\u043a\u0441\u0430\u00bb. \u041d\u0430\u0437\u0432\u0430\u043b\u0438 \u0442\u0430\u043a \u0441\u043e\u0440\u0442 \u0438\u0437-\u0437\u0430 \u043d\u0435\u0441\u0442\u0430\u043d\u0434\u0430\u0440\u0442\u043d\u043e\u0439 \u043f\u0440\u043e\u0434\u043e\u043b\u0433\u043e\u0432\u0430\u0442\u043e-\u043e\u043a\u0440\u0443\u0433\u043b\u043e\u0439 \u0444\u043e\u0440\u043c\u044b \u0441\u043a\u0440\u0443\u0447\u0435\u043d\u043d\u044b\u0445 \u0447\u0430\u0438\u043d\u043e\u043a \u2014 \u043e\u043d\u0438 \u0434\u0435\u0439\u0441\u0442\u0432\u0438\u0442\u0435\u043b\u044c\u043d\u043e \u0447\u0435\u043c-\u0442\u043e \u043d\u0430\u043f\u043e\u043c\u0438\u043d\u0430\u044e\u0442 \u0433\u043b\u0430\u0437\u0430 \u0424\u0435\u043d\u0438\u043a\u0441\u0430 \u2014 \u043c\u0438\u0444\u043e\u043b\u043e\u0433\u0438\u0447\u0435\u0441\u043a\u043e\u0439 \u043f\u0442\u0438\u0446\u044b, \u043a\u043e\u0442\u043e\u0440\u0430\u044f \u0432 \u041a\u0438\u0442\u0430\u0435 \u044f\u0432\u043b\u044f\u0435\u0442\u0441\u044f \u043a\u0443\u043b\u044c\u0442\u043e\u0432\u044b\u043c \u0441\u0443\u0449\u0435\u0441\u0442\u0432\u043e\u043c. \u0417\u0435\u043b\u0435\u043d\u044b\u0439 \u0447\u0430\u0439 &#8211; \u043e\u0434\u0438\u043d \u0438\u0437 \u0441\u0438\u043b\u044c\u043d\u0435\u0439\u0448\u0438\u0445 \u0430\u043d\u0442\u0438\u043e\u043a\u0441\u0438\u0434\u0430\u043d\u0442\u043e\u0432 \u0440\u0430\u0441\u0442\u0438\u0442\u0435\u043b\u044c\u043d\u043e\u0433\u043e \u043f\u0440\u043e\u0438\u0441\u0445\u043e\u0436\u0434\u0435\u043d\u0438\u044f, \u043f\u043e\u0437\u0432\u043e\u043b\u044f\u044e\u0449\u0438\u0439 \u043e\u0440\u0433\u0430\u043d\u0438\u0437\u043c\u0443 \u0431\u044b\u0441\u0442\u0440\u043e \u0438 \u043f\u0440\u043e\u0434\u0443\u043a\u0442\u0438\u0432\u043d\u043e \u0438\u0437\u0431\u0430\u0432\u043b\u044f\u0442\u044c\u0441\u044f \u043e\u0442 \u0442\u043e\u043a\u0441\u0438\u043d\u043e\u0432. \u041b\u0435\u0433\u043a\u0438\u0439 \u0441\u0435\u0434\u0430\u0442\u0438\u0432\u043d\u044b\u0439 \u044d\u0444\u0444\u0435\u043a\u0442 \u0441\u043f\u043e\u0441\u043e\u0431\u0441\u0442\u0432\u0443\u0435\u0442 \u0431\u043e\u0440\u044c\u0431\u0435 \u0441 \u0433\u0438\u043f\u0435\u0440\u0442\u043e\u043d\u0438\u0435\u0439 \u0438 \u0441\u043d\u0438\u0436\u0430\u0435\u0442 \u0440\u0438\u0441\u043a \u0441\u0435\u0440\u0434\u0435\u0447\u043d\u044b\u0445 \u0437\u0430\u0431\u043e\u043b\u0435\u0432\u0430\u043d\u0438\u0439 \u0440\u0430\u0437\u043b\u0438\u0447\u043d\u043e\u0433\u043e \u0442\u0438\u043f\u0430.<\/p>\n<p>\u0426\u0432\u0435\u0442\u044b \u0436\u0430\u0441\u043c\u0438\u043d\u0430 \u044f\u0432\u043b\u044f\u044e\u0442\u0441\u044f \u043f\u0440\u0438\u0440\u043e\u0434\u043d\u044b\u043c \u0430\u043d\u0442\u0438\u0434\u0435\u043f\u0440\u0435\u0441\u0441\u0430\u043d\u0442\u043e\u043c \u0438 \u043e\u0442\u043b\u0438\u0447\u043d\u043e \u0441\u043f\u0440\u0430\u0432\u043b\u044f\u044e\u0442\u0441\u044f \u0441 \u043d\u0435\u0431\u043e\u043b\u044c\u0448\u0438\u043c\u0438 \u0441\u0442\u0440\u0435\u0441\u0441\u0430\u043c\u0438 \u0438 \u043d\u0435\u0432\u0440\u043e\u0442\u0438\u0447\u0435\u0441\u043a\u0438\u043c\u0438 \u0441\u043e\u0441\u0442\u043e\u044f\u043d\u0438\u044f\u043c\u0438.<\/p>\n<p>\u041b\u0438\u0441\u0442\u044c\u044f \u0437\u0435\u043b\u0435\u043d\u043e\u0433\u043e \u0447\u0430\u044f, \u0432\u0435\u0440\u0445\u0443\u0448\u043a\u0438 \u0432\u0435\u0442\u043e\u0447\u0435\u043a \u0447\u0430\u0439\u043d\u043e\u0433\u043e \u043a\u0443\u0441\u0442\u0430 \u0438 \u043e\u043f\u0443\u0448\u0438\u0432\u0448\u0438\u0435\u0441\u044f \u043f\u043e\u0447\u043a\u0438.<\/p>\n<p>\u041c\u044f\u0433\u043a\u0438\u0439, \u0441\u043b\u0430\u0434\u043a\u0438\u0439, \u043e\u0441\u0432\u0435\u0436\u0430\u044e\u0449\u0438\u0439 \u0432\u043a\u0443\u0441.<\/p>\n<p>\u0412 \u0437\u0430\u0432\u0430\u0440\u043d\u0438\u043a \u0432\u0441\u044b\u043f\u0430\u0442\u044c 4 \u0433\u0440 \u0447\u0430\u0439\u043d\u044b\u0445 \u043b\u0438\u0441\u0442\u044c\u0435\u0432. \u0417\u0430\u043b\u0438\u0442\u044c \u0433\u043e\u0440\u044f\u0447\u0435\u0439 \u0432\u043e\u0434\u043e\u0439 250 \u043c\u043b 80 \u00b0C, \u043d\u0430\u0441\u0442\u043e\u044f\u0442\u044c \u0432 \u0442\u0435\u0447\u0435\u043d\u0438\u0435 3-5 \u043c\u0438\u043d, \u0447\u0442\u043e\u0431\u044b \u043f\u043e\u043b\u0443\u0447\u0438\u0442\u044c \u043d\u0430\u043f\u0438\u0442\u043e\u043a \u0441 \u0434\u0435\u043b\u0438\u043a\u0430\u0442\u043d\u044b\u043c \u0432\u043a\u0443\u0441\u043e\u043c.<\/p>\n<p>&nbsp;<\/p>\n","protected":false},"featured_media":2052,"comment_status":"open","ping_status":"closed","template":"","meta":[],"product_brand":[],"product_cat":[331,333],"product_tag":[],"class_list":{"0":"post-13959","1":"product","2":"type-product","3":"status-publish","4":"has-post-thumbnail","6":"product_cat-zelyonyj-chaj","7":"product_cat-zelyonyj-s-dobavkami","9":"first","10":"instock","11":"shipping-taxable","12":"purchasable","13":"product-type-variable","14":"has-default-attributes"},"_links":{"self":[{"href":"https:\/\/tea-shop.md\/ro\/wp-json\/wp\/v2\/product\/13959","targetHints":{"allow":["GET"]}}],"collection":[{"href":"https:\/\/tea-shop.md\/ro\/wp-json\/wp\/v2\/product"}],"about":[{"href":"https:\/\/tea-shop.md\/ro\/wp-json\/wp\/v2\/types\/product"}],"replies":[{"embeddable":true,"href":"https:\/\/tea-shop.md\/ro\/wp-json\/wp\/v2\/comments?post=13959"}],"version-history":[{"count":1,"href":"https:\/\/tea-shop.md\/ro\/wp-json\/wp\/v2\/product\/13959\/revisions"}],"predecessor-version":[{"id":14847,"href":"https:\/\/tea-shop.md\/ro\/wp-json\/wp\/v2\/product\/13959\/revisions\/14847"}],"wp:featuredmedia":[{"embeddable":true,"href":"https:\/\/tea-shop.md\/ro\/wp-json\/wp\/v2\/media\/2052"}],"wp:attachment":[{"href":"https:\/\/tea-shop.md\/ro\/wp-json\/wp\/v2\/media?parent=13959"}],"wp:term":[{"taxonomy":"product_brand","embeddable":true,"href":"https:\/\/tea-shop.md\/ro\/wp-json\/wp\/v2\/product_brand?post=13959"},{"taxonomy":"product_cat","embeddable":true,"href":"https:\/\/tea-shop.md\/ro\/wp-json\/wp\/v2\/product_cat?post=13959"},{"taxonomy":"product_tag","embeddable":true,"href":"https:\/\/tea-shop.md\/ro\/wp-json\/wp\/v2\/product_tag?post=13959"}],"curies":[{"name":"wp","href":"https:\/\/api.w.org\/{rel}","templated":true}]}}