{"id":13965,"date":"2025-12-09T20:32:15","date_gmt":"2025-12-09T18:32:15","guid":{"rendered":"https:\/\/tea-shop.md\/product\/visele-sultanului\/"},"modified":"2026-03-31T18:59:27","modified_gmt":"2026-03-31T15:59:27","slug":"visele-sultanului","status":"publish","type":"product","link":"https:\/\/tea-shop.md\/ro\/produs\/visele-sultanului\/","title":{"rendered":"Visele Sultanului"},"content":{"rendered":"<p>O compozi\u021bie str\u0103lucitoare de ceai verde chinezesc cu frunze mari, combinat\u0103 cu ananas confiat \u0219i mango, decorat\u0103 cu petale de hibiscus, trandafir, floarea soarelui, floarea de porumb \u0219i flori de nalb\u0103.<\/p>\n<p>Infuzia are o arom\u0103 foarte pl\u0103cut\u0103, delicat\u0103, cu note de fructe exotice. Gustul este luminos, corpolent, cu note dulci de fructe \u0219i un postgust tart\u0103. <\/p>\n<p>Se toarn\u0103 1 linguri\u021b\u0103 de frunze de ceai \u00een ceainic. Se toarn\u0103 300 ml de ap\u0103 cald\u0103 85-90 C, insist\u0103 timp de 3-5 minute pentru a ob\u021bine o b\u0103utur\u0103 cu un gust delicat. <\/p>\n","protected":false},"excerpt":{"rendered":"<p>O compozi\u021bie str\u0103lucitoare de ceai verde chinezesc cu frunze mari, combinat\u0103 cu ananas confiat \u0219i mango, decorat\u0103 cu petale de hibiscus, trandafir, floarea soarelui, floarea de porumb \u0219i flori de nalb\u0103.<\/p>\n<p>\u0417\u0435\u043b\u0435\u043d\u044b\u0439 \u0447\u0430\u0439, \u0446\u0443\u043a\u0430\u0442\u044b \u0430\u043d\u0430\u043d\u0430\u0441\u0430 \u0438 \u043c\u0430\u043d\u0433\u043e, \u043b\u0435\u043f\u0435\u0441\u0442\u043a\u0438 \u0433\u0438\u0431\u0438\u0441\u043a\u0443\u0441\u0430, \u0440\u043e\u0437\u044b, \u043f\u043e\u0434\u0441\u043e\u043b\u043d\u0443\u0445\u0430, \u0432\u0430\u0441\u0438\u043b\u044c\u043a\u0430 \u0438 \u0446\u0432\u0435\u0442\u043e\u0432 \u043c\u0430\u043b\u044c\u0432\u044b.<\/p>\n<p>\u0412\u043a\u0443\u0441 \u044f\u0440\u043a\u0438\u0439, \u043d\u0430\u0441\u044b\u0449\u0435\u043d\u043d\u044b\u0439, \u0441\u043e \u0441\u043b\u0430\u0434\u043a\u043e\u0432\u0430\u0442\u044b\u043c\u0438 \u0444\u0440\u0443\u043a\u0442\u043e\u0432\u044b\u043c\u0438 \u043d\u043e\u0442\u043a\u0430\u043c\u0438 \u0438 \u0442\u0435\u0440\u043f\u043a\u0438\u043c \u043f\u043e\u0441\u043b\u0435\u0432\u043a\u0443\u0441\u0438\u0435\u043c.<\/p>\n<p>\u041e\u0447\u0435\u043d\u044c \u043f\u0440\u0438\u044f\u0442\u043d\u044b\u0439, \u043d\u0435\u0436\u043d\u044b\u0439 \u0430\u0440\u043e\u043c\u0430\u0442 \u0441 \u043e\u0442\u0442\u0435\u043d\u043a\u0430\u043c\u0438 \u044d\u043a\u0437\u043e\u0442\u0438\u0447\u0435\u0441\u043a\u0438\u0445 \u0444\u0440\u0443\u043a\u0442\u043e\u0432.<\/p>\n<p>Se toarn\u0103 1 linguri\u021b\u0103 de frunze de ceai \u00een ceainic. Se toarn\u0103 250 ml de ap\u0103 cald\u0103 80cc, insist\u0103 timp de 3-5 minute pentru a ob\u021bine o b\u0103utur\u0103 cu un gust delicat. \u0417\u0430\u043b\u0438\u0442\u044c \u0433\u043e\u0440\u044f\u0447\u0435\u0439 \u0432\u043e\u0434\u043e\u0439 300 \u043c\u043b 85-90 \u00b0C, \u043d\u0430\u0441\u0442\u043e\u044f\u0442\u044c \u0432 \u0442\u0435\u0447\u0435\u043d\u0438\u0435 3-5 \u043c\u0438\u043d, \u0447\u0442\u043e\u0431\u044b \u043f\u043e\u043b\u0443\u0447\u0438\u0442\u044c \u043d\u0430\u043f\u0438\u0442\u043e\u043a \u0441 \u0434\u0435\u043b\u0438\u043a\u0430\u0442\u043d\u044b\u043c \u0432\u043a\u0443\u0441\u043e\u043c.<\/p>\n","protected":false},"featured_media":2035,"comment_status":"open","ping_status":"closed","template":"","meta":[],"product_brand":[],"product_cat":[331,333],"product_tag":[],"class_list":{"0":"post-13965","1":"product","2":"type-product","3":"status-publish","4":"has-post-thumbnail","6":"product_cat-zelyonyj-chaj","7":"product_cat-zelyonyj-s-dobavkami","9":"first","10":"instock","11":"shipping-taxable","12":"purchasable","13":"product-type-variable","14":"has-default-attributes"},"_links":{"self":[{"href":"https:\/\/tea-shop.md\/ro\/wp-json\/wp\/v2\/product\/13965","targetHints":{"allow":["GET"]}}],"collection":[{"href":"https:\/\/tea-shop.md\/ro\/wp-json\/wp\/v2\/product"}],"about":[{"href":"https:\/\/tea-shop.md\/ro\/wp-json\/wp\/v2\/types\/product"}],"replies":[{"embeddable":true,"href":"https:\/\/tea-shop.md\/ro\/wp-json\/wp\/v2\/comments?post=13965"}],"version-history":[{"count":1,"href":"https:\/\/tea-shop.md\/ro\/wp-json\/wp\/v2\/product\/13965\/revisions"}],"predecessor-version":[{"id":14846,"href":"https:\/\/tea-shop.md\/ro\/wp-json\/wp\/v2\/product\/13965\/revisions\/14846"}],"wp:featuredmedia":[{"embeddable":true,"href":"https:\/\/tea-shop.md\/ro\/wp-json\/wp\/v2\/media\/2035"}],"wp:attachment":[{"href":"https:\/\/tea-shop.md\/ro\/wp-json\/wp\/v2\/media?parent=13965"}],"wp:term":[{"taxonomy":"product_brand","embeddable":true,"href":"https:\/\/tea-shop.md\/ro\/wp-json\/wp\/v2\/product_brand?post=13965"},{"taxonomy":"product_cat","embeddable":true,"href":"https:\/\/tea-shop.md\/ro\/wp-json\/wp\/v2\/product_cat?post=13965"},{"taxonomy":"product_tag","embeddable":true,"href":"https:\/\/tea-shop.md\/ro\/wp-json\/wp\/v2\/product_tag?post=13965"}],"curies":[{"name":"wp","href":"https:\/\/api.w.org\/{rel}","templated":true}]}}