{"id":13972,"date":"2025-12-09T20:32:13","date_gmt":"2025-12-09T18:32:13","guid":{"rendered":"https:\/\/tea-shop.md\/product\/don-lemon\/"},"modified":"2026-03-31T18:59:06","modified_gmt":"2026-03-31T15:59:06","slug":"don-lemon","status":"publish","type":"product","link":"https:\/\/tea-shop.md\/ro\/produs\/don-lemon\/","title":{"rendered":"Don Lemon"},"content":{"rendered":"<p>Don Lemon este un ceai verde r\u0103coritor care \u00ee\u021bi lumineaz\u0103 ziua. Ceai verde Seng-Cha cu coaj\u0103 de l\u0103m\u00e2ie \u0219i flori de mu\u0219e\u021bel.  Infuzia preparat\u0103 impresioneaz\u0103 prin aroma sa de citrice \u0219i gustul r\u0103coritor. Accentul de l\u0103m\u00e2ie \u00eel face alegerea perfect\u0103 pentru a \u00eencepe diminea\u021ba sau o b\u0103utur\u0103 inspiratoare \u00een orice moment al zilei. <\/p>\n<p>Se toarn\u0103 1 linguri\u021b\u0103 de frunze de ceai \u00een ceainic. Se toarn\u0103 250 ml de ap\u0103 cald\u0103 95cc, insist\u0103 timp de 3-5 minute pentru a ob\u021bine o b\u0103utur\u0103 cu un gust delicat. <\/p>\n","protected":false},"excerpt":{"rendered":"<p>\u0414\u043e\u043d \u043b\u0438\u043c\u043e\u043d &#8211; \u044d\u0442\u043e \u0441\u0432\u0435\u0436\u0438\u0439 \u0438 \u043e\u0441\u0432\u0435\u0436\u0430\u044e\u0449\u0438\u0439 \u0437\u0435\u043b\u0435\u043d\u044b\u0439 \u0447\u0430\u0439, \u043a\u043e\u0442\u043e\u0440\u044b\u0439 \u043f\u0440\u0438\u0434\u0430\u0435\u0442 \u044f\u0440\u043a\u043e\u0441\u0442\u044c \u0432\u0430\u0448\u0435\u043c\u0443 \u0434\u043d\u044e. \u0421\u043c\u0435\u0448\u0430\u043d\u043d\u044b\u0439 \u0441 \u043d\u0430\u0442\u0443\u0440\u0430\u043b\u044c\u043d\u044b\u043c \u043b\u0438\u043c\u043e\u043d\u043e\u043c, \u0446\u0435\u0434\u0440\u043e\u0439 \u0430\u043f\u0435\u043b\u044c\u0441\u0438\u043d\u0430, \u0441\u0435\u0433\u043c\u0435\u043d\u0442\u0430\u043c\u0438 \u043b\u0438\u043c\u043e\u043d\u0430 \u0438 \u043b\u0438\u0441\u0442\u044c\u044f\u043c\u0438 \u0431\u0440\u0443\u0441\u043d\u0438\u043a\u0438, \u044d\u0442\u043e\u0442 \u0447\u0430\u0439 \u0434\u0430\u0440\u0438\u0442 \u044f\u0440\u043a\u0438\u0439 \u0446\u0438\u0442\u0440\u0443\u0441\u043e\u0432\u044b\u0439 \u0430\u0440\u043e\u043c\u0430\u0442 \u0438 \u043b\u0435\u0433\u043a\u043e\u0441\u0442\u044c. \u041b\u0438\u043c\u043e\u043d\u043d\u044b\u0439 \u0430\u043a\u0446\u0435\u043d\u0442 \u0434\u0435\u043b\u0430\u0435\u0442 \u0435\u0433\u043e \u0438\u0434\u0435\u0430\u043b\u044c\u043d\u044b\u043c \u0432\u044b\u0431\u043e\u0440\u043e\u043c \u0434\u043b\u044f \u043d\u0430\u0447\u0430\u043b\u0430 \u0443\u0442\u0440\u0430 \u0438\u043b\u0438 \u0432\u0434\u043e\u0445\u043d\u043e\u0432\u043b\u044f\u044e\u0449\u0438\u043c \u043d\u0430\u043f\u0438\u0442\u043a\u043e\u043c \u0432 \u043b\u044e\u0431\u043e\u0435 \u0432\u0440\u0435\u043c\u044f \u0434\u043d\u044f.<\/p>\n<p>\u0417\u0435\u043b\u0435\u043d\u044b\u0439 \u043a\u0438\u0442\u0430\u0439\u0441\u043a\u0438\u0439 \u0447\u0430\u0439 \u0421\u0435\u043d\u0447\u0430, \u0447\u0435\u0442\u0432\u0435\u0440\u0442\u0438\u043d\u043a\u0438 \u043b\u0438\u043c\u043e\u043d\u0430 \u0438 \u0433\u0440\u0435\u0439\u043f\u0444\u0440\u0443\u0442\u0430, \u0446\u0435\u0434\u0440\u0430 \u0430\u043f\u0435\u043b\u044c\u0441\u0438\u043d\u0430, \u0431\u0440\u0443\u0441\u043d\u0438\u0447\u043d\u044b\u0439 \u043b\u0438\u0441\u0442.<\/p>\n<p>\u0418\u043c\u0435\u0435\u0442 \u0445\u0430\u0440\u0430\u043a\u0442\u0435\u0440\u043d\u044b\u0439 \u0446\u0438\u0442\u0440\u0443\u0441\u043e\u0432\u044b\u0439 \u0430\u0440\u043e\u043c\u0430\u0442 \u0438 \u043e\u0441\u0432\u0435\u0436\u0430\u044e\u0449\u0438\u0439 \u0432\u043a\u0443\u0441.<\/p>\n<p>Se toarn\u0103 1 linguri\u021b\u0103 de frunze de ceai \u00een ceainic. Se toarn\u0103 250 ml de ap\u0103 cald\u0103 80cc, insist\u0103 timp de 3-5 minute pentru a ob\u021bine o b\u0103utur\u0103 cu un gust delicat. \u0417\u0430\u043b\u0438\u0442\u044c \u0433\u043e\u0440\u044f\u0447\u0435\u0439 \u0432\u043e\u0434\u043e\u0439 250 \u043c\u043b 95 \u00b0C, \u043d\u0430\u0441\u0442\u043e\u044f\u0442\u044c \u0432 \u0442\u0435\u0447\u0435\u043d\u0438\u0435 3-5 \u043c\u0438\u043d, \u0447\u0442\u043e\u0431\u044b \u043f\u043e\u043b\u0443\u0447\u0438\u0442\u044c \u043d\u0430\u043f\u0438\u0442\u043e\u043a \u0441 \u0434\u0435\u043b\u0438\u043a\u0430\u0442\u043d\u044b\u043c \u0432\u043a\u0443\u0441\u043e\u043c.<\/p>\n","protected":false},"featured_media":2033,"comment_status":"open","ping_status":"closed","template":"","meta":[],"product_brand":[],"product_cat":[331,333],"product_tag":[],"class_list":{"0":"post-13972","1":"product","2":"type-product","3":"status-publish","4":"has-post-thumbnail","6":"product_cat-zelyonyj-chaj","7":"product_cat-zelyonyj-s-dobavkami","9":"first","10":"instock","11":"shipping-taxable","12":"purchasable","13":"product-type-variable","14":"has-default-attributes"},"_links":{"self":[{"href":"https:\/\/tea-shop.md\/ro\/wp-json\/wp\/v2\/product\/13972","targetHints":{"allow":["GET"]}}],"collection":[{"href":"https:\/\/tea-shop.md\/ro\/wp-json\/wp\/v2\/product"}],"about":[{"href":"https:\/\/tea-shop.md\/ro\/wp-json\/wp\/v2\/types\/product"}],"replies":[{"embeddable":true,"href":"https:\/\/tea-shop.md\/ro\/wp-json\/wp\/v2\/comments?post=13972"}],"version-history":[{"count":1,"href":"https:\/\/tea-shop.md\/ro\/wp-json\/wp\/v2\/product\/13972\/revisions"}],"predecessor-version":[{"id":14845,"href":"https:\/\/tea-shop.md\/ro\/wp-json\/wp\/v2\/product\/13972\/revisions\/14845"}],"wp:featuredmedia":[{"embeddable":true,"href":"https:\/\/tea-shop.md\/ro\/wp-json\/wp\/v2\/media\/2033"}],"wp:attachment":[{"href":"https:\/\/tea-shop.md\/ro\/wp-json\/wp\/v2\/media?parent=13972"}],"wp:term":[{"taxonomy":"product_brand","embeddable":true,"href":"https:\/\/tea-shop.md\/ro\/wp-json\/wp\/v2\/product_brand?post=13972"},{"taxonomy":"product_cat","embeddable":true,"href":"https:\/\/tea-shop.md\/ro\/wp-json\/wp\/v2\/product_cat?post=13972"},{"taxonomy":"product_tag","embeddable":true,"href":"https:\/\/tea-shop.md\/ro\/wp-json\/wp\/v2\/product_tag?post=13972"}],"curies":[{"name":"wp","href":"https:\/\/api.w.org\/{rel}","templated":true}]}}