{"id":13984,"date":"2025-12-09T20:32:12","date_gmt":"2025-12-09T18:32:12","guid":{"rendered":"https:\/\/tea-shop.md\/product\/ceai-chinezesc-antic\/"},"modified":"2025-12-09T20:32:12","modified_gmt":"2025-12-09T18:32:12","slug":"ceai-chinezesc-antic","status":"publish","type":"product","link":"https:\/\/tea-shop.md\/ro\/produs\/ceai-chinezesc-antic\/","title":{"rendered":"Ceai chinezesc antic"},"content":{"rendered":"<p>Ceai chinezesc de neegalat cu calendula, lavanda, musetel, fructe de padure goji si caprifoi. Infuzia preparat\u0103 are o infuzie parfumat\u0103 cu note u\u0219oare pe baz\u0103 de plante \u0219i lapte. <\/p>\n<p>Combin\u00e2nd ceaiul verde cu lavand\u0103, calendula, mu\u0219e\u021bel, caprifoi \u0219i fructe de goji \u00eentr-o singur\u0103 compozi\u021bie, s-a ob\u021binut o b\u0103utur\u0103 natural\u0103 unic\u0103. Fructele de Goji ajut\u0103 la combaterea stresului \u0219i depresiei \u0219i \u00eembun\u0103t\u0103\u021besc starea pielii. Mu\u0219e\u021belul \u00eent\u0103re\u0219te mu\u0219chiul inimii, scade colesterolul din s\u00e2nge \u0219i previne dezvoltarea cistitei. Calendula-\u00eent\u0103re\u0219te sistemul imunitar, combate bolile tractului gastro-intestinal. Caprifoi-reduce nivelul zah\u0103rului din s\u00e2nge.    <\/p>\n<p>Se toarn\u0103 1 linguri\u021b\u0103 de frunze de ceai \u00een ceainic. Se toarn\u0103 300 ml de ap\u0103 cald\u0103 85cc \u0219i se insist\u0103 timp de 3-5 minute pentru a ob\u021bine o b\u0103utur\u0103 cu un gust delicat. <\/p>\n<p>&nbsp;<\/p>\n","protected":false},"excerpt":{"rendered":"<p>Ceai chinezesc de neegalat cu calendula, lavanda, musetel, fructe de padure goji si caprifoi. Infuzia preparat\u0103 are o infuzie parfumat\u0103<\/p>\n","protected":false},"featured_media":11831,"comment_status":"open","ping_status":"closed","template":"","meta":[],"product_brand":[],"product_cat":[331,333],"product_tag":[],"class_list":{"0":"post-13984","1":"product","2":"type-product","3":"status-publish","4":"has-post-thumbnail","6":"product_cat-zelyonyj-chaj","7":"product_cat-zelyonyj-s-dobavkami","9":"first","10":"instock","11":"shipping-taxable","12":"purchasable","13":"product-type-variable"},"_links":{"self":[{"href":"https:\/\/tea-shop.md\/ro\/wp-json\/wp\/v2\/product\/13984","targetHints":{"allow":["GET"]}}],"collection":[{"href":"https:\/\/tea-shop.md\/ro\/wp-json\/wp\/v2\/product"}],"about":[{"href":"https:\/\/tea-shop.md\/ro\/wp-json\/wp\/v2\/types\/product"}],"replies":[{"embeddable":true,"href":"https:\/\/tea-shop.md\/ro\/wp-json\/wp\/v2\/comments?post=13984"}],"version-history":[{"count":0,"href":"https:\/\/tea-shop.md\/ro\/wp-json\/wp\/v2\/product\/13984\/revisions"}],"wp:featuredmedia":[{"embeddable":true,"href":"https:\/\/tea-shop.md\/ro\/wp-json\/wp\/v2\/media\/11831"}],"wp:attachment":[{"href":"https:\/\/tea-shop.md\/ro\/wp-json\/wp\/v2\/media?parent=13984"}],"wp:term":[{"taxonomy":"product_brand","embeddable":true,"href":"https:\/\/tea-shop.md\/ro\/wp-json\/wp\/v2\/product_brand?post=13984"},{"taxonomy":"product_cat","embeddable":true,"href":"https:\/\/tea-shop.md\/ro\/wp-json\/wp\/v2\/product_cat?post=13984"},{"taxonomy":"product_tag","embeddable":true,"href":"https:\/\/tea-shop.md\/ro\/wp-json\/wp\/v2\/product_tag?post=13984"}],"curies":[{"name":"wp","href":"https:\/\/api.w.org\/{rel}","templated":true}]}}