{"id":13990,"date":"2025-12-09T20:32:11","date_gmt":"2025-12-09T18:32:11","guid":{"rendered":"https:\/\/tea-shop.md\/product\/melcul-verde\/"},"modified":"2026-03-31T18:56:36","modified_gmt":"2026-03-31T15:56:36","slug":"melcul-verde","status":"publish","type":"product","link":"https:\/\/tea-shop.md\/ro\/produs\/melcul-verde\/","title":{"rendered":"Melcul Verde"},"content":{"rendered":"<p>Ceaiul verde de \u00eenalt\u0103 calitate este colectat \u0219i preparat folosind o tehnologie special\u0103. Zona de origine este Provincia Tiangsu. <\/p>\n<p>\u00cen exterior, acest ceai verde const\u0103 din spirale mici \u2013 frunze r\u0103sucite \u0219i muguri. De aici \u0219i numele de &#8222;melc Verde&#8221;. <\/p>\n<p>Spiralele lucioase de culoare verde deschis cu buta\u0219i au un parfum floral pronun\u021bat. Infuzia transparent\u0103 de nuan\u021b\u0103 galben\u0103 rece, cu arom\u0103 floral\u0103-l\u0103m\u00e2ie, dezv\u0103luie un gust proasp\u0103t, u\u0219or tart\u0103, cu o am\u0103r\u0103ciune care se transform\u0103 \u00een dulcea\u021b\u0103. Gustul pl\u0103cut se coreleaz\u0103 cu aroma str\u0103lucitoare a acestui ceai.  <\/p>\n<p>Acest ceai este potrivit at\u00e2t pentru ceaiul de diminea\u021b\u0103, c\u00e2t \u0219i pentru ceaiul de sear\u0103.<\/p>\n<p>Ceai verde laminat cu frunze mari, f\u0103r\u0103 aditivi.<\/p>\n<p>Se toarn\u0103 1 linguri\u021b\u0103 de frunze de ceai \u00een ceainic. Se toarn\u0103 300 ml de ap\u0103 cald\u0103 85-90 C, insist\u0103 timp de 3-5 minute pentru a ob\u021bine o b\u0103utur\u0103 cu un gust delicat. <\/p>\n<p>Aceea\u0219i b\u0103utur\u0103 poate fi turnat\u0103 de p\u00e2n\u0103 la 4 ori la r\u00e2nd, de fiecare dat\u0103 prelungind timpul de perfuzie cu aproximativ 1 minut. P\u0103stra\u021bi-l timp de maximum 5 minute, nu pute\u021bi insista mult timp, b\u0103utura va deveni tart\u0103. <\/p>\n","protected":false},"excerpt":{"rendered":"<p>\u0417\u0435\u043b\u0435\u043d\u044b\u0439 \u0447\u0430\u0439 \u0432\u044b\u0441\u043e\u043a\u043e\u0433\u043e \u043a\u0430\u0447\u0435\u0441\u0442\u0432\u0430 \u0441\u043e\u0431\u0440\u0430\u043d \u0438 \u043f\u0440\u0438\u0433\u043e\u0442\u043e\u0432\u043b\u0435\u043d \u043f\u043e \u043e\u0441\u043e\u0431\u043e\u0439 \u0442\u0435\u0445\u043d\u043e\u043b\u043e\u0433\u0438\u0438. \u041c\u0435\u0441\u0442\u043d\u043e\u0441\u0442\u044c \u043f\u0440\u043e\u0438\u0437\u0440\u0430\u0441\u0442\u0430\u043d\u0438\u044f &#8211; \u043f\u0440\u043e\u0432\u0438\u043d\u0446\u0438\u044f \u0422\u044f\u043d\u0433\u0441\u0443. <\/p>\n<p>\u0412\u043d\u0435\u0448\u043d\u0435 \u044d\u0442\u043e\u0442 \u0437\u0435\u043b\u0435\u043d\u044b\u0439 \u0447\u0430\u0439 \u043f\u0440\u0435\u0434\u0441\u0442\u0430\u0432\u043b\u044f\u0435\u0442 \u0441\u043e\u0431\u043e\u0439 \u043c\u0430\u043b\u0435\u043d\u044c\u043a\u0438\u0435 \u0441\u043f\u0438\u0440\u0430\u043b\u0438 &#8211; \u0441\u043a\u0440\u0443\u0447\u0435\u043d\u043d\u044b\u0435 \u043b\u0438\u0441\u0442\u043e\u0447\u043a\u0438 \u0438 \u043f\u043e\u0447\u043a\u0438. \u041e\u0442\u0441\u044e\u0434\u0430 \u0438 \u043d\u0430\u0437\u0432\u0430\u043d\u0438\u0435 &#8211; \u00ab\u0417\u0435\u043b\u0435\u043d\u0430\u044f \u0443\u043b\u0438\u0442\u043a\u0430\u00bb. <\/p>\n<p>Spiralele lucioase de culoare verde deschis cu buta\u0219i au un parfum floral pronun\u021bat. Infuzia transparent\u0103 de nuan\u021b\u0103 galben\u0103 rece, cu arom\u0103 floral\u0103-l\u0103m\u00e2ie, dezv\u0103luie un gust proasp\u0103t, u\u0219or tart\u0103, cu o am\u0103r\u0103ciune care se transform\u0103 \u00een dulcea\u021b\u0103. Gustul pl\u0103cut se coreleaz\u0103 cu aroma str\u0103lucitoare a acestui ceai.  <\/p>\n<p>Acest ceai este potrivit at\u00e2t pentru ceaiul de diminea\u021b\u0103, c\u00e2t \u0219i pentru ceaiul de sear\u0103.<\/p>\n<p>Se toarn\u0103 1 linguri\u021b\u0103 de frunze de ceai \u00een ceainic. Se toarn\u0103 250 ml de ap\u0103 cald\u0103 80cc, insist\u0103 timp de 3-5 minute pentru a ob\u021bine o b\u0103utur\u0103 cu un gust delicat. \u0417\u0430\u043b\u0438\u0442\u044c \u0433\u043e\u0440\u044f\u0447\u0435\u0439 \u0432\u043e\u0434\u043e\u0439 300 \u043c\u043b 85-90 \u00b0C, \u043d\u0430\u0441\u0442\u043e\u044f\u0442\u044c \u0432 \u0442\u0435\u0447\u0435\u043d\u0438\u0435 3-5 \u043c\u0438\u043d, \u0447\u0442\u043e\u0431\u044b \u043f\u043e\u043b\u0443\u0447\u0438\u0442\u044c \u043d\u0430\u043f\u0438\u0442\u043e\u043a \u0441 \u0434\u0435\u043b\u0438\u043a\u0430\u0442\u043d\u044b\u043c \u0432\u043a\u0443\u0441\u043e\u043c.<\/p>\n<p>Aceea\u0219i b\u0103utur\u0103 poate fi turnat\u0103 de p\u00e2n\u0103 la 4 ori la r\u00e2nd, de fiecare dat\u0103 prelungind timpul de perfuzie cu aproximativ 1 minut. P\u0103stra\u021bi-l timp de maximum 5 minute, nu pute\u021bi insista mult timp, b\u0103utura va deveni tart\u0103. \u041c\u0430\u043a\u0441\u0438\u043c\u0430\u043b\u044c\u043d\u043e \u0434\u0435\u0440\u0436\u0430\u0442\u044c 5 \u043c\u0438\u043d, \u0434\u043e\u043b\u0433\u043e \u043d\u0430\u0441\u0442\u0430\u0438\u0432\u0430\u0442\u044c \u043d\u0435\u043b\u044c\u0437\u044f, \u043d\u0430\u043f\u0438\u0442\u043e\u043a \u0441\u0442\u0430\u043d\u0435\u0442 \u0442\u0435\u0440\u043f\u043a\u0438\u043c.<\/p>\n","protected":false},"featured_media":2042,"comment_status":"open","ping_status":"closed","template":"","meta":[],"product_brand":[],"product_cat":[331,332],"product_tag":[],"class_list":{"0":"post-13990","1":"product","2":"type-product","3":"status-publish","4":"has-post-thumbnail","6":"product_cat-zelyonyj-chaj","7":"product_cat-zelyonyj-bez-dobavok","9":"first","10":"instock","11":"shipping-taxable","12":"purchasable","13":"product-type-variable","14":"has-default-attributes"},"_links":{"self":[{"href":"https:\/\/tea-shop.md\/ro\/wp-json\/wp\/v2\/product\/13990","targetHints":{"allow":["GET"]}}],"collection":[{"href":"https:\/\/tea-shop.md\/ro\/wp-json\/wp\/v2\/product"}],"about":[{"href":"https:\/\/tea-shop.md\/ro\/wp-json\/wp\/v2\/types\/product"}],"replies":[{"embeddable":true,"href":"https:\/\/tea-shop.md\/ro\/wp-json\/wp\/v2\/comments?post=13990"}],"version-history":[{"count":1,"href":"https:\/\/tea-shop.md\/ro\/wp-json\/wp\/v2\/product\/13990\/revisions"}],"predecessor-version":[{"id":14843,"href":"https:\/\/tea-shop.md\/ro\/wp-json\/wp\/v2\/product\/13990\/revisions\/14843"}],"wp:featuredmedia":[{"embeddable":true,"href":"https:\/\/tea-shop.md\/ro\/wp-json\/wp\/v2\/media\/2042"}],"wp:attachment":[{"href":"https:\/\/tea-shop.md\/ro\/wp-json\/wp\/v2\/media?parent=13990"}],"wp:term":[{"taxonomy":"product_brand","embeddable":true,"href":"https:\/\/tea-shop.md\/ro\/wp-json\/wp\/v2\/product_brand?post=13990"},{"taxonomy":"product_cat","embeddable":true,"href":"https:\/\/tea-shop.md\/ro\/wp-json\/wp\/v2\/product_cat?post=13990"},{"taxonomy":"product_tag","embeddable":true,"href":"https:\/\/tea-shop.md\/ro\/wp-json\/wp\/v2\/product_tag?post=13990"}],"curies":[{"name":"wp","href":"https:\/\/api.w.org\/{rel}","templated":true}]}}