{"id":14005,"date":"2025-12-09T20:32:10","date_gmt":"2025-12-09T18:32:10","guid":{"rendered":"https:\/\/tea-shop.md\/product\/ceai-verde-highland\/"},"modified":"2026-03-31T18:54:42","modified_gmt":"2026-03-31T15:54:42","slug":"ceai-verde-highland","status":"publish","type":"product","link":"https:\/\/tea-shop.md\/ro\/produs\/ceai-verde-highland\/","title":{"rendered":"Ceai Verde Highland"},"content":{"rendered":"<p>Ceai verde chinezesc cu frunze mari, locul de cultivare este provincia Yunnan. Particularitatea acestui ceai este picantul gustului atunci c\u00e2nd este preparat, iar frunzele, la inspec\u021bia extern\u0103, arunc\u0103 o nuan\u021b\u0103 alb\u0103struie.  Infuzia este o culoare verde limpede, frumoas\u0103, iar ceaiul are aroma ierburilor de munte.<\/p>\n<p>Se toarn\u0103 1 linguri\u021b\u0103 de frunze de ceai \u00een ceainic. Se toarn\u0103 250 ml de ap\u0103 cald\u0103 80cc, insist\u0103 timp de 3-5 minute pentru a ob\u021bine o b\u0103utur\u0103 cu un gust delicat. <\/p>\n<p>Aceea\u0219i b\u0103utur\u0103 poate fi turnat\u0103 de p\u00e2n\u0103 la 4 ori la r\u00e2nd, de fiecare dat\u0103 prelungind timpul de perfuzie cu aproximativ 1 minut. P\u0103stra\u021bi-l timp de maximum 5 minute, nu pute\u021bi insista mult timp, b\u0103utura va deveni tart\u0103. <\/p>\n","protected":false},"excerpt":{"rendered":"<p>\u0417\u0435\u043b\u0435\u043d\u044b\u0439 \u0447\u0430\u0439 \u0432\u044b\u0441\u043e\u043a\u043e\u0433\u043e \u043a\u0430\u0447\u0435\u0441\u0442\u0432\u0430 \u0441\u043e\u0431\u0440\u0430\u043d \u0438 \u043f\u0440\u0438\u0433\u043e\u0442\u043e\u0432\u043b\u0435\u043d \u043f\u043e \u043e\u0441\u043e\u0431\u043e\u0439 \u0442\u0435\u0445\u043d\u043e\u043b\u043e\u0433\u0438\u0438. \u041c\u0435\u0441\u0442\u043d\u043e\u0441\u0442\u044c \u043f\u0440\u043e\u0438\u0437\u0440\u0430\u0441\u0442\u0430\u043d\u0438\u044f &#8211; \u043f\u0440\u043e\u0432\u0438\u043d\u0446\u0438\u044f \u0422\u044f\u043d\u0433\u0441\u0443.<\/p>\n<p>\u0412\u043d\u0435\u0448\u043d\u0435 \u044d\u0442\u043e\u0442 \u0437\u0435\u043b\u0435\u043d\u044b\u0439 \u0447\u0430\u0439 \u043f\u0440\u0435\u0434\u0441\u0442\u0430\u0432\u043b\u044f\u0435\u0442 \u0441\u043e\u0431\u043e\u0439 \u043c\u0430\u043b\u0435\u043d\u044c\u043a\u0438\u0435 \u0441\u043f\u0438\u0440\u0430\u043b\u0438 &#8211; \u0441\u043a\u0440\u0443\u0447\u0435\u043d\u043d\u044b\u0435 \u043b\u0438\u0441\u0442\u043e\u0447\u043a\u0438 \u0438 \u043f\u043e\u0447\u043a\u0438. \u041e\u0442\u0441\u044e\u0434\u0430 \u0438 \u043d\u0430\u0437\u0432\u0430\u043d\u0438\u0435 &#8211; \u00ab\u0417\u0435\u043b\u0435\u043d\u0430\u044f \u0443\u043b\u0438\u0442\u043a\u0430\u00bb.<\/p>\n<p>\u0421\u0432\u0435\u0442\u043b\u043e-\u0437\u0435\u043b\u0435\u043d\u044b\u0435 \u0433\u043b\u044f\u043d\u0446\u0435\u0432\u044b\u0435 \u0441\u043f\u0438\u0440\u0430\u043b\u0438 \u0441 \u0447\u0435\u0440\u0435\u043d\u043a\u0430\u043c\u0438 \u0438\u043c\u0435\u044e\u0442 \u0432\u044b\u0440\u0430\u0436\u0435\u043d\u043d\u044b\u0439 \u0446\u0432\u0435\u0442\u043e\u0447\u043d\u044b\u0439 \u0430\u0440\u043e\u043c\u0430\u0442. \u041f\u0440\u043e\u0437\u0440\u0430\u0447\u043d\u044b\u0439 \u043d\u0430\u0441\u0442\u043e\u0439 \u0445\u043e\u043b\u043e\u0434\u043d\u043e\u0433\u043e \u0436\u0435\u043b\u0442\u043e\u0433\u043e \u043e\u0442\u0442\u0435\u043d\u043a\u0430 \u0441 \u0446\u0432\u0435\u0442\u043e\u0447\u043d\u043e-\u043b\u0438\u043c\u043e\u043d\u043d\u044b\u043c \u0430\u0440\u043e\u043c\u0430\u0442\u043e\u043c \u0440\u0430\u0441\u043a\u0440\u044b\u0432\u0430\u0435\u0442 \u0441\u0432\u0435\u0436\u0438\u0439 \u0432\u043a\u0443\u0441, \u043d\u0435\u043c\u043d\u043e\u0433\u043e \u0442\u0435\u0440\u043f\u043a\u0438\u0439, \u0441 \u0433\u043e\u0440\u0447\u0438\u043d\u043a\u043e\u0439, \u043f\u0435\u0440\u0435\u0445\u043e\u0434\u044f\u0449\u0435\u0439 \u0432 \u0441\u043b\u0430\u0434\u043e\u0441\u0442\u044c. \u041f\u0440\u0438\u044f\u0442\u043d\u043e\u0435 \u043f\u043e\u0441\u043b\u0435\u0432\u043a\u0443\u0441\u0438\u0435 \u0441\u043e\u043e\u0442\u043d\u043e\u0441\u0438\u0442\u0441\u044f \u0441 \u044f\u0440\u043a\u0438\u043c \u0430\u0440\u043e\u043c\u0430\u0442\u043e\u043c \u044d\u0442\u043e\u0433\u043e \u0447\u0430\u044f.<\/p>\n<p>Acest ceai este potrivit at\u00e2t pentru ceaiul de diminea\u021b\u0103, c\u00e2t \u0219i pentru ceaiul de sear\u0103.<\/p>\n<p>\u0417\u0435\u043b\u0435\u043d\u044b\u0439 \u043a\u0440\u0443\u043f\u043d\u043e\u043b\u0438\u0441\u0442\u043e\u0432\u043e\u0439 \u0441\u043a\u0440\u0443\u0447\u0435\u043d\u043d\u044b\u0439 \u0447\u0430\u0439 \u0431\u0435\u0437 \u0434\u043e\u0431\u0430\u0432\u043e\u043a<\/p>\n<p>\u041f\u0440\u043e\u0437\u0440\u0430\u0447\u043d\u044b\u0439 \u043d\u0430\u0441\u0442\u043e\u0439 \u0441 \u0446\u0432\u0435\u0442\u043e\u0447\u043d\u043e-\u043b\u0438\u043c\u043e\u043d\u043d\u044b\u043c \u0430\u0440\u043e\u043c\u0430\u0442\u043e\u043c \u0438 \u0442\u0435\u0440\u043f\u043a\u043e\u0439 \u043d\u043e\u0442\u043e\u0439 \u0432\u043e \u0432\u043a\u0443\u0441\u0435, \u043f\u0435\u0440\u0435\u0445\u043e\u0434\u044f\u0449\u0435\u0439 \u0432 \u0441\u043b\u0430\u0434\u043a\u043e\u0435 \u043f\u043e\u0441\u043b\u0435\u0432\u043a\u0443\u0441\u0438\u0435.<\/p>\n<p>Se toarn\u0103 1 linguri\u021b\u0103 de frunze de ceai \u00een ceainic. Se toarn\u0103 250 ml de ap\u0103 cald\u0103 80cc, insist\u0103 timp de 3-5 minute pentru a ob\u021bine o b\u0103utur\u0103 cu un gust delicat. \u0417\u0430\u043b\u0438\u0442\u044c \u0433\u043e\u0440\u044f\u0447\u0435\u0439 \u0432\u043e\u0434\u043e\u0439 300 \u043c\u043b 85-90 \u00b0C, \u043d\u0430\u0441\u0442\u043e\u044f\u0442\u044c \u0432 \u0442\u0435\u0447\u0435\u043d\u0438\u0435 3-5 \u043c\u0438\u043d, \u0447\u0442\u043e\u0431\u044b \u043f\u043e\u043b\u0443\u0447\u0438\u0442\u044c \u043d\u0430\u043f\u0438\u0442\u043e\u043a \u0441 \u0434\u0435\u043b\u0438\u043a\u0430\u0442\u043d\u044b\u043c \u0432\u043a\u0443\u0441\u043e\u043c.<\/p>\n<p>Aceea\u0219i b\u0103utur\u0103 poate fi turnat\u0103 de p\u00e2n\u0103 la 4 ori la r\u00e2nd, de fiecare dat\u0103 prelungind timpul de perfuzie cu aproximativ 1 minut. P\u0103stra\u021bi-l timp de maximum 5 minute, nu pute\u021bi insista mult timp, b\u0103utura va deveni tart\u0103. \u041c\u0430\u043a\u0441\u0438\u043c\u0430\u043b\u044c\u043d\u043e \u0434\u0435\u0440\u0436\u0430\u0442\u044c 5 \u043c\u0438\u043d, \u0434\u043e\u043b\u0433\u043e \u043d\u0430\u0441\u0442\u0430\u0438\u0432\u0430\u0442\u044c \u043d\u0435\u043b\u044c\u0437\u044f, \u043d\u0430\u043f\u0438\u0442\u043e\u043a \u0441\u0442\u0430\u043d\u0435\u0442 \u0442\u0435\u0440\u043f\u043a\u0438\u043c.<\/p>\n","protected":false},"featured_media":2046,"comment_status":"open","ping_status":"closed","template":"","meta":[],"product_brand":[],"product_cat":[331,332],"product_tag":[],"class_list":{"0":"post-14005","1":"product","2":"type-product","3":"status-publish","4":"has-post-thumbnail","6":"product_cat-zelyonyj-chaj","7":"product_cat-zelyonyj-bez-dobavok","9":"first","10":"instock","11":"shipping-taxable","12":"purchasable","13":"product-type-variable","14":"has-default-attributes"},"_links":{"self":[{"href":"https:\/\/tea-shop.md\/ro\/wp-json\/wp\/v2\/product\/14005","targetHints":{"allow":["GET"]}}],"collection":[{"href":"https:\/\/tea-shop.md\/ro\/wp-json\/wp\/v2\/product"}],"about":[{"href":"https:\/\/tea-shop.md\/ro\/wp-json\/wp\/v2\/types\/product"}],"replies":[{"embeddable":true,"href":"https:\/\/tea-shop.md\/ro\/wp-json\/wp\/v2\/comments?post=14005"}],"version-history":[{"count":1,"href":"https:\/\/tea-shop.md\/ro\/wp-json\/wp\/v2\/product\/14005\/revisions"}],"predecessor-version":[{"id":14841,"href":"https:\/\/tea-shop.md\/ro\/wp-json\/wp\/v2\/product\/14005\/revisions\/14841"}],"wp:featuredmedia":[{"embeddable":true,"href":"https:\/\/tea-shop.md\/ro\/wp-json\/wp\/v2\/media\/2046"}],"wp:attachment":[{"href":"https:\/\/tea-shop.md\/ro\/wp-json\/wp\/v2\/media?parent=14005"}],"wp:term":[{"taxonomy":"product_brand","embeddable":true,"href":"https:\/\/tea-shop.md\/ro\/wp-json\/wp\/v2\/product_brand?post=14005"},{"taxonomy":"product_cat","embeddable":true,"href":"https:\/\/tea-shop.md\/ro\/wp-json\/wp\/v2\/product_cat?post=14005"},{"taxonomy":"product_tag","embeddable":true,"href":"https:\/\/tea-shop.md\/ro\/wp-json\/wp\/v2\/product_tag?post=14005"}],"curies":[{"name":"wp","href":"https:\/\/api.w.org\/{rel}","templated":true}]}}