{"id":14017,"date":"2025-12-09T20:32:08","date_gmt":"2025-12-09T18:32:08","guid":{"rendered":"https:\/\/tea-shop.md\/product\/ceai-de-afine-cu-aroma-de-iaurt-verde\/"},"modified":"2026-03-31T18:53:28","modified_gmt":"2026-03-31T15:53:28","slug":"ceai-de-afine-cu-aroma-de-iaurt-verde","status":"publish","type":"product","link":"https:\/\/tea-shop.md\/ro\/produs\/ceai-de-afine-cu-aroma-de-iaurt-verde\/","title":{"rendered":"Ceai de afine cu arom\u0103 de iaurt (verde)"},"content":{"rendered":"<p>Ceai verde bine rulat cu afine, frunze de coac\u0103z negru \u0219i petale de floarea-soarelui. Are propriet\u0103\u021bi antioxidante, cre\u0219te tonul general al corpului. Normalizeaz\u0103 digestia, este bogat\u0103 \u00een microelemente \u0219i vitaminele A, B, E, C.  <\/p>\n<p>Infuzia are un gust dulce \u0219i o arom\u0103 pl\u0103cut\u0103 de iaurt de fructe de p\u0103dure.<\/p>\n<p>Se toarn\u0103 1 linguri\u021b\u0103 de frunze de ceai \u00een ceainic. Se toarn\u0103 250 ml de ap\u0103 cald\u0103 95cc, insist\u0103 timp de 3-5 minute pentru a ob\u021bine o b\u0103utur\u0103 cu un gust delicat. <\/p>\n<p>&nbsp;<\/p>\n","protected":false},"excerpt":{"rendered":"<p>\u0417\u0435\u043b\u0435\u043d\u044b\u0439 \u043a\u0438\u0442\u0430\u0439\u0441\u043a\u0438\u0439 \u0447\u0430\u0439 \u0433\u0430\u043d\u043f\u0430\u0443\u0434\u0435\u0440 (\u043f\u043e\u0440\u043e\u0445) \u0432 \u0441\u043e\u0447\u0435\u0442\u0430\u043d\u0438\u0438 \u0441 \u044f\u0433\u043e\u0434\u0430\u043c\u0438 \u0447\u0435\u0440\u043d\u0438\u043a\u0438, \u043b\u0435\u043f\u0435\u0441\u0442\u043a\u0430\u043c\u0438 \u0432\u0430\u0441\u0438\u043b\u044c\u043a\u0430, \u043b\u0438\u0441\u0442\u044c\u044f\u043c\u0438 \u0441\u043c\u043e\u0440\u043e\u0434\u0438\u043d\u044b, \u0441 \u043d\u0435\u0436\u043d\u044b\u043c \u0430\u0440\u043e\u043c\u0430\u0442\u043e\u043c \u0447\u0435\u0440\u043d\u0438\u043a\u0438 \u0438 \u0439\u043e\u0433\u0443\u0440\u0442\u0430. \u041e\u0431\u043b\u0430\u0434\u0430\u0435\u0442 \u0430\u043d\u0442\u0438\u043e\u043a\u0441\u0438\u0434\u0430\u043d\u0442\u043d\u044b\u043c\u0438 \u0441\u0432\u043e\u0439\u0441\u0442\u0432\u0430\u043c\u0438, \u043f\u043e\u0432\u044b\u0448\u0430\u0435\u0442 \u043e\u0431\u0449\u0438\u0439 \u0442\u043e\u043d\u0443\u0441 \u043e\u0440\u0433\u0430\u043d\u0438\u0437\u043c\u0430. \u041d\u043e\u0440\u043c\u0430\u043b\u0438\u0437\u0443\u0435\u0442 \u043f\u0438\u0449\u0435\u0432\u0430\u0440\u0435\u043d\u0438\u0435, \u0431\u043e\u0433\u0430\u0442 \u043c\u0438\u043a\u0440\u043e\u044d\u043b\u0435\u043c\u0435\u043d\u0442\u0430\u043c\u0438 \u0438 \u0432\u0438\u0442\u0430\u043c\u0438\u043d\u0430\u043c\u0438 \u0410, \u0412, \u0415, \u0421.<\/p>\n<p>\u0417\u0435\u043b\u0451\u043d\u044b\u0439 \u0447\u0430\u0439,\u043a\u0443\u0441\u043e\u0447\u043a\u0438 \u0435\u0436\u0435\u0432\u0438\u043a\u0438, \u0447\u0435\u0440\u043d\u0438\u043a\u0438, \u0439\u043e\u0433\u0443\u0440\u0442\u0430 \u0438 \u043c\u0430\u043d\u0433\u043e, \u0430 \u0442\u0430\u043a \u0436\u0435 \u043b\u0435\u043f\u0435\u0441\u0442\u043a\u043e\u0432 \u0447\u0430\u0439\u043d\u043e\u0439 \u0440\u043e\u0437\u044b \u0438 \u0432\u0430\u0441\u0438\u043b\u044c\u043a\u0430.<\/p>\n<p>\u0421\u043b\u0430\u0434\u043a\u0438\u0439 \u0432\u043a\u0443\u0441 \u0438 \u043f\u0440\u0438\u044f\u0442\u043d\u044b\u0439 \u0430\u0440\u043e\u043c\u0430\u0442 \u044f\u0433\u043e\u0434\u043d\u043e\u0433\u043e \u0439\u043e\u0433\u0443\u0440\u0442\u0430.<\/p>\n<p>Se toarn\u0103 1 linguri\u021b\u0103 de frunze de ceai \u00een ceainic. Se toarn\u0103 250 ml de ap\u0103 cald\u0103 80cc, insist\u0103 timp de 3-5 minute pentru a ob\u021bine o b\u0103utur\u0103 cu un gust delicat. \u0417\u0430\u043b\u0438\u0442\u044c \u0433\u043e\u0440\u044f\u0447\u0435\u0439 \u0432\u043e\u0434\u043e\u0439 250 \u043c\u043b 95 \u00b0C, \u043d\u0430\u0441\u0442\u043e\u044f\u0442\u044c \u0432 \u0442\u0435\u0447\u0435\u043d\u0438\u0435 3-5 \u043c\u0438\u043d, \u0447\u0442\u043e\u0431\u044b \u043f\u043e\u043b\u0443\u0447\u0438\u0442\u044c \u043d\u0430\u043f\u0438\u0442\u043e\u043a \u0441 \u0434\u0435\u043b\u0438\u043a\u0430\u0442\u043d\u044b\u043c \u0432\u043a\u0443\u0441\u043e\u043c.<\/p>\n","protected":false},"featured_media":13581,"comment_status":"open","ping_status":"closed","template":"","meta":[],"product_brand":[],"product_cat":[331,333],"product_tag":[],"class_list":{"0":"post-14017","1":"product","2":"type-product","3":"status-publish","4":"has-post-thumbnail","6":"product_cat-zelyonyj-chaj","7":"product_cat-zelyonyj-s-dobavkami","9":"first","10":"instock","11":"shipping-taxable","12":"purchasable","13":"product-type-variable","14":"has-default-attributes"},"_links":{"self":[{"href":"https:\/\/tea-shop.md\/ro\/wp-json\/wp\/v2\/product\/14017","targetHints":{"allow":["GET"]}}],"collection":[{"href":"https:\/\/tea-shop.md\/ro\/wp-json\/wp\/v2\/product"}],"about":[{"href":"https:\/\/tea-shop.md\/ro\/wp-json\/wp\/v2\/types\/product"}],"replies":[{"embeddable":true,"href":"https:\/\/tea-shop.md\/ro\/wp-json\/wp\/v2\/comments?post=14017"}],"version-history":[{"count":1,"href":"https:\/\/tea-shop.md\/ro\/wp-json\/wp\/v2\/product\/14017\/revisions"}],"predecessor-version":[{"id":14839,"href":"https:\/\/tea-shop.md\/ro\/wp-json\/wp\/v2\/product\/14017\/revisions\/14839"}],"wp:featuredmedia":[{"embeddable":true,"href":"https:\/\/tea-shop.md\/ro\/wp-json\/wp\/v2\/media\/13581"}],"wp:attachment":[{"href":"https:\/\/tea-shop.md\/ro\/wp-json\/wp\/v2\/media?parent=14017"}],"wp:term":[{"taxonomy":"product_brand","embeddable":true,"href":"https:\/\/tea-shop.md\/ro\/wp-json\/wp\/v2\/product_brand?post=14017"},{"taxonomy":"product_cat","embeddable":true,"href":"https:\/\/tea-shop.md\/ro\/wp-json\/wp\/v2\/product_cat?post=14017"},{"taxonomy":"product_tag","embeddable":true,"href":"https:\/\/tea-shop.md\/ro\/wp-json\/wp\/v2\/product_tag?post=14017"}],"curies":[{"name":"wp","href":"https:\/\/api.w.org\/{rel}","templated":true}]}}