{"id":14024,"date":"2025-12-09T20:32:07","date_gmt":"2025-12-09T18:32:07","guid":{"rendered":"https:\/\/tea-shop.md\/product\/gunpowder\/"},"modified":"2026-03-31T18:51:32","modified_gmt":"2026-03-31T15:51:32","slug":"gunpowder","status":"publish","type":"product","link":"https:\/\/tea-shop.md\/ro\/produs\/gunpowder\/","title":{"rendered":"Gunpowder"},"content":{"rendered":"<p>Ceaiul Ganpauder este produs \u00een provincia chinez\u0103 Zhejiang \u0219i este exportat de acolo \u00een \u00eentreaga lume.<\/p>\n<p>Gustul Ganpauderului este bogat \u0219i profund, cu note subtile de iasomie amar\u0103. B\u0103utura las\u0103 \u00een urm\u0103 un gust pl\u0103cut persistent, cu o anumit\u0103 tartine. <\/p>\n<p>Ceaiul verde parfumat are o cantitate incredibil\u0103 de efecte benefice asupra organismului. Din ce \u00een ce mai mul\u021bi oameni, av\u00e2nd grij\u0103 de s\u0103n\u0103tatea \u0219i aspectul lor, aleg un praf de pu\u0219c\u0103. Ceaiul con\u021bine o cantitate foarte mare de substan\u021be utile. Vitaminele \u0219i oligoelementele con\u021binute \u00een ceai pot umple complet corpul cu componentele necesare. Deci, con\u021bine vitamine: A, B, C, P, PP, K. \u0219i astfel de oligoelemente: fier, zinc, magneziu, seleniu, iod, calciu, tein\u0103, mangan, fenoli, acid pantotenic \u0219i altele. Manganul \u0219i vitamina B2 ocup\u0103 primul loc \u00een ceea ce prive\u0219te num\u0103rul de vitamine \u0219i oligoelemente din Ganpauder.     <\/p>\n<p>Se toarn\u0103 1 linguri\u021b\u0103 de frunze de ceai \u00een ceainic. Se toarn\u0103 300 ml de ap\u0103 cald\u0103 80cc, insist\u0103 timp de 3-5 minute pentru a ob\u021bine o b\u0103utur\u0103 cu un gust delicat. <\/p>\n<p>Aceea\u0219i b\u0103utur\u0103 poate fi turnat\u0103 de p\u00e2n\u0103 la 5 ori la r\u00e2nd, de fiecare dat\u0103 prelungind timpul de perfuzie cu aproximativ 1 minut. P\u0103stra\u021bi-l timp de maximum 5 minute, nu pute\u021bi insista mult timp, b\u0103utura va deveni tart\u0103. <\/p>\n","protected":false},"excerpt":{"rendered":"<p>Ceaiul Ganpauder este produs \u00een provincia chinez\u0103 Zhejiang \u0219i este exportat de acolo \u00een \u00eentreaga lume.<\/p>\n<p>\u0410\u0440\u043e\u043c\u0430\u0442\u043d\u044b\u0439 \u0437\u0435\u043b\u0451\u043d\u044b\u0439 \u0447\u0430\u0439, \u043e\u0431\u043b\u0430\u0434\u0430\u0435\u0442 \u043d\u0435\u0432\u0435\u0440\u043e\u044f\u0442\u043d\u044b\u043c \u043a\u043e\u043b\u0438\u0447\u0435\u0441\u0442\u0432\u043e\u043c \u043f\u043e\u043b\u0435\u0437\u043d\u043e\u0433\u043e \u0432\u043e\u0437\u0434\u0435\u0439\u0441\u0442\u0432\u0438\u044f \u043d\u0430 \u043e\u0440\u0433\u0430\u043d\u0438\u0437\u043c. \u0412\u0441\u0435 \u0431\u043e\u043b\u044c\u0448\u0435 \u043b\u044e\u0434\u0435\u0439, \u0437\u0430\u0431\u043e\u0442\u044f\u0441\u044c \u043e \u0441\u0432\u043e\u0451\u043c \u0437\u0434\u043e\u0440\u043e\u0432\u044c\u0435 \u0438 \u0432\u043d\u0435\u0448\u043d\u0435\u043c \u0432\u0438\u0434\u0435, \u0432\u044b\u0431\u0438\u0440\u0430\u044e\u0442 \u0438\u043c\u0435\u043d\u043d\u043e \u201c\u043a\u0438\u0442\u0430\u0439\u0441\u043a\u0438\u0439 \u043f\u043e\u0440\u043e\u0445\u201d.<\/p>\n<p>\u0422\u043e\u043d\u0438\u0437\u0438\u0440\u0443\u044e\u0449\u0438\u0439 \u0438 \u043e\u0441\u0432\u0435\u0436\u0430\u044e\u0449\u0438\u0439 \u043d\u0430\u043f\u0438\u0442\u043e\u043a, \u0437\u0430\u0440\u044f\u0436\u0430\u0435\u0442 \u044d\u043d\u0435\u0440\u0433\u0438\u0435\u0439, \u043c\u043d\u043e\u0433\u0438\u0435 \u043b\u044e\u0431\u0438\u0442\u0435\u043b\u0438 \u044d\u0442\u043e\u0433\u043e \u043d\u0430\u043f\u0438\u0442\u043a\u0430, \u0442\u0432\u0435\u0440\u0434\u044f\u0442 \u043e \u043d\u0435\u0432\u0435\u0440\u043e\u044f\u0442\u043d\u043e\u043c \u044d\u0444\u0444\u0435\u043a\u0442\u0435, \u043f\u043e\u0441\u043b\u0435 \u0432\u044b\u043f\u0438\u0442\u043e\u0433\u043e \u0438\u043c\u0438 \u201c\u043a\u0438\u0442\u0430\u0439\u0441\u043a\u043e\u0433\u043e \u043f\u043e\u0440\u043e\u0445\u0430\u201d, \u0432\u043e\u0432\u0441\u0435 \u043d\u0435 \u0445\u043e\u0447\u0435\u0442\u0441\u044f \u0441\u043f\u0430\u0442\u044c, \u043d\u0430\u043e\u0431\u043e\u0440\u043e\u0442 \u0441\u0442\u0440\u0435\u043c\u043b\u0435\u043d\u0438\u0435 \u043a \u0430\u043a\u0442\u0438\u0432\u043d\u043e\u043c\u0443 \u043e\u0431\u0440\u0430\u0437\u0443 \u0436\u0438\u0437\u043d\u0438 \u0432\u043e\u0437\u0440\u0430\u0441\u0442\u0430\u0435\u0442, \u043f\u043e\u0432\u044b\u0448\u0430\u0435\u0442\u0441\u044f \u0440\u0430\u0431\u043e\u0442\u043e\u0441\u043f\u043e\u0441\u043e\u0431\u043d\u043e\u0441\u0442\u044c.<\/p>\n<p>\u0427\u0430\u0439 \u0441\u043e\u0434\u0435\u0440\u0436\u0438\u0442 \u043e\u0447\u0435\u043d\u044c \u0431\u043e\u043b\u044c\u0448\u043e\u0435 \u043a\u043e\u043b\u0438\u0447\u0435\u0441\u0442\u0432\u043e \u043f\u043e\u043b\u0435\u0437\u043d\u044b\u0445 \u0432\u0435\u0449\u0435\u0441\u0442\u0432.<\/p>\n<p>\u0412\u0438\u0442\u0430\u043c\u0438\u043d\u044b \u0438 \u043c\u0438\u043a\u0440\u043e\u044d\u043b\u0435\u043c\u0435\u043d\u0442\u044b \u0441\u043e\u0434\u0435\u0440\u0436\u0430\u0449\u0438\u0445\u0441\u044f \u0432 \u201c\u043a\u0438\u0442\u0430\u0439\u0441\u043a\u043e\u043c \u043f\u043e\u0440\u043e\u0445\u0435\u201d, \u043c\u043e\u0433\u0443\u0442 \u0432\u043f\u043e\u043b\u043d\u0435 \u0432\u043e\u0441\u043f\u043e\u043b\u043d\u0438\u0442\u044c \u043e\u0440\u0433\u0430\u043d\u0438\u0437\u043c \u043d\u0435\u043e\u0431\u0445\u043e\u0434\u0438\u043c\u044b\u043c\u0438 \u043a\u043e\u043c\u043f\u043e\u043d\u0435\u043d\u0442\u0430\u043c\u0438. \u0422\u0430\u043a, \u0432 \u043d\u0435\u043c \u043f\u0440\u0438\u0441\u0443\u0442\u0441\u0442\u0432\u0443\u044e\u0442 \u0432\u0438\u0442\u0430\u043c\u0438\u043d\u044b: \u0410, \u0412, \u0421, \u0420, \u0420\u0420, \u041a.<\/p>\n<p>\u0418 \u0442\u0430\u043a\u0438\u0435 \u043c\u0438\u043a\u0440\u043e\u044d\u043b\u0435\u043c\u0435\u043d\u0442\u044b: \u0436\u0435\u043b\u0435\u0437\u043e, \u0446\u0438\u043d\u043a, \u043c\u0430\u0433\u043d\u0438\u0439, \u0441\u0435\u043b\u0435\u043d, \u0439\u043e\u0434, \u043a\u0430\u043b\u044c\u0446\u0438\u0439, \u0442\u0435\u0438\u043d, \u043c\u0430\u0440\u0433\u0430\u043d\u0435\u0446, \u0444\u0435\u043d\u043e\u043b\u044b, \u043f\u0430\u043d\u0442\u043e\u0442\u0435\u043d\u043e\u0432\u0430\u044f \u043a\u0438\u0441\u043b\u043e\u0442\u0430 \u0438 \u0434\u0440\u0443\u0433\u0438\u0435.<\/p>\n<p>\u041c\u0430\u0440\u0433\u0430\u043d\u0435\u0446 \u0438 \u0432\u0438\u0442\u0430\u043c\u0438\u043d \u04122, \u0437\u0430\u043d\u0438\u043c\u0430\u044e\u0442 \u0441\u0430\u043c\u043e\u0435 \u043f\u0435\u0440\u0432\u043e\u0435 \u043c\u0435\u0441\u0442\u043e \u043f\u043e \u043a\u043e\u043b\u0438\u0447\u0435\u0441\u0442\u0432\u0443 \u0432\u0438\u0442\u0430\u043c\u0438\u043d\u043e\u0432 \u0438 \u043c\u0438\u043a\u0440\u043e\u044d\u043b\u0435\u043c\u0435\u043d\u0442\u043e\u0432 \u0432 \u0413\u0430\u043d\u043f\u0430\u0443\u0434\u0435\u0440\u0435.<\/p>\n<p>\u0417\u0435\u043b\u0435\u043d\u044b\u0439 \u0441\u043a\u0440\u0443\u0447\u0435\u043d\u043d\u044b\u0439 \u0447\u0430\u0439 \u0431\u0435\u0437 \u0434\u043e\u0431\u0430\u0432\u043e\u043a<\/p>\n<p>\u0415\u0433\u043e \u043d\u0430\u0441\u0442\u043e\u044e \u043f\u0440\u0438\u0441\u0443\u0449\u0438 \u0433\u0443\u0441\u0442\u043e\u0439, \u043c\u0435\u0434\u043e\u0432\u044b\u0439 \u0430\u0440\u043e\u043c\u0430\u0442, \u0441\u0432\u0435\u0436\u0438\u0439 \u0432\u043a\u0443\u0441 \u0438 \u043d\u0435\u0436\u043d\u043e-\u0438\u0437\u0443\u043c\u0440\u0443\u0434\u043d\u044b\u0439 \u043f\u0440\u043e\u0437\u0440\u0430\u0447\u043d\u044b\u0439 \u043d\u0430\u0441\u0442\u043e\u0439.<\/p>\n<p>\u0412 \u0437\u0430\u0432\u0430\u0440\u043d\u0438\u043a \u0432\u0441\u044b\u043f\u0430\u0442\u044c 1 \u0447\u0430\u0439\u043d\u0443\u044e \u043b\u043e\u0436\u043a\u0443 \u0447\u0430\u0439\u043d\u044b\u0445 \u043b\u0438\u0441\u0442\u044c\u0435\u0432. \u0417\u0430\u043b\u0438\u0442\u044c \u0433\u043e\u0440\u044f\u0447\u0435\u0439 \u0432\u043e\u0434\u043e\u0439 300 \u043c\u043b 80 \u00b0C, \u043d\u0430\u0441\u0442\u043e\u044f\u0442\u044c \u0432 \u0442\u0435\u0447\u0435\u043d\u0438\u0435 3-5 \u043c\u0438\u043d, \u0447\u0442\u043e\u0431\u044b \u043f\u043e\u043b\u0443\u0447\u0438\u0442\u044c \u043d\u0430\u043f\u0438\u0442\u043e\u043a \u0441 \u0434\u0435\u043b\u0438\u043a\u0430\u0442\u043d\u044b\u043c \u0432\u043a\u0443\u0441\u043e\u043c.<\/p>\n<p>Aceea\u0219i b\u0103utur\u0103 poate fi turnat\u0103 de p\u00e2n\u0103 la 5 ori la r\u00e2nd, de fiecare dat\u0103 prelungind timpul de perfuzie cu aproximativ 1 minut. P\u0103stra\u021bi-l timp de maximum 5 minute, nu pute\u021bi insista mult timp, b\u0103utura va deveni tart\u0103. \u041c\u0430\u043a\u0441\u0438\u043c\u0430\u043b\u044c\u043d\u043e \u0434\u0435\u0440\u0436\u0430\u0442\u044c 5 \u043c\u0438\u043d, \u0434\u043e\u043b\u0433\u043e \u043d\u0430\u0441\u0442\u0430\u0438\u0432\u0430\u0442\u044c \u043d\u0435\u043b\u044c\u0437\u044f, \u043d\u0430\u043f\u0438\u0442\u043e\u043a \u0441\u0442\u0430\u043d\u0435\u0442 \u0442\u0435\u0440\u043f\u043a\u0438\u043c<\/p>\n","protected":false},"featured_media":2051,"comment_status":"open","ping_status":"closed","template":"","meta":[],"product_brand":[],"product_cat":[331,332],"product_tag":[],"class_list":{"0":"post-14024","1":"product","2":"type-product","3":"status-publish","4":"has-post-thumbnail","6":"product_cat-zelyonyj-chaj","7":"product_cat-zelyonyj-bez-dobavok","9":"first","10":"instock","11":"shipping-taxable","12":"purchasable","13":"product-type-variable","14":"has-default-attributes"},"_links":{"self":[{"href":"https:\/\/tea-shop.md\/ro\/wp-json\/wp\/v2\/product\/14024","targetHints":{"allow":["GET"]}}],"collection":[{"href":"https:\/\/tea-shop.md\/ro\/wp-json\/wp\/v2\/product"}],"about":[{"href":"https:\/\/tea-shop.md\/ro\/wp-json\/wp\/v2\/types\/product"}],"replies":[{"embeddable":true,"href":"https:\/\/tea-shop.md\/ro\/wp-json\/wp\/v2\/comments?post=14024"}],"version-history":[{"count":1,"href":"https:\/\/tea-shop.md\/ro\/wp-json\/wp\/v2\/product\/14024\/revisions"}],"predecessor-version":[{"id":14838,"href":"https:\/\/tea-shop.md\/ro\/wp-json\/wp\/v2\/product\/14024\/revisions\/14838"}],"wp:featuredmedia":[{"embeddable":true,"href":"https:\/\/tea-shop.md\/ro\/wp-json\/wp\/v2\/media\/2051"}],"wp:attachment":[{"href":"https:\/\/tea-shop.md\/ro\/wp-json\/wp\/v2\/media?parent=14024"}],"wp:term":[{"taxonomy":"product_brand","embeddable":true,"href":"https:\/\/tea-shop.md\/ro\/wp-json\/wp\/v2\/product_brand?post=14024"},{"taxonomy":"product_cat","embeddable":true,"href":"https:\/\/tea-shop.md\/ro\/wp-json\/wp\/v2\/product_cat?post=14024"},{"taxonomy":"product_tag","embeddable":true,"href":"https:\/\/tea-shop.md\/ro\/wp-json\/wp\/v2\/product_tag?post=14024"}],"curies":[{"name":"wp","href":"https:\/\/api.w.org\/{rel}","templated":true}]}}