{"id":14030,"date":"2025-12-09T20:32:07","date_gmt":"2025-12-09T18:32:07","guid":{"rendered":"https:\/\/tea-shop.md\/product\/masala-verde\/"},"modified":"2026-03-31T18:48:57","modified_gmt":"2026-03-31T15:48:57","slug":"masala-verde","status":"publish","type":"product","link":"https:\/\/tea-shop.md\/ro\/produs\/masala-verde\/","title":{"rendered":"Masala (verde)"},"content":{"rendered":"<p>B\u0103utura tradi\u021bional\u0103 legendar\u0103 picant\u0103 a Indiei magice. Con\u021bine ceai verde \u0219i condimente &#8222;\u00eenc\u0103lzitoare&#8221;: scor\u021bi\u0219oar\u0103, ghimbir, cui\u0219oare, cardamom verde \u0219i frunze de dafin. <\/p>\n<p>Gustul bogat de \u00eenc\u0103lzire al acestui ceai nu va l\u0103sa pe nimeni indiferent \u0219i va putea surprinde chiar \u0219i cel mai experimentat iubitor de ceai neobi\u0219nuit. Se toarn\u0103 1 linguri\u021b\u0103 de frunze de ceai \u00een ceainic. Se toarn\u0103 250 ml de ap\u0103 cald\u0103 95cc, insist\u0103 timp de 3-5 minute pentru a ob\u021bine o b\u0103utur\u0103 cu un gust delicat.<\/p>\n<p>Se toarn\u0103 1 linguri\u021b\u0103 de frunze de ceai \u00een ceainic. Se toarn\u0103 250 ml de ap\u0103 cald\u0103 95cc, insist\u0103 timp de 3-5 minute pentru a ob\u021bine o b\u0103utur\u0103 cu un gust delicat. <\/p>\n","protected":false},"excerpt":{"rendered":"<p>B\u0103utura tradi\u021bional\u0103 legendar\u0103 picant\u0103 a Indiei magice. Con\u021bine ceai verde \u0219i condimente &#8222;\u00eenc\u0103lzitoare&#8221;: scor\u021bi\u0219oar\u0103, ghimbir, cui\u0219oare, cardamom verde \u0219i frunze<\/p>\n","protected":false},"featured_media":2026,"comment_status":"open","ping_status":"closed","template":"","meta":[],"product_brand":[],"product_cat":[331,333],"product_tag":[],"class_list":{"0":"post-14030","1":"product","2":"type-product","3":"status-publish","4":"has-post-thumbnail","6":"product_cat-zelyonyj-chaj","7":"product_cat-zelyonyj-s-dobavkami","9":"first","10":"instock","11":"shipping-taxable","12":"purchasable","13":"product-type-variable","14":"has-default-attributes"},"_links":{"self":[{"href":"https:\/\/tea-shop.md\/ro\/wp-json\/wp\/v2\/product\/14030","targetHints":{"allow":["GET"]}}],"collection":[{"href":"https:\/\/tea-shop.md\/ro\/wp-json\/wp\/v2\/product"}],"about":[{"href":"https:\/\/tea-shop.md\/ro\/wp-json\/wp\/v2\/types\/product"}],"replies":[{"embeddable":true,"href":"https:\/\/tea-shop.md\/ro\/wp-json\/wp\/v2\/comments?post=14030"}],"version-history":[{"count":1,"href":"https:\/\/tea-shop.md\/ro\/wp-json\/wp\/v2\/product\/14030\/revisions"}],"predecessor-version":[{"id":14837,"href":"https:\/\/tea-shop.md\/ro\/wp-json\/wp\/v2\/product\/14030\/revisions\/14837"}],"wp:featuredmedia":[{"embeddable":true,"href":"https:\/\/tea-shop.md\/ro\/wp-json\/wp\/v2\/media\/2026"}],"wp:attachment":[{"href":"https:\/\/tea-shop.md\/ro\/wp-json\/wp\/v2\/media?parent=14030"}],"wp:term":[{"taxonomy":"product_brand","embeddable":true,"href":"https:\/\/tea-shop.md\/ro\/wp-json\/wp\/v2\/product_brand?post=14030"},{"taxonomy":"product_cat","embeddable":true,"href":"https:\/\/tea-shop.md\/ro\/wp-json\/wp\/v2\/product_cat?post=14030"},{"taxonomy":"product_tag","embeddable":true,"href":"https:\/\/tea-shop.md\/ro\/wp-json\/wp\/v2\/product_tag?post=14030"}],"curies":[{"name":"wp","href":"https:\/\/api.w.org\/{rel}","templated":true}]}}