{"id":14036,"date":"2025-12-09T20:32:06","date_gmt":"2025-12-09T18:32:06","guid":{"rendered":"https:\/\/tea-shop.md\/product\/verde-earl-grey-bergamota\/"},"modified":"2026-03-31T18:47:42","modified_gmt":"2026-03-31T15:47:42","slug":"verde-earl-grey-bergamota","status":"publish","type":"product","link":"https:\/\/tea-shop.md\/ro\/produs\/verde-earl-grey-bergamota\/","title":{"rendered":"Verde Earl Grey (bergamot\u0103)"},"content":{"rendered":"<p>Ceai verde rulat cu ulei de bergamot\u0103. Earl Grey cu bergamot\u0103 \u00eembun\u0103t\u0103\u021be\u0219te digestia, are propriet\u0103\u021bi calmante \u0219i antidepresive \u0219i este un bun antiseptic. \u00cen plus, bergamota apar\u021bine grupului celor mai puternici afrodisiaci, a\u0219a c\u0103 o cea\u0219c\u0103 din aceast\u0103 b\u0103utur\u0103 va completa pl\u0103cut o sear\u0103 romantic\u0103.  <\/p>\n<p>Infuzia are o arom\u0103 bogat\u0103 \u0219i un gust luminos cu note de citrice.<\/p>\n<p>Se toarn\u0103 1 linguri\u021b\u0103 de frunze de ceai \u00een ceainic. Se toarn\u0103 250 ml de ap\u0103 cald\u0103 95cc, insist\u0103 timp de 3-5 minute pentru a ob\u021bine o b\u0103utur\u0103 cu un gust delicat. <\/p>\n","protected":false},"excerpt":{"rendered":"<p>\u042d\u0440\u043b \u0413\u0440\u0435\u0439 \u0441 \u0430\u0440\u043e\u043c\u0430\u0442\u043e\u043c \u0431\u0435\u0440\u0433\u0430\u043c\u043e\u0442\u0430 \u0438\u0437\u0432\u0435\u0441\u0442\u0435\u043d \u0432\u043e \u0432\u0441\u0451\u043c \u043c\u0438\u0440\u0435 \u0438 \u0441\u0447\u0438\u0442\u0430\u0435\u0442\u0441\u044f \u0441\u0430\u043c\u044b\u043c \u043b\u044e\u0431\u0438\u043c\u044b\u043c \u043d\u0430\u043f\u0438\u0442\u043a\u043e\u043c \u0430\u043d\u0433\u043b\u0438\u0447\u0430\u043d. \u0421\u0447\u0438\u0442\u0430\u0435\u0442\u0441\u044f, \u0447\u0442\u043e \u0438\u043c\u0435\u043d\u043e\u0432\u0430\u043d \u043e\u043d \u0431\u044b\u043b \u0432 \u0447\u0435\u0441\u0442\u044c \u0433\u0440\u0430\u0444\u0430 \u0427\u0430\u0440\u043b\u044c\u0437\u0430 \u0413\u0440\u0435\u044f. \u041e\u0434\u043d\u0430\u043a\u043e, \u0432 \u0441\u0432\u044f\u0437\u0438 \u0441 \u0438\u0441\u043a\u0430\u0436\u0435\u043d\u043d\u044b\u043c \u043f\u0435\u0440\u0435\u0432\u043e\u0434\u043e\u043c \u043d\u0430\u043f\u0438\u0442\u043e\u043a \u043f\u0440\u0438\u043e\u0431\u0440\u0435\u043b \u0432\u0442\u043e\u0440\u043e\u0435 \u043d\u0430\u0437\u0432\u0430\u043d\u0438\u0435 &#8222;\u0421\u0435\u0434\u043e\u0439 \u0433\u0440\u0430\u0444&#8221;. \u042d\u0442\u043e &#8211; \u043a\u0430\u0447\u0435\u0441\u0442\u0432\u0435\u043d\u043d\u044b\u0439 \u0447\u0430\u0439 \u0410\u0441\u0441\u0430\u043c, \u0430\u0440\u043e\u043c\u0430\u0442\u0438\u0437\u0438\u0440\u043e\u0432\u0430\u043d\u043d\u044b\u0439 \u043c\u0430\u0441\u043b\u043e\u043c, \u043a\u043e\u0442\u043e\u0440\u043e\u0435 \u043f\u043e\u043b\u0443\u0447\u0430\u044e\u0442 \u0438\u0437 \u043a\u043e\u0436\u0443\u0440\u044b \u0431\u0435\u0440\u0433\u0430\u043c\u043e\u0442\u0430. \u0413\u043e\u0442\u043e\u0432\u044b\u0439 \u043d\u0430\u0441\u0442\u043e\u0439 \u0438\u043c\u0435\u0435\u0442 \u043f\u0440\u0438\u044f\u0442\u043d\u044b\u0439 \u0444\u0440\u0443\u043a\u0442\u043e\u0432\u044b\u0439 \u0432\u043a\u0443\u0441 \u0438 \u043d\u0435\u0436\u043d\u044b\u0439 \u0446\u0432\u0435\u0442\u043e\u0447\u043d\u043e-\u0446\u0438\u0442\u0440\u0443\u0441\u043e\u0432\u044b\u0439 \u0430\u0440\u043e\u043c\u0430\u0442. \u042d\u0440\u043b \u0413\u0440\u0435\u0439 \u0441 \u0431\u0435\u0440\u0433\u0430\u043c\u043e\u0442\u043e\u043c \u0443\u043b\u0443\u0447\u0448\u0430\u0435\u0442 \u043f\u0438\u0449\u0435\u0432\u0430\u0440\u0435\u043d\u0438\u0435, \u043e\u0431\u043b\u0430\u0434\u0430\u0435\u0442 \u0443\u0441\u043f\u043e\u043a\u0430\u0438\u0432\u0430\u044e\u0449\u0438\u043c\u0438 \u0438 \u0430\u043d\u0442\u0438\u0434\u0435\u043f\u0440\u0435\u0441\u0441\u0438\u0432\u043d\u044b\u043c\u0438 \u0441\u0432\u043e\u0439\u0441\u0442\u0432\u0430\u043c\u0438, \u044f\u0432\u043b\u044f\u0435\u0442\u0441\u044f \u0445\u043e\u0440\u043e\u0448\u0438\u043c \u0430\u043d\u0442\u0438\u0441\u0435\u043f\u0442\u0438\u043a\u043e\u043c. \u041a\u0440\u043e\u043c\u0435 \u044d\u0442\u043e\u0433\u043e, \u0431\u0435\u0440\u0433\u0430\u043c\u043e\u0442 \u043e\u0442\u043d\u043e\u0441\u0438\u0442\u0441\u044f \u043a \u0433\u0440\u0443\u043f\u043f\u0435 \u0441\u0438\u043b\u044c\u043d\u0435\u0439\u0448\u0438\u0445 \u0430\u0444\u0440\u043e\u0434\u0438\u0437\u0438\u0430\u043a\u043e\u0432, \u043f\u043e\u044d\u0442\u043e\u043c\u0443 \u0447\u0430\u0448\u0435\u0447\u043a\u0430 \u0442\u0430\u043a\u043e\u0433\u043e \u043d\u0430\u043f\u0438\u0442\u043a\u0430 \u043f\u0440\u0438\u044f\u0442\u043d\u043e \u0434\u043e\u043f\u043e\u043b\u043d\u0438\u0442 \u0440\u043e\u043c\u0430\u043d\u0442\u0438\u0447\u0435\u0441\u043a\u0438\u0439 \u0432\u0435\u0447\u0435\u0440.       \u0427\u0442\u043e\u0431\u044b \u0441\u043e\u0445\u0440\u0430\u043d\u0438\u0442\u044c \u0432\u043a\u0443\u0441, \u0430\u0440\u043e\u043c\u0430\u0442 \u0438 \u0441\u0432\u043e\u0439\u0441\u0442\u0432\u0430 \u043d\u0430\u043f\u0438\u0442\u043a\u0430, \u0447\u0430\u0439 \u042d\u0440\u043b \u0413\u0440\u0435\u0439 \u043d\u0443\u0436\u043d\u043e \u0445\u0440\u0430\u043d\u0438\u0442\u044c \u0432\u0434\u0430\u043b\u0438 \u043e\u0442 \u0441\u043f\u0435\u0446\u0438\u0439 \u0438 \u043f\u0440\u043e\u0447\u0438\u0445 \u043f\u0440\u043e\u0434\u0443\u043a\u0442\u043e\u0432 (\u0432\u0435\u0449\u0435\u0441\u0442\u0432) \u0441 \u0441\u0438\u043b\u044c\u043d\u044b\u043c \u0437\u0430\u043f\u0430\u0445\u043e\u043c, \u0432 \u043f\u043b\u043e\u0442\u043d\u043e \u0437\u0430\u043a\u0440\u044b\u0442\u043e\u0439 \u0442\u0430\u0440\u0435.<\/p>\n<p>\u0421\u043a\u0440\u0443\u0447\u0435\u043d\u043d\u044b\u0439 \u0437\u0435\u043b\u0435\u043d\u044b\u0439 \u0447\u0430\u0439 \u0441 \u0431\u0435\u0440\u0433\u0430\u043c\u043e\u0442\u043e\u043c \u0438 \u0434\u043e\u0431\u0430\u0432\u043b\u0435\u043d\u0438\u0435\u043c \u043b\u0435\u043f\u0435\u0441\u0442\u043a\u043e\u0432 \u0432\u0430\u0441\u0438\u043b\u044c\u043a\u0430.<\/p>\n<p>Infuzia are o arom\u0103 bogat\u0103 \u0219i un gust luminos cu note de citrice.<\/p>\n<p>Se toarn\u0103 1 linguri\u021b\u0103 de frunze de ceai \u00een ceainic. Se toarn\u0103 250 ml de ap\u0103 cald\u0103 95cc, insist\u0103 timp de 3-5 minute pentru a ob\u021bine o b\u0103utur\u0103 cu un gust delicat. <\/p>\n","protected":false},"featured_media":14034,"comment_status":"open","ping_status":"closed","template":"","meta":[],"product_brand":[],"product_cat":[331,333],"product_tag":[],"class_list":{"0":"post-14036","1":"product","2":"type-product","3":"status-publish","4":"has-post-thumbnail","6":"product_cat-zelyonyj-chaj","7":"product_cat-zelyonyj-s-dobavkami","9":"first","10":"instock","11":"shipping-taxable","12":"purchasable","13":"product-type-variable","14":"has-default-attributes"},"_links":{"self":[{"href":"https:\/\/tea-shop.md\/ro\/wp-json\/wp\/v2\/product\/14036","targetHints":{"allow":["GET"]}}],"collection":[{"href":"https:\/\/tea-shop.md\/ro\/wp-json\/wp\/v2\/product"}],"about":[{"href":"https:\/\/tea-shop.md\/ro\/wp-json\/wp\/v2\/types\/product"}],"replies":[{"embeddable":true,"href":"https:\/\/tea-shop.md\/ro\/wp-json\/wp\/v2\/comments?post=14036"}],"version-history":[{"count":1,"href":"https:\/\/tea-shop.md\/ro\/wp-json\/wp\/v2\/product\/14036\/revisions"}],"predecessor-version":[{"id":14836,"href":"https:\/\/tea-shop.md\/ro\/wp-json\/wp\/v2\/product\/14036\/revisions\/14836"}],"wp:featuredmedia":[{"embeddable":true,"href":"https:\/\/tea-shop.md\/ro\/wp-json\/wp\/v2\/media\/14034"}],"wp:attachment":[{"href":"https:\/\/tea-shop.md\/ro\/wp-json\/wp\/v2\/media?parent=14036"}],"wp:term":[{"taxonomy":"product_brand","embeddable":true,"href":"https:\/\/tea-shop.md\/ro\/wp-json\/wp\/v2\/product_brand?post=14036"},{"taxonomy":"product_cat","embeddable":true,"href":"https:\/\/tea-shop.md\/ro\/wp-json\/wp\/v2\/product_cat?post=14036"},{"taxonomy":"product_tag","embeddable":true,"href":"https:\/\/tea-shop.md\/ro\/wp-json\/wp\/v2\/product_tag?post=14036"}],"curies":[{"name":"wp","href":"https:\/\/api.w.org\/{rel}","templated":true}]}}