{"id":14049,"date":"2025-12-09T20:32:04","date_gmt":"2025-12-09T18:32:04","guid":{"rendered":"https:\/\/tea-shop.md\/product\/ceai-verde-cu-ghimbir\/"},"modified":"2026-03-31T18:46:22","modified_gmt":"2026-03-31T15:46:22","slug":"ceai-verde-cu-ghimbir","status":"publish","type":"product","link":"https:\/\/tea-shop.md\/ro\/produs\/ceai-verde-cu-ghimbir\/","title":{"rendered":"Ceai verde cu ghimbir"},"content":{"rendered":"<p>O combina\u021bie original\u0103 de ceai verde cu felii de ghimbir, coaj\u0103 de portocal\u0103, flori de osmanthus, iarb\u0103 de l\u0103m\u00e2ie, petale str\u0103lucitoare de floarea soarelui \u0219i mirt de l\u0103m\u00e2ie.<\/p>\n<p>Ceaiul de ghimbir a fost mult timp un ajutor recunoscut pentru cei care doresc s\u0103 piard\u0103 \u00een greutate. Buc\u0103\u021bile de ghimbir, l\u0103m\u00e2ie \u0219i coaj\u0103 de portocal\u0103 confer\u0103 b\u0103uturii o arom\u0103 u\u0219oar\u0103, pl\u0103cut\u0103 \u0219i creeaz\u0103 o senza\u021bie de plenitudine. Aceast\u0103 proprietate a ghimbirului explic\u0103 popularitatea ceaiului de ghimbir \u00een r\u00e2ndul persoanelor care sl\u0103besc. Unele ceai de ghimbir se nume\u0219te ceai pentru pierderea \u00een greutate. Ceaiul verde \u0219i ghimbirul au efecte extrem de benefice asupra sistemului imunitar \u0219i a sistemului digestiv.    <\/p>\n<p>Are un gust bl\u00e2nd \u0219i o arom\u0103 pl\u0103cut\u0103.<\/p>\n<p>Se toarn\u0103 1 linguri\u021b\u0103 de frunze de ceai \u00een ceainic. Se toarn\u0103 250 ml de ap\u0103 cald\u0103 80cc, insist\u0103 timp de 3-5 minute pentru a ob\u021bine o b\u0103utur\u0103 cu un gust delicat. <\/p>\n","protected":false},"excerpt":{"rendered":"<p>\u0418\u043c\u0431\u0438\u0440\u043d\u044b\u0439 \u0447\u0430\u0439 \u0438\u043b\u0438 \u0447\u0430\u0439 \u0441 \u0438\u043c\u0431\u0438\u0440\u0435\u043c \u0434\u0430\u0432\u043d\u043e \u0441\u0442\u0430\u043b \u043f\u0440\u0438\u0437\u043d\u0430\u043d\u043d\u044b\u043c \u0441\u0440\u0435\u0434\u0441\u0442\u0432\u043e\u043c \u043f\u043e\u043c\u043e\u0449\u0438 \u0434\u043b\u044f \u0436\u0435\u043b\u0430\u044e\u0449\u0438\u0445 \u043f\u043e\u0445\u0443\u0434\u0435\u0442\u044c. \u041a\u0443\u0441\u043e\u0447\u043a\u0438 \u0438\u043c\u0431\u0438\u0440\u044f, \u043b\u0438\u043c\u043e\u043d\u043d\u0430\u044f \u0442\u0440\u0430\u0432\u0430 \u0438 \u0430\u043f\u0435\u043b\u044c\u0441\u0438\u043d\u043e\u0432\u0430\u044f \u0446\u0435\u0434\u0440\u0430, \u0434\u043e\u0431\u0430\u0432\u043b\u0435\u043d\u043d\u044b\u0435 \u0432 \u0432\u0435\u043b\u0438\u043a\u043e\u043b\u0435\u043f\u043d\u044b\u0439 \u043a\u0438\u0442\u0430\u0439\u0441\u043a\u0438\u0439 \u043a\u0440\u0443\u043f\u043d\u043e\u043b\u0438\u0441\u0442\u043e\u0432\u043e\u0439 \u0437\u0435\u043b\u0435\u043d\u044b\u0439 \u0447\u0430\u0439, \u043f\u0440\u0438\u0434\u0430\u044e\u0442 \u043d\u0430\u043f\u0438\u0442\u043a\u0443 \u043c\u044f\u0433\u043a\u0438\u0439 \u043f\u0440\u0438\u044f\u0442\u043d\u044b\u0439 \u0430\u0440\u043e\u043c\u0430\u0442 \u0438 \u0441\u043e\u0437\u0434\u0430\u044e\u0442 \u043e\u0449\u0443\u0449\u0435\u043d\u0438\u0435 \u0441\u044b\u0442\u043e\u0441\u0442\u0438. \u0418\u043c\u0435\u043d\u043d\u043e \u044d\u0442\u0438\u043c \u0441\u0432\u043e\u0439\u0441\u0442\u0432\u043e\u043c \u0438\u043c\u0431\u0438\u0440\u044f \u043e\u0431\u044a\u044f\u0441\u043d\u044f\u0435\u0442\u0441\u044f \u0442\u0430\u043a\u0430\u044f \u043f\u043e\u043f\u0443\u043b\u044f\u0440\u043d\u043e\u0441\u0442\u044c \u0438\u043c\u0431\u0438\u0440\u043d\u043e\u0433\u043e \u0447\u0430\u044f \u0441\u0440\u0435\u0434\u0438 \u0441\u043d\u0438\u0436\u0430\u044e\u0449\u0438\u0445 \u0432\u0435\u0441 \u043b\u044e\u0434\u0435\u0439. \u041d\u0435\u043a\u043e\u0442\u043e\u0440\u044b\u0435 \u0447\u0430\u0439 \u0441 \u0438\u043c\u0431\u0438\u0440\u0435\u043c \u0442\u0430\u043a \u0438 \u043d\u0430\u0437\u044b\u0432\u0430\u044e\u0442 &#8211; \u0447\u0430\u0439 \u0434\u043b\u044f \u043f\u043e\u0445\u0443\u0434\u0435\u043d\u0438\u044f. \u0417\u0435\u043b\u0435\u043d\u044b\u0439 \u0447\u0430\u0439 \u0438 \u0438\u043c\u0431\u0438\u0440\u044c \u043e\u043a\u0430\u0437\u044b\u0432\u0430\u044e\u0442 \u0438\u0441\u043a\u043b\u044e\u0447\u0438\u0442\u0435\u043b\u044c\u043d\u043e \u0431\u043b\u0430\u0433\u043e\u0442\u0432\u043e\u0440\u043d\u043e\u0435 \u0432\u043e\u0437\u0434\u0435\u0439\u0441\u0442\u0432\u0438\u0435 \u043d\u0430 \u0438\u043c\u043c\u0443\u043d\u043d\u0443\u044e \u0438 \u043f\u0438\u0449\u0435\u0432\u0430\u0440\u0438\u0442\u0435\u043b\u044c\u043d\u0443\u044e \u0441\u0438\u0441\u0442\u0435\u043c\u0443. \u041a\u0440\u043e\u043c\u0435 \u0442\u043e\u0433\u043e, \u0447\u0442\u043e \u0437\u0435\u043b\u0435\u043d\u044b\u0439 \u0447\u0430\u0439 \u0441 \u0438\u043c\u0431\u0438\u0440\u0435\u043c \u043f\u043e\u043c\u043e\u0436\u0435\u0442 \u0432\u0430\u043c \u0432 \u043f\u043e\u0442\u0435\u0440\u0435 \u043b\u0438\u0448\u043d\u0435\u0433\u043e \u0432\u0435\u0441\u0430, \u043e\u043d \u0432\u043e\u0441\u0441\u0442\u0430\u043d\u043e\u0432\u0438\u0442 \u0432\u0430\u0448\u0438 \u0441\u0438\u043b\u044b \u043f\u043e\u0441\u043b\u0435 \u0442\u044f\u0436\u0435\u043b\u043e\u0433\u043e \u0434\u043d\u044f, \u0430 \u0432 \u0441\u043e\u0447\u0435\u0442\u0430\u043d\u0438\u0438 \u0441 \u043c\u0435\u0434\u043e\u043c \u0438 \u043b\u0438\u043c\u043e\u043d\u043e\u043c \u043e\u0442\u043b\u0438\u0447\u043d\u043e \u0441\u043f\u0440\u0430\u0432\u0438\u0442\u0441\u044f \u0441 \u043f\u0440\u043e\u0441\u0442\u0443\u0434\u043d\u044b\u043c\u0438 \u0437\u0430\u0431\u043e\u043b\u0435\u0432\u0430\u043d\u0438\u044f\u043c\u0438.     <\/p>\n<p>\u0427\u0430\u0439 \u0437\u0435\u043b\u0435\u043d\u044b\u0439 \u043a\u0438\u0442\u0430\u0439\u0441\u043a\u0438\u0439 \u043a\u0440\u0443\u043f\u043d\u043e\u043b\u0438\u0441\u0442\u043e\u0432\u043e\u0439, \u043a\u0443\u0441\u043e\u0447\u043a\u0438 \u0438\u043c\u0431\u0438\u0440\u044f, \u043b\u0438\u043c\u043e\u043d\u043d\u0430\u044f \u0442\u0440\u0430\u0432\u0430 (\u043b\u0435\u043c\u043e\u043d\u0433\u0440\u0430\u0441\u0441), \u0446\u0435\u0434\u0440\u0430 \u0430\u043f\u0435\u043b\u044c\u0441\u0438\u043d\u0430, \u0430\u0440\u043e\u043c\u0430\u0442\u0438\u0437\u0430\u0442\u043e\u0440 \u043d\u0430\u0442\u0443\u0440\u0430\u043b\u044c\u043d\u044b\u0439 \u041b\u0438\u043c\u043e\u043d.<\/p>\n<p>\u0418\u043c\u0435\u0435\u0442 \u043c\u044f\u0433\u043a\u0438\u0439 \u0432\u043a\u0443\u0441 \u0438 \u043f\u0440\u0438\u044f\u0442\u043d\u044b\u0439 \u0430\u0440\u043e\u043c\u0430\u0442.<\/p>\n<p>Se toarn\u0103 1 linguri\u021b\u0103 de frunze de ceai \u00een ceainic. Se toarn\u0103 250 ml de ap\u0103 cald\u0103 80cc, insist\u0103 timp de 3-5 minute pentru a ob\u021bine o b\u0103utur\u0103 cu un gust delicat. <\/p>\n","protected":false},"featured_media":2032,"comment_status":"open","ping_status":"closed","template":"","meta":[],"product_brand":[],"product_cat":[331,333],"product_tag":[],"class_list":{"0":"post-14049","1":"product","2":"type-product","3":"status-publish","4":"has-post-thumbnail","6":"product_cat-zelyonyj-chaj","7":"product_cat-zelyonyj-s-dobavkami","9":"first","10":"instock","11":"shipping-taxable","12":"purchasable","13":"product-type-variable","14":"has-default-attributes"},"_links":{"self":[{"href":"https:\/\/tea-shop.md\/ro\/wp-json\/wp\/v2\/product\/14049","targetHints":{"allow":["GET"]}}],"collection":[{"href":"https:\/\/tea-shop.md\/ro\/wp-json\/wp\/v2\/product"}],"about":[{"href":"https:\/\/tea-shop.md\/ro\/wp-json\/wp\/v2\/types\/product"}],"replies":[{"embeddable":true,"href":"https:\/\/tea-shop.md\/ro\/wp-json\/wp\/v2\/comments?post=14049"}],"version-history":[{"count":1,"href":"https:\/\/tea-shop.md\/ro\/wp-json\/wp\/v2\/product\/14049\/revisions"}],"predecessor-version":[{"id":14835,"href":"https:\/\/tea-shop.md\/ro\/wp-json\/wp\/v2\/product\/14049\/revisions\/14835"}],"wp:featuredmedia":[{"embeddable":true,"href":"https:\/\/tea-shop.md\/ro\/wp-json\/wp\/v2\/media\/2032"}],"wp:attachment":[{"href":"https:\/\/tea-shop.md\/ro\/wp-json\/wp\/v2\/media?parent=14049"}],"wp:term":[{"taxonomy":"product_brand","embeddable":true,"href":"https:\/\/tea-shop.md\/ro\/wp-json\/wp\/v2\/product_brand?post=14049"},{"taxonomy":"product_cat","embeddable":true,"href":"https:\/\/tea-shop.md\/ro\/wp-json\/wp\/v2\/product_cat?post=14049"},{"taxonomy":"product_tag","embeddable":true,"href":"https:\/\/tea-shop.md\/ro\/wp-json\/wp\/v2\/product_tag?post=14049"}],"curies":[{"name":"wp","href":"https:\/\/api.w.org\/{rel}","templated":true}]}}