{"id":14054,"date":"2025-12-09T20:32:03","date_gmt":"2025-12-09T18:32:03","guid":{"rendered":"https:\/\/tea-shop.md\/product\/ceai-verde-cu-sou-sep\/"},"modified":"2026-04-07T12:05:27","modified_gmt":"2026-04-07T09:05:27","slug":"ceai-verde-cu-sou-sep","status":"publish","type":"product","link":"https:\/\/tea-shop.md\/ro\/produs\/ceai-verde-cu-sou-sep\/","title":{"rendered":"Ceai verde cu sou-sep"},"content":{"rendered":"<p>Ceaiul verde este f\u0103cut dintr-o frunz\u0103 r\u0103sucit\u0103 folosind doar ulei natural de fructe sou-sep. Aceast\u0103 combina\u021bie d\u0103 aroma str\u0103lucitoare a sou-sepa. Infuzia este chihlimbar auriu.  <\/p>\n<p>Sou-sep este un copac medicinal care este folosit \u00een medicin\u0103 de la r\u0103d\u0103cini p\u00e2n\u0103 la fructe. Fructele sou-sepa con\u021bin vitamine precum: E, C \u0219i B.<br \/>\nCare este beneficiul acestui ceai?<\/p>\n<ul>\n<li style=\"list-style-type: none;\">\n<ul>\n<li>regleaz\u0103 nivelul zah\u0103rului \u00een diabetul zaharat;<\/li>\n<li> Este un antidepresiv excelent;<\/li>\n<li> o modalitate excelent\u0103 de a preveni cancerul;<\/li>\n<li> are un efect pozitiv asupra func\u021bion\u0103rii creierului, ajut\u0103 la g\u00e2ndirea creativ\u0103;<\/li>\n<li> stabilizeaz\u0103 tensiunea arterial\u0103;<\/li>\n<li> \u00eembun\u0103t\u0103\u021be\u0219te sistemul imunitar.<\/li>\n<\/ul>\n<\/li>\n<\/ul>\n<p>Se toarn\u0103 1 linguri\u021b\u0103 de frunze de ceai \u00een ceainic. Se toarn\u0103 250 ml de ap\u0103 cald\u0103 85cc, insist\u0103 timp de 3-5 minute pentru a ob\u021bine o b\u0103utur\u0103 cu un gust delicat. <\/p>\n","protected":false},"excerpt":{"rendered":"<p>Ceaiul verde este f\u0103cut dintr-o frunz\u0103 r\u0103sucit\u0103 folosind doar ulei natural de fructe sou-sep. Aceast\u0103 combina\u021bie d\u0103 aroma str\u0103lucitoare a<\/p>\n","protected":false},"featured_media":14053,"comment_status":"open","ping_status":"closed","template":"","meta":[],"product_brand":[],"product_cat":[331,333],"product_tag":[],"class_list":{"0":"post-14054","1":"product","2":"type-product","3":"status-publish","4":"has-post-thumbnail","6":"product_cat-zelyonyj-chaj","7":"product_cat-zelyonyj-s-dobavkami","9":"first","10":"instock","11":"shipping-taxable","12":"purchasable","13":"product-type-variable","14":"has-default-attributes"},"_links":{"self":[{"href":"https:\/\/tea-shop.md\/ro\/wp-json\/wp\/v2\/product\/14054","targetHints":{"allow":["GET"]}}],"collection":[{"href":"https:\/\/tea-shop.md\/ro\/wp-json\/wp\/v2\/product"}],"about":[{"href":"https:\/\/tea-shop.md\/ro\/wp-json\/wp\/v2\/types\/product"}],"replies":[{"embeddable":true,"href":"https:\/\/tea-shop.md\/ro\/wp-json\/wp\/v2\/comments?post=14054"}],"version-history":[{"count":2,"href":"https:\/\/tea-shop.md\/ro\/wp-json\/wp\/v2\/product\/14054\/revisions"}],"predecessor-version":[{"id":15046,"href":"https:\/\/tea-shop.md\/ro\/wp-json\/wp\/v2\/product\/14054\/revisions\/15046"}],"wp:featuredmedia":[{"embeddable":true,"href":"https:\/\/tea-shop.md\/ro\/wp-json\/wp\/v2\/media\/14053"}],"wp:attachment":[{"href":"https:\/\/tea-shop.md\/ro\/wp-json\/wp\/v2\/media?parent=14054"}],"wp:term":[{"taxonomy":"product_brand","embeddable":true,"href":"https:\/\/tea-shop.md\/ro\/wp-json\/wp\/v2\/product_brand?post=14054"},{"taxonomy":"product_cat","embeddable":true,"href":"https:\/\/tea-shop.md\/ro\/wp-json\/wp\/v2\/product_cat?post=14054"},{"taxonomy":"product_tag","embeddable":true,"href":"https:\/\/tea-shop.md\/ro\/wp-json\/wp\/v2\/product_tag?post=14054"}],"curies":[{"name":"wp","href":"https:\/\/api.w.org\/{rel}","templated":true}]}}