{"id":14060,"date":"2025-12-09T20:32:03","date_gmt":"2025-12-09T18:32:03","guid":{"rendered":"https:\/\/tea-shop.md\/product\/ceai-verde-cu-menta\/"},"modified":"2026-03-31T18:45:36","modified_gmt":"2026-03-31T15:45:36","slug":"ceai-verde-cu-menta","status":"publish","type":"product","link":"https:\/\/tea-shop.md\/ro\/produs\/ceai-verde-cu-menta\/","title":{"rendered":"Ceai verde cu menta"},"content":{"rendered":"<p>Ceaiul verde cu frunze mari cu frunze de ment\u0103 \u00eenvele\u0219te pl\u0103cut \u0219i calmeaz\u0103 aroma \u0219i gustul bl\u00e2nd al mentei. Infuzia este aurie cu note de chihlimbar. <\/p>\n<p>Acest ceai este excelent pentru prevenirea excesului de greutate, este util pentru digestie, neutralizeaz\u0103 aciditatea, elimin\u0103 toxinele din tractul gastro-intestinal, ficat \u0219i rinichi. Are propriet\u0103\u021bi antioxidante \u0219i diuretice. O b\u0103utur\u0103 luat\u0103 \u00een mod regulat \u00eent\u0103re\u0219te sistemul imunitar, normalizeaz\u0103 activitatea hematopoietic\u0103 a organismului, scade nivelul colesterolului \u0219i restabile\u0219te func\u021bia tiroidian\u0103.  <\/p>\n<p>Se toarn\u0103 1 linguri\u021b\u0103 de frunze de ceai \u00een ceainic. Se toarn\u0103 250 ml de ap\u0103 cald\u0103 95cc, insist\u0103 timp de 3-5 minute pentru a ob\u021bine o b\u0103utur\u0103 cu un gust delicat. <\/p>\n<p>&nbsp;<\/p>\n","protected":false},"excerpt":{"rendered":"<p>Ceaiul verde cu frunze mari cu frunze de ment\u0103 \u00eenvele\u0219te pl\u0103cut \u0219i calmeaz\u0103 aroma \u0219i gustul bl\u00e2nd al mentei. Infuzia<\/p>\n","protected":false},"featured_media":2031,"comment_status":"open","ping_status":"closed","template":"","meta":[],"product_brand":[],"product_cat":[331,333],"product_tag":[],"class_list":{"0":"post-14060","1":"product","2":"type-product","3":"status-publish","4":"has-post-thumbnail","6":"product_cat-zelyonyj-chaj","7":"product_cat-zelyonyj-s-dobavkami","9":"first","10":"outofstock","11":"shipping-taxable","12":"purchasable","13":"product-type-variable","14":"has-default-attributes"},"_links":{"self":[{"href":"https:\/\/tea-shop.md\/ro\/wp-json\/wp\/v2\/product\/14060","targetHints":{"allow":["GET"]}}],"collection":[{"href":"https:\/\/tea-shop.md\/ro\/wp-json\/wp\/v2\/product"}],"about":[{"href":"https:\/\/tea-shop.md\/ro\/wp-json\/wp\/v2\/types\/product"}],"replies":[{"embeddable":true,"href":"https:\/\/tea-shop.md\/ro\/wp-json\/wp\/v2\/comments?post=14060"}],"version-history":[{"count":1,"href":"https:\/\/tea-shop.md\/ro\/wp-json\/wp\/v2\/product\/14060\/revisions"}],"predecessor-version":[{"id":14833,"href":"https:\/\/tea-shop.md\/ro\/wp-json\/wp\/v2\/product\/14060\/revisions\/14833"}],"wp:featuredmedia":[{"embeddable":true,"href":"https:\/\/tea-shop.md\/ro\/wp-json\/wp\/v2\/media\/2031"}],"wp:attachment":[{"href":"https:\/\/tea-shop.md\/ro\/wp-json\/wp\/v2\/media?parent=14060"}],"wp:term":[{"taxonomy":"product_brand","embeddable":true,"href":"https:\/\/tea-shop.md\/ro\/wp-json\/wp\/v2\/product_brand?post=14060"},{"taxonomy":"product_cat","embeddable":true,"href":"https:\/\/tea-shop.md\/ro\/wp-json\/wp\/v2\/product_cat?post=14060"},{"taxonomy":"product_tag","embeddable":true,"href":"https:\/\/tea-shop.md\/ro\/wp-json\/wp\/v2\/product_tag?post=14060"}],"curies":[{"name":"wp","href":"https:\/\/api.w.org\/{rel}","templated":true}]}}