{"id":14065,"date":"2025-12-09T20:32:02","date_gmt":"2025-12-09T18:32:02","guid":{"rendered":"https:\/\/tea-shop.md\/product\/piersici-caise\/"},"modified":"2026-03-31T18:44:41","modified_gmt":"2026-03-31T15:44:41","slug":"piersici-caise","status":"publish","type":"product","link":"https:\/\/tea-shop.md\/ro\/produs\/piersici-caise\/","title":{"rendered":"Piersici-caise"},"content":{"rendered":"<p>O compozi\u021bie de ceai verde chinezesc cu adaos de buc\u0103\u021bi de piersici, caise, papaya, ananas \u0219i \u0219ofr\u0103nel \u0219i petale de floarea soarelui. Infuzia se caracterizeaz\u0103 prin note suculente de gust dulce \u0219i o arom\u0103 fructat\u0103 str\u0103lucitoare. <\/p>\n<p>Se toarn\u0103 1 linguri\u021b\u0103 de frunze de ceai \u00een ceainic. Se toarn\u0103 250 ml de 90 de grade C ap\u0103 fierbinte \u0219i se las\u0103 timp de 3-5 minute pentru a ob\u021bine o b\u0103utur\u0103 cu un gust delicat. <\/p>\n","protected":false},"excerpt":{"rendered":"<p>O compozi\u021bie de ceai verde chinezesc cu adaos de buc\u0103\u021bi de piersici, caise, papaya, ananas \u0219i \u0219ofr\u0103nel \u0219i petale de<\/p>\n","protected":false},"featured_media":2044,"comment_status":"open","ping_status":"closed","template":"","meta":[],"product_brand":[],"product_cat":[331,333],"product_tag":[],"class_list":{"0":"post-14065","1":"product","2":"type-product","3":"status-publish","4":"has-post-thumbnail","6":"product_cat-zelyonyj-chaj","7":"product_cat-zelyonyj-s-dobavkami","9":"first","10":"instock","11":"shipping-taxable","12":"purchasable","13":"product-type-variable","14":"has-default-attributes"},"_links":{"self":[{"href":"https:\/\/tea-shop.md\/ro\/wp-json\/wp\/v2\/product\/14065","targetHints":{"allow":["GET"]}}],"collection":[{"href":"https:\/\/tea-shop.md\/ro\/wp-json\/wp\/v2\/product"}],"about":[{"href":"https:\/\/tea-shop.md\/ro\/wp-json\/wp\/v2\/types\/product"}],"replies":[{"embeddable":true,"href":"https:\/\/tea-shop.md\/ro\/wp-json\/wp\/v2\/comments?post=14065"}],"version-history":[{"count":1,"href":"https:\/\/tea-shop.md\/ro\/wp-json\/wp\/v2\/product\/14065\/revisions"}],"predecessor-version":[{"id":14832,"href":"https:\/\/tea-shop.md\/ro\/wp-json\/wp\/v2\/product\/14065\/revisions\/14832"}],"wp:featuredmedia":[{"embeddable":true,"href":"https:\/\/tea-shop.md\/ro\/wp-json\/wp\/v2\/media\/2044"}],"wp:attachment":[{"href":"https:\/\/tea-shop.md\/ro\/wp-json\/wp\/v2\/media?parent=14065"}],"wp:term":[{"taxonomy":"product_brand","embeddable":true,"href":"https:\/\/tea-shop.md\/ro\/wp-json\/wp\/v2\/product_brand?post=14065"},{"taxonomy":"product_cat","embeddable":true,"href":"https:\/\/tea-shop.md\/ro\/wp-json\/wp\/v2\/product_cat?post=14065"},{"taxonomy":"product_tag","embeddable":true,"href":"https:\/\/tea-shop.md\/ro\/wp-json\/wp\/v2\/product_tag?post=14065"}],"curies":[{"name":"wp","href":"https:\/\/api.w.org\/{rel}","templated":true}]}}