{"id":14071,"date":"2025-12-09T20:32:01","date_gmt":"2025-12-09T18:32:01","guid":{"rendered":"https:\/\/tea-shop.md\/product\/struguri-italieni\/"},"modified":"2026-03-31T18:43:06","modified_gmt":"2026-03-31T15:43:06","slug":"struguri-italieni","status":"publish","type":"product","link":"https:\/\/tea-shop.md\/ro\/produs\/struguri-italieni\/","title":{"rendered":"Struguri italieni"},"content":{"rendered":"<p>Un amestec rafinat de ceai verde cu felii de mere, stafide, petale de trandafir \u0219i afine. Este ideal pentru iubitorii de arome neobi\u0219nuite \u0219i vibrante. <\/p>\n<p>Frunzele de ceai verde sunt recoltate pe planta\u021bii curate ecologic \u0219i au fost atent selectate pentru a asigura calitatea \u00eenalt\u0103 \u0219i gustul bogat al b\u0103uturii. Buc\u0103\u021bile de m\u0103r, stafide, afine \u0219i petale de trandafir adaug\u0103 dulcea\u021b\u0103, str\u0103lucire \u0219i arom\u0103 ceaiului. <\/p>\n<p>Infuzia de ceai are o culoare aurie delicat\u0103, cu nuan\u021be fructate. Aroma b\u0103uturii aminte\u0219te de strugurii suculen\u021bi, care impresioneaz\u0103 prin dulcea\u021ba lor pl\u0103cut\u0103. Gustul b\u0103uturii este intens \u0219i pronun\u021bat, cu note fructate \u0219i o u\u0219oar\u0103 aciditate.  <\/p>\n<p>Acest ceai este potrivit pentru a v\u0103 bucura \u00een orice moment al zilei, at\u00e2t o b\u0103utur\u0103 cald\u0103, c\u00e2t \u0219i o b\u0103utur\u0103 rece de var\u0103. Se potrive\u0219te bine cu fructe, deserturi \u0219i alte gust\u0103ri u\u0219oare. <\/p>\n<p>Se toarn\u0103 1 linguri\u021b\u0103 de frunze de ceai \u00een ceainic. Se toarn\u0103 250 ml de ap\u0103 cald\u0103 95cc, insist\u0103 timp de 3-5 minute pentru a ob\u021bine o b\u0103utur\u0103 cu un gust delicat. <\/p>\n<p>&nbsp;<\/p>\n","protected":false},"excerpt":{"rendered":"<p>Un amestec rafinat de ceai verde cu felii de mere, stafide, petale de trandafir \u0219i afine. Este ideal pentru iubitorii de arome neobi\u0219nuite \u0219i vibrante. <\/p>\n<p>Frunzele de ceai verde sunt recoltate pe planta\u021bii curate ecologic \u0219i au fost atent selectate pentru a asigura calitatea \u00eenalt\u0103 \u0219i gustul bogat al b\u0103uturii. Buc\u0103\u021bile de m\u0103r, stafide, afine \u0219i petale de trandafir adaug\u0103 dulcea\u021b\u0103, str\u0103lucire \u0219i arom\u0103 ceaiului. <\/p>\n<p>\u041d\u0430\u0441\u0442\u043e\u0439 \u0447\u0430\u044f \u0438\u043c\u0435\u0435\u0442 \u043d\u0435\u0436\u043d\u044b\u0439 \u0437\u043e\u043b\u043e\u0442\u0438\u0441\u0442\u044b\u0439 \u0446\u0432\u0435\u0442 \u0441 \u0444\u0440\u0443\u043a\u0442\u043e\u0432\u044b\u043c\u0438 \u043e\u0442\u0442\u0435\u043d\u043a\u0430\u043c\u0438. \u0410\u0440\u043e\u043c\u0430\u0442 \u043d\u0430\u043f\u0438\u0442\u043a\u0430 \u043d\u0430\u043f\u043e\u043c\u0438\u043d\u0430\u0435\u0442 \u0441\u043e\u0447\u043d\u044b\u0439 \u0432\u0438\u043d\u043e\u0433\u0440\u0430\u0434, \u043a\u043e\u0442\u043e\u0440\u044b\u0439 \u043f\u043e\u0440\u0430\u0436\u0430\u0435\u0442 \u0441\u0432\u043e\u0435\u0439 \u043f\u0440\u0438\u044f\u0442\u043d\u043e\u0439 \u0441\u043b\u0430\u0434\u043e\u0441\u0442\u044c\u044e. \u0412\u043a\u0443\u0441 \u043d\u0430\u043f\u0438\u0442\u043a\u0430 \u043d\u0430\u0441\u044b\u0449\u0435\u043d\u043d\u044b\u0439 \u0438 \u044f\u0440\u043a\u0438\u0439, \u0441 \u043d\u043e\u0442\u0430\u043c\u0438 \u0444\u0440\u0443\u043a\u0442\u043e\u0432 \u0438 \u043b\u0435\u0433\u043a\u043e\u0439 \u043a\u0438\u0441\u043b\u0438\u043d\u043a\u043e\u0439.  <\/p>\n<p>Acest ceai este potrivit pentru a v\u0103 bucura \u00een orice moment al zilei, at\u00e2t o b\u0103utur\u0103 cald\u0103, c\u00e2t \u0219i o b\u0103utur\u0103 rece de var\u0103. Se potrive\u0219te bine cu fructe, deserturi \u0219i alte gust\u0103ri u\u0219oare. <\/p>\n<p>\u0423\u043f\u0430\u043a\u043e\u0432\u043a\u0430 \u0441\u043e\u0434\u0435\u0440\u0436\u0438\u0442 \u0434\u043e\u0441\u0442\u0430\u0442\u043e\u0447\u043d\u043e\u0435 \u043a\u043e\u043b\u0438\u0447\u0435\u0441\u0442\u0432\u043e \u0447\u0430\u044f \u0434\u043b\u044f \u043f\u0440\u0438\u0433\u043e\u0442\u043e\u0432\u043b\u0435\u043d\u0438\u044f \u043d\u0435\u0441\u043a\u043e\u043b\u044c\u043a\u0438\u0445 \u0447\u0430\u0448\u0435\u043a \u043d\u0430\u043f\u0438\u0442\u043a\u0430. \u0423\u043f\u0430\u043a\u043e\u0432\u043a\u0430 \u0437\u0430\u0449\u0438\u0449\u0435\u043d\u0430 \u043e\u0442 \u0441\u0432\u0435\u0442\u0430 \u0438 \u0432\u043b\u0430\u0433\u0438, \u0447\u0442\u043e \u043f\u043e\u0437\u0432\u043e\u043b\u044f\u0435\u0442 \u0441\u043e\u0445\u0440\u0430\u043d\u0438\u0442\u044c \u0432\u0441\u0435 \u0430\u0440\u043e\u043c\u0430\u0442\u0438\u0447\u0435\u0441\u043a\u0438\u0435 \u0438 \u0432\u043a\u0443\u0441\u043e\u0432\u044b\u0435 \u043a\u0430\u0447\u0435\u0441\u0442\u0432\u0430 \u0447\u0430\u044f \u043d\u0430 \u0434\u043e\u043b\u0433\u043e\u0435 \u0432\u0440\u0435\u043c\u044f. <\/p>\n<p>\u0417\u0435\u043b\u0435\u043d\u044b\u0439 \u0447\u0430\u0439 \u00ab\u0418\u0442\u0430\u043b\u044c\u044f\u043d\u0441\u043a\u0438\u0439 \u0432\u0438\u043d\u043e\u0433\u0440\u0430\u0434\u00bb &#8211; \u044d\u0442\u043e \u043e\u0442\u043b\u0438\u0447\u043d\u044b\u0439 \u0432\u044b\u0431\u043e\u0440 \u0434\u043b\u044f \u0442\u0435\u0445, \u043a\u0442\u043e \u0438\u0449\u0435\u0442 \u044f\u0440\u043a\u0438\u0439, \u0441\u043b\u0430\u0434\u043a\u0438\u0439 \u0438 \u0430\u0440\u043e\u043c\u0430\u0442\u043d\u044b\u0439 \u0447\u0430\u0439 \u0441 \u0444\u0440\u0443\u043a\u0442\u043e\u0432\u044b\u043c\u0438 \u043d\u043e\u0442\u043a\u0430\u043c\u0438 \u0438 \u043b\u0435\u0433\u043a\u043e\u0439 \u043a\u0438\u0441\u043b\u0438\u043d\u043a\u043e\u0439. \u041e\u043d \u043f\u043e\u0440\u0430\u0434\u0443\u0435\u0442 \u0432\u0430\u0441 \u0441\u0432\u043e\u0438\u043c \u0432\u043a\u0443\u0441\u043e\u043c \u0438 \u0441\u0442\u0430\u043d\u0435\u0442 \u043f\u0440\u0435\u043a\u0440\u0430\u0441\u043d\u044b\u043c \u0434\u043e\u043f\u043e\u043b\u043d\u0435\u043d\u0438\u0435\u043c \u043a \u0432\u0430\u0448\u0435\u0439 \u043a\u043e\u043b\u043b\u0435\u043a\u0446\u0438\u0438 \u0447\u0430\u044f. <\/p>\n<p>\u0417\u0435\u043b\u0435\u043d\u044b\u0439 \u0447\u0430\u0439 \u0441 \u043a\u0443\u0441\u043e\u0447\u043a\u0430\u043c\u0438 \u044f\u0431\u043b\u043e\u043a\u0430, \u0438\u0437\u044e\u043c\u043e\u043c, \u043b\u0435\u043f\u0435\u0441\u0442\u043a\u0430\u043c\u0438 \u0440\u043e\u0437\u044b \u0438 \u044f\u0433\u043e\u0434\u0430\u043c\u0438 \u043a\u043b\u044e\u043a\u0432\u044b<\/p>\n<p>\u0410\u0440\u043e\u043c\u0430\u0442\u043d\u044b\u0439 \u043d\u0430\u0441\u0442\u043e\u0439 \u043f\u043e\u0440\u0430\u0436\u0430\u0435\u0442 \u043d\u0435\u0436\u043d\u044b\u043c \u0432\u043a\u0443\u0441\u043e\u043c \u0441\u043e\u0447\u043d\u043e\u0433\u043e \u0432\u0438\u043d\u043e\u0433\u0440\u0430\u0434\u0430.<\/p>\n<p>Se toarn\u0103 1 linguri\u021b\u0103 de frunze de ceai \u00een ceainic. Se toarn\u0103 250 ml de ap\u0103 cald\u0103 95cc, insist\u0103 timp de 3-5 minute pentru a ob\u021bine o b\u0103utur\u0103 cu un gust delicat. <\/p>\n<p>&nbsp;<\/p>\n","protected":false},"featured_media":2028,"comment_status":"open","ping_status":"closed","template":"","meta":[],"product_brand":[],"product_cat":[331,333],"product_tag":[],"class_list":{"0":"post-14071","1":"product","2":"type-product","3":"status-publish","4":"has-post-thumbnail","6":"product_cat-zelyonyj-chaj","7":"product_cat-zelyonyj-s-dobavkami","9":"first","10":"instock","11":"shipping-taxable","12":"purchasable","13":"product-type-variable","14":"has-default-attributes"},"_links":{"self":[{"href":"https:\/\/tea-shop.md\/ro\/wp-json\/wp\/v2\/product\/14071","targetHints":{"allow":["GET"]}}],"collection":[{"href":"https:\/\/tea-shop.md\/ro\/wp-json\/wp\/v2\/product"}],"about":[{"href":"https:\/\/tea-shop.md\/ro\/wp-json\/wp\/v2\/types\/product"}],"replies":[{"embeddable":true,"href":"https:\/\/tea-shop.md\/ro\/wp-json\/wp\/v2\/comments?post=14071"}],"version-history":[{"count":1,"href":"https:\/\/tea-shop.md\/ro\/wp-json\/wp\/v2\/product\/14071\/revisions"}],"predecessor-version":[{"id":14831,"href":"https:\/\/tea-shop.md\/ro\/wp-json\/wp\/v2\/product\/14071\/revisions\/14831"}],"wp:featuredmedia":[{"embeddable":true,"href":"https:\/\/tea-shop.md\/ro\/wp-json\/wp\/v2\/media\/2028"}],"wp:attachment":[{"href":"https:\/\/tea-shop.md\/ro\/wp-json\/wp\/v2\/media?parent=14071"}],"wp:term":[{"taxonomy":"product_brand","embeddable":true,"href":"https:\/\/tea-shop.md\/ro\/wp-json\/wp\/v2\/product_brand?post=14071"},{"taxonomy":"product_cat","embeddable":true,"href":"https:\/\/tea-shop.md\/ro\/wp-json\/wp\/v2\/product_cat?post=14071"},{"taxonomy":"product_tag","embeddable":true,"href":"https:\/\/tea-shop.md\/ro\/wp-json\/wp\/v2\/product_tag?post=14071"}],"curies":[{"name":"wp","href":"https:\/\/api.w.org\/{rel}","templated":true}]}}