{"id":14077,"date":"2025-12-09T20:31:59","date_gmt":"2025-12-09T18:31:59","guid":{"rendered":"https:\/\/tea-shop.md\/product\/noaptea-cleopatrei-verde\/"},"modified":"2026-03-31T18:35:44","modified_gmt":"2026-03-31T15:35:44","slug":"noaptea-cleopatrei-verde","status":"publish","type":"product","link":"https:\/\/tea-shop.md\/ro\/produs\/noaptea-cleopatrei-verde\/","title":{"rendered":"Noaptea Cleopatrei (verde)"},"content":{"rendered":"<p>Un amestec de ceai verde cu frunze mari cu ananas confiat, papaya, struguri, decorat viu cu flori de nalb\u0103, calendula \u0219i petale de trandafir.<\/p>\n<p>Datorit\u0103 compozi\u021biei sale de fructe \u0219i petale de plante medicinale, acest ceai revigoreaz\u0103, tonific\u0103 corpul, \u00eembun\u0103t\u0103\u021be\u0219te metabolismul, stimuleaz\u0103 digestia \u0219i \u00eembun\u0103t\u0103\u021be\u0219te starea de spirit.<\/p>\n<p>Se toarn\u0103 1 linguri\u021b\u0103 de frunze de ceai \u00een ceainic. Se toarn\u0103 250 ml de ap\u0103 cald\u0103 95cc, insist\u0103 timp de 3-5 minute pentru a ob\u021bine o b\u0103utur\u0103 cu un gust delicat. <\/p>\n","protected":false},"excerpt":{"rendered":"<p>\u041e\u0440\u0438\u0433\u0438\u043d\u0430\u043b\u044c\u043d\u044b\u0439 \u043a\u0443\u043f\u0430\u0436 \u0447\u0451\u0440\u043d\u043e\u0433\u043e \u0438 \u0437\u0435\u043b\u0451\u043d\u043e\u0433\u043e \u0447\u0430\u044f \u0441 \u043a\u0443\u0441\u043e\u0447\u043a\u0430\u043c\u0438 \u043f\u0430\u043f\u0430\u0439\u0438, \u0430\u043d\u0430\u043d\u0430\u0441\u0430, \u0432\u0438\u043d\u043e\u0433\u0440\u0430\u0434\u0430, \u0441 \u043b\u0435\u043f\u0435\u0441\u0442\u043a\u0430\u043c\u0438 \u0440\u043e\u0437\u044b, \u043a\u0430\u043b\u0435\u043d\u0434\u0443\u043b\u044b, \u043c\u0430\u043b\u044c\u0432\u044b, \u0434\u043e\u043f\u043e\u043b\u043d\u0435\u043d\u043d\u044b\u0439 \u043d\u0430\u0441\u044b\u0449\u0435\u043d\u043d\u044b\u043c \u0432\u043a\u0443\u0441\u043e\u043c \u043c\u0430\u0440\u0430\u043a\u0443\u0439\u0438. \u041f\u043e\u043b\u0435\u0437\u043d\u044b\u0435 \u0441\u0432\u043e\u0439\u0441\u0442\u0432\u0430: \u0432 \u043a\u0443\u043f\u0430\u0436\u0435 \u043e\u0431\u044a\u0435\u0434\u0438\u043d\u0435\u043d\u044b \u0445\u0430\u0440\u0430\u043a\u0442\u0435\u0440\u0438\u0441\u0442\u0438\u043a\u0438 \u043a\u0430\u043a \u0447\u0435\u0440\u043d\u043e\u0433\u043e, \u0442\u0430\u043a \u0438 \u0437\u0435\u043b\u0435\u043d\u043e\u0433\u043e \u0441\u043e\u0440\u0442\u043e\u0432 \u0447\u0430\u044f: \u0441\u043f\u043e\u0441\u043e\u0431\u0441\u0442\u0432\u0443\u0435\u0442 \u043d\u043e\u0440\u043c\u0430\u043b\u0438\u0437\u0430\u0446\u0438\u0438 \u043e\u0431\u043c\u0435\u043d\u0430 \u0432\u0435\u0449\u0435\u0441\u0442\u0432, \u043e\u0447\u0438\u0449\u0435\u043d\u0438\u044e \u043e\u0440\u0433\u0430\u043d\u0438\u0437\u043c\u0430 \u043e\u0442 \u0442\u043e\u043a\u0441\u0438\u043d\u043e\u0432, \u0437\u0430\u043c\u0435\u0434\u043b\u0435\u043d\u0438\u044e \u043f\u0440\u043e\u0446\u0435\u0441\u0441\u043e\u0432 \u0441\u0442\u0430\u0440\u0435\u043d\u0438\u044f, \u0443\u043a\u0440\u0435\u043f\u043b\u0435\u043d\u0438\u044e \u0438\u043c\u043c\u0443\u043d\u0438\u0442\u0435\u0442\u0430, \u0442\u043e\u043d\u0438\u0437\u0438\u0440\u0443\u044e\u0449\u0435\u043c\u0443 \u044d\u0444\u0444\u0435\u043a\u0442\u0443. \u0410\u043d\u0430\u043d\u0430\u0441 \u0438 \u043f\u0430\u043f\u0430\u0439\u044f &#8211; \u043a\u043b\u0430\u0434\u0435\u0437\u044c \u0432\u0438\u0442\u0430\u043c\u0438\u043d\u043e\u0432 A, C, E, B \u0438 \u043c\u0438\u043a\u0440\u043e\u044d\u043b\u0435\u043c\u0435\u043d\u0442\u043e\u0432, \u043d\u0435\u043e\u0431\u0445\u043e\u0434\u0438\u043c\u044b\u0445 \u0434\u043b\u044f \u0441\u0442\u0430\u0431\u0438\u043b\u0438\u0437\u0430\u0446\u0438\u0438 \u0440\u0430\u0431\u043e\u0442\u044b \u043d\u0435\u0440\u0432\u043d\u043e\u0439 \u0441\u0438\u0441\u0442\u0435\u043c\u044b, \u043e\u0431\u043c\u0435\u043d\u043d\u044b\u0445 \u043f\u0440\u043e\u0446\u0435\u0441\u0441\u043e\u0432 \u043e\u0440\u0433\u0430\u043d\u0438\u0437\u043c\u0430, \u0430\u043d\u0442\u0438\u043e\u043a\u0441\u0438\u0434\u0430\u043d\u0442\u043e\u0432, \u043f\u043e\u0434\u0434\u0435\u0440\u0436\u0430\u043d\u0438\u044f \u0440\u0430\u0431\u043e\u0442\u044b \u0416\u041a\u0422.  <\/p>\n<p>\u041a\u0438\u0442\u0430\u0439\u0441\u043a\u0438\u0439 \u0437\u0435\u043b\u0435\u043d\u044b\u0439 \u0447\u0430\u0439, \u0438\u0437\u043c\u0435\u043b\u044c\u0447\u0435\u043d\u043d\u044b\u0439; \u0444\u0440\u0443\u043a\u0442\u044b \u0430\u043d\u0430\u043d\u0430\u0441\u0430, \u044f\u0431\u043b\u043e\u043a\u0438, \u043b\u0435\u043f\u0435\u0441\u0442\u043a\u0438 \u0446\u0432\u0435\u0442\u043e\u0432 (\u0441\u0430\u0444\u043b\u043e\u0440, \u0440\u043e\u0437\u0430, \u0447\u0435\u0440\u043d\u0438\u043a\u0430 \u0438 \u0431\u0430\u0440\u0445\u0430\u0442\u0446\u044b), \u043d\u0430\u0442\u0443\u0440\u0430\u043b\u044c\u043d\u044b\u0439 \u0430\u0440\u043e\u043c\u0430\u0442\u0438\u0437\u0430\u0442\u043e\u0440 \u043c\u0430\u043b\u0438\u043d\u044b.<\/p>\n<p>\u0418\u043c\u0435\u0435\u0442 \u0444\u0440\u0443\u043a\u0442\u043e\u0432\u044b\u0439 \u0432\u043a\u0443\u0441.<\/p>\n<p>Se toarn\u0103 1 linguri\u021b\u0103 de frunze de ceai \u00een ceainic. Se toarn\u0103 250 ml de ap\u0103 cald\u0103 95cc, insist\u0103 timp de 3-5 minute pentru a ob\u021bine o b\u0103utur\u0103 cu un gust delicat. <\/p>\n","protected":false},"featured_media":14076,"comment_status":"open","ping_status":"closed","template":"","meta":[],"product_brand":[],"product_cat":[331,333],"product_tag":[],"class_list":{"0":"post-14077","1":"product","2":"type-product","3":"status-publish","4":"has-post-thumbnail","6":"product_cat-zelyonyj-chaj","7":"product_cat-zelyonyj-s-dobavkami","9":"first","10":"instock","11":"shipping-taxable","12":"purchasable","13":"product-type-variable","14":"has-default-attributes"},"_links":{"self":[{"href":"https:\/\/tea-shop.md\/ro\/wp-json\/wp\/v2\/product\/14077","targetHints":{"allow":["GET"]}}],"collection":[{"href":"https:\/\/tea-shop.md\/ro\/wp-json\/wp\/v2\/product"}],"about":[{"href":"https:\/\/tea-shop.md\/ro\/wp-json\/wp\/v2\/types\/product"}],"replies":[{"embeddable":true,"href":"https:\/\/tea-shop.md\/ro\/wp-json\/wp\/v2\/comments?post=14077"}],"version-history":[{"count":1,"href":"https:\/\/tea-shop.md\/ro\/wp-json\/wp\/v2\/product\/14077\/revisions"}],"predecessor-version":[{"id":14829,"href":"https:\/\/tea-shop.md\/ro\/wp-json\/wp\/v2\/product\/14077\/revisions\/14829"}],"wp:featuredmedia":[{"embeddable":true,"href":"https:\/\/tea-shop.md\/ro\/wp-json\/wp\/v2\/media\/14076"}],"wp:attachment":[{"href":"https:\/\/tea-shop.md\/ro\/wp-json\/wp\/v2\/media?parent=14077"}],"wp:term":[{"taxonomy":"product_brand","embeddable":true,"href":"https:\/\/tea-shop.md\/ro\/wp-json\/wp\/v2\/product_brand?post=14077"},{"taxonomy":"product_cat","embeddable":true,"href":"https:\/\/tea-shop.md\/ro\/wp-json\/wp\/v2\/product_cat?post=14077"},{"taxonomy":"product_tag","embeddable":true,"href":"https:\/\/tea-shop.md\/ro\/wp-json\/wp\/v2\/product_tag?post=14077"}],"curies":[{"name":"wp","href":"https:\/\/api.w.org\/{rel}","templated":true}]}}