{"id":14082,"date":"2025-12-09T20:31:59","date_gmt":"2025-12-09T18:31:59","guid":{"rendered":"https:\/\/tea-shop.md\/product\/melcul-de-lapte\/"},"modified":"2026-04-07T12:07:50","modified_gmt":"2026-04-07T09:07:50","slug":"melcul-de-lapte","status":"publish","type":"product","link":"https:\/\/tea-shop.md\/ro\/produs\/melcul-de-lapte\/","title":{"rendered":"Melcul de lapte"},"content":{"rendered":"<p>O b\u0103utur\u0103 delicat\u0103 care include ceai verde de melc cu flori de iasomie \u0219i floarea de porumb. Melcul verde este un ceai chinezesc verde cu frunze mari, ale c\u0103rui frunze sunt r\u0103sucite \u00een form\u0103 de melc. C\u00e2nd se prepar\u0103, frunza de ceai se desf\u0103\u0219oar\u0103, d\u00e2nd b\u0103uturii o arom\u0103 rafinat\u0103 \u0219i un gust delicat l\u0103ptos. <\/p>\n<p>Ceaiul are un efect benefic asupra sistemului nervos, amelior\u00e2nd oboseala cronic\u0103, anxietatea \u0219i temerile se estompeaz\u0103 \u00een fundal, d\u00e2nd loc armoniei interioare.<\/p>\n<p>Infuzia de culoare aurie are un gust l\u0103ptos u\u0219or \u0219i o arom\u0103 de neegalat.<\/p>\n<p>Se toarn\u0103 1 linguri\u021b\u0103 de frunze de ceai \u00een ceainic. Se toarn\u0103 250 ml de ap\u0103 cald\u0103 80cc, insist\u0103 timp de 3-5 minute pentru a ob\u021bine o b\u0103utur\u0103 cu un gust delicat. <\/p>\n<p>Acela\u0219i ceai poate fi preparat de mai multe ori.<\/p>\n","protected":false},"excerpt":{"rendered":"<p>\u041a\u0440\u0443\u043f\u043d\u043e\u043b\u0438\u0441\u0442\u043e\u0432\u043e\u0439 \u0437\u0435\u043b\u0435\u043d\u044b\u0439 \u043a\u0438\u0442\u0430\u0439\u0441\u043a\u0438\u0439 \u0447\u0430\u0439, \u043b\u0438\u0441\u0442\u043e\u0447\u043a\u0438 \u043a\u043e\u0442\u043e\u0440\u043e\u0433\u043e \u0441\u043a\u0440\u0443\u0447\u0435\u043d\u044b \u0432 \u0444\u043e\u0440\u043c\u0435 \u0443\u043b\u0438\u0442\u043a\u0438. \u041a\u043e\u043c\u043f\u043e\u0437\u0438\u0446\u0438\u044f \u0434\u043e\u043f\u043e\u043b\u043d\u0435\u043d\u0430 \u043d\u0435\u0436\u043d\u044b\u043c\u0438 \u0446\u0432\u0435\u0442\u0430\u043c\u0438 \u0436\u0430\u0441\u043c\u0438\u043d\u0430 \u0438 \u0432\u0430\u0441\u0438\u043b\u044c\u043a\u0430. \u041f\u0440\u0438 \u0437\u0430\u0432\u0430\u0440\u0438\u0432\u0430\u043d\u0438\u0438 \u0447\u0430\u0439\u043d\u044b\u0439 \u043b\u0438\u0441\u0442 \u0440\u0430\u0437\u0432\u043e\u0440\u0430\u0447\u0438\u0432\u0430\u0435\u0442\u0441\u044f, \u043f\u0440\u0438\u0434\u0430\u0432\u0430\u044f \u043d\u0430\u043f\u0438\u0442\u043a\u0443 \u0438\u0437\u044b\u0441\u043a\u0430\u043d\u043d\u044b\u0439 \u0430\u0440\u043e\u043c\u0430\u0442 \u0438 \u043d\u0435\u0436\u043d\u044b\u0439 \u043c\u043e\u043b\u043e\u0447\u043d\u044b\u0439 \u0432\u043a\u0443\u0441. O b\u0103utur\u0103 delicat\u0103 care include ceai verde de melc cu flori de iasomie \u0219i floarea de porumb. \u0410\u0440\u043e\u043c\u0430\u0442\u043d\u044b\u0439 \u0447\u0430\u0439 \u0438\u043c\u0435\u0435\u0442 \u043d\u0430\u0441\u044b\u0449\u0435\u043d\u043d\u044b\u0439 \u043f\u0440\u0438\u044f\u0442\u043d\u044b\u0439 \u043c\u0435\u0434\u043e\u0432\u043e-\u043c\u043e\u043b\u043e\u0447\u043d\u044b\u0439 \u0432\u043a\u0443\u0441 \u0441 \u043b\u0435\u0433\u043a\u0438\u043c \u0438 \u043d\u0435\u0436\u043d\u044b\u043c \u0443\u0437\u043d\u0430\u0432\u0430\u0435\u043c\u044b\u043c \u0430\u0440\u043e\u043c\u0430\u0442\u043e\u043c \u0436\u0430\u0441\u043c\u0438\u043d\u0430 \u0438 \u0432\u0430\u0441\u0438\u043b\u044c\u043a\u0430. Ceaiul are un efect benefic asupra sistemului nervos, amelior\u00e2nd oboseala cronic\u0103, anxietatea \u0219i temerile se estompeaz\u0103 \u00een fundal, d\u00e2nd loc armoniei interioare.<\/p>\n<p>\u0417\u0435\u043b\u0435\u043d\u0430\u044f \u0443\u043b\u0438\u0442\u043a\u0430 \u0441 \u0446\u0432\u0435\u0442\u0430\u043c\u0438 \u0436\u0430\u0441\u043c\u0438\u043d\u0430 \u0438 \u0432\u0430\u0441\u0438\u043b\u044c\u043a\u0430.<\/p>\n<p>\u041d\u0435\u0436\u043d\u044b\u0439 \u043c\u043e\u043b\u043e\u0447\u043d\u044b\u0439 \u0432\u043a\u0443\u0441.<\/p>\n<p>\u0412 \u0437\u0430\u0432\u0430\u0440\u043d\u0438\u043a \u0432\u0441\u044b\u043f\u0430\u0442\u044c 1 \u0447\u0430\u0439\u043d\u0443\u044e \u043b\u043e\u0436\u043a\u0443 \u0447\u0430\u0439\u043d\u044b\u0445 \u043b\u0438\u0441\u0442\u044c\u0435\u0432. \u0417\u0430\u043b\u0438\u0442\u044c \u0433\u043e\u0440\u044f\u0447\u0435\u0439 \u0432\u043e\u0434\u043e\u0439 250 \u043c\u043b 80 \u00b0C, \u043d\u0430\u0441\u0442\u043e\u044f\u0442\u044c \u0432 \u0442\u0435\u0447\u0435\u043d\u0438\u0435 3-5 \u043c\u0438\u043d, \u0447\u0442\u043e\u0431\u044b \u043f\u043e\u043b\u0443\u0447\u0438\u0442\u044c \u043d\u0430\u043f\u0438\u0442\u043e\u043a \u0441 \u0434\u0435\u043b\u0438\u043a\u0430\u0442\u043d\u044b\u043c \u0432\u043a\u0443\u0441\u043e\u043c.<\/p>\n<p>\u041e\u0434\u043d\u0443 \u0438 \u0442\u0443 \u0436\u0435 \u0437\u0430\u0432\u0430\u0440\u043a\u0443 \u043c\u043e\u0436\u043d\u043e \u0437\u0430\u0432\u0430\u0440\u0438\u0432\u0430\u0442\u044c \u043d\u0435\u0441\u043a\u043e\u043b\u044c\u043a\u043e \u0440\u0430\u0437.<\/p>\n","protected":false},"featured_media":2041,"comment_status":"open","ping_status":"closed","template":"","meta":[],"product_brand":[],"product_cat":[331,333],"product_tag":[],"class_list":{"0":"post-14082","1":"product","2":"type-product","3":"status-publish","4":"has-post-thumbnail","6":"product_cat-zelyonyj-chaj","7":"product_cat-zelyonyj-s-dobavkami","9":"first","10":"instock","11":"shipping-taxable","12":"purchasable","13":"product-type-variable","14":"has-default-attributes"},"_links":{"self":[{"href":"https:\/\/tea-shop.md\/ro\/wp-json\/wp\/v2\/product\/14082","targetHints":{"allow":["GET"]}}],"collection":[{"href":"https:\/\/tea-shop.md\/ro\/wp-json\/wp\/v2\/product"}],"about":[{"href":"https:\/\/tea-shop.md\/ro\/wp-json\/wp\/v2\/types\/product"}],"replies":[{"embeddable":true,"href":"https:\/\/tea-shop.md\/ro\/wp-json\/wp\/v2\/comments?post=14082"}],"version-history":[{"count":2,"href":"https:\/\/tea-shop.md\/ro\/wp-json\/wp\/v2\/product\/14082\/revisions"}],"predecessor-version":[{"id":15047,"href":"https:\/\/tea-shop.md\/ro\/wp-json\/wp\/v2\/product\/14082\/revisions\/15047"}],"wp:featuredmedia":[{"embeddable":true,"href":"https:\/\/tea-shop.md\/ro\/wp-json\/wp\/v2\/media\/2041"}],"wp:attachment":[{"href":"https:\/\/tea-shop.md\/ro\/wp-json\/wp\/v2\/media?parent=14082"}],"wp:term":[{"taxonomy":"product_brand","embeddable":true,"href":"https:\/\/tea-shop.md\/ro\/wp-json\/wp\/v2\/product_brand?post=14082"},{"taxonomy":"product_cat","embeddable":true,"href":"https:\/\/tea-shop.md\/ro\/wp-json\/wp\/v2\/product_cat?post=14082"},{"taxonomy":"product_tag","embeddable":true,"href":"https:\/\/tea-shop.md\/ro\/wp-json\/wp\/v2\/product_tag?post=14082"}],"curies":[{"name":"wp","href":"https:\/\/api.w.org\/{rel}","templated":true}]}}