{"id":14087,"date":"2025-12-09T20:31:58","date_gmt":"2025-12-09T18:31:58","guid":{"rendered":"https:\/\/tea-shop.md\/product\/sencha\/"},"modified":"2026-04-07T12:09:12","modified_gmt":"2026-04-07T09:09:12","slug":"sencha","status":"publish","type":"product","link":"https:\/\/tea-shop.md\/ro\/produs\/sencha\/","title":{"rendered":"Sencha"},"content":{"rendered":"<p>Sencha este produs\u0103 \u00een Japonia, unde, apropo, este una dintre cele mai populare b\u0103uturi.<\/p>\n<p>Istoria soiului de ceai dateaz\u0103 de mai multe secole. Se crede c\u0103 sencha a fost cultivat\u0103 pentru prima dat\u0103 de c\u0103lug\u0103rii budi\u0219ti japonezi \u00een secolul al 13-lea. Mult\u0103 vreme, soiul a fost disponibil doar oamenilor foarte boga\u021bi datorit\u0103 costului ridicat, dar \u00een prezent sencha este o b\u0103utur\u0103 destul de obi\u0219nuit\u0103 at\u00e2t \u00een patria sa, \u00een \u021bara Soarelui R\u0103sare, c\u00e2t \u0219i dincolo.  <\/p>\n<p>\u00cen timpul procesului de produc\u021bie, frunzele acestui soi nu sunt pr\u0103jite, ci doar aburite. Datorit\u0103 acestui fapt, sencha va p\u0103stra mult mai multe vitamine \u0219i minerale \u00een compozi\u021bia sa, spre deosebire de alte soiuri de ceai. Con\u021bine vitaminele A, E, C, antioxidan\u021bi, iod \u0219i scade colesterolul.  <\/p>\n<p>Infuzia Sencha are o nuan\u021b\u0103 galben pal, caracteristic\u0103 soiurilor &#8222;verzi&#8221;. Aroma nu este de obicei pronun\u021bat\u0103. Gustul poate fi descris ca fiind bl\u00e2nd \u0219i doar pu\u021bin tart\u0103. B\u0103utura las\u0103, de asemenea, un gust pl\u0103cut, relaxeaz\u0103 \u0219i re\u00eemprosp\u0103teaz\u0103.   <\/p>\n<p>Se toarn\u0103 1 linguri\u021b\u0103 de frunze de ceai \u00een ceainic. Se toarn\u0103 300 ml de ap\u0103 cald\u0103 85cc \u0219i se insist\u0103 timp de 3-5 minute pentru a ob\u021bine o b\u0103utur\u0103 cu un gust delicat. <\/p>\n<p>Aceea\u0219i b\u0103utur\u0103 poate fi turnat\u0103 de p\u00e2n\u0103 la 4 ori la r\u00e2nd, de fiecare dat\u0103 prelungind timpul de perfuzie cu aproximativ 1 minut. P\u0103stra\u021bi-l timp de maximum 5 minute, nu pute\u021bi insista mult timp, b\u0103utura va deveni tart\u0103. <\/p>\n","protected":false},"excerpt":{"rendered":"<p>Sencha este produs\u0103 \u00een Japonia, unde, apropo, este una dintre cele mai populare b\u0103uturi.<\/p>\n<p>Istoria soiului de ceai dateaz\u0103 de mai multe secole. Se crede c\u0103 sencha a fost cultivat\u0103 pentru prima dat\u0103 de c\u0103lug\u0103rii budi\u0219ti japonezi \u00een secolul al 13-lea. Mult\u0103 vreme, soiul a fost disponibil doar oamenilor foarte boga\u021bi datorit\u0103 costului ridicat, dar \u00een prezent sencha este o b\u0103utur\u0103 destul de obi\u0219nuit\u0103 at\u00e2t \u00een patria sa, \u00een \u021bara Soarelui R\u0103sare, c\u00e2t \u0219i dincolo.  <\/p>\n<p>\u0421\u0435\u043d\u0447\u0430 \u043f\u0440\u0435\u0434\u0441\u0442\u0430\u0432\u043b\u044f\u0435\u0442 \u0441\u043e\u0431\u043e\u0439 \u0442\u043e\u043d\u043a\u0438\u0435 \u0441\u043a\u0440\u0443\u0447\u0435\u043d\u043d\u044b\u0435 \u043b\u0438\u0441\u0442\u044c\u044f, \u043f\u043e\u0445\u043e\u0436\u0438\u0435 \u043d\u0430 \u0438\u0433\u043b\u044b \u0445\u0432\u043e\u0439\u043d\u043e\u0433\u043e \u0434\u0435\u0440\u0435\u0432\u0430 (\u044f\u043f\u043e\u043d\u0446\u044b \u043f\u0440\u0435\u0434\u043f\u043e\u0447\u0438\u0442\u0430\u044e\u0442 \u0434\u0440\u0443\u0433\u0443\u044e \u0430\u0441\u0441\u043e\u0446\u0438\u0430\u0446\u0438\u044e \u2013 \u0441 \u00ab\u043f\u0430\u0443\u0447\u044c\u0438\u043c\u0438 \u043b\u0430\u043f\u0430\u043c\u0438\u00bb). \u0412 \u043f\u0440\u043e\u0446\u0435\u0441\u0441\u0435 \u043f\u0440\u043e\u0438\u0437\u0432\u043e\u0434\u0441\u0442\u0432\u0430 \u043b\u0438\u0441\u0442\u044c\u044f \u044d\u0442\u043e\u0433\u043e \u0441\u043e\u0440\u0442\u0430 \u043d\u0435 \u043e\u0431\u0436\u0430\u0440\u0438\u0432\u0430\u044e\u0442, \u0430 \u0442\u043e\u043b\u044c\u043a\u043e \u043e\u0431\u0440\u0430\u0431\u0430\u0442\u044b\u0432\u0430\u044e\u0442 \u043f\u0430\u0440\u043e\u043c. \u0411\u043b\u0430\u0433\u043e\u0434\u0430\u0440\u044f \u044d\u0442\u043e\u043c\u0443 \u0441\u0435\u043d\u0447\u0430 \u0441\u043e\u0445\u0440\u0430\u043d\u044f\u0442 \u0433\u043e\u0440\u0430\u0437\u0434\u043e \u0431\u043e\u043b\u044c\u0448\u0435 \u0432\u0438\u0442\u0430\u043c\u0438\u043d\u043e\u0432 \u0438 \u043c\u0438\u043d\u0435\u0440\u0430\u043b\u043e\u0432 \u0432 \u0441\u043e\u0441\u0442\u0430\u0432\u0435, \u0432 \u043e\u0442\u043b\u0438\u0447\u0438\u0435 \u043e\u0442 \u0434\u0440\u0443\u0433\u0438\u0445 \u0447\u0430\u0439\u043d\u044b\u0445 \u0441\u043e\u0440\u0442\u043e\u0432.  <\/p>\n<p>\u0421\u043e\u0434\u0435\u0440\u0436\u0438\u0442 \u0432\u0438\u0442\u0430\u043c\u0438\u043d\u044b \u0410, \u0415, \u0421, \u0430\u043d\u0442\u0438\u043e\u043a\u0441\u0438\u0434\u0430\u043d\u0442\u044b, \u0439\u043e\u0434, \u043f\u043e\u043d\u0438\u0436\u0430\u0435\u0442 \u0445\u043e\u043b\u0435\u0441\u0442\u0435\u0440\u0438\u043d<\/p>\n<p>\u0417\u0435\u043b\u0435\u043d\u044b\u0439 \u0447\u0430\u0439 \u0431\u0435\u0437 \u0434\u043e\u0431\u0430\u0432\u043e\u043a<\/p>\n<p>\u0421\u0435\u043d\u0447\u0430 \u0438\u043c\u0435\u0435\u0442 \u0431\u043b\u0435\u0434\u043d\u043e-\u0436\u0435\u043b\u0442\u044b\u0439 \u043e\u0442\u0442\u0435\u043d\u043e\u043a, \u0445\u0430\u0440\u0430\u043a\u0442\u0435\u0440\u043d\u044b\u0439 \u0434\u043b\u044f \u00ab\u0437\u0435\u043b\u0435\u043d\u044b\u0445\u00bb \u0441\u043e\u0440\u0442\u043e\u0432. \u0410\u0440\u043e\u043c\u0430\u0442, \u043a\u0430\u043a \u043f\u0440\u0430\u0432\u0438\u043b\u043e, \u043d\u0435 \u0432\u044b\u0440\u0430\u0436\u0435\u043d. \u0412\u043a\u0443\u0441 \u043c\u043e\u0436\u043d\u043e \u043e\u043f\u0438\u0441\u0430\u0442\u044c \u043a\u0430\u043a \u043c\u044f\u0433\u043a\u0438\u0439 \u0438 \u0441\u043e\u0432\u0441\u0435\u043c \u0447\u0443\u0442\u044c-\u0447\u0443\u0442\u044c \u0442\u0435\u0440\u043f\u043a\u0438\u0439. \u0422\u0430\u043a\u0436\u0435 \u043d\u0430\u043f\u0438\u0442\u043e\u043a \u043e\u0441\u0442\u0430\u0432\u043b\u044f\u0435\u0442 \u043f\u0440\u0438\u044f\u0442\u043d\u043e\u0435 \u043f\u043e\u0441\u043b\u0435\u0432\u043a\u0443\u0441\u0438\u0435, \u0440\u0430\u0441\u0441\u043b\u0430\u0431\u043b\u044f\u0435\u0442 \u0438 \u043e\u0441\u0432\u0435\u0436\u0430\u0435\u0442.   <\/p>\n<p>\u0412 \u0437\u0430\u0432\u0430\u0440\u043d\u0438\u043a \u0432\u0441\u044b\u043f\u0430\u0442\u044c 1 \u0447\u0430\u0439\u043d\u0443\u044e \u043b\u043e\u0436\u043a\u0443 \u0447\u0430\u0439\u043d\u044b\u0445 \u043b\u0438\u0441\u0442\u044c\u0435\u0432. \u0417\u0430\u043b\u0438\u0442\u044c \u0433\u043e\u0440\u044f\u0447\u0435\u0439 \u0432\u043e\u0434\u043e\u0439 300 \u043c\u043b 85 \u00b0C, \u043d\u0430\u0441\u0442\u043e\u044f\u0442\u044c \u0432 \u0442\u0435\u0447\u0435\u043d\u0438\u0435 3-5 \u043c\u0438\u043d, \u0447\u0442\u043e\u0431\u044b \u043f\u043e\u043b\u0443\u0447\u0438\u0442\u044c \u043d\u0430\u043f\u0438\u0442\u043e\u043a \u0441 \u0434\u0435\u043b\u0438\u043a\u0430\u0442\u043d\u044b\u043c \u0432\u043a\u0443\u0441\u043e\u043c.<\/p>\n<p>Aceea\u0219i b\u0103utur\u0103 poate fi turnat\u0103 de p\u00e2n\u0103 la 4 ori la r\u00e2nd, de fiecare dat\u0103 prelungind timpul de perfuzie cu aproximativ 1 minut. P\u0103stra\u021bi-l timp de maximum 5 minute, nu pute\u021bi insista mult timp, b\u0103utura va deveni tart\u0103. <\/p>\n","protected":false},"featured_media":2048,"comment_status":"open","ping_status":"closed","template":"","meta":[],"product_brand":[],"product_cat":[331,332],"product_tag":[],"class_list":{"0":"post-14087","1":"product","2":"type-product","3":"status-publish","4":"has-post-thumbnail","6":"product_cat-zelyonyj-chaj","7":"product_cat-zelyonyj-bez-dobavok","9":"first","10":"instock","11":"shipping-taxable","12":"purchasable","13":"product-type-variable","14":"has-default-attributes"},"_links":{"self":[{"href":"https:\/\/tea-shop.md\/ro\/wp-json\/wp\/v2\/product\/14087","targetHints":{"allow":["GET"]}}],"collection":[{"href":"https:\/\/tea-shop.md\/ro\/wp-json\/wp\/v2\/product"}],"about":[{"href":"https:\/\/tea-shop.md\/ro\/wp-json\/wp\/v2\/types\/product"}],"replies":[{"embeddable":true,"href":"https:\/\/tea-shop.md\/ro\/wp-json\/wp\/v2\/comments?post=14087"}],"version-history":[{"count":3,"href":"https:\/\/tea-shop.md\/ro\/wp-json\/wp\/v2\/product\/14087\/revisions"}],"predecessor-version":[{"id":15048,"href":"https:\/\/tea-shop.md\/ro\/wp-json\/wp\/v2\/product\/14087\/revisions\/15048"}],"wp:featuredmedia":[{"embeddable":true,"href":"https:\/\/tea-shop.md\/ro\/wp-json\/wp\/v2\/media\/2048"}],"wp:attachment":[{"href":"https:\/\/tea-shop.md\/ro\/wp-json\/wp\/v2\/media?parent=14087"}],"wp:term":[{"taxonomy":"product_brand","embeddable":true,"href":"https:\/\/tea-shop.md\/ro\/wp-json\/wp\/v2\/product_brand?post=14087"},{"taxonomy":"product_cat","embeddable":true,"href":"https:\/\/tea-shop.md\/ro\/wp-json\/wp\/v2\/product_cat?post=14087"},{"taxonomy":"product_tag","embeddable":true,"href":"https:\/\/tea-shop.md\/ro\/wp-json\/wp\/v2\/product_tag?post=14087"}],"curies":[{"name":"wp","href":"https:\/\/api.w.org\/{rel}","templated":true}]}}