{"id":14094,"date":"2025-12-09T20:31:56","date_gmt":"2025-12-09T18:31:56","guid":{"rendered":"https:\/\/tea-shop.md\/product\/melc-verde-cu-fructe\/"},"modified":"2026-03-31T18:33:24","modified_gmt":"2026-03-31T15:33:24","slug":"melc-verde-cu-fructe","status":"publish","type":"product","link":"https:\/\/tea-shop.md\/ro\/produs\/melc-verde-cu-fructe\/","title":{"rendered":"Melc verde cu fructe"},"content":{"rendered":"<p>Ceai verde rulat cu frunze mari, cu fructe confiate, mere \u0219i flori de hibiscus. Are o infuzie u\u0219oar\u0103 transparent\u0103, cu gust dulce \u0219i arom\u0103 fructat\u0103. <\/p>\n<p>Se toarn\u0103 1 linguri\u021b\u0103 de frunze de ceai \u00een ceainic. Se toarn\u0103 300 ml de ap\u0103 cald\u0103 85-90 C, insist\u0103 timp de 3-5 minute pentru a ob\u021bine o b\u0103utur\u0103 cu un gust delicat. <\/p>\n","protected":false},"excerpt":{"rendered":"<p>\u042f\u0440\u043a\u0438\u0439 \u0437\u0435\u043b\u0435\u043d\u044b\u0439 \u043a\u0438\u0442\u0430\u0439\u0441\u043a\u0438\u0439 \u0447\u0430\u0439 \u0441 \u0446\u0443\u043a\u0430\u0442\u0430\u043c\u0438 \u0444\u0440\u0443\u043a\u0442\u043e\u0432. \u0418\u043c\u0435\u0435\u0442 \u0441\u0432\u0435\u0442\u043b\u044b\u0439 \u043f\u0440\u043e\u0437\u0440\u0430\u0447\u043d\u044b\u0439 \u043d\u0430\u0441\u0442\u043e\u0439 \u0441\u043e \u0441\u043b\u0430\u0434\u043a\u0438\u043c \u0432\u043a\u0443\u0441\u043e\u043c \u0438 \u0444\u0440\u0443\u043a\u0442\u043e\u0432\u044b\u043c \u0430\u0440\u043e\u043c\u0430\u0442\u043e\u043c. <\/p>\n","protected":false},"featured_media":2038,"comment_status":"open","ping_status":"closed","template":"","meta":[],"product_brand":[],"product_cat":[331,333],"product_tag":[],"class_list":{"0":"post-14094","1":"product","2":"type-product","3":"status-publish","4":"has-post-thumbnail","6":"product_cat-zelyonyj-chaj","7":"product_cat-zelyonyj-s-dobavkami","9":"first","10":"instock","11":"shipping-taxable","12":"purchasable","13":"product-type-variable","14":"has-default-attributes"},"_links":{"self":[{"href":"https:\/\/tea-shop.md\/ro\/wp-json\/wp\/v2\/product\/14094","targetHints":{"allow":["GET"]}}],"collection":[{"href":"https:\/\/tea-shop.md\/ro\/wp-json\/wp\/v2\/product"}],"about":[{"href":"https:\/\/tea-shop.md\/ro\/wp-json\/wp\/v2\/types\/product"}],"replies":[{"embeddable":true,"href":"https:\/\/tea-shop.md\/ro\/wp-json\/wp\/v2\/comments?post=14094"}],"version-history":[{"count":1,"href":"https:\/\/tea-shop.md\/ro\/wp-json\/wp\/v2\/product\/14094\/revisions"}],"predecessor-version":[{"id":14823,"href":"https:\/\/tea-shop.md\/ro\/wp-json\/wp\/v2\/product\/14094\/revisions\/14823"}],"wp:featuredmedia":[{"embeddable":true,"href":"https:\/\/tea-shop.md\/ro\/wp-json\/wp\/v2\/media\/2038"}],"wp:attachment":[{"href":"https:\/\/tea-shop.md\/ro\/wp-json\/wp\/v2\/media?parent=14094"}],"wp:term":[{"taxonomy":"product_brand","embeddable":true,"href":"https:\/\/tea-shop.md\/ro\/wp-json\/wp\/v2\/product_brand?post=14094"},{"taxonomy":"product_cat","embeddable":true,"href":"https:\/\/tea-shop.md\/ro\/wp-json\/wp\/v2\/product_cat?post=14094"},{"taxonomy":"product_tag","embeddable":true,"href":"https:\/\/tea-shop.md\/ro\/wp-json\/wp\/v2\/product_tag?post=14094"}],"curies":[{"name":"wp","href":"https:\/\/api.w.org\/{rel}","templated":true}]}}