{"id":14100,"date":"2025-12-09T20:31:56","date_gmt":"2025-12-09T18:31:56","guid":{"rendered":"https:\/\/tea-shop.md\/product\/ace-de-pin\/"},"modified":"2026-03-31T18:32:56","modified_gmt":"2026-03-31T15:32:56","slug":"ace-de-pin","status":"publish","type":"product","link":"https:\/\/tea-shop.md\/ro\/produs\/ace-de-pin\/","title":{"rendered":"Ace De Pin"},"content":{"rendered":"<p>Ace de pin sunt un ceai de mare altitudine din cea mai timpurie recolt\u0103 de prim\u0103var\u0103 \u0219i, prin urmare, este considerat cea mai \u00eenalt\u0103 calitate. Acest ceai provine din jude\u021bul Fengqing, care apar\u021bine celui mai \u00eenalt district de ceai din provincia Yunnan, Lingcang. <\/p>\n<p>Ceaiul este recoltat \u00eenainte \u0219i dup\u0103 echinoc\u021biul de prim\u0103var\u0103, vara \u0219i toamna pe tot parcursul anului. Calitatea celui mai vechi ceai de prim\u0103var\u0103 este considerat\u0103 cea mai bun\u0103. Are o arom\u0103 persistent\u0103 \u0219i un gust dulce r\u0103coritor.<\/p>\n<p>Frunza de ceai are forma acelor care &#8222;danseaz\u0103&#8221; atunci c\u00e2nd sunt preparate.<\/p>\n<p>Infuzia are un gust foarte expresiv, picant, cu tonuri lemnoase, conifere \u0219i nuci. Infuzia de ceai este transparent\u0103, galben-verzuie. <\/p>\n<p>Se toarn\u0103 1 linguri\u021b\u0103 de frunze de ceai \u00een ceainic. Se toarn\u0103 300 ml de ap\u0103 cald\u0103 85-90 C, insist\u0103 timp de 3-5 minute pentru a ob\u021bine o b\u0103utur\u0103 cu un gust delicat. <\/p>\n<p>Aceea\u0219i b\u0103utur\u0103 poate fi turnat\u0103 de p\u00e2n\u0103 la 4 ori la r\u00e2nd, de fiecare dat\u0103 prelungind timpul de perfuzie cu aproximativ 1 minut. P\u0103stra\u021bi-l timp de maximum 5 minute, nu pute\u021bi insista mult timp, b\u0103utura va deveni tart\u0103. <\/p>\n","protected":false},"excerpt":{"rendered":"<p>\u0421\u043e\u0441\u043d\u043e\u0432\u044b\u0435 \u0438\u0433\u043b\u044b \u2013 \u044d\u0442\u043e \u0432\u044b\u0441\u043e\u043a\u043e\u0433\u043e\u0440\u043d\u044b\u0439 \u0447\u0430\u0439 \u0441\u0430\u043c\u043e\u0433\u043e \u0440\u0430\u043d\u043d\u0435\u0433\u043e \u0432\u0435\u0441\u0435\u043d\u043d\u0435\u0433\u043e \u0441\u0431\u043e\u0440\u0430, \u0430 \u043f\u043e\u0442\u043e\u043c\u0443 \u0441\u0447\u0438\u0442\u0430\u0435\u0442\u0441\u044f \u0441\u0430\u043c\u044b\u043c \u043a\u0430\u0447\u0435\u0441\u0442\u0432\u0435\u043d\u043d\u044b\u043c. \u0420\u043e\u0434\u043e\u043c \u044d\u0442\u043e\u0442 \u0447\u0430\u0439 \u0438\u0437 \u0443\u0435\u0437\u0434\u0430 \u0424\u044d\u043d\u0446\u0438\u043d, \u043a\u043e\u0442\u043e\u0440\u044b\u0439 \u043e\u0442\u043d\u043e\u0441\u0438\u0442\u0441\u044f \u043a \u0441\u0430\u043c\u043e\u043c\u0443 \u0432\u044b\u0441\u043e\u043a\u043e\u0433\u043e\u0440\u043d\u043e\u043c\u0443 \u0447\u0430\u0439\u043d\u043e\u043c\u0443 \u0440\u0430\u0439\u043e\u043d\u0443 \u043f\u0440\u043e\u0432\u0438\u043d\u0446\u0438\u0438 \u042e\u043d\u044c\u043d\u0430\u043d\u044c &#8211; \u041b\u0438\u043d\u0446\u0430\u043d\u0443. <\/p>\n<p>\u0427\u0430\u0439 \u0441\u043e\u0431\u0438\u0440\u0430\u044e\u0442 \u0434\u043e \u0438 \u043f\u043e\u0441\u043b\u0435 \u0432\u0435\u0441\u0435\u043d\u043d\u0435\u0433\u043e \u0440\u0430\u0432\u043d\u043e\u0434\u0435\u043d\u0441\u0442\u0432\u0438\u044f, \u043b\u0435\u0442\u043e\u043c \u0438 \u043e\u0441\u0435\u043d\u044c\u044e \u0432 \u0442\u0435\u0447\u0435\u043d\u0438\u0435 \u0432\u0441\u0435\u0433\u043e \u0433\u043e\u0434\u0430. \u041a\u0430\u0447\u0435\u0441\u0442\u0432\u043e \u0441\u0430\u043c\u043e\u0433\u043e \u0440\u0430\u043d\u043d\u0435\u0433\u043e \u0432\u0435\u0441\u0435\u043d\u043d\u0435\u0433\u043e \u0447\u0430\u044f \u0441\u0447\u0438\u0442\u0430\u0435\u0442\u0441\u044f \u0441\u0430\u043c\u044b\u043c \u043b\u0443\u0447\u0448\u0438\u043c. \u0423 \u043d\u0435\u0433\u043e \u0441\u0442\u043e\u0439\u043a\u0438\u0439 \u0430\u0440\u043e\u043c\u0430\u0442 \u0438 \u0441\u043b\u0430\u0434\u043a\u0438\u0439 \u043e\u0441\u0432\u0435\u0436\u0430\u044e\u0449\u0438\u0439 \u0432\u043a\u0443\u0441. \u0417\u0435\u043b\u0451\u043d\u044b\u0439 \u0447\u0430\u0439 \u0421\u043e\u0441\u043d\u043e\u0432\u044b\u0435 \u0438\u0433\u043b\u044b, \u043f\u0440\u0435\u0434\u0441\u0442\u0430\u0432\u043b\u0435\u043d\u043d\u044b\u0439 \u043d\u0430 \u043d\u0430\u0448\u0435\u043c \u0441\u0430\u0439\u0442\u0435, \u043a\u0430\u043a \u0440\u0430\u0437 \u0438\u0437\u0433\u043e\u0442\u043e\u0432\u043b\u0435\u043d \u0438\u0437 \u0441\u044b\u0440\u044c\u044f \u043f\u0435\u0440\u0432\u043e\u0433\u043e \u0440\u0430\u043d\u043d\u0435\u0433\u043e \u0441\u0431\u043e\u0440\u0430.   <\/p>\n<p>Frunza de ceai are forma acelor care &#8222;danseaz\u0103&#8221; atunci c\u00e2nd sunt preparate.<\/p>\n<p>\u0417\u0435\u043b\u0435\u043d\u044b\u0439 \u0447\u0430\u0439 \u0431\u0435\u0437 \u0434\u043e\u0431\u0430\u0432\u043e\u043a<\/p>\n<p>\u041e\u0447\u0435\u043d\u044c \u0432\u044b\u0440\u0430\u0437\u0438\u0442\u0435\u043b\u044c\u043d\u044b\u0439, \u043f\u0440\u044f\u043d\u044b\u0439 \u0432\u043a\u0443\u0441, \u0441 \u0434\u0440\u0435\u0432\u0435\u0441\u043d\u044b\u043c\u0438, \u0445\u0432\u043e\u0439\u043d\u044b\u043c\u0438 \u0438 \u043e\u0440\u0435\u0445\u043e\u0432\u044b\u043c\u0438 \u0442\u043e\u043d\u0430\u043c\u0438<\/p>\n<p>\u0412\u043a\u0443\u0441 \u043f\u043b\u043e\u0442\u043d\u044b\u0439, \u0441 \u043d\u043e\u0442\u0430\u043c\u0438 \u043a\u0430\u0448\u0442\u0430\u043d\u0430, \u0441\u043e\u043b\u043e\u0434\u0430 \u0438 \u0442\u044b\u043a\u0432\u0435\u043d\u043d\u044b\u0445 \u0441\u0435\u043c\u0435\u0447\u0435\u043a.<\/p>\n<p>\u0427\u0430\u0439\u043d\u044b\u0439 \u043d\u0430\u0441\u0442\u043e\u0439 \u043f\u0440\u043e\u0437\u0440\u0430\u0447\u043d\u044b\u0439, \u0437\u0435\u043b\u0435\u043d\u043e\u0432\u0430\u0442\u043e-\u0436\u0451\u043b\u0442\u044b\u0439<\/p>\n<p>Se toarn\u0103 1 linguri\u021b\u0103 de frunze de ceai \u00een ceainic. Se toarn\u0103 300 ml de ap\u0103 cald\u0103 85-90 C, insist\u0103 timp de 3-5 minute pentru a ob\u021bine o b\u0103utur\u0103 cu un gust delicat. <\/p>\n<p>Aceea\u0219i b\u0103utur\u0103 poate fi turnat\u0103 de p\u00e2n\u0103 la 4 ori la r\u00e2nd, de fiecare dat\u0103 prelungind timpul de perfuzie cu aproximativ 1 minut. P\u0103stra\u021bi-l timp de maximum 5 minute, nu pute\u021bi insista mult timp, b\u0103utura va deveni tart\u0103. <\/p>\n","protected":false},"featured_media":2054,"comment_status":"open","ping_status":"closed","template":"","meta":[],"product_brand":[],"product_cat":[331,332],"product_tag":[],"class_list":{"0":"post-14100","1":"product","2":"type-product","3":"status-publish","4":"has-post-thumbnail","6":"product_cat-zelyonyj-chaj","7":"product_cat-zelyonyj-bez-dobavok","9":"first","10":"instock","11":"shipping-taxable","12":"purchasable","13":"product-type-variable","14":"has-default-attributes"},"_links":{"self":[{"href":"https:\/\/tea-shop.md\/ro\/wp-json\/wp\/v2\/product\/14100","targetHints":{"allow":["GET"]}}],"collection":[{"href":"https:\/\/tea-shop.md\/ro\/wp-json\/wp\/v2\/product"}],"about":[{"href":"https:\/\/tea-shop.md\/ro\/wp-json\/wp\/v2\/types\/product"}],"replies":[{"embeddable":true,"href":"https:\/\/tea-shop.md\/ro\/wp-json\/wp\/v2\/comments?post=14100"}],"version-history":[{"count":1,"href":"https:\/\/tea-shop.md\/ro\/wp-json\/wp\/v2\/product\/14100\/revisions"}],"predecessor-version":[{"id":14822,"href":"https:\/\/tea-shop.md\/ro\/wp-json\/wp\/v2\/product\/14100\/revisions\/14822"}],"wp:featuredmedia":[{"embeddable":true,"href":"https:\/\/tea-shop.md\/ro\/wp-json\/wp\/v2\/media\/2054"}],"wp:attachment":[{"href":"https:\/\/tea-shop.md\/ro\/wp-json\/wp\/v2\/media?parent=14100"}],"wp:term":[{"taxonomy":"product_brand","embeddable":true,"href":"https:\/\/tea-shop.md\/ro\/wp-json\/wp\/v2\/product_brand?post=14100"},{"taxonomy":"product_cat","embeddable":true,"href":"https:\/\/tea-shop.md\/ro\/wp-json\/wp\/v2\/product_cat?post=14100"},{"taxonomy":"product_tag","embeddable":true,"href":"https:\/\/tea-shop.md\/ro\/wp-json\/wp\/v2\/product_tag?post=14100"}],"curies":[{"name":"wp","href":"https:\/\/api.w.org\/{rel}","templated":true}]}}