{"id":14114,"date":"2025-12-09T20:31:57","date_gmt":"2025-12-09T18:31:57","guid":{"rendered":"https:\/\/tea-shop.md\/product\/comoara-seicului\/"},"modified":"2026-03-31T18:34:12","modified_gmt":"2026-03-31T15:34:12","slug":"comoara-seicului","status":"publish","type":"product","link":"https:\/\/tea-shop.md\/ro\/produs\/comoara-seicului\/","title":{"rendered":"Comoara \u0219eicului"},"content":{"rendered":"<p>Ceai verde chinezesc combinat cu coaja de portocal\u0103 \u0219i ananas confiat, decorat cu petale de trandafir.<\/p>\n<div class=\"FuturisMarkdown-Paragraph\">Acest ceai nu este doar delicios, ci \u0219i foarte s\u0103n\u0103tos. Infuzia con\u021bine o concentra\u021bie mare de catechine, care protejeaz\u0103 celulele de radicalii liberi. Acest lucru ajut\u0103 la \u00eencetinirea procesului de \u00eemb\u0103tr\u00e2nire \u0219i reduce riscul de a dezvolta diverse boli, cum ar fi cancerul \u0219i bolile cardiovasculare. Ceaiul con\u021bine vitaminele A, C, E, K \u0219i grupa B, precum \u0219i magneziu, potasiu, fosfor \u0219i fluor, care sunt esen\u021biale pentru men\u021binerea s\u0103n\u0103t\u0103\u021bii corpului. Datorit\u0103 acestui fapt, are un efect de restaurare, stimuleaz\u0103 creierul, tonific\u0103 \u0219i revigoreaz\u0103.    <\/div>\n<div><\/div>\n<div class=\"FuturisMarkdown-Paragraph\">Ceaiul are un gust bogat de fructe r\u0103coritoare, cu nuan\u021be tropicale.<\/div>\n<p>Se toarn\u0103 1 linguri\u021b\u0103 de frunze de ceai \u00een ceainic. Se toarn\u0103 250 ml de ap\u0103 cald\u0103 95cc, insist\u0103 timp de 3-5 minute pentru a ob\u021bine o b\u0103utur\u0103 cu un gust delicat. <\/p>\n","protected":false},"excerpt":{"rendered":"<p>\u0417\u0435\u043b\u0435\u043d\u044b\u0439 \u0447\u0430\u0439 \u0413\u0430\u043d\u043f\u0430\u0443\u0434\u0435\u0440, \u0430\u0440\u043e\u043c\u0430\u0442\u0438\u0437\u0438\u0440\u043e\u0432\u0430\u043d\u043d\u044b\u0439 \u043d\u0430\u0442\u0443\u0440\u0430\u043b\u044c\u043d\u044b\u043c\u0438 \u043c\u0430\u0441\u043b\u0430\u043c\u0438, \u0441 \u0434\u043e\u0431\u0430\u0432\u043b\u0435\u043d\u0438\u0435\u043c \u043a\u0443\u0441\u043e\u0447\u043a\u043e\u0432 \u0430\u043d\u0430\u043d\u0430\u0441\u0430 \u0438 \u043f\u0430\u043f\u0430\u0439\u0438, \u0446\u0435\u0434\u0440\u044b \u0430\u043f\u0435\u043b\u044c\u0441\u0438\u043d\u0430, \u044f\u0433\u043e\u0434 \u0441\u043c\u043e\u0440\u043e\u0434\u0438\u043d\u044b, \u043b\u0435\u043f\u0435\u0441\u0442\u043a\u043e\u0432 \u0438\u043d\u0434\u0438\u0439\u0441\u043a\u043e\u0439 \u0440\u043e\u0437\u044b. \u041d\u0430\u0441\u0442\u043e\u0439 \u0437\u043e\u043b\u043e\u0442\u0438\u0441\u0442\u044b\u0439 \u0441 \u0440\u043e\u0437\u043e\u0432\u0430\u0442\u044b\u043c \u043e\u0442\u0442\u0435\u043d\u043a\u043e\u043c, \u0441\u043e \u0432\u0440\u0435\u043c\u0435\u043d\u0435\u043c \u0442\u0435\u043c\u043d\u0435\u0435\u0442. \u0427\u0430\u0439 \u043e\u0431\u043b\u0430\u0434\u0430\u0435\u0442 \u043b\u0435\u0433\u043a\u0438\u043c \u0441\u043b\u0430\u0434\u043a\u043e\u0432\u0430\u0442\u043e-\u0430\u043f\u0435\u043b\u044c\u0441\u0438\u043d\u043e\u0432\u044b\u043c \u0430\u0440\u043e\u043c\u0430\u0442\u043e\u043c \u0438 \u043c\u044f\u0433\u043a\u0438\u043c \u0441\u043b\u0430\u0434\u043a\u043e\u0432\u0430\u0442\u044b\u043c \u0432\u043a\u0443\u0441\u043e\u043c. \u041d\u0430\u043f\u0438\u0442\u043e\u043a \u0441\u043e\u0434\u0435\u0440\u0436\u0438\u0442 \u043e\u0440\u0433\u0430\u043d\u0438\u0447\u0435\u0441\u043a\u0438\u0435 \u043a\u0438\u0441\u043b\u043e\u0442\u044b, \u0441\u0430\u0445\u0430\u0440\u0430, \u0432\u0438\u0442\u0430\u043c\u0438\u043d\u044b \u0438 \u043c\u0438\u043d\u0435\u0440\u0430\u043b\u044b. \u041e\u043d \u0431\u043e\u0434\u0440\u0438\u0442 \u0438 \u0442\u043e\u043d\u0438\u0437\u0438\u0440\u0443\u0435\u0442, \u043e\u0441\u0432\u0435\u0436\u0430\u0435\u0442 \u0438 \u0443\u0442\u043e\u043b\u044f\u0435\u0442 \u0436\u0430\u0436\u0434\u0443, \u0443\u043b\u0443\u0447\u0448\u0430\u0435\u0442 \u0430\u043f\u043f\u0435\u0442\u0438\u0442 \u0438 \u043f\u0438\u0449\u0435\u0432\u0430\u0440\u0435\u043d\u0438\u0435, \u043d\u043e\u0440\u043c\u0430\u043b\u0438\u0437\u0443\u0435\u0442 \u043e\u0431\u043c\u0435\u043d \u0432\u0435\u0449\u0435\u0441\u0442\u0432, \u0441\u043f\u043e\u0441\u043e\u0431\u0441\u0442\u0432\u0443\u0435\u0442 \u0432\u044b\u0432\u0435\u0434\u0435\u043d\u0438\u044e \u0448\u043b\u0430\u043a\u043e\u0432 \u0438 \u0442\u043e\u043a\u0441\u0438\u043d\u043e\u0432 \u0438\u0437 \u043e\u0440\u0433\u0430\u043d\u0438\u0437\u043c\u0430, \u043e\u0431\u043b\u0430\u0434\u0430\u0435\u0442 \u043f\u0440\u043e\u0442\u0438\u0432\u043e\u0432\u043e\u0441\u043f\u0430\u043b\u0438\u0442\u0435\u043b\u044c\u043d\u044b\u043c\u0438, \u043c\u043e\u0447\u0435\u0433\u043e\u043d\u043d\u044b\u043c\u0438, \u0436\u0435\u043b\u0447\u0435\u0433\u043e\u043d\u043d\u044b\u043c\u0438, \u0430\u043d\u0442\u0438\u0441\u0435\u043f\u0442\u0438\u0447\u0435\u0441\u043a\u0438\u043c\u0438, \u043e\u0431\u0449\u0435\u0443\u043a\u0440\u0435\u043f\u043b\u044f\u044e\u0449\u0438\u043c\u0438 \u0441\u0432\u043e\u0439\u0441\u0442\u0432\u0430\u043c\u0438.    <\/p>\n<p>\u0427\u0430\u0439 \u0437\u0435\u043b\u0435\u043d\u044b\u0439 \u0431\u0430\u0439\u0445\u043e\u0432\u044b\u0439 \u043a\u0440\u0443\u043f\u043d\u043e\u043b\u0438\u0441\u0442\u043e\u0432\u043e\u0439 (\u041a\u0438\u0442\u0430\u0439), \u043a\u0443\u0441\u043e\u0447\u043a\u0438 \u0446\u0435\u0434\u0440\u044b \u0446\u0438\u0442\u0440\u0443\u0441\u043e\u0432\u044b\u0445, \u043a\u0443\u0441\u043e\u0447\u043a\u0438 \u0430\u043d\u0430\u043d\u0430\u0441\u0430, \u043b\u0435\u043f\u0435\u0441\u0442\u043a\u0438 \u0440\u043e\u0437\u044b, \u0430\u0440\u043e\u043c\u0430\u0442\u0438\u0437\u0438\u0440\u043e\u0432\u0430\u043d\u043e \u043c\u0430\u0441\u043b\u0430\u043c\u0438.<\/p>\n<p>\u041d\u0430\u0441\u044b\u0449\u0435\u043d\u043d\u044b\u0439 \u043e\u0441\u0432\u0435\u0436\u0430\u044e\u0449\u0438\u0439 \u0444\u0440\u0443\u043a\u0442\u043e\u0432\u044b\u0439 \u0432\u043a\u0443\u0441 \u0441 \u0442\u0440\u043e\u043f\u0438\u0447\u0435\u0441\u043a\u0438\u043c\u0438 \u043e\u0442\u0442\u0435\u043d\u043a\u0430\u043c\u0438.<\/p>\n<p>Se toarn\u0103 1 linguri\u021b\u0103 de frunze de ceai \u00een ceainic. Se toarn\u0103 250 ml de ap\u0103 cald\u0103 95cc, insist\u0103 timp de 3-5 minute pentru a ob\u021bine o b\u0103utur\u0103 cu un gust delicat. <\/p>\n","protected":false},"featured_media":2029,"comment_status":"open","ping_status":"closed","template":"","meta":[],"product_brand":[],"product_cat":[331,333],"product_tag":[],"class_list":{"0":"post-14114","1":"product","2":"type-product","3":"status-publish","4":"has-post-thumbnail","6":"product_cat-zelyonyj-chaj","7":"product_cat-zelyonyj-s-dobavkami","9":"first","10":"instock","11":"shipping-taxable","12":"purchasable","13":"product-type-variable","14":"has-default-attributes"},"_links":{"self":[{"href":"https:\/\/tea-shop.md\/ro\/wp-json\/wp\/v2\/product\/14114","targetHints":{"allow":["GET"]}}],"collection":[{"href":"https:\/\/tea-shop.md\/ro\/wp-json\/wp\/v2\/product"}],"about":[{"href":"https:\/\/tea-shop.md\/ro\/wp-json\/wp\/v2\/types\/product"}],"replies":[{"embeddable":true,"href":"https:\/\/tea-shop.md\/ro\/wp-json\/wp\/v2\/comments?post=14114"}],"version-history":[{"count":1,"href":"https:\/\/tea-shop.md\/ro\/wp-json\/wp\/v2\/product\/14114\/revisions"}],"predecessor-version":[{"id":14826,"href":"https:\/\/tea-shop.md\/ro\/wp-json\/wp\/v2\/product\/14114\/revisions\/14826"}],"wp:featuredmedia":[{"embeddable":true,"href":"https:\/\/tea-shop.md\/ro\/wp-json\/wp\/v2\/media\/2029"}],"wp:attachment":[{"href":"https:\/\/tea-shop.md\/ro\/wp-json\/wp\/v2\/media?parent=14114"}],"wp:term":[{"taxonomy":"product_brand","embeddable":true,"href":"https:\/\/tea-shop.md\/ro\/wp-json\/wp\/v2\/product_brand?post=14114"},{"taxonomy":"product_cat","embeddable":true,"href":"https:\/\/tea-shop.md\/ro\/wp-json\/wp\/v2\/product_cat?post=14114"},{"taxonomy":"product_tag","embeddable":true,"href":"https:\/\/tea-shop.md\/ro\/wp-json\/wp\/v2\/product_tag?post=14114"}],"curies":[{"name":"wp","href":"https:\/\/api.w.org\/{rel}","templated":true}]}}