{"id":14118,"date":"2025-12-09T20:31:55","date_gmt":"2025-12-09T18:31:55","guid":{"rendered":"https:\/\/tea-shop.md\/product\/melc-de-fructe-de-padure-verde\/"},"modified":"2026-03-31T18:32:05","modified_gmt":"2026-03-31T15:32:05","slug":"melc-de-fructe-de-padure-verde","status":"publish","type":"product","link":"https:\/\/tea-shop.md\/ro\/produs\/melc-de-fructe-de-padure-verde\/","title":{"rendered":"Melc de fructe de p\u0103dure verde"},"content":{"rendered":"<p>Ceai verde chinezesc cu frunze mari, cu lavand\u0103 \u0219i c\u0103p\u0219uni.<\/p>\n<p>Lavanda este luat\u0103 pentru boli nevralgice. Planta are, de asemenea, un efect analgezic. <\/p>\n<p>C\u0103p\u0219unile sunt o boab\u0103 parfumat\u0103 cu un con\u021binut ridicat de vitamine C, B \u0219i a, precum \u0219i fier, calciu \u0219i magneziu. Boabele stimuleaz\u0103 circula\u021bia s\u00e2ngelui, \u00eembun\u0103t\u0103\u021besc vederea \u0219i \u00eent\u0103resc memoria. <\/p>\n<p>Infuzia are o arom\u0103 de fructe de p\u0103dure de neegalat \u0219i un gust delicat, cu un gust pl\u0103cut.<\/p>\n<p>Se toarn\u0103 1 linguri\u021b\u0103 de frunze de ceai \u00een ceainic. Se toarn\u0103 250 ml de ap\u0103 cald\u0103 80cc, insist\u0103 timp de 3-5 minute pentru a ob\u021bine o b\u0103utur\u0103 cu un gust delicat. <\/p>\n<p>&nbsp;<\/p>\n","protected":false},"excerpt":{"rendered":"<p>\u041a\u0438\u0442\u0430\u0439\u0441\u043a\u0438\u0439 \u0437\u0435\u043b\u0435\u043d\u044b\u0439 \u0441\u043a\u0440\u0443\u0447\u0435\u043d\u043d\u044b\u0439 \u0447\u0430\u0439 \u0441 \u043b\u0430\u0432\u0430\u043d\u0434\u043e\u0439 \u0438 \u043a\u043b\u0443\u0431\u043d\u0438\u043a\u043e\u0439. \u041d\u0430\u043f\u0438\u0442\u043e\u043a \u0438\u043c\u0435\u0435\u0442 \u0444\u0440\u0430\u043d\u0446\u0443\u0437\u0441\u043a\u0438\u0439 \u043a\u043e\u043b\u043e\u0440\u0438\u0442. <\/p>\n<p>Lavanda este luat\u0103 pentru boli nevralgice. Planta are, de asemenea, un efect analgezic. <\/p>\n<p>C\u0103p\u0219unile sunt o boab\u0103 parfumat\u0103 cu un con\u021binut ridicat de vitamine C, B \u0219i a, precum \u0219i fier, calciu \u0219i magneziu. Boabele stimuleaz\u0103 circula\u021bia s\u00e2ngelui, \u00eembun\u0103t\u0103\u021besc vederea \u0219i \u00eent\u0103resc memoria. <\/p>\n<p>\u0418\u043c\u0435\u0435\u0442 \u043d\u0435\u043f\u0440\u0435\u0432\u0437\u043e\u0439\u0434\u0435\u043d\u043d\u044b\u0439 \u044f\u0433\u043e\u0434\u043d\u044b\u0439 \u0430\u0440\u043e\u043c\u0430\u0442 \u0438 \u0442\u043e\u043d\u043a\u0438\u0439 \u0432\u043a\u0443\u0441 \u0441 \u043f\u0440\u0438\u044f\u0442\u043d\u044b\u043c \u043f\u043e\u0441\u043b\u0435\u0432\u043a\u0443\u0441\u0438\u0435\u043c.<\/p>\n<p>\u0412 \u0437\u0430\u0432\u0430\u0440\u043d\u0438\u043a \u0432\u0441\u044b\u043f\u0430\u0442\u044c 1 \u0447\u0430\u0439\u043d\u0443\u044e \u043b\u043e\u0436\u043a\u0443 \u0447\u0430\u0439\u043d\u044b\u0445 \u043b\u0438\u0441\u0442\u044c\u0435\u0432. \u0417\u0430\u043b\u0438\u0442\u044c \u0433\u043e\u0440\u044f\u0447\u0435\u0439 \u0432\u043e\u0434\u043e\u0439 250 \u043c\u043b 80 \u00b0C, \u043d\u0430\u0441\u0442\u043e\u044f\u0442\u044c \u0432 \u0442\u0435\u0447\u0435\u043d\u0438\u0435 3-5 \u043c\u0438\u043d, \u0447\u0442\u043e\u0431\u044b \u043f\u043e\u043b\u0443\u0447\u0438\u0442\u044c \u043d\u0430\u043f\u0438\u0442\u043e\u043a \u0441 \u0434\u0435\u043b\u0438\u043a\u0430\u0442\u043d\u044b\u043c \u0432\u043a\u0443\u0441\u043e\u043c.<\/p>\n<p>\u041e\u0434\u043d\u0443 \u0438 \u0442\u0443 \u0436\u0435 \u0437\u0430\u0432\u0430\u0440\u043a\u0443 \u043c\u043e\u0436\u043d\u043e \u0437\u0430\u0432\u0430\u0440\u0438\u0432\u0430\u0442\u044c \u043d\u0435\u0441\u043a\u043e\u043b\u044c\u043a\u043e \u0440\u0430\u0437.<\/p>\n","protected":false},"featured_media":2039,"comment_status":"open","ping_status":"closed","template":"","meta":[],"product_brand":[],"product_cat":[331,333],"product_tag":[],"class_list":{"0":"post-14118","1":"product","2":"type-product","3":"status-publish","4":"has-post-thumbnail","6":"product_cat-zelyonyj-chaj","7":"product_cat-zelyonyj-s-dobavkami","9":"first","10":"instock","11":"shipping-taxable","12":"purchasable","13":"product-type-variable","14":"has-default-attributes"},"_links":{"self":[{"href":"https:\/\/tea-shop.md\/ro\/wp-json\/wp\/v2\/product\/14118","targetHints":{"allow":["GET"]}}],"collection":[{"href":"https:\/\/tea-shop.md\/ro\/wp-json\/wp\/v2\/product"}],"about":[{"href":"https:\/\/tea-shop.md\/ro\/wp-json\/wp\/v2\/types\/product"}],"replies":[{"embeddable":true,"href":"https:\/\/tea-shop.md\/ro\/wp-json\/wp\/v2\/comments?post=14118"}],"version-history":[{"count":1,"href":"https:\/\/tea-shop.md\/ro\/wp-json\/wp\/v2\/product\/14118\/revisions"}],"predecessor-version":[{"id":14821,"href":"https:\/\/tea-shop.md\/ro\/wp-json\/wp\/v2\/product\/14118\/revisions\/14821"}],"wp:featuredmedia":[{"embeddable":true,"href":"https:\/\/tea-shop.md\/ro\/wp-json\/wp\/v2\/media\/2039"}],"wp:attachment":[{"href":"https:\/\/tea-shop.md\/ro\/wp-json\/wp\/v2\/media?parent=14118"}],"wp:term":[{"taxonomy":"product_brand","embeddable":true,"href":"https:\/\/tea-shop.md\/ro\/wp-json\/wp\/v2\/product_brand?post=14118"},{"taxonomy":"product_cat","embeddable":true,"href":"https:\/\/tea-shop.md\/ro\/wp-json\/wp\/v2\/product_cat?post=14118"},{"taxonomy":"product_tag","embeddable":true,"href":"https:\/\/tea-shop.md\/ro\/wp-json\/wp\/v2\/product_tag?post=14118"}],"curies":[{"name":"wp","href":"https:\/\/api.w.org\/{rel}","templated":true}]}}