{"id":14123,"date":"2025-12-09T20:31:54","date_gmt":"2025-12-09T18:31:54","guid":{"rendered":"https:\/\/tea-shop.md\/product\/perle-verzi-shun-mi\/"},"modified":"2026-03-31T18:31:40","modified_gmt":"2026-03-31T15:31:40","slug":"perle-verzi-shun-mi","status":"publish","type":"product","link":"https:\/\/tea-shop.md\/ro\/produs\/perle-verzi-shun-mi\/","title":{"rendered":"Perlele verzi ale \u201eShun Mi\u201d"},"content":{"rendered":"<p>Ceai selectat cu frunze mari din China, ale c\u0103rui frunze de ceai seam\u0103n\u0103 cu spr\u00e2ncenele gra\u021bioase de fat\u0103. Ofer\u0103 o infuzie galben\u0103 cu un gust bl\u00e2nd care v\u0103 va ajuta s\u0103 v\u0103 relaxa\u021bi dup\u0103 o zi grea. <\/p>\n<p>Ceai verde f\u0103r\u0103 aditivi. O infuzie galben\u0103 cu gust bl\u00e2nd. <\/p>\n<p>Se toarn\u0103 1 linguri\u021b\u0103 de frunze de ceai \u00een ceainic. Se toarn\u0103 300 ml de ap\u0103 cald\u0103 85-90 C, insist\u0103 timp de 3-5 minute pentru a ob\u021bine o b\u0103utur\u0103 cu un gust delicat. <\/p>\n<p>Aceea\u0219i b\u0103utur\u0103 poate fi turnat\u0103 de p\u00e2n\u0103 la 4 ori la r\u00e2nd, de fiecare dat\u0103 prelungind timpul de perfuzie cu aproximativ 1 minut. P\u0103stra\u021bi-l timp de maximum 5 minute, nu pute\u021bi insista mult timp, b\u0103utura va deveni tart\u0103. <\/p>\n","protected":false},"excerpt":{"rendered":"<p>\u0426\u0435\u043b\u044c\u043d\u043e\u043b\u0438\u0441\u0442\u043e\u0432\u043e\u0439 \u043e\u0442\u0431\u043e\u0440\u043d\u044b\u0439 \u0447\u0430\u0439 \u0438\u0437 \u041a\u0438\u0442\u0430\u044f, \u0447\u0430\u0438\u043d\u043a\u0438 \u043a\u043e\u0442\u043e\u0440\u043e\u0433\u043e \u043d\u0430\u043f\u043e\u043c\u0438\u043d\u0430\u044e\u0442 \u0438\u0437\u044f\u0449\u043d\u044b\u0435 \u0434\u0435\u0432\u0438\u0447\u044c\u0438 \u0431\u0440\u043e\u0432\u0438. \u0414\u0430\u0435\u0442 \u0436\u0435\u043b\u0442\u044b\u0439 \u043d\u0430\u0441\u0442\u043e\u0439 \u0441 \u043c\u044f\u0433\u043a\u0438\u043c \u0432\u043a\u0443\u0441\u043e\u043c, \u043a\u043e\u0442\u043e\u0440\u044b\u0439 \u043f\u043e\u043c\u043e\u0436\u0435\u0442 \u0440\u0430\u0441\u0441\u043b\u0430\u0431\u0438\u0442\u044c\u0441\u044f \u043f\u043e\u0441\u043b\u0435 \u0442\u044f\u0436\u0435\u043b\u043e\u0433\u043e \u0434\u043d\u044f <\/p>\n<p>\u0417\u0435\u043b\u0435\u043d\u044b\u0439 \u0447\u0430\u0439 \u0431\u0435\u0437 \u0434\u043e\u0431\u0430\u0432\u043e\u043a.<\/p>\n<p>\u0416\u0435\u043b\u0442\u044b\u0439 \u043d\u0430\u0441\u0442\u043e\u0439 \u0441 \u043c\u044f\u0433\u043a\u0438\u043c \u0432\u043a\u0443\u0441\u043e\u043c.<\/p>\n<p>Se toarn\u0103 1 linguri\u021b\u0103 de frunze de ceai \u00een ceainic. Se toarn\u0103 300 ml de ap\u0103 cald\u0103 85-90 C, insist\u0103 timp de 3-5 minute pentru a ob\u021bine o b\u0103utur\u0103 cu un gust delicat. <\/p>\n<p>Aceea\u0219i b\u0103utur\u0103 poate fi turnat\u0103 de p\u00e2n\u0103 la 4 ori la r\u00e2nd, de fiecare dat\u0103 prelungind timpul de perfuzie cu aproximativ 1 minut. P\u0103stra\u021bi-l timp de maximum 5 minute, nu pute\u021bi insista mult timp, b\u0103utura va deveni tart\u0103. <\/p>\n","protected":false},"featured_media":2050,"comment_status":"open","ping_status":"closed","template":"","meta":[],"product_brand":[],"product_cat":[331,332],"product_tag":[],"class_list":{"0":"post-14123","1":"product","2":"type-product","3":"status-publish","4":"has-post-thumbnail","6":"product_cat-zelyonyj-chaj","7":"product_cat-zelyonyj-bez-dobavok","9":"first","10":"outofstock","11":"shipping-taxable","12":"purchasable","13":"product-type-variable","14":"has-default-attributes"},"_links":{"self":[{"href":"https:\/\/tea-shop.md\/ro\/wp-json\/wp\/v2\/product\/14123","targetHints":{"allow":["GET"]}}],"collection":[{"href":"https:\/\/tea-shop.md\/ro\/wp-json\/wp\/v2\/product"}],"about":[{"href":"https:\/\/tea-shop.md\/ro\/wp-json\/wp\/v2\/types\/product"}],"replies":[{"embeddable":true,"href":"https:\/\/tea-shop.md\/ro\/wp-json\/wp\/v2\/comments?post=14123"}],"version-history":[{"count":1,"href":"https:\/\/tea-shop.md\/ro\/wp-json\/wp\/v2\/product\/14123\/revisions"}],"predecessor-version":[{"id":14820,"href":"https:\/\/tea-shop.md\/ro\/wp-json\/wp\/v2\/product\/14123\/revisions\/14820"}],"wp:featuredmedia":[{"embeddable":true,"href":"https:\/\/tea-shop.md\/ro\/wp-json\/wp\/v2\/media\/2050"}],"wp:attachment":[{"href":"https:\/\/tea-shop.md\/ro\/wp-json\/wp\/v2\/media?parent=14123"}],"wp:term":[{"taxonomy":"product_brand","embeddable":true,"href":"https:\/\/tea-shop.md\/ro\/wp-json\/wp\/v2\/product_brand?post=14123"},{"taxonomy":"product_cat","embeddable":true,"href":"https:\/\/tea-shop.md\/ro\/wp-json\/wp\/v2\/product_cat?post=14123"},{"taxonomy":"product_tag","embeddable":true,"href":"https:\/\/tea-shop.md\/ro\/wp-json\/wp\/v2\/product_tag?post=14123"}],"curies":[{"name":"wp","href":"https:\/\/api.w.org\/{rel}","templated":true}]}}