{"id":14127,"date":"2026-02-17T20:46:16","date_gmt":"2026-02-17T18:46:16","guid":{"rendered":"https:\/\/tea-shop.md\/product\/darjeeling-negru\/"},"modified":"2026-02-17T20:46:16","modified_gmt":"2026-02-17T18:46:16","slug":"darjeeling-negru","status":"publish","type":"product","link":"https:\/\/tea-shop.md\/ro\/produs\/darjeeling-negru\/","title":{"rendered":"Darjeeling (Negru)"},"content":{"rendered":"<div>Darjeeling este un ceai negru care este cultivat \u00een vecin\u0103tatea ora\u0219ului cu acela\u0219i nume din partea montan\u0103 nordic\u0103 a Indiei, \u00een Himalaya. Planta\u021biile sunt situate la o altitudine de 750-2000 de metri deasupra nivelului m\u0103rii. <\/div>\n<div>C\u00e2nd se prepar\u0103, se ob\u021bine o b\u0103utur\u0103 u\u0219oar\u0103 cu nuc\u0219oar\u0103 rafinat\u0103, gust u\u0219or tart\u0103 \u0219i arom\u0103 floral\u0103.<\/div>\n<div>B\u0103utura are un efect tonic asupra organismului, activeaz\u0103 creierul \u0219i cre\u0219te eficien\u021ba.<\/div>\n<div>Se toarn\u0103 1 linguri\u021b\u0103 de frunze de ceai \u00een ceainic. Se toarn\u0103 250 ml de 90 de grade C ap\u0103 fierbinte \u0219i se las\u0103 timp de 3-5 minute pentru a ob\u021bine o b\u0103utur\u0103 cu un gust delicat. <\/div>\n","protected":false},"excerpt":{"rendered":"<p>Darjeeling este un ceai negru care este cultivat \u00een vecin\u0103tatea ora\u0219ului cu acela\u0219i nume din partea montan\u0103 nordic\u0103 a Indiei,<\/p>\n","protected":false},"featured_media":15108,"comment_status":"open","ping_status":"closed","template":"","meta":[],"product_brand":[],"product_cat":[346,347],"product_tag":[],"class_list":{"0":"post-14127","1":"product","2":"type-product","3":"status-publish","4":"has-post-thumbnail","6":"product_cat-chernyj-chaj","7":"product_cat-chernyj-bez-dobavok","9":"first","10":"instock","11":"shipping-taxable","12":"purchasable","13":"product-type-variable"},"_links":{"self":[{"href":"https:\/\/tea-shop.md\/ro\/wp-json\/wp\/v2\/product\/14127","targetHints":{"allow":["GET"]}}],"collection":[{"href":"https:\/\/tea-shop.md\/ro\/wp-json\/wp\/v2\/product"}],"about":[{"href":"https:\/\/tea-shop.md\/ro\/wp-json\/wp\/v2\/types\/product"}],"replies":[{"embeddable":true,"href":"https:\/\/tea-shop.md\/ro\/wp-json\/wp\/v2\/comments?post=14127"}],"version-history":[{"count":0,"href":"https:\/\/tea-shop.md\/ro\/wp-json\/wp\/v2\/product\/14127\/revisions"}],"wp:featuredmedia":[{"embeddable":true,"href":"https:\/\/tea-shop.md\/ro\/wp-json\/wp\/v2\/media\/15108"}],"wp:attachment":[{"href":"https:\/\/tea-shop.md\/ro\/wp-json\/wp\/v2\/media?parent=14127"}],"wp:term":[{"taxonomy":"product_brand","embeddable":true,"href":"https:\/\/tea-shop.md\/ro\/wp-json\/wp\/v2\/product_brand?post=14127"},{"taxonomy":"product_cat","embeddable":true,"href":"https:\/\/tea-shop.md\/ro\/wp-json\/wp\/v2\/product_cat?post=14127"},{"taxonomy":"product_tag","embeddable":true,"href":"https:\/\/tea-shop.md\/ro\/wp-json\/wp\/v2\/product_tag?post=14127"}],"curies":[{"name":"wp","href":"https:\/\/api.w.org\/{rel}","templated":true}]}}