{"id":14131,"date":"2025-12-10T20:09:25","date_gmt":"2025-12-10T18:09:25","guid":{"rendered":"https:\/\/tea-shop.md\/product\/mic-dejun-englezesc\/"},"modified":"2026-03-31T23:58:33","modified_gmt":"2026-03-31T20:58:33","slug":"mic-dejun-englezesc","status":"publish","type":"product","link":"https:\/\/tea-shop.md\/ro\/produs\/mic-dejun-englezesc\/","title":{"rendered":"Mic dejun englezesc"},"content":{"rendered":"<p>&#8222;Micul dejun englezesc&#8221;, &#8222;ceaiul de mic dejun englezesc&#8221; sau pur \u0219i simplu &#8222;ceaiul de mic dejun&#8221; este un amestec tradi\u021bional de ceaiuri de planta\u021bie premium. Acesta este unul dintre cele mai populare amestecuri de ceai, utilizat pe scar\u0103 larg\u0103 at\u00e2t \u00een Anglia, c\u00e2t \u0219i \u00een str\u0103in\u0103tate. <\/p>\n<p>&#8222;Micul dejun englezesc&#8221; este o b\u0103utur\u0103 cu un gust dens, bogat \u0219i aromat, merge bine cu lapte \u0219i zah\u0103r. Acest amestec este asociat \u00een mod tradi\u021bional cu micul dejun Britanic, \u00eempreun\u0103 cu ou\u0103 pr\u0103jite, c\u00e2rna\u021bi, sl\u0103nin\u0103, fasole \u0219i ro\u0219ii coapte, ciuperci \u0219i p\u00e2ine pr\u0103jit\u0103. Pentru un mic dejun at\u00e2t de bogat \u0219i variat, cu siguran\u021b\u0103 era nevoie de aceea\u0219i b\u0103utur\u0103 str\u0103lucitoare \u0219i bogat\u0103.  <\/p>\n<p>Infuzia este de culoare maro auriu \u0219i are un gust puternic \u0219i bogat.<\/p>\n<p>Pune\u021bi ceaiul \u00een ceainicul \u00eenc\u0103lzit (1 linguri\u021b\u0103 pentru o cea\u0219c\u0103 de ceai de persoan\u0103), turna\u021bi ap\u0103 clocotit\u0103 astfel \u00eenc\u00e2t s\u0103 acopere ceaiul. Dup\u0103 5 minute, completa\u021bi ceainicul cu ap\u0103 clocotit\u0103. Turna\u021bi \u00een ce\u0219ti sm\u00e2nt\u00e2n\u0103 (10-15 % gr\u0103sime), ceaiul, apoi ad\u0103uga\u021bi zah\u0103r.  <\/p>\n","protected":false},"excerpt":{"rendered":"<p>&#8222;Micul dejun englezesc&#8221;, &#8222;ceaiul de mic dejun englezesc&#8221; sau pur \u0219i simplu &#8222;ceaiul de mic dejun&#8221; este un amestec tradi\u021bional<\/p>\n","protected":false},"featured_media":13433,"comment_status":"open","ping_status":"closed","template":"","meta":[],"product_brand":[],"product_cat":[346,347],"product_tag":[],"class_list":{"0":"post-14131","1":"product","2":"type-product","3":"status-publish","4":"has-post-thumbnail","6":"product_cat-chernyj-chaj","7":"product_cat-chernyj-bez-dobavok","9":"first","10":"instock","11":"shipping-taxable","12":"purchasable","13":"product-type-variable","14":"has-default-attributes"},"_links":{"self":[{"href":"https:\/\/tea-shop.md\/ro\/wp-json\/wp\/v2\/product\/14131","targetHints":{"allow":["GET"]}}],"collection":[{"href":"https:\/\/tea-shop.md\/ro\/wp-json\/wp\/v2\/product"}],"about":[{"href":"https:\/\/tea-shop.md\/ro\/wp-json\/wp\/v2\/types\/product"}],"replies":[{"embeddable":true,"href":"https:\/\/tea-shop.md\/ro\/wp-json\/wp\/v2\/comments?post=14131"}],"version-history":[{"count":1,"href":"https:\/\/tea-shop.md\/ro\/wp-json\/wp\/v2\/product\/14131\/revisions"}],"predecessor-version":[{"id":14986,"href":"https:\/\/tea-shop.md\/ro\/wp-json\/wp\/v2\/product\/14131\/revisions\/14986"}],"wp:featuredmedia":[{"embeddable":true,"href":"https:\/\/tea-shop.md\/ro\/wp-json\/wp\/v2\/media\/13433"}],"wp:attachment":[{"href":"https:\/\/tea-shop.md\/ro\/wp-json\/wp\/v2\/media?parent=14131"}],"wp:term":[{"taxonomy":"product_brand","embeddable":true,"href":"https:\/\/tea-shop.md\/ro\/wp-json\/wp\/v2\/product_brand?post=14131"},{"taxonomy":"product_cat","embeddable":true,"href":"https:\/\/tea-shop.md\/ro\/wp-json\/wp\/v2\/product_cat?post=14131"},{"taxonomy":"product_tag","embeddable":true,"href":"https:\/\/tea-shop.md\/ro\/wp-json\/wp\/v2\/product_tag?post=14131"}],"curies":[{"name":"wp","href":"https:\/\/api.w.org\/{rel}","templated":true}]}}