{"id":14138,"date":"2025-12-10T20:09:25","date_gmt":"2025-12-10T18:09:25","guid":{"rendered":"https:\/\/tea-shop.md\/product\/1001-nopti\/"},"modified":"2026-03-31T23:58:01","modified_gmt":"2026-03-31T20:58:01","slug":"1001-nopti","status":"publish","type":"product","link":"https:\/\/tea-shop.md\/ro\/produs\/1001-nopti\/","title":{"rendered":"1001 nop\u021bi"},"content":{"rendered":"<p>Un amestec de ceai chinezesc \u0219i Ceylon cu frunze mari, cu felii de ananas, petale de trandafir \u0219i un gust fructat str\u0103lucitor.<\/p>\n<p>O b\u0103utur\u0103 cu o arom\u0103 u\u0219oar\u0103 floral\u0103 \u0219i fructat\u0103 \u0219i un gust unic catifelat.<\/p>\n<p>Se toarn\u0103 1 linguri\u021b\u0103 de frunze de ceai \u00een ceainic. Se toarn\u0103 250 ml de ap\u0103 cald\u0103 95cc, insist\u0103 timp de 3-5 minute pentru a ob\u021bine o b\u0103utur\u0103 cu un gust delicat. <\/p>\n","protected":false},"excerpt":{"rendered":"<p>\u0427\u0430\u0439 1001 \u043d\u043e\u0447\u044c \u2014 \u0438\u0437\u044b\u0441\u043a\u0430\u043d\u043d\u044b\u0439 \u0447\u0435\u0440\u043d\u043e-\u0437\u0435\u043b\u0435\u043d\u044b\u0439 \u043d\u0430\u043f\u0438\u0442\u043e\u043a \u0441 \u043b\u0435\u0433\u043a\u0438\u043c \u0446\u0432\u0435\u0442\u043e\u0447\u043d\u043e-\u0444\u0440\u0443\u043a\u0442\u043e\u0432\u044b\u043c \u0430\u0440\u043e\u043c\u0430\u0442\u043e\u043c \u0438 \u043d\u0435\u043f\u043e\u0432\u0442\u043e\u0440\u0438\u043c\u044b\u043c \u0431\u0430\u0440\u0445\u0430\u0442\u043d\u044b\u043c \u0432\u043a\u0443\u0441\u043e\u043c. \u041e\u043d \u0437\u0430\u0433\u0430\u0434\u043e\u0447\u0435\u043d, \u043a\u0430\u043a \u0437\u0432\u0435\u0437\u0434\u043d\u043e\u0435 \u043d\u043e\u0447\u043d\u043e\u0435 \u043d\u0435\u0431\u043e \u0412\u043e\u0441\u0442\u043e\u043a\u0430, \u0432 \u043d\u0435\u043c \u043f\u0435\u0440\u0435\u043f\u043b\u0435\u043b\u0438\u0441\u044c \u0447\u0430\u0440\u0443\u044e\u0449\u0438\u0435 \u043f\u043e\u043b\u0443\u0442\u043e\u043d\u0430, \u0441\u043e\u0437\u0434\u0430\u044e\u0449\u0438\u0435 \u043e\u0447\u0435\u043d\u044c \u043a\u043e\u043b\u043e\u0440\u0438\u0442\u043d\u044b\u0439 \u0431\u0443\u043a\u0435\u0442. <\/p>\n<p>\u042d\u0442\u043e\u0442 \u0441\u043e\u0440\u0442 \u044f\u0432\u043b\u044f\u0435\u0442\u0441\u044f \u043a\u0443\u043f\u0430\u0436\u043e\u043c, \u0441\u043e\u0441\u0442\u0430\u0432\u043b\u0435\u043d\u043d\u044b\u043c \u0438\u0437 \u0438\u043d\u0434\u0438\u0439\u0441\u043a\u043e-\u0446\u0435\u0439\u043b\u043e\u043d\u0441\u043a\u043e\u0439 \u0447\u0435\u0440\u043d\u043e\u0439 \u0437\u0430\u0432\u0430\u0440\u043a\u0438 \u0438 \u0437\u0435\u043b\u0435\u043d\u043e\u0433\u043e \u043a\u0438\u0442\u0430\u0439\u0441\u043a\u043e\u0433\u043e \u0447\u0430\u044f \u0421\u0435\u043d\u0447\u0430. \u0422\u0430\u043a\u0430\u044f \u0441\u043c\u0435\u0441\u044c \u0441\u0430\u043c\u0430 \u043f\u043e \u0441\u0435\u0431\u0435 \u0438\u043c\u0435\u0435\u0442 \u0434\u043e\u0432\u043e\u043b\u044c\u043d\u043e \u043e\u0440\u0438\u0433\u0438\u043d\u0430\u043b\u044c\u043d\u044b\u0439 \u0432\u043a\u0443\u0441, \u043a\u0440\u043e\u043c\u0435 \u0442\u043e\u0433\u043e, \u0432 \u043d\u0435\u0439 \u0441\u043e\u0434\u0435\u0440\u0436\u0438\u0442\u0441\u044f \u0431\u043e\u043b\u044c\u0448\u043e\u0435 \u043a\u043e\u043b\u0438\u0447\u0435\u0441\u0442\u0432\u043e \u0444\u043b\u0430\u0432\u043e\u043d\u043e\u0438\u0434\u043e\u0432, \u0442\u0430\u043d\u0438\u043d\u043e\u0432 \u0438 \u043e\u0440\u0433\u0430\u043d\u0438\u0447\u0435\u0441\u043a\u0438\u0445 \u043a\u0438\u0441\u043b\u043e\u0442, \u0431\u043b\u0430\u0433\u043e\u0434\u0430\u0440\u044f \u0447\u0435\u043c\u0443 \u043f\u043e\u043b\u0443\u0447\u0435\u043d\u043d\u044b\u0439 \u0438\u0437 \u043d\u0435\u0435 \u043d\u0430\u043f\u0438\u0442\u043e\u043a \u0437\u0430\u0440\u044f\u0436\u0430\u0435\u0442 \u0431\u043e\u0434\u0440\u043e\u0441\u0442\u044c\u044e \u0438 \u0434\u0430\u0440\u0438\u0442 \u043e\u043f\u0442\u0438\u043c\u0438\u0441\u0442\u0438\u0447\u0435\u0441\u043a\u0438\u0439 \u043d\u0430\u0441\u0442\u0440\u043e\u0439 \u043d\u0430 \u0432\u0435\u0441\u044c \u0434\u0435\u043d\u044c. \u041e\u0434\u043d\u0430\u043a\u043e \u0447\u0430\u0439 1001 \u043d\u043e\u0447\u044c \u0441\u043e\u0441\u0442\u0430\u0432 \u0438\u043c\u0435\u0435\u0442 \u0431\u043e\u043b\u0435\u0435 \u0441\u043b\u043e\u0436\u043d\u044b\u0439: \u0437\u0430\u0432\u0430\u0440\u043a\u0443 \u0434\u043e\u043f\u043e\u043b\u043d\u044f\u044e\u0442 \u043b\u0435\u043f\u0435\u0441\u0442\u043a\u0438 \u0440\u043e\u0437\u044b, \u0441\u0430\u0444\u043b\u043e\u0440\u0430, \u0436\u0430\u0441\u043c\u0438\u043d\u0430 \u0438 \u043f\u043e\u0434\u0441\u043e\u043b\u043d\u0435\u0447\u043d\u0438\u043a\u0430. \u041a\u0440\u043e\u043c\u0435 \u0442\u043e\u0433\u043e, \u043a\u0443\u043f\u0430\u0436 \u0434\u043e\u043f\u043e\u043b\u043d\u044f\u044e\u0442 \u043d\u0430\u0442\u0443\u0440\u0430\u043b\u044c\u043d\u044b\u0435 \u0446\u0432\u0435\u0442\u043e\u0447\u043d\u044b\u0435 \u043c\u0430\u0441\u043b\u0430, \u043f\u0440\u0438\u0434\u0430\u044e\u0449\u0438\u0435 \u043d\u0430\u043f\u0438\u0442\u043a\u0443 \u044f\u0440\u043a\u0438\u0439 \u0430\u0440\u043e\u043c\u0430\u0442. \u041d\u043e\u0440\u043c\u0430\u043b\u0438\u0437\u0443\u0435\u0442 \u043f\u0438\u0449\u0435\u0432\u0430\u0440\u0435\u043d\u0438\u0435, \u0443\u043b\u0443\u0447\u0448\u0430\u0435\u0442 \u043e\u0431\u043c\u0435\u043d \u0432\u0435\u0449\u0435\u0441\u0442\u0432, \u043f\u0440\u0435\u043a\u0440\u0430\u0441\u043d\u043e \u0442\u043e\u043d\u0438\u0437\u0438\u0440\u0443\u0435\u0442, \u043e\u0431\u043b\u0430\u0434\u0430\u0435\u0442 \u043f\u0440\u043e\u0442\u0438\u0432\u043e\u0432\u043e\u0441\u043f\u0430\u043b\u0438\u0442\u0435\u043b\u044c\u043d\u044b\u043c\u0438, \u0431\u0430\u043a\u0442\u0435\u0440\u0438\u0446\u0438\u0434\u043d\u044b\u043c\u0438, \u0440\u0430\u043d\u043e\u0437\u0430\u0436\u0438\u0432\u043b\u044f\u044e\u0449\u0438\u043c\u0438, \u0436\u0435\u043b\u0447\u0435\u0433\u043e\u043d\u043d\u044b\u043c\u0438, \u0441\u043f\u0430\u0437\u043c\u043e\u043b\u0438\u0442\u0438\u0447\u0435\u0441\u043a\u0438\u043c\u0438, \u043e\u0442\u0445\u0430\u0440\u043a\u0438\u0432\u0430\u044e\u0449\u0438\u043c\u0438, \u043e\u0431\u0432\u043e\u043b\u0430\u043a\u0438\u0432\u0430\u044e\u0449\u0438\u043c\u0438 \u0438 \u043e\u0431\u0449\u0435\u0443\u043a\u0440\u0435\u043f\u043b\u044f\u044e\u0449\u0438\u043c\u0438 \u0441\u0432\u043e\u0439\u0441\u0442\u0432\u0430\u043c\u0438, \u044f\u0432\u043b\u044f\u0435\u0442\u0441\u044f \u0445\u043e\u0440\u043e\u0448\u0438\u043c \u0430\u043d\u0442\u0438\u043e\u043a\u0441\u0438\u0434\u0430\u043d\u0442\u043e\u043c.    <\/p>\n<p>\u0421\u043c\u0435\u0441\u044c \u0447\u0435\u0440\u043d\u043e\u0433\u043e \u0438\u043d\u0434\u0438\u0439\u0441\u043a\u043e\u0433\u043e \u0447\u0430\u044f \u0438 \u0437\u0435\u043b\u0435\u043d\u043e\u0433\u043e \u043a\u0438\u0442\u0430\u0439\u0441\u043a\u043e\u0433\u043e \u0447\u0430\u044f \u0421\u0435\u043d\u0447\u0430, \u0438\u0437\u044e\u043c, \u043a\u0443\u0441\u043e\u0447\u043a\u0438 \u0430\u043d\u0430\u043d\u0430\u0441\u0430, \u043b\u0435\u043f\u0435\u0441\u0442\u043a\u0438 \u0440\u043e\u0437\u044b, \u0432\u0430\u0441\u0438\u043b\u044c\u043a\u0430, \u043a\u0430\u043b\u0435\u043d\u0434\u0443\u043b\u044b.<\/p>\n<p>O b\u0103utur\u0103 cu o arom\u0103 u\u0219oar\u0103 floral\u0103 \u0219i fructat\u0103 \u0219i un gust unic catifelat.<\/p>\n<p>Se toarn\u0103 1 linguri\u021b\u0103 de frunze de ceai \u00een ceainic. Se toarn\u0103 250 ml de ap\u0103 cald\u0103 95cc, insist\u0103 timp de 3-5 minute pentru a ob\u021bine o b\u0103utur\u0103 cu un gust delicat. <\/p>\n","protected":false},"featured_media":11904,"comment_status":"open","ping_status":"closed","template":"","meta":[],"product_brand":[],"product_cat":[346,348],"product_tag":[],"class_list":{"0":"post-14138","1":"product","2":"type-product","3":"status-publish","4":"has-post-thumbnail","6":"product_cat-chernyj-chaj","7":"product_cat-chernyj-s-dobavkami","9":"first","10":"instock","11":"shipping-taxable","12":"purchasable","13":"product-type-variable","14":"has-default-attributes"},"_links":{"self":[{"href":"https:\/\/tea-shop.md\/ro\/wp-json\/wp\/v2\/product\/14138","targetHints":{"allow":["GET"]}}],"collection":[{"href":"https:\/\/tea-shop.md\/ro\/wp-json\/wp\/v2\/product"}],"about":[{"href":"https:\/\/tea-shop.md\/ro\/wp-json\/wp\/v2\/types\/product"}],"replies":[{"embeddable":true,"href":"https:\/\/tea-shop.md\/ro\/wp-json\/wp\/v2\/comments?post=14138"}],"version-history":[{"count":1,"href":"https:\/\/tea-shop.md\/ro\/wp-json\/wp\/v2\/product\/14138\/revisions"}],"predecessor-version":[{"id":14985,"href":"https:\/\/tea-shop.md\/ro\/wp-json\/wp\/v2\/product\/14138\/revisions\/14985"}],"wp:featuredmedia":[{"embeddable":true,"href":"https:\/\/tea-shop.md\/ro\/wp-json\/wp\/v2\/media\/11904"}],"wp:attachment":[{"href":"https:\/\/tea-shop.md\/ro\/wp-json\/wp\/v2\/media?parent=14138"}],"wp:term":[{"taxonomy":"product_brand","embeddable":true,"href":"https:\/\/tea-shop.md\/ro\/wp-json\/wp\/v2\/product_brand?post=14138"},{"taxonomy":"product_cat","embeddable":true,"href":"https:\/\/tea-shop.md\/ro\/wp-json\/wp\/v2\/product_cat?post=14138"},{"taxonomy":"product_tag","embeddable":true,"href":"https:\/\/tea-shop.md\/ro\/wp-json\/wp\/v2\/product_tag?post=14138"}],"curies":[{"name":"wp","href":"https:\/\/api.w.org\/{rel}","templated":true}]}}