{"id":14143,"date":"2025-12-10T20:09:24","date_gmt":"2025-12-10T18:09:24","guid":{"rendered":"https:\/\/tea-shop.md\/product\/aroma-sampaniei\/"},"modified":"2026-03-31T23:57:13","modified_gmt":"2026-03-31T20:57:13","slug":"aroma-sampaniei","status":"publish","type":"product","link":"https:\/\/tea-shop.md\/ro\/produs\/aroma-sampaniei\/","title":{"rendered":"Aroma \u0219ampaniei"},"content":{"rendered":"<p>Un amestec de soiuri str\u0103lucitoare de ceai chinezesc \u0219i Ceylon cu frunze mari. Combina\u021bie perfect\u0103 cu felii de c\u0103p\u0219uni, frunze de coac\u0103ze negre \u0219i petale de floarea de col\u021b. <\/p>\n<p>Champagne Aroma tea este un ceai negru rafinat, cu un gust unic \u0219i rafinat inspirat de b\u0103utura nobil\u0103 champagne. Acest ceai este creat pentru cei care apreciaz\u0103 aromele rafinate \u0219i gusturile unice. Ceaiul este f\u0103cut din cele mai bune soiuri de frunze de ceai, care au un gust bogat \u0219i profund. Aroma ceaiului este plin\u0103 de note de fructe \u0219i flori coapte, care confer\u0103 ceaiului un caracter unic.   <\/p>\n<p>Ceaiul, atunci c\u00e2nd este preparat, d\u0103 aroma cremei cu \u0219ampanie.<\/p>\n<p>Se toarn\u0103 1 linguri\u021b\u0103 de frunze de ceai \u00een ceainic. Se toarn\u0103 250 ml de ap\u0103 cald\u0103 95cc, insist\u0103 timp de 3-5 minute pentru a ob\u021bine o b\u0103utur\u0103 cu un gust delicat. <\/p>\n","protected":false},"excerpt":{"rendered":"<p>\u0427\u0430\u0439 &#8222;\u0410\u0440\u043e\u043c\u0430\u0442 \u0448\u0430\u043c\u043f\u0430\u043d\u0441\u043a\u043e\u0433\u043e \u043f\u0440\u0435\u043c\u0438\u0443\u043c&#8221; &#8211; \u044d\u0442\u043e \u0438\u0437\u044b\u0441\u043a\u0430\u043d\u043d\u044b\u0439 \u0447\u0435\u0440\u043d\u044b\u0439 \u0447\u0430\u0439 \u0441 \u043d\u0435\u043f\u043e\u0432\u0442\u043e\u0440\u0438\u043c\u044b\u043c \u0438 \u0443\u0442\u043e\u043d\u0447\u0435\u043d\u043d\u044b\u043c \u0432\u043a\u0443\u0441\u043e\u043c, \u0432\u0434\u043e\u0445\u043d\u043e\u0432\u043b\u0435\u043d\u043d\u044b\u043c \u0431\u043b\u0430\u0433\u043e\u0440\u043e\u0434\u043d\u044b\u043c \u043d\u0430\u043f\u0438\u0442\u043a\u043e\u043c &#8211; \u0448\u0430\u043c\u043f\u0430\u043d\u0441\u043a\u0438\u043c.<\/p>\n<p>\u042d\u0442\u043e\u0442 \u0447\u0430\u0439 \u0441\u043e\u0437\u0434\u0430\u043d \u0434\u043b\u044f \u0442\u0435\u0445, \u043a\u0442\u043e \u0446\u0435\u043d\u0438\u0442 \u0438\u0437\u044b\u0441\u043a\u0430\u043d\u043d\u044b\u0435 \u0430\u0440\u043e\u043c\u0430\u0442\u044b \u0438 \u0443\u043d\u0438\u043a\u0430\u043b\u044c\u043d\u044b\u0435 \u0432\u043a\u0443\u0441\u044b. \u0427\u0430\u0439 \u0438\u0437\u0433\u043e\u0442\u043e\u0432\u043b\u0435\u043d \u0438\u0437 \u043b\u0443\u0447\u0448\u0438\u0445 \u0441\u043e\u0440\u0442\u043e\u0432 \u0447\u0430\u0439\u043d\u044b\u0445 \u043b\u0438\u0441\u0442\u044c\u0435\u0432, \u043e\u0431\u043b\u0430\u0434\u0430\u044e\u0449\u0438\u0445 \u043d\u0430\u0441\u044b\u0449\u0435\u043d\u043d\u044b\u043c \u0438 \u0433\u043b\u0443\u0431\u043e\u043a\u0438\u043c \u0432\u043a\u0443\u0441\u043e\u043c. \u0410\u0440\u043e\u043c\u0430\u0442 &#8222;\u0410\u0440\u043e\u043c\u0430\u0442 \u0448\u0430\u043c\u043f\u0430\u043d\u0441\u043a\u043e\u0433\u043e \u043f\u0440\u0435\u043c\u0438\u0443\u043c&#8221; \u043d\u0430\u043f\u043e\u043b\u043d\u0435\u043d \u043d\u043e\u0442\u043a\u0430\u043c\u0438 \u0441\u043f\u0435\u043b\u044b\u0445 \u0444\u0440\u0443\u043a\u0442\u043e\u0432 \u0438 \u0446\u0432\u0435\u0442\u043e\u0432, \u043a\u043e\u0442\u043e\u0440\u044b\u0435 \u043f\u0440\u0438\u0434\u0430\u044e\u0442 \u0447\u0430\u044e \u043d\u0435\u043f\u043e\u0432\u0442\u043e\u0440\u0438\u043c\u044b\u0439 \u0445\u0430\u0440\u0430\u043a\u0442\u0435\u0440. \u0412 \u0441\u043e\u0441\u0442\u0430\u0432\u0435 \u0447\u0430\u044f \u043f\u0440\u0438\u0441\u0443\u0442\u0441\u0442\u0432\u0443\u044e\u0442 \u0438\u0437\u044b\u0441\u043a\u0430\u043d\u043d\u044b\u0435 \u0434\u043e\u0431\u0430\u0432\u043a\u0438, \u043a\u043e\u0442\u043e\u0440\u044b\u0435 \u043f\u043e\u0434\u0447\u0435\u0440\u043a\u0438\u0432\u0430\u044e\u0442 \u0435\u0433\u043e \u043f\u0440\u0435\u043c\u0438\u0430\u043b\u044c\u043d\u044b\u0439 \u0441\u0442\u0430\u0442\u0443\u0441 \u0438 \u043f\u0440\u0438\u0434\u0430\u044e\u0442 \u043e\u0441\u043e\u0431\u0443\u044e \u0433\u0430\u0440\u043c\u043e\u043d\u0438\u044e \u0432\u043a\u0443\u0441\u0443 \u0438 \u0430\u0440\u043e\u043c\u0430\u0442\u0443. \u0427\u0430\u0439 &#8222;\u0410\u0440\u043e\u043c\u0430\u0442 \u0448\u0430\u043c\u043f\u0430\u043d\u0441\u043a\u043e\u0433\u043e \u043f\u0440\u0435\u043c\u0438\u0443\u043c&#8221; \u0438\u0434\u0435\u0430\u043b\u044c\u043d\u043e \u043f\u043e\u0434\u0445\u043e\u0434\u0438\u0442 \u0434\u043b\u044f \u043e\u0441\u043e\u0431\u044b\u0445 \u0441\u043e\u0431\u044b\u0442\u0438\u0439, \u0432\u0435\u0447\u0435\u0440\u0438\u043d\u043e\u043a \u0438\u043b\u0438 \u043f\u0440\u043e\u0441\u0442\u043e \u0434\u043b\u044f \u043d\u0430\u0441\u043b\u0430\u0436\u0434\u0435\u043d\u0438\u044f \u0432 \u043e\u0434\u0438\u043d\u043e\u0447\u0435\u0441\u0442\u0432\u0435.    <\/p>\n<p>\u041a\u0443\u043f\u0430\u0436 \u0438\u0437 \u044f\u0440\u043a\u0438\u0445 \u0441\u043e\u0440\u0442\u043e\u0432 \u043a\u0438\u0442\u0430\u0439\u0441\u043a\u043e\u0433\u043e \u0438 \u0446\u0435\u0439\u043b\u043e\u043d\u0441\u043a\u043e\u0433\u043e \u043a\u0440\u0443\u043f\u043d\u043e\u043b\u0438\u0441\u0442\u043e\u0432\u043e\u0433\u043e \u0447\u0430\u044f.<\/p>\n<p>Ceaiul, atunci c\u00e2nd este preparat, d\u0103 aroma cremei cu \u0219ampanie.<\/p>\n<p>Se toarn\u0103 1 linguri\u021b\u0103 de frunze de ceai \u00een ceainic. Se toarn\u0103 250 ml de ap\u0103 cald\u0103 95cc, insist\u0103 timp de 3-5 minute pentru a ob\u021bine o b\u0103utur\u0103 cu un gust delicat. <\/p>\n","protected":false},"featured_media":11906,"comment_status":"open","ping_status":"closed","template":"","meta":[],"product_brand":[],"product_cat":[346,348],"product_tag":[],"class_list":{"0":"post-14143","1":"product","2":"type-product","3":"status-publish","4":"has-post-thumbnail","6":"product_cat-chernyj-chaj","7":"product_cat-chernyj-s-dobavkami","9":"first","10":"instock","11":"shipping-taxable","12":"purchasable","13":"product-type-variable","14":"has-default-attributes"},"_links":{"self":[{"href":"https:\/\/tea-shop.md\/ro\/wp-json\/wp\/v2\/product\/14143","targetHints":{"allow":["GET"]}}],"collection":[{"href":"https:\/\/tea-shop.md\/ro\/wp-json\/wp\/v2\/product"}],"about":[{"href":"https:\/\/tea-shop.md\/ro\/wp-json\/wp\/v2\/types\/product"}],"replies":[{"embeddable":true,"href":"https:\/\/tea-shop.md\/ro\/wp-json\/wp\/v2\/comments?post=14143"}],"version-history":[{"count":1,"href":"https:\/\/tea-shop.md\/ro\/wp-json\/wp\/v2\/product\/14143\/revisions"}],"predecessor-version":[{"id":14984,"href":"https:\/\/tea-shop.md\/ro\/wp-json\/wp\/v2\/product\/14143\/revisions\/14984"}],"wp:featuredmedia":[{"embeddable":true,"href":"https:\/\/tea-shop.md\/ro\/wp-json\/wp\/v2\/media\/11906"}],"wp:attachment":[{"href":"https:\/\/tea-shop.md\/ro\/wp-json\/wp\/v2\/media?parent=14143"}],"wp:term":[{"taxonomy":"product_brand","embeddable":true,"href":"https:\/\/tea-shop.md\/ro\/wp-json\/wp\/v2\/product_brand?post=14143"},{"taxonomy":"product_cat","embeddable":true,"href":"https:\/\/tea-shop.md\/ro\/wp-json\/wp\/v2\/product_cat?post=14143"},{"taxonomy":"product_tag","embeddable":true,"href":"https:\/\/tea-shop.md\/ro\/wp-json\/wp\/v2\/product_tag?post=14143"}],"curies":[{"name":"wp","href":"https:\/\/api.w.org\/{rel}","templated":true}]}}