{"id":14147,"date":"2025-12-10T20:09:24","date_gmt":"2025-12-10T18:09:24","guid":{"rendered":"https:\/\/tea-shop.md\/product\/clasic-englez\/"},"modified":"2026-03-31T23:56:44","modified_gmt":"2026-03-31T20:56:44","slug":"clasic-englez","status":"publish","type":"product","link":"https:\/\/tea-shop.md\/ro\/produs\/clasic-englez\/","title":{"rendered":"Clasic englez"},"content":{"rendered":"<p>Un amestec de ceai indian Assam \u0219i ceai Ceylon. Frac\u021biunea fin\u0103 a frunzei de ceai promoveaz\u0103 prepararea mai rapid\u0103.  O infuzie puternic\u0103 cu o arom\u0103 minunat\u0103. Merge mai bine cu laptele. <\/p>\n<p>Ceaiul negru clasic englezesc este o varietate rafinat\u0103 de ceai negru care este inspirat\u0103 din tradi\u021bia ceaiului englezesc.<\/p>\n<p>Acest ceai are o arom\u0103 profund\u0103 \u0219i bogat\u0103, care este perfect\u0103 pentru cei care apreciaz\u0103 experien\u021ba clasic\u0103 a ceaiului. Aroma ceaiului este bogat\u0103 \u0219i pl\u0103cut\u0103, cu note de tartness \u0219i dulcea\u021b\u0103, ceea ce creeaz\u0103 echilibrul perfect \u00eentr-o cea\u0219c\u0103 de ceai. Ceaiul negru este cunoscut pentru capacitatea sa de a ridica starea de spirit \u0219i de a ad\u0103uga energie, astfel \u00eenc\u00e2t acest soi este potrivit at\u00e2t pentru trezirea dimine\u021bii, c\u00e2t \u0219i pentru orele pl\u0103cute de b\u0103ut ceai \u00een timpul zilei.  <\/p>\n<p>Acest ceai este o alegere excelent\u0103 pentru iubitorii de arome tradi\u021bionale \u0219i rafinate \u0219i v\u0103 permite s\u0103 v\u0103 bucura\u021bi de atmosfera petrecerilor cu ceai \u00een stil englezesc chiar la voi acas\u0103.<\/p>\n<p>B\u0103utura are un gust profund \u0219i intens, ideal pentru cei care apreciaz\u0103 experien\u021ba clasic\u0103 a ceaiului.<\/p>\n<p>Pune\u021bi ceaiul \u00een ceainicul \u00eenc\u0103lzit (1 linguri\u021b\u0103 pentru o cea\u0219c\u0103 de ceai de persoan\u0103), turna\u021bi ap\u0103 clocotit\u0103 astfel \u00eenc\u00e2t s\u0103 acopere ceaiul. Dup\u0103 5 minute, completa\u021bi ceainicul cu ap\u0103 clocotit\u0103. Turna\u021bi \u00een ce\u0219ti sm\u00e2nt\u00e2n\u0103 (10-15 % gr\u0103sime), ceaiul, apoi ad\u0103uga\u021bi zah\u0103r.  <\/p>\n","protected":false},"excerpt":{"rendered":"<p>Un amestec de ceai indian Assam \u0219i ceai Ceylon. Frac\u021biunea fin\u0103 a frunzei de ceai promoveaz\u0103 prepararea mai rapid\u0103. O<\/p>\n","protected":false},"featured_media":13427,"comment_status":"open","ping_status":"closed","template":"","meta":[],"product_brand":[],"product_cat":[346,347],"product_tag":[],"class_list":{"0":"post-14147","1":"product","2":"type-product","3":"status-publish","4":"has-post-thumbnail","6":"product_cat-chernyj-chaj","7":"product_cat-chernyj-bez-dobavok","9":"first","10":"instock","11":"shipping-taxable","12":"purchasable","13":"product-type-variable","14":"has-default-attributes"},"_links":{"self":[{"href":"https:\/\/tea-shop.md\/ro\/wp-json\/wp\/v2\/product\/14147","targetHints":{"allow":["GET"]}}],"collection":[{"href":"https:\/\/tea-shop.md\/ro\/wp-json\/wp\/v2\/product"}],"about":[{"href":"https:\/\/tea-shop.md\/ro\/wp-json\/wp\/v2\/types\/product"}],"replies":[{"embeddable":true,"href":"https:\/\/tea-shop.md\/ro\/wp-json\/wp\/v2\/comments?post=14147"}],"version-history":[{"count":2,"href":"https:\/\/tea-shop.md\/ro\/wp-json\/wp\/v2\/product\/14147\/revisions"}],"predecessor-version":[{"id":14983,"href":"https:\/\/tea-shop.md\/ro\/wp-json\/wp\/v2\/product\/14147\/revisions\/14983"}],"wp:featuredmedia":[{"embeddable":true,"href":"https:\/\/tea-shop.md\/ro\/wp-json\/wp\/v2\/media\/13427"}],"wp:attachment":[{"href":"https:\/\/tea-shop.md\/ro\/wp-json\/wp\/v2\/media?parent=14147"}],"wp:term":[{"taxonomy":"product_brand","embeddable":true,"href":"https:\/\/tea-shop.md\/ro\/wp-json\/wp\/v2\/product_brand?post=14147"},{"taxonomy":"product_cat","embeddable":true,"href":"https:\/\/tea-shop.md\/ro\/wp-json\/wp\/v2\/product_cat?post=14147"},{"taxonomy":"product_tag","embeddable":true,"href":"https:\/\/tea-shop.md\/ro\/wp-json\/wp\/v2\/product_tag?post=14147"}],"curies":[{"name":"wp","href":"https:\/\/api.w.org\/{rel}","templated":true}]}}