{"id":14154,"date":"2025-12-10T20:09:23","date_gmt":"2025-12-10T18:09:23","guid":{"rendered":"https:\/\/tea-shop.md\/product\/o-tara-magica\/"},"modified":"2026-04-07T11:28:52","modified_gmt":"2026-04-07T08:28:52","slug":"o-tara-magica","status":"publish","type":"product","link":"https:\/\/tea-shop.md\/ro\/produs\/o-tara-magica\/","title":{"rendered":"Magic Land"},"content":{"rendered":"<p>Ceaiul negru Magic Land este o compozi\u021bie rafinat\u0103 de ceaiuri cu frunze mari selectate din China \u0219i Ceylon. Amestecul este completat cu nuci de macadamia, boabe de cacao, chipsuri delicate de nuc\u0103 de cocos \u0219i buc\u0103\u021bi de caramel, cre\u00e2nd un gust care aminte\u0219te de bomboanele rafinate cu trufe. B\u0103utura cucere\u0219te prin armonie \u0219i ofer\u0103 o pl\u0103cere cu adev\u0103rat confortabil\u0103.  <\/p>\n<p>Ceaiul parfumat &#8222;Magic Land&#8221; devine un adev\u0103rat desert \u00eentr \u2013 o cea\u0219c\u0103-o op\u021biune ideal\u0103 pentru cei care doresc s\u0103 se r\u0103sfe\u021be f\u0103r\u0103 dulciuri inutile. Aceast\u0103 b\u0103utur\u0103 v\u0103 va oferi o senza\u021bie de c\u0103ldur\u0103, confort \u0219i pu\u021bin\u0103 magie \u00een fiecare \u00eenghi\u021bitur\u0103. <\/p>\n<p>Se toarn\u0103 1 linguri\u021b\u0103 de frunze de ceai \u00een ceainic. Se toarn\u0103 250 ml de ap\u0103 cald\u0103 95cc, insist\u0103 timp de 3-5 minute pentru a ob\u021bine o b\u0103utur\u0103 cu un gust delicat. <\/p>\n","protected":false},"excerpt":{"rendered":"<p>Ceaiul negru Magic Land este o compozi\u021bie rafinat\u0103 de ceaiuri cu frunze mari selectate din China \u0219i Ceylon. Amestecul este<\/p>\n","protected":false},"featured_media":1962,"comment_status":"open","ping_status":"closed","template":"","meta":[],"product_brand":[],"product_cat":[346,348],"product_tag":[],"class_list":{"0":"post-14154","1":"product","2":"type-product","3":"status-publish","4":"has-post-thumbnail","6":"product_cat-chernyj-chaj","7":"product_cat-chernyj-s-dobavkami","9":"first","10":"instock","11":"shipping-taxable","12":"purchasable","13":"product-type-variable","14":"has-default-attributes"},"_links":{"self":[{"href":"https:\/\/tea-shop.md\/ro\/wp-json\/wp\/v2\/product\/14154","targetHints":{"allow":["GET"]}}],"collection":[{"href":"https:\/\/tea-shop.md\/ro\/wp-json\/wp\/v2\/product"}],"about":[{"href":"https:\/\/tea-shop.md\/ro\/wp-json\/wp\/v2\/types\/product"}],"replies":[{"embeddable":true,"href":"https:\/\/tea-shop.md\/ro\/wp-json\/wp\/v2\/comments?post=14154"}],"version-history":[{"count":2,"href":"https:\/\/tea-shop.md\/ro\/wp-json\/wp\/v2\/product\/14154\/revisions"}],"predecessor-version":[{"id":15037,"href":"https:\/\/tea-shop.md\/ro\/wp-json\/wp\/v2\/product\/14154\/revisions\/15037"}],"wp:featuredmedia":[{"embeddable":true,"href":"https:\/\/tea-shop.md\/ro\/wp-json\/wp\/v2\/media\/1962"}],"wp:attachment":[{"href":"https:\/\/tea-shop.md\/ro\/wp-json\/wp\/v2\/media?parent=14154"}],"wp:term":[{"taxonomy":"product_brand","embeddable":true,"href":"https:\/\/tea-shop.md\/ro\/wp-json\/wp\/v2\/product_brand?post=14154"},{"taxonomy":"product_cat","embeddable":true,"href":"https:\/\/tea-shop.md\/ro\/wp-json\/wp\/v2\/product_cat?post=14154"},{"taxonomy":"product_tag","embeddable":true,"href":"https:\/\/tea-shop.md\/ro\/wp-json\/wp\/v2\/product_tag?post=14154"}],"curies":[{"name":"wp","href":"https:\/\/api.w.org\/{rel}","templated":true}]}}