{"id":14158,"date":"2025-12-10T20:09:23","date_gmt":"2025-12-10T18:09:23","guid":{"rendered":"https:\/\/tea-shop.md\/product\/assam-behora\/"},"modified":"2026-03-31T23:55:34","modified_gmt":"2026-03-31T20:55:34","slug":"assam-behora","status":"publish","type":"product","link":"https:\/\/tea-shop.md\/ro\/produs\/assam-behora\/","title":{"rendered":"Assam behora"},"content":{"rendered":"<p>Plantation black tea Assam Behora este un reprezentant demn al liniei celor mai populare soiuri de ceai negru din lume. Gustul s\u0103u subtil, u\u0219or tart\u0103, v\u0103 va \u00eenc\u0103lzi perfect \u00een sezonul rece \u0219i v\u0103 va permite s\u0103 v\u0103 acorda\u021bi o dispozi\u021bie optimist\u0103. Culoarea pl\u0103cut\u0103 ro\u0219u-auriu a b\u0103uturii \u0219i aroma subtil\u0103 a ceaiului de elit\u0103 v\u0103 vor dezv\u0103lui toate secretele misterioasei India.  <\/p>\n<p>Plantation black tea India Assam Behora \u0219i &#8211; a luat numele din cauza numelui statului \u00een care cre\u0219te-Assam. Datorit\u0103 condi\u021biilor climatice excelente din aceast\u0103 provincie indian\u0103, ca \u0219i cum ar fi fost creat\u0103 pentru construirea planta\u021biilor de ceai, fiecare particul\u0103 a acestei b\u0103uturi a absorbit toate farmecele acestor locuri. <\/p>\n<p>\u00cen mod ideal, plantation black tea India Assam Behora este mai bine s\u0103 bea f\u0103r\u0103 aditivi, ad\u0103ug\u00e2nd doar miere sau zah\u0103r, dac\u0103 se dore\u0219te. Dar merge bine \u0219i cu l\u0103m\u00e2ia \u0219i laptele, ceea ce l-a f\u0103cut foarte popular \u00een Anglia, unde este o tradi\u021bie s\u0103 bei o cea\u0219c\u0103 de ceai cu lapte natural la ora cinci seara. \u00cembun\u0103t\u0103\u021be\u0219te digestia, \u00eenc\u0103lze\u0219te \u0219i calmeaz\u0103.  <\/p>\n<p>Infuzie de coniac de culoare ro\u0219u-auriu. Gustul este u\u0219or tart\u0103, picant, cu note lemnoase \u0219i mal\u021b. Parfumul este subtil \u0219i lemnos.  <\/p>\n<p>Se toarn\u0103 1 linguri\u021b\u0103 de frunze de ceai \u00een ceainic. Se toarn\u0103 300 ml de ap\u0103 cald\u0103 95cc \u0219i se insist\u0103 timp de 3-5 minute pentru a ob\u021bine o b\u0103utur\u0103 cu un gust delicat. <\/p>\n","protected":false},"excerpt":{"rendered":"<p>Plantation black tea Assam Behora este un reprezentant demn al liniei celor mai populare soiuri de ceai negru din lume.<\/p>\n","protected":false},"featured_media":13429,"comment_status":"open","ping_status":"closed","template":"","meta":[],"product_brand":[],"product_cat":[346,347],"product_tag":[],"class_list":{"0":"post-14158","1":"product","2":"type-product","3":"status-publish","4":"has-post-thumbnail","6":"product_cat-chernyj-chaj","7":"product_cat-chernyj-bez-dobavok","9":"first","10":"instock","11":"shipping-taxable","12":"purchasable","13":"product-type-variable","14":"has-default-attributes"},"_links":{"self":[{"href":"https:\/\/tea-shop.md\/ro\/wp-json\/wp\/v2\/product\/14158","targetHints":{"allow":["GET"]}}],"collection":[{"href":"https:\/\/tea-shop.md\/ro\/wp-json\/wp\/v2\/product"}],"about":[{"href":"https:\/\/tea-shop.md\/ro\/wp-json\/wp\/v2\/types\/product"}],"replies":[{"embeddable":true,"href":"https:\/\/tea-shop.md\/ro\/wp-json\/wp\/v2\/comments?post=14158"}],"version-history":[{"count":1,"href":"https:\/\/tea-shop.md\/ro\/wp-json\/wp\/v2\/product\/14158\/revisions"}],"predecessor-version":[{"id":14981,"href":"https:\/\/tea-shop.md\/ro\/wp-json\/wp\/v2\/product\/14158\/revisions\/14981"}],"wp:featuredmedia":[{"embeddable":true,"href":"https:\/\/tea-shop.md\/ro\/wp-json\/wp\/v2\/media\/13429"}],"wp:attachment":[{"href":"https:\/\/tea-shop.md\/ro\/wp-json\/wp\/v2\/media?parent=14158"}],"wp:term":[{"taxonomy":"product_brand","embeddable":true,"href":"https:\/\/tea-shop.md\/ro\/wp-json\/wp\/v2\/product_brand?post=14158"},{"taxonomy":"product_cat","embeddable":true,"href":"https:\/\/tea-shop.md\/ro\/wp-json\/wp\/v2\/product_cat?post=14158"},{"taxonomy":"product_tag","embeddable":true,"href":"https:\/\/tea-shop.md\/ro\/wp-json\/wp\/v2\/product_tag?post=14158"}],"curies":[{"name":"wp","href":"https:\/\/api.w.org\/{rel}","templated":true}]}}