{"id":14165,"date":"2025-12-10T20:09:22","date_gmt":"2025-12-10T18:09:22","guid":{"rendered":"https:\/\/tea-shop.md\/product\/partidul-hawaiian\/"},"modified":"2026-03-31T23:55:11","modified_gmt":"2026-03-31T20:55:11","slug":"partidul-hawaiian","status":"publish","type":"product","link":"https:\/\/tea-shop.md\/ro\/produs\/partidul-hawaiian\/","title":{"rendered":"Partidul Hawaiian"},"content":{"rendered":"<p>Ceaiul de petrecere hawaian este o compozi\u021bie str\u0103lucitoare \u0219i colorat\u0103 pe baz\u0103 de ceai negru Ceylon, completat\u0103 de petale de trandafir, floarea soarelui \u0219i floarea de porumb. Arat\u0103 spectaculos \u0219i ofer\u0103 un sentiment de s\u0103rb\u0103toare, c\u0103ldur\u0103 \u0219i dispozi\u021bie \u00eensorit\u0103. <\/p>\n<p>Astringen\u021ba clasic\u0103 a ceaiului negru Ceylon este echilibrat\u0103 de note florale delicate, f\u0103r\u0103 dulcea\u021b\u0103 excesiv\u0103, cu un postgust curat \u0219i pl\u0103cut.<\/p>\n<p>Se toarn\u0103 1 linguri\u021b\u0103 de frunze de ceai \u00een ceainic. Se toarn\u0103 250 ml de ap\u0103 cald\u0103 95cc, insist\u0103 timp de 3-5 minute pentru a ob\u021bine o b\u0103utur\u0103 cu un gust delicat. <\/p>\n","protected":false},"excerpt":{"rendered":"<p>Ceaiul de petrecere hawaian este o compozi\u021bie str\u0103lucitoare \u0219i colorat\u0103 pe baz\u0103 de ceai negru Ceylon, completat\u0103 de petale de<\/p>\n","protected":false},"featured_media":1961,"comment_status":"open","ping_status":"closed","template":"","meta":[],"product_brand":[],"product_cat":[346,348],"product_tag":[],"class_list":{"0":"post-14165","1":"product","2":"type-product","3":"status-publish","4":"has-post-thumbnail","6":"product_cat-chernyj-chaj","7":"product_cat-chernyj-s-dobavkami","9":"first","10":"instock","11":"shipping-taxable","12":"purchasable","13":"product-type-variable","14":"has-default-attributes"},"_links":{"self":[{"href":"https:\/\/tea-shop.md\/ro\/wp-json\/wp\/v2\/product\/14165","targetHints":{"allow":["GET"]}}],"collection":[{"href":"https:\/\/tea-shop.md\/ro\/wp-json\/wp\/v2\/product"}],"about":[{"href":"https:\/\/tea-shop.md\/ro\/wp-json\/wp\/v2\/types\/product"}],"replies":[{"embeddable":true,"href":"https:\/\/tea-shop.md\/ro\/wp-json\/wp\/v2\/comments?post=14165"}],"version-history":[{"count":1,"href":"https:\/\/tea-shop.md\/ro\/wp-json\/wp\/v2\/product\/14165\/revisions"}],"predecessor-version":[{"id":14980,"href":"https:\/\/tea-shop.md\/ro\/wp-json\/wp\/v2\/product\/14165\/revisions\/14980"}],"wp:featuredmedia":[{"embeddable":true,"href":"https:\/\/tea-shop.md\/ro\/wp-json\/wp\/v2\/media\/1961"}],"wp:attachment":[{"href":"https:\/\/tea-shop.md\/ro\/wp-json\/wp\/v2\/media?parent=14165"}],"wp:term":[{"taxonomy":"product_brand","embeddable":true,"href":"https:\/\/tea-shop.md\/ro\/wp-json\/wp\/v2\/product_brand?post=14165"},{"taxonomy":"product_cat","embeddable":true,"href":"https:\/\/tea-shop.md\/ro\/wp-json\/wp\/v2\/product_cat?post=14165"},{"taxonomy":"product_tag","embeddable":true,"href":"https:\/\/tea-shop.md\/ro\/wp-json\/wp\/v2\/product_tag?post=14165"}],"curies":[{"name":"wp","href":"https:\/\/api.w.org\/{rel}","templated":true}]}}