{"id":14169,"date":"2025-12-10T20:09:21","date_gmt":"2025-12-10T18:09:21","guid":{"rendered":"https:\/\/tea-shop.md\/product\/cires-salbatic\/"},"modified":"2026-03-31T23:36:13","modified_gmt":"2026-03-31T20:36:13","slug":"cires-salbatic","status":"publish","type":"product","link":"https:\/\/tea-shop.md\/ro\/produs\/cires-salbatic\/","title":{"rendered":"Cire\u0219 s\u0103lbatic"},"content":{"rendered":"<p>Cele mai bune soiuri de ceai negru clasic \u0219i fructe de cire\u0219e uscate suculente \u0219i coapte sunt combinate \u00eentr-o b\u0103utur\u0103 rafinat\u0103 \u0219i rafinat\u0103. Secretul acestei b\u0103uturi este c\u0103 cire\u0219ul nu d\u0103 o dulcea\u021b\u0103 \u00eenfundat\u0103, ci se simte doar u\u0219or pe limb\u0103, dar aroma de cire\u0219e a ceaiului este destul de expresiv\u0103 \u0219i atrage prin mirosul s\u0103u picant. Exist\u0103 note u\u0219oare de coniac \u00een gustul b\u0103uturii, care fac gustul ceaiului mai profund, catifelat \u0219i nobil.  <\/p>\n<p>C\u00e2nd este preparat\u0103, b\u0103utura are o culoare bogat\u0103, rubiniu \u00eenchis, care seam\u0103n\u0103 cu fructele de cire\u0219 proaspete.<\/p>\n<p>Ceaiul bogat cu o arom\u0103 de cire\u0219e tart\u0103 \u0219i picant\u0103 v\u0103 va oferi fericire nep\u0103m\u00e2ntean\u0103 \u0219i va face ca problemele s\u0103 se retrag\u0103 \u00een fundal.<\/p>\n<p>Se toarn\u0103 1 linguri\u021b\u0103 de frunze de ceai \u00een ceainic. Se toarn\u0103 250 ml de ap\u0103 cald\u0103 95cc, insist\u0103 timp de 3-5 minute pentru a ob\u021bine o b\u0103utur\u0103 cu un gust delicat. <\/p>\n","protected":false},"excerpt":{"rendered":"<p>Cele mai bune soiuri de ceai negru clasic \u0219i fructe de cire\u0219e uscate suculente \u0219i coapte sunt combinate \u00eentr-o b\u0103utur\u0103<\/p>\n","protected":false},"featured_media":13593,"comment_status":"open","ping_status":"closed","template":"","meta":[],"product_brand":[],"product_cat":[346,348],"product_tag":[],"class_list":{"0":"post-14169","1":"product","2":"type-product","3":"status-publish","4":"has-post-thumbnail","6":"product_cat-chernyj-chaj","7":"product_cat-chernyj-s-dobavkami","9":"first","10":"instock","11":"shipping-taxable","12":"purchasable","13":"product-type-variable","14":"has-default-attributes"},"_links":{"self":[{"href":"https:\/\/tea-shop.md\/ro\/wp-json\/wp\/v2\/product\/14169","targetHints":{"allow":["GET"]}}],"collection":[{"href":"https:\/\/tea-shop.md\/ro\/wp-json\/wp\/v2\/product"}],"about":[{"href":"https:\/\/tea-shop.md\/ro\/wp-json\/wp\/v2\/types\/product"}],"replies":[{"embeddable":true,"href":"https:\/\/tea-shop.md\/ro\/wp-json\/wp\/v2\/comments?post=14169"}],"version-history":[{"count":1,"href":"https:\/\/tea-shop.md\/ro\/wp-json\/wp\/v2\/product\/14169\/revisions"}],"predecessor-version":[{"id":14979,"href":"https:\/\/tea-shop.md\/ro\/wp-json\/wp\/v2\/product\/14169\/revisions\/14979"}],"wp:featuredmedia":[{"embeddable":true,"href":"https:\/\/tea-shop.md\/ro\/wp-json\/wp\/v2\/media\/13593"}],"wp:attachment":[{"href":"https:\/\/tea-shop.md\/ro\/wp-json\/wp\/v2\/media?parent=14169"}],"wp:term":[{"taxonomy":"product_brand","embeddable":true,"href":"https:\/\/tea-shop.md\/ro\/wp-json\/wp\/v2\/product_brand?post=14169"},{"taxonomy":"product_cat","embeddable":true,"href":"https:\/\/tea-shop.md\/ro\/wp-json\/wp\/v2\/product_cat?post=14169"},{"taxonomy":"product_tag","embeddable":true,"href":"https:\/\/tea-shop.md\/ro\/wp-json\/wp\/v2\/product_tag?post=14169"}],"curies":[{"name":"wp","href":"https:\/\/api.w.org\/{rel}","templated":true}]}}