{"id":14178,"date":"2025-12-10T20:09:19","date_gmt":"2025-12-10T18:09:19","guid":{"rendered":"https:\/\/tea-shop.md\/product\/ceai-negru-cu-ghimbir\/"},"modified":"2026-03-31T22:22:41","modified_gmt":"2026-03-31T19:22:41","slug":"ceai-negru-cu-ghimbir","status":"publish","type":"product","link":"https:\/\/tea-shop.md\/ro\/produs\/ceai-negru-cu-ghimbir\/","title":{"rendered":"Ceai negru cu ghimbir"},"content":{"rendered":"<p>Ceai indian Assam cu ghimbir. Are o arom\u0103 picant\u0103 bogat\u0103 \u0219i un gust tart\u0103. B\u0103utura perfect\u0103 pentru o petrecere de ceai \u00een sezonul rece. Are un efect de \u00eenc\u0103lzire \u0219i propriet\u0103\u021bi benefice. Ghimbirul, cunoscut pentru propriet\u0103\u021bile sale de \u00eenc\u0103lzire, ajut\u0103 la re\u021binerea c\u0103ldurii \u00een organism, iar \u00een cultura estic\u0103 este considerat un afrodisiac puternic.    <\/p>\n<p>Se toarn\u0103 1 linguri\u021b\u0103 de frunze de ceai \u00een ceainic. Se toarn\u0103 250 ml de ap\u0103 cald\u0103 95cc, insist\u0103 timp de 3-5 minute pentru a ob\u021bine o b\u0103utur\u0103 cu un gust delicat. <\/p>\n","protected":false},"excerpt":{"rendered":"<p>\u041e\u0449\u0443\u0442\u0438\u0442\u0435 \u0442\u0435\u043f\u043b\u043e \u0438 \u044d\u043d\u0435\u0440\u0433\u0438\u044e \u0441 \u0447\u0435\u0440\u043d\u044b\u043c \u0418\u043c\u0431\u0438\u0440\u043d\u044b\u043c \u0447\u0430\u0435\u043c. \u042d\u0442\u043e\u0442 \u043f\u0440\u044f\u043d\u044b\u0439 \u0447\u0430\u0439 \u0441\u043e\u0447\u0435\u0442\u0430\u0435\u0442 \u043d\u0430\u0441\u044b\u0449\u0435\u043d\u043d\u043e\u0441\u0442\u044c \u043b\u0438\u0441\u0442\u043e\u0432\u043e\u0433\u043e \u0447\u0435\u0440\u043d\u043e\u0433\u043e \u0447\u0430\u044f \u0441 \u0441\u043e\u0433\u0440\u0435\u0432\u0430\u044e\u0449\u0438\u043c\u0438 \u043d\u043e\u0442\u0430\u043c\u0438 \u0438\u043c\u0431\u0438\u0440\u044f \u0438 \u043b\u0435\u0433\u043a\u043e\u0439 \u043f\u0438\u043a\u0430\u043d\u0442\u043d\u043e\u0441\u0442\u044c\u044e \u0440\u043e\u0437\u043e\u0432\u043e\u0433\u043e \u043f\u0435\u0440\u0446\u0430. \u041d\u0430\u043f\u0438\u0442\u043e\u043a \u043f\u043b\u0435\u043d\u044f\u0435\u0442 \u0441\u0432\u043e\u0438\u043c \u043d\u0435\u043f\u043e\u0432\u0442\u043e\u0440\u0438\u043c\u044b\u043c \u0432\u043a\u0443\u0441\u043e\u043c \u0438 \u0431\u043e\u0433\u0430\u0442\u044b\u043c \u0430\u0440\u043e\u043c\u0430\u0442\u043e\u043c, \u0434\u0430\u0440\u044f \u043e\u0449\u0443\u0449\u0435\u043d\u0438\u0435 \u0443\u044e\u0442\u0430 \u0438 \u0442\u0435\u043f\u043b\u0430.  <\/p>\n<p>\u0418\u043c\u0431\u0438\u0440\u044c, \u0438\u0437\u0432\u0435\u0441\u0442\u043d\u044b\u0439 \u0441\u0432\u043e\u0438\u043c\u0438 \u0441\u043e\u0433\u0440\u0435\u0432\u0430\u044e\u0449\u0438\u043c\u0438 \u0441\u0432\u043e\u0439\u0441\u0442\u0432\u0430\u043c\u0438, \u043f\u043e\u043c\u043e\u0433\u0430\u0435\u0442 \u0443\u0434\u0435\u0440\u0436\u0438\u0432\u0430\u0442\u044c \u0442\u0435\u043f\u043b\u043e \u0432 \u043e\u0440\u0433\u0430\u043d\u0438\u0437\u043c\u0435, \u0430 \u0432 \u0432\u043e\u0441\u0442\u043e\u0447\u043d\u043e\u0439 \u043a\u0443\u043b\u044c\u0442\u0443\u0440\u0435 \u0441\u0447\u0438\u0442\u0430\u0435\u0442\u0441\u044f \u043c\u043e\u0449\u043d\u044b\u043c \u0430\u0444\u0440\u043e\u0434\u0438\u0437\u0438\u0430\u043a\u043e\u043c.<\/p>\n<p>\u0418\u043d\u0434\u0438\u0439\u0441\u043a\u0438\u0439 \u0447\u0430\u0439 \u0410\u0441\u0441\u0430\u043c \u0441 \u0438\u043c\u0431\u0438\u0440\u0435\u043c.<\/p>\n<p>\u0418\u043c\u0435\u0435\u0442 \u043d\u0430\u0441\u044b\u0449\u0435\u043d\u043d\u044b\u0439 \u043f\u0440\u044f\u043d\u044b\u0439 \u0430\u0440\u043e\u043c\u0430\u0442 \u0438 \u0442\u0435\u0440\u043f\u043a\u0438\u0439 \u0432\u043a\u0443\u0441. \u0418\u0434\u0435\u0430\u043b\u044c\u043d\u044b\u0439 \u043d\u0430\u043f\u0438\u0442\u043e\u043a \u0434\u043b\u044f \u0447\u0430\u0435\u043f\u0438\u0442\u0438\u044f \u0432 \u0445\u043e\u043b\u043e\u0434\u043d\u043e\u0435 \u0432\u0440\u0435\u043c\u044f \u0433\u043e\u0434\u0430. \u041f\u043e\u0440\u0430\u0436\u0430\u0435\u0442 \u0441\u043e\u0433\u0440\u0435\u0432\u0430\u044e\u0449\u0438\u043c \u044d\u0444\u0444\u0435\u043a\u0442\u043e\u043c \u0438 \u043f\u043e\u043b\u0435\u0437\u043d\u044b\u043c\u0438 \u0441\u0432\u043e\u0439\u0441\u0442\u0432\u0430\u043c\u0438.  <\/p>\n<p>Se toarn\u0103 1 linguri\u021b\u0103 de frunze de ceai \u00een ceainic. Se toarn\u0103 250 ml de ap\u0103 cald\u0103 95cc, insist\u0103 timp de 3-5 minute pentru a ob\u021bine o b\u0103utur\u0103 cu un gust delicat. <\/p>\n","protected":false},"featured_media":14177,"comment_status":"open","ping_status":"closed","template":"","meta":[],"product_brand":[],"product_cat":[346,348],"product_tag":[],"class_list":{"0":"post-14178","1":"product","2":"type-product","3":"status-publish","4":"has-post-thumbnail","6":"product_cat-chernyj-chaj","7":"product_cat-chernyj-s-dobavkami","9":"first","10":"instock","11":"shipping-taxable","12":"purchasable","13":"product-type-variable","14":"has-default-attributes"},"_links":{"self":[{"href":"https:\/\/tea-shop.md\/ro\/wp-json\/wp\/v2\/product\/14178","targetHints":{"allow":["GET"]}}],"collection":[{"href":"https:\/\/tea-shop.md\/ro\/wp-json\/wp\/v2\/product"}],"about":[{"href":"https:\/\/tea-shop.md\/ro\/wp-json\/wp\/v2\/types\/product"}],"replies":[{"embeddable":true,"href":"https:\/\/tea-shop.md\/ro\/wp-json\/wp\/v2\/comments?post=14178"}],"version-history":[{"count":1,"href":"https:\/\/tea-shop.md\/ro\/wp-json\/wp\/v2\/product\/14178\/revisions"}],"predecessor-version":[{"id":14974,"href":"https:\/\/tea-shop.md\/ro\/wp-json\/wp\/v2\/product\/14178\/revisions\/14974"}],"wp:featuredmedia":[{"embeddable":true,"href":"https:\/\/tea-shop.md\/ro\/wp-json\/wp\/v2\/media\/14177"}],"wp:attachment":[{"href":"https:\/\/tea-shop.md\/ro\/wp-json\/wp\/v2\/media?parent=14178"}],"wp:term":[{"taxonomy":"product_brand","embeddable":true,"href":"https:\/\/tea-shop.md\/ro\/wp-json\/wp\/v2\/product_brand?post=14178"},{"taxonomy":"product_cat","embeddable":true,"href":"https:\/\/tea-shop.md\/ro\/wp-json\/wp\/v2\/product_cat?post=14178"},{"taxonomy":"product_tag","embeddable":true,"href":"https:\/\/tea-shop.md\/ro\/wp-json\/wp\/v2\/product_tag?post=14178"}],"curies":[{"name":"wp","href":"https:\/\/api.w.org\/{rel}","templated":true}]}}