{"id":14182,"date":"2025-12-10T20:09:18","date_gmt":"2025-12-10T18:09:18","guid":{"rendered":"https:\/\/tea-shop.md\/product\/smochine-si-prune-uscate\/"},"modified":"2026-03-31T22:18:17","modified_gmt":"2026-03-31T19:18:17","slug":"smochine-si-prune-uscate","status":"publish","type":"product","link":"https:\/\/tea-shop.md\/ro\/produs\/smochine-si-prune-uscate\/","title":{"rendered":"Smochine \u0219i prune uscate"},"content":{"rendered":"<p>Un amestec de ceai negru de Ceylon cu felii de prune, smochine \u0219i mere, ananas confiat, hibiscus \u0219i petale de trandafir.<\/p>\n<p>Propriet\u0103\u021bile medicinale ale ceaiului de smochine au fost descoperite \u00een Egiptul Antic. Ceaiul tonic unic stimuleaz\u0103 creierul, satur\u00e2nd s\u00e2ngele cu oxigen. Ad\u0103ugarea de ananas confiat, felii de mere \u0219i petale de trandafir la ceai face ca gustul b\u0103uturii s\u0103 fie incredibil de luminos \u0219i unic, iar petrecerile dvs. de ceai de sear\u0103 s\u0103 fie romantice \u0219i pline de noi preferin\u021be gustative.  <\/p>\n<p>Infuzia de culoare bogat\u0103 de chihlimbar are o arom\u0103 fructat\u0103 str\u0103lucitoare \u0219i un gust dulce de smochine.<\/p>\n<p>Se toarn\u0103 1 linguri\u021b\u0103 de frunze de ceai \u00een ceainic. Se toarn\u0103 250 ml de ap\u0103 cald\u0103 95cc, insist\u0103 timp de 3-5 minute pentru a ob\u021bine o b\u0103utur\u0103 cu un gust delicat. <\/p>\n","protected":false},"excerpt":{"rendered":"<p>\u0426\u0435\u043b\u0435\u0431\u043d\u044b\u0439 \u043d\u0430\u043f\u0438\u0442\u043e\u043a, \u044f\u0432\u043b\u044f\u044e\u0449\u0438\u043c\u0441\u044f \u043f\u043e \u0438\u0441\u0442\u0438\u043d\u0435 \u044d\u043b\u0438\u043a\u0441\u0438\u0440\u043e\u043c \u043c\u043e\u043b\u043e\u0434\u043e\u0441\u0442\u0438 \u0447\u0430\u0439 c \u0438\u043d\u0436\u0438\u0440\u043e\u043c, \u0441\u043b\u0438\u0432\u043e\u0439, \u0446\u0443\u043a\u0430\u0442\u0430\u043c\u0438 \u0430\u043d\u0430\u043d\u0430\u0441\u0430, \u043b\u0435\u043f\u0435\u0441\u0442\u043a\u0430\u043c\u0438 \u0440\u043e\u0437\u044b \u043a\u0443\u0441\u043e\u0447\u043a\u0430\u043c\u0438 \u044f\u0431\u043b\u043e\u043a, \u0433\u0438\u0431\u0438\u0441\u043a\u0443\u0441\u043e\u043c. \u041b\u0435\u0447\u0435\u0431\u043d\u044b\u0435 \u0441\u0432\u043e\u0439\u0441\u0442\u0432\u0430 \u0438\u043d\u0436\u0438\u0440\u043d\u043e\u0433\u043e \u0447\u0430\u044f \u043e\u0442\u043a\u0440\u044b\u0442\u044b \u0435\u0449\u0435 \u0412 \u0414\u0440\u0435\u0432\u043d\u0435\u043c \u0415\u0433\u0438\u043f\u0442\u0435. \u0423\u043d\u0438\u043a\u0430\u043b\u044c\u043d\u044b\u0439 \u0442\u043e\u043d\u0438\u0437\u0438\u0440\u0443\u044e\u0449\u0438\u0439 \u0447\u0430\u0439 \u0441\u0442\u0438\u043c\u0443\u043b\u0438\u0440\u0443\u0435\u0442 \u0440\u0430\u0431\u043e\u0442\u0443 \u043c\u043e\u0437\u0433\u0430, \u043d\u0430\u0441\u044b\u0449\u0430\u044f \u043a\u0440\u043e\u0432\u044c \u043a\u0438\u0441\u043b\u043e\u0440\u043e\u0434\u043e\u043c. \u0414\u043e\u0431\u0430\u0432\u043b\u0435\u043d\u0438\u0435 \u0432 \u0441\u043e\u0441\u0442\u0430\u0432 \u0447\u0430\u044f \u0446\u0443\u043a\u0430\u0442\u043e\u0432 \u0430\u043d\u0430\u043d\u0430\u0441\u0430, \u043a\u0443\u0441\u043e\u0447\u043a\u043e\u0432 \u044f\u0431\u043b\u043e\u043a, \u0433\u0438\u0431\u0438\u0441\u043a\u0443\u0441\u0430 \u043b\u0435\u043f\u0435\u0441\u0442\u043a\u043e\u0432 \u0440\u043e\u0437 \u0434\u0435\u043b\u0430\u044e\u0442 \u0432\u043a\u0443\u0441 \u043d\u0430\u043f\u0438\u0442\u043a\u0430 \u043d\u0435\u0432\u0435\u0440\u043e\u044f\u0442\u043d\u043e \u044f\u0440\u043a\u0438\u043c \u0438 \u0443\u043d\u0438\u043a\u0430\u043b\u044c\u043d\u044b\u043c, \u0430 \u0432\u0430\u0448\u0438 \u0432\u0435\u0447\u0435\u0440\u043d\u0438\u0435 \u0447\u0430\u0435\u043f\u0438\u0442\u0438\u044f \u0440\u043e\u043c\u0430\u043d\u0442\u0438\u0447\u043d\u044b\u043c\u0438 \u0438 \u043d\u0430\u043f\u043e\u043b\u043d\u0435\u043d\u043d\u044b\u0435 \u043d\u043e\u0432\u044b\u043c\u0438 \u0432\u043a\u0443\u0441\u043e\u0432\u044b\u043c\u0438 \u043f\u0440\u0438\u0441\u0442\u0440\u0430\u0441\u0442\u0438\u044f\u043c\u0438.   <\/p>\n<p>\u0421\u043c\u0435\u0441\u044c \u0447\u0435\u0440\u043d\u043e\u0433\u043e \u0446\u0435\u0439\u043b\u043e\u043d\u0441\u043a\u043e\u0433\u043e \u0447\u0430\u044f \u0441 \u043a\u0443\u0441\u043e\u0447\u043a\u0430\u043c\u0438 \u0441\u043b\u0438\u0432\u044b, \u0438\u043d\u0436\u0438\u0440\u0430 \u0438 \u044f\u0431\u043b\u043e\u043a\u0438, \u0446\u0443\u043a\u0430\u0442\u0430\u043c\u0438 \u0430\u043d\u0430\u043d\u0430\u0441\u0430, \u0433\u0438\u0431\u0438\u0441\u043a\u0443\u0441\u043e\u043c \u0438 \u043b\u0435\u043f\u0435\u0441\u0442\u043a\u0430\u043c\u0438 \u0440\u043e\u0437\u044b.<\/p>\n<p>Infuzia de culoare bogat\u0103 de chihlimbar are o arom\u0103 fructat\u0103 str\u0103lucitoare \u0219i un gust dulce de smochine.<\/p>\n<p>Se toarn\u0103 1 linguri\u021b\u0103 de frunze de ceai \u00een ceainic. Se toarn\u0103 250 ml de ap\u0103 cald\u0103 95cc, insist\u0103 timp de 3-5 minute pentru a ob\u021bine o b\u0103utur\u0103 cu un gust delicat. <\/p>\n","protected":false},"featured_media":13437,"comment_status":"open","ping_status":"closed","template":"","meta":[],"product_brand":[],"product_cat":[346,348],"product_tag":[],"class_list":{"0":"post-14182","1":"product","2":"type-product","3":"status-publish","4":"has-post-thumbnail","6":"product_cat-chernyj-chaj","7":"product_cat-chernyj-s-dobavkami","9":"first","10":"instock","11":"shipping-taxable","12":"purchasable","13":"product-type-variable","14":"has-default-attributes"},"_links":{"self":[{"href":"https:\/\/tea-shop.md\/ro\/wp-json\/wp\/v2\/product\/14182","targetHints":{"allow":["GET"]}}],"collection":[{"href":"https:\/\/tea-shop.md\/ro\/wp-json\/wp\/v2\/product"}],"about":[{"href":"https:\/\/tea-shop.md\/ro\/wp-json\/wp\/v2\/types\/product"}],"replies":[{"embeddable":true,"href":"https:\/\/tea-shop.md\/ro\/wp-json\/wp\/v2\/comments?post=14182"}],"version-history":[{"count":1,"href":"https:\/\/tea-shop.md\/ro\/wp-json\/wp\/v2\/product\/14182\/revisions"}],"predecessor-version":[{"id":14972,"href":"https:\/\/tea-shop.md\/ro\/wp-json\/wp\/v2\/product\/14182\/revisions\/14972"}],"wp:featuredmedia":[{"embeddable":true,"href":"https:\/\/tea-shop.md\/ro\/wp-json\/wp\/v2\/media\/13437"}],"wp:attachment":[{"href":"https:\/\/tea-shop.md\/ro\/wp-json\/wp\/v2\/media?parent=14182"}],"wp:term":[{"taxonomy":"product_brand","embeddable":true,"href":"https:\/\/tea-shop.md\/ro\/wp-json\/wp\/v2\/product_brand?post=14182"},{"taxonomy":"product_cat","embeddable":true,"href":"https:\/\/tea-shop.md\/ro\/wp-json\/wp\/v2\/product_cat?post=14182"},{"taxonomy":"product_tag","embeddable":true,"href":"https:\/\/tea-shop.md\/ro\/wp-json\/wp\/v2\/product_tag?post=14182"}],"curies":[{"name":"wp","href":"https:\/\/api.w.org\/{rel}","templated":true}]}}