{"id":14188,"date":"2025-12-10T20:09:15","date_gmt":"2025-12-10T18:09:15","guid":{"rendered":"https:\/\/tea-shop.md\/product\/kudin\/"},"modified":"2026-04-07T11:31:57","modified_gmt":"2026-04-07T08:31:57","slug":"kudin","status":"publish","type":"product","link":"https:\/\/tea-shop.md\/ro\/produs\/kudin\/","title":{"rendered":"Kudin"},"content":{"rendered":"<p>Kudin este unul dintre soiurile neobi\u0219nuite de ceai chinezesc, care a fost folosit ca medicament \u00een China de 2000 de ani. Este considerat\u0103 o surs\u0103 de longevitate \u0219i putere. Kudin este adesea beat \u00een timpul sezonului rece, ca remediu preventiv \u0219i curativ pentru r\u0103celi \u0219i grip\u0103.  <\/p>\n<p>Numele ceaiului este tradus din chinez\u0103 ca &#8222;unghie amar\u0103&#8221; sau &#8222;plant\u0103 amar\u0103&#8221; datorit\u0103 gustului s\u0103u specific. Pentru produc\u021bia sa, nu se folosesc frunze tradi\u021bionale de ceai, ci frunze de holly, un copac cu cre\u0219tere redus\u0103 care cre\u0219te \u00een sudul Chinei. Soiurile Elite kudina sunt produse \u00een provincia Guangxi \u0219i Hainan \u2013 \u00een regiunile muntoase cu niveluri ridicate de umiditate.  <\/p>\n<p>Frunzele mari sunt presate \u0219i afumate. Aceast\u0103 metod\u0103 de procesare prelunge\u0219te durata de valabilitate a kudin. \u00cen exterior, frunzele uscate seam\u0103n\u0103 cu soiurile verzi, dar gustul \u0219i propriet\u0103\u021bile lor sunt diferite. Ceaiul promoveaz\u0103, de asemenea, activarea metabolismului. Regleaz\u0103 nivelul zah\u0103rului din s\u00e2nge, amelioreaz\u0103 migrenele \u0219i durerile de cap. Kudin normalizeaz\u0103 tractul digestiv, amelioreaz\u0103 mahmureala \u0219i restabile\u0219te func\u021bia hepatic\u0103.     <\/p>\n<p>\u00cen plus, consumul regulat al b\u0103uturii este recomandat persoanelor \u00een v\u00e2rst\u0103, deoarece reduce tensiunea arterial\u0103, \u00eembun\u0103t\u0103\u021be\u0219te func\u021bia creierului \u0219i are un efect pozitiv asupra memoriei. \u00cen plus, frunzele de holly au un efect antiinflamator \u0219i sunt utilizate \u00een tratamentul bolilor oculare. <\/p>\n<p>B\u0103utura are un gust astringent cu o u\u0219oar\u0103 am\u0103r\u0103ciune, care se transform\u0103 \u00eentr-un gust dulce. Exist\u0103 nuan\u021be pe baz\u0103 de plante \u00een parfum. <\/p>\n<p>Se prepar\u0103 1-2 be\u021bi\u0219oare la 250 ml la o temperatur\u0103 a apei de 80 CP, se insist\u0103 timp de 3-5 minute pentru a ob\u021bine o b\u0103utur\u0103 cu un gust delicat.<\/p>\n<p>Aceea\u0219i b\u0103utur\u0103 poate fi turnat\u0103 de p\u00e2n\u0103 la 5 ori la r\u00e2nd, de fiecare dat\u0103 prelungind timpul de perfuzie cu aproximativ 1 minut. P\u0103stra\u021bi-l timp de maximum 5 minute, nu pute\u021bi insista mult timp, b\u0103utura va deveni tart\u0103. <\/p>\n","protected":false},"excerpt":{"rendered":"<p>\u041a\u0443\u0434\u0438\u043d \u2014 \u043e\u0434\u0438\u043d \u0438\u0437 \u043d\u0435\u043e\u0431\u044b\u0447\u043d\u044b\u0445 \u043a\u0438\u0442\u0430\u0439\u0441\u043a\u0438\u0445 \u0447\u0430\u0439\u043d\u044b\u0445 \u0441\u043e\u0440\u0442\u043e\u0432, \u043a\u043e\u0442\u043e\u0440\u044b\u0439 \u043d\u0430 \u043f\u0440\u043e\u0442\u044f\u0436\u0435\u043d\u0438\u0438 2000 \u043b\u0435\u0442 \u0438\u0441\u043f\u043e\u043b\u044c\u0437\u0443\u044e\u0442 \u0432 \u041f\u043e\u0434\u043d\u0435\u0431\u0435\u0441\u043d\u043e\u0439 \u0432 \u043a\u0430\u0447\u0435\u0441\u0442\u0432\u0435 \u043b\u0435\u043a\u0430\u0440\u0441\u0442\u0432\u0435\u043d\u043d\u043e\u0433\u043e \u0441\u0440\u0435\u0434\u0441\u0442\u0432\u0430. \u0415\u0433\u043e \u0441\u0447\u0438\u0442\u0430\u044e\u0442 \u0438\u0441\u0442\u043e\u0447\u043d\u0438\u043a\u043e\u043c \u0434\u043e\u043b\u0433\u043e\u043b\u0435\u0442\u0438\u044f \u0438 \u0441\u0438\u043b. \u041a\u0443\u0434\u0438\u043d \u0447\u0430\u0441\u0442\u043e \u043f\u044c\u044e\u0442 \u0432 \u043f\u0435\u0440\u0438\u043e\u0434 \u0445\u043e\u043b\u043e\u0434\u043e\u0432, \u0432 \u043a\u0430\u0447\u0435\u0441\u0442\u0432\u0435 \u043f\u0440\u043e\u0444\u0438\u043b\u0430\u043a\u0442\u0438\u0447\u0435\u0441\u043a\u043e\u0433\u043e \u0438 \u043b\u0435\u0447\u0435\u0431\u043d\u043e\u0433\u043e \u0441\u0440\u0435\u0434\u0441\u0442\u0432\u0430 \u043f\u0440\u0438 \u043f\u0440\u043e\u0441\u0442\u0443\u0434\u0435 \u0438 \u0433\u0440\u0438\u043f\u043f\u0435.  <\/p>\n<p>\u041d\u0430\u0437\u0432\u0430\u043d\u0438\u0435 \u0447\u0430\u044f \u0441 \u043a\u0438\u0442\u0430\u0439\u0441\u043a\u043e\u0433\u043e \u044f\u0437\u044b\u043a\u0430 \u043f\u0435\u0440\u0435\u0432\u043e\u0434\u0438\u0442\u0441\u044f, \u043a\u0430\u043a \u00ab\u0433\u043e\u0440\u044c\u043a\u0438\u0439 \u0433\u0432\u043e\u0437\u0434\u044c\u00bb \u0438\u043b\u0438 \u00ab\u0433\u043e\u0440\u044c\u043a\u0430\u044f \u0442\u0440\u0430\u0432\u0430\u00bb \u0438\u0437-\u0437\u0430 \u0435\u0433\u043e \u0441\u043f\u0435\u0446\u0438\u0444\u0438\u0447\u0435\u0441\u043a\u043e\u0433\u043e \u0432\u043a\u0443\u0441\u0430. \u0414\u043b\u044f \u0435\u0433\u043e \u043f\u0440\u043e\u0438\u0437\u0432\u043e\u0434\u0441\u0442\u0432\u0430 \u0438\u0441\u043f\u043e\u043b\u044c\u0437\u0443\u044e\u0442 \u043d\u0435 \u0442\u0440\u0430\u0434\u0438\u0446\u0438\u043e\u043d\u043d\u044b\u0435 \u0447\u0430\u0439\u043d\u044b\u0435 \u043b\u0438\u0441\u0442\u044c\u044f, \u0430 \u043b\u0438\u0441\u0442\u044c\u044f \u043f\u0430\u0434\u0443\u0431\u0430 \u2014 \u043d\u0438\u0437\u043a\u043e\u0440\u043e\u0441\u043b\u043e\u0433\u043e \u0434\u0435\u0440\u0435\u0432\u0430, \u043a\u043e\u0442\u043e\u0440\u043e\u0435 \u0440\u0430\u0441\u0442\u0435\u0442 \u043d\u0430 \u044e\u0433\u0435 \u041a\u0438\u0442\u0430\u044f. \u042d\u043b\u0438\u0442\u043d\u044b\u0435 \u0441\u043e\u0440\u0442\u0430 \u043a\u0443\u0434\u0438\u043d\u0430 \u0438\u0437\u0433\u043e\u0442\u0430\u0432\u043b\u0438\u0432\u0430\u044e\u0442 \u0432 \u043f\u0440\u043e\u0432\u0438\u043d\u0446\u0438\u0438 \u0413\u0443\u0430\u043d\u0441\u0438 \u0438 \u043d\u0430 \u0425\u0430\u0439\u043d\u0430\u043d\u0435 \u2014 \u0432 \u0433\u043e\u0440\u043d\u044b\u0445 \u0440\u0435\u0433\u0438\u043e\u043d\u0430\u0445 \u0441 \u043f\u043e\u0432\u044b\u0448\u0435\u043d\u043d\u044b\u043c \u0443\u0440\u043e\u0432\u043d\u0435\u043c \u0432\u043b\u0430\u0436\u043d\u043e\u0441\u0442\u0438.  <\/p>\n<p>\u041f\u0440\u043e\u0446\u0435\u0441\u0441 \u043f\u0440\u043e\u0438\u0437\u0432\u043e\u0434\u0441\u0442\u0432\u0430 \u0447\u0430\u044f \u0441\u043e\u0441\u0442\u043e\u0438\u0442 \u0438\u0437 \u043d\u0435\u0441\u043a\u043e\u043b\u044c\u043a\u0438\u0445 \u044d\u0442\u0430\u043f\u043e\u0432:<\/p>\n<ul>\n<li>\u0440\u0443\u0447\u043d\u043e\u0433\u043e \u0441\u0431\u043e\u0440\u0430 \u0441\u044b\u0440\u044c\u044f;<\/li>\n<li>\u0441\u043a\u0440\u0443\u0447\u0438\u0432\u0430\u043d\u0438\u044f \u043b\u0438\u0441\u0442\u044c\u0435\u0432 \u0432 \u0432\u0435\u0440\u0435\u0442\u0435\u043d\u0430 \u0438 \u043f\u0430\u043b\u043e\u0447\u043a\u0438 \u0434\u043b\u0438\u043d\u043e\u0439 5-7 \u0441\u043c;<\/li>\n<li>\u0432\u044b\u0441\u0443\u0448\u0438\u0432\u0430\u043d\u0438\u044f;<\/li>\n<li>\u0441\u043e\u0440\u0442\u0438\u0440\u043e\u0432\u043a\u0438;<\/li>\n<li>\u0443\u043f\u0430\u043a\u043e\u0432\u043a\u0438.<\/li>\n<\/ul>\n<p>Frunzele mari sunt presate \u0219i afumate. Aceast\u0103 metod\u0103 de procesare prelunge\u0219te durata de valabilitate a kudin. \u00cen exterior, frunzele uscate seam\u0103n\u0103 cu soiurile verzi, dar gustul \u0219i propriet\u0103\u021bile lor sunt diferite. Ceaiul promoveaz\u0103, de asemenea, activarea metabolismului. Regleaz\u0103 nivelul zah\u0103rului din s\u00e2nge, amelioreaz\u0103 migrenele \u0219i durerile de cap. Kudin normalizeaz\u0103 tractul digestiv, amelioreaz\u0103 mahmureala \u0219i restabile\u0219te func\u021bia hepatic\u0103.     <\/p>\n<p>\u00cen plus, consumul regulat al b\u0103uturii este recomandat persoanelor \u00een v\u00e2rst\u0103, deoarece reduce tensiunea arterial\u0103, \u00eembun\u0103t\u0103\u021be\u0219te func\u021bia creierului \u0219i are un efect pozitiv asupra memoriei. \u00cen plus, frunzele de holly au un efect antiinflamator \u0219i sunt utilizate \u00een tratamentul bolilor oculare. <\/p>\n<p>\u0412 \u0441\u043e\u0441\u0442\u0430\u0432 \u0447\u0430\u044f \u0432\u0445\u043e\u0434\u0438\u0442 \u0430\u0441\u043a\u043e\u0440\u0431\u0438\u043d\u043e\u0432\u0430\u044f \u043a\u0438\u0441\u043b\u043e\u0442\u0430, \u043f\u043e\u044d\u0442\u043e\u043c\u0443 \u043d\u0435\u0443\u0434\u0438\u0432\u0438\u0442\u0435\u043b\u044c\u043d\u043e, \u0447\u0442\u043e \u043a\u0443\u0434\u0438\u043d \u043e\u0431\u043b\u0430\u0434\u0430\u0435\u0442 \u043f\u0440\u043e\u0442\u0438\u0432\u043e\u0432\u0438\u0440\u0443\u0441\u043d\u044b\u043c \u0441\u0432\u043e\u0439\u0441\u0442\u0432\u043e\u043c. \u0415\u0433\u043e \u0438\u0441\u043f\u043e\u043b\u044c\u0437\u0443\u044e\u0442 \u043f\u0440\u0438 \u043b\u0430\u0440\u0438\u043d\u0433\u0438\u0442\u0430\u0445, \u0444\u0430\u0440\u0438\u043d\u0433\u0438\u0442\u0430\u0445, \u043f\u043e\u0432\u044b\u0448\u0435\u043d\u043d\u043e\u0439 \u0442\u0435\u043c\u043f\u0435\u0440\u0430\u0442\u0443\u0440\u0435 \u0442\u0435\u043b\u0430. \u041d\u0435\u0443\u0434\u0438\u0432\u0438\u0442\u0435\u043b\u044c\u043d\u043e, \u0447\u0442\u043e \u044d\u0442\u043e\u0442 \u0447\u0430\u0439 \u043d\u0430\u0437\u044b\u0432\u0430\u044e\u0442 \u043b\u0435\u043a\u0430\u0440\u0441\u0442\u0432\u043e\u043c \u043e\u0442 \u0441\u043e\u0442\u043d\u0438 \u0431\u043e\u043b\u0435\u0437\u043d\u0435\u0439.  <\/p>\n<p>\u041b\u0438\u0441\u0442\u044c\u0435\u044f \u0441\u0443\u0431\u0442\u0440\u043e\u043f\u0438\u0447\u0435\u0441\u043a\u043e\u0433\u043e \u0432\u0435\u0447\u043d\u043e\u0437\u0435\u043b\u0451\u043d\u043e\u0433\u043e \u043f\u0430\u0434\u0443\u0431\u0430 \u0448\u0438\u0440\u043e\u043a\u043e\u043b\u0438\u0441\u0442\u043e\u0433\u043e.<\/p>\n<p>B\u0103utura are un gust astringent cu o u\u0219oar\u0103 am\u0103r\u0103ciune, care se transform\u0103 \u00eentr-un gust dulce. Exist\u0103 nuan\u021be pe baz\u0103 de plante \u00een parfum. <\/p>\n<p>Se prepar\u0103 1-2 be\u021bi\u0219oare la 250 ml la o temperatur\u0103 a apei de 80 CP, se insist\u0103 timp de 3-5 minute pentru a ob\u021bine o b\u0103utur\u0103 cu un gust delicat.<\/p>\n<p>Aceea\u0219i b\u0103utur\u0103 poate fi turnat\u0103 de p\u00e2n\u0103 la 5 ori la r\u00e2nd, de fiecare dat\u0103 prelungind timpul de perfuzie cu aproximativ 1 minut. P\u0103stra\u021bi-l timp de maximum 5 minute, nu pute\u021bi insista mult timp, b\u0103utura va deveni tart\u0103. <\/p>\n","protected":false},"featured_media":13435,"comment_status":"open","ping_status":"closed","template":"","meta":[],"product_brand":[],"product_cat":[346,347],"product_tag":[],"class_list":{"0":"post-14188","1":"product","2":"type-product","3":"status-publish","4":"has-post-thumbnail","6":"product_cat-chernyj-chaj","7":"product_cat-chernyj-bez-dobavok","9":"first","10":"instock","11":"shipping-taxable","12":"purchasable","13":"product-type-variable","14":"has-default-attributes"},"_links":{"self":[{"href":"https:\/\/tea-shop.md\/ro\/wp-json\/wp\/v2\/product\/14188","targetHints":{"allow":["GET"]}}],"collection":[{"href":"https:\/\/tea-shop.md\/ro\/wp-json\/wp\/v2\/product"}],"about":[{"href":"https:\/\/tea-shop.md\/ro\/wp-json\/wp\/v2\/types\/product"}],"replies":[{"embeddable":true,"href":"https:\/\/tea-shop.md\/ro\/wp-json\/wp\/v2\/comments?post=14188"}],"version-history":[{"count":2,"href":"https:\/\/tea-shop.md\/ro\/wp-json\/wp\/v2\/product\/14188\/revisions"}],"predecessor-version":[{"id":15038,"href":"https:\/\/tea-shop.md\/ro\/wp-json\/wp\/v2\/product\/14188\/revisions\/15038"}],"wp:featuredmedia":[{"embeddable":true,"href":"https:\/\/tea-shop.md\/ro\/wp-json\/wp\/v2\/media\/13435"}],"wp:attachment":[{"href":"https:\/\/tea-shop.md\/ro\/wp-json\/wp\/v2\/media?parent=14188"}],"wp:term":[{"taxonomy":"product_brand","embeddable":true,"href":"https:\/\/tea-shop.md\/ro\/wp-json\/wp\/v2\/product_brand?post=14188"},{"taxonomy":"product_cat","embeddable":true,"href":"https:\/\/tea-shop.md\/ro\/wp-json\/wp\/v2\/product_cat?post=14188"},{"taxonomy":"product_tag","embeddable":true,"href":"https:\/\/tea-shop.md\/ro\/wp-json\/wp\/v2\/product_tag?post=14188"}],"curies":[{"name":"wp","href":"https:\/\/api.w.org\/{rel}","templated":true}]}}