{"id":14194,"date":"2025-12-10T20:09:14","date_gmt":"2025-12-10T18:09:14","guid":{"rendered":"https:\/\/tea-shop.md\/product\/marrakech\/"},"modified":"2026-03-31T22:13:56","modified_gmt":"2026-03-31T19:13:56","slug":"marrakech","status":"publish","type":"product","link":"https:\/\/tea-shop.md\/ro\/produs\/marrakech\/","title":{"rendered":"Marrakech"},"content":{"rendered":"<p>Ceai negru Ceylon cu c\u0103p\u0219uni, stafide \u0219i mure Suculente. Stafidele, feliile de c\u0103p\u0219uni \u0219i murele creeaz\u0103 un gust unic cu note subtile de fructe de p\u0103dure. C\u0103p\u0219unile, bogate \u00een vitamine, ajut\u0103 organismul s\u0103 compenseze deficien\u021ba nutrien\u021bilor, \u00een special \u00een perioadele de deficit de vitamine. Are propriet\u0103\u021bi antibacteriene \u0219i diuretice, sus\u021bin\u00e2nd sistemul imunitar \u0219i cur\u0103\u021b\u00e2nd organismul.   <\/p>\n<p>Murele sunt un adev\u0103rat depozit de antioxidan\u021bi. \u00cent\u0103re\u0219te sistemul nervos, ajut\u0103 s\u0103 fac\u0103 fa\u021b\u0103 stresului \u0219i este bogat \u00een vitaminele B \u0219i E, care sunt importante pentru pielea, p\u0103rul \u0219i organele s\u0103n\u0103toase. \u00cen plus, murele sunt un analog natural al aspirinei, ceea ce le face utile pentru r\u0103celi \u0219i inflama\u021bii.  <\/p>\n<p>Stafidele sunt un superaliment care nu numai c\u0103 confer\u0103 ceaiului dulcea\u021ba sa natural\u0103, dar \u0219i satureaz\u0103 organismul cu fibre, \u00eembun\u0103t\u0103\u021bind digestia \u0219i detoxifi\u00e2ndu-l.<\/p>\n<p>C\u00e2nd este preparat, acest ceai se deschide cu o infuzie bogat\u0103, cu o arom\u0103 str\u0103lucitoare de c\u0103p\u0219uni \u0219i o dulcea\u021b\u0103 delicat\u0103 de fructe de p\u0103dure, cre\u00e2nd b\u0103utura perfect\u0103 pentru pl\u0103cere \u0219i beneficii pentru s\u0103n\u0103tate.<\/p>\n<p>Se toarn\u0103 1 linguri\u021b\u0103 de frunze de ceai \u00een ceainic. Se toarn\u0103 250 ml de ap\u0103 cald\u0103 95cc, insist\u0103 timp de 3-5 minute pentru a ob\u021bine o b\u0103utur\u0103 cu un gust delicat. <\/p>\n","protected":false},"excerpt":{"rendered":"<p>\u042f\u0433\u043e\u0434\u043d\u044b\u0439 \u0447\u0435\u0440\u043d\u044b\u0439 \u0447\u0430\u0439 \u2014 \u044d\u0442\u043e \u0433\u0430\u0440\u043c\u043e\u043d\u0438\u0447\u043d\u043e\u0435 \u0441\u043e\u0447\u0435\u0442\u0430\u043d\u0438\u0435 \u043d\u0430\u0441\u044b\u0449\u0435\u043d\u043d\u043e\u0433\u043e \u0447\u0435\u0440\u043d\u043e\u0433\u043e \u0447\u0430\u044f \u0438 \u043d\u0430\u0442\u0443\u0440\u0430\u043b\u044c\u043d\u044b\u0445 \u044f\u0433\u043e\u0434, \u043a\u043e\u0442\u043e\u0440\u044b\u0435 \u043d\u0430\u043f\u043e\u043b\u043d\u044f\u044e\u0442 \u043a\u0430\u0436\u0434\u0443\u044e \u0447\u0430\u0448\u043a\u0443 \u0441\u0432\u0435\u0436\u0435\u0441\u0442\u044c\u044e \u0438 \u043f\u043e\u043b\u044c\u0437\u043e\u0439 \u043f\u0440\u0438\u0440\u043e\u0434\u044b.<\/p>\n<p>\u0412 \u0435\u0433\u043e \u0441\u043e\u0441\u0442\u0430\u0432 \u0432\u0445\u043e\u0434\u044f\u0442 \u0438\u0437\u044e\u043c, \u043a\u0443\u0441\u043e\u0447\u043a\u0438 \u043a\u043b\u0443\u0431\u043d\u0438\u043a\u0438 \u0438 \u044f\u0433\u043e\u0434\u044b \u0435\u0436\u0435\u0432\u0438\u043a\u0438, \u0441\u043e\u0437\u0434\u0430\u0432\u0430\u044f \u043d\u0435\u043f\u043e\u0432\u0442\u043e\u0440\u0438\u043c\u044b\u0439 \u0432\u043a\u0443\u0441 \u0441 \u0442\u043e\u043d\u043a\u0438\u043c\u0438 \u044f\u0433\u043e\u0434\u043d\u044b\u043c\u0438 \u043d\u043e\u0442\u043a\u0430\u043c\u0438. \u041a\u043b\u0443\u0431\u043d\u0438\u043a\u0430, \u0431\u043e\u0433\u0430\u0442\u0430\u044f \u0432\u0438\u0442\u0430\u043c\u0438\u043d\u0430\u043c\u0438, \u043f\u043e\u043c\u043e\u0433\u0430\u0435\u0442 \u043e\u0440\u0433\u0430\u043d\u0438\u0437\u043c\u0443 \u0432\u043e\u0441\u043f\u043e\u043b\u043d\u044f\u0442\u044c \u0434\u0435\u0444\u0438\u0446\u0438\u0442 \u043f\u043e\u043b\u0435\u0437\u043d\u044b\u0445 \u0432\u0435\u0449\u0435\u0441\u0442\u0432, \u043e\u0441\u043e\u0431\u0435\u043d\u043d\u043e \u0432 \u043f\u0435\u0440\u0438\u043e\u0434\u044b \u0430\u0432\u0438\u0442\u0430\u043c\u0438\u043d\u043e\u0437\u0430. \u041e\u043d\u0430 \u043e\u0431\u043b\u0430\u0434\u0430\u0435\u0442 \u0430\u043d\u0442\u0438\u0431\u0430\u043a\u0442\u0435\u0440\u0438\u0430\u043b\u044c\u043d\u044b\u043c\u0438 \u0438 \u043c\u043e\u0447\u0435\u0433\u043e\u043d\u043d\u044b\u043c\u0438 \u0441\u0432\u043e\u0439\u0441\u0442\u0432\u0430\u043c\u0438, \u043f\u043e\u0434\u0434\u0435\u0440\u0436\u0438\u0432\u0430\u044f \u0438\u043c\u043c\u0443\u043d\u0438\u0442\u0435\u0442 \u0438 \u043e\u0447\u0438\u0449\u0430\u044f \u043e\u0440\u0433\u0430\u043d\u0438\u0437\u043c.  <\/p>\n<p>\u0415\u0436\u0435\u0432\u0438\u043a\u0430 \u2014 \u043d\u0430\u0441\u0442\u043e\u044f\u0449\u0438\u0439 \u043a\u043b\u0430\u0434\u0435\u0437\u044c \u0430\u043d\u0442\u0438\u043e\u043a\u0441\u0438\u0434\u0430\u043d\u0442\u043e\u0432. \u041e\u043d\u0430 \u0443\u043a\u0440\u0435\u043f\u043b\u044f\u0435\u0442 \u043d\u0435\u0440\u0432\u043d\u0443\u044e \u0441\u0438\u0441\u0442\u0435\u043c\u0443, \u043f\u043e\u043c\u043e\u0433\u0430\u0435\u0442 \u0441\u043f\u0440\u0430\u0432\u043b\u044f\u0442\u044c\u0441\u044f \u0441\u043e \u0441\u0442\u0440\u0435\u0441\u0441\u043e\u043c \u0438 \u0431\u043e\u0433\u0430\u0442\u0430 \u0432\u0438\u0442\u0430\u043c\u0438\u043d\u0430\u043c\u0438 \u0433\u0440\u0443\u043f\u043f\u044b \u0412 \u0438 \u0415, \u0432\u0430\u0436\u043d\u044b\u043c\u0438 \u0434\u043b\u044f \u0437\u0434\u043e\u0440\u043e\u0432\u044c\u044f \u043a\u043e\u0436\u0438, \u0432\u043e\u043b\u043e\u0441 \u0438 \u043e\u0440\u0433\u0430\u043d\u043e\u0432. \u041a \u0442\u043e\u043c\u0443 \u0436\u0435, \u0435\u0436\u0435\u0432\u0438\u043a\u0430 \u044f\u0432\u043b\u044f\u0435\u0442\u0441\u044f \u043f\u0440\u0438\u0440\u043e\u0434\u043d\u044b\u043c \u0430\u043d\u0430\u043b\u043e\u0433\u043e\u043c \u0430\u0441\u043f\u0438\u0440\u0438\u043d\u0430, \u0447\u0442\u043e \u0434\u0435\u043b\u0430\u0435\u0442 \u0435\u0451 \u043f\u043e\u043b\u0435\u0437\u043d\u043e\u0439 \u043f\u0440\u0438 \u043f\u0440\u043e\u0441\u0442\u0443\u0434\u0430\u0445 \u0438 \u0432\u043e\u0441\u043f\u0430\u043b\u0435\u043d\u0438\u044f\u0445.  <\/p>\n<p>\u0418\u0437\u044e\u043c \u2014 \u0441\u0443\u043f\u0435\u0440\u0444\u0443\u0434, \u043a\u043e\u0442\u043e\u0440\u044b\u0439 \u043d\u0435 \u0442\u043e\u043b\u044c\u043a\u043e \u043f\u0440\u0438\u0434\u0430\u0451\u0442 \u0447\u0430\u044e \u0435\u0441\u0442\u0435\u0441\u0442\u0432\u0435\u043d\u043d\u0443\u044e \u0441\u043b\u0430\u0434\u043e\u0441\u0442\u044c, \u043d\u043e \u0438 \u043d\u0430\u0441\u044b\u0449\u0430\u0435\u0442 \u043e\u0440\u0433\u0430\u043d\u0438\u0437\u043c \u043a\u043b\u0435\u0442\u0447\u0430\u0442\u043a\u043e\u0439, \u0443\u043b\u0443\u0447\u0448\u0430\u044f \u043f\u0438\u0449\u0435\u0432\u0430\u0440\u0435\u043d\u0438\u0435 \u0438 \u043e\u0447\u0438\u0449\u0430\u044f \u043e\u0442 \u0442\u043e\u043a\u0441\u0438\u043d\u043e\u0432.<\/p>\n<p>\u0427\u0435\u0440\u043d\u044b\u0439 \u0446\u0435\u0439\u043b\u043e\u043d\u0441\u043a\u0438\u0439 \u0447\u0430\u0439 \u0441 \u0434\u043e\u0431\u0430\u0432\u043b\u0435\u043d\u0438\u0435\u043c \u043a\u043b\u0443\u0431\u043d\u0438\u043a\u0438, \u0438\u0437\u044e\u043c\u0430 \u0438 \u044f\u0433\u043e\u0434 \u0441\u043e\u0447\u043d\u043e\u0439 \u0435\u0436\u0435\u0432\u0438\u043a\u0438.<\/p>\n<p>C\u00e2nd este preparat, acest ceai se deschide cu o infuzie bogat\u0103, cu o arom\u0103 str\u0103lucitoare de c\u0103p\u0219uni \u0219i o dulcea\u021b\u0103 delicat\u0103 de fructe de p\u0103dure, cre\u00e2nd b\u0103utura perfect\u0103 pentru pl\u0103cere \u0219i beneficii pentru s\u0103n\u0103tate.<\/p>\n<p>Se toarn\u0103 1 linguri\u021b\u0103 de frunze de ceai \u00een ceainic. Se toarn\u0103 250 ml de ap\u0103 cald\u0103 95cc, insist\u0103 timp de 3-5 minute pentru a ob\u021bine o b\u0103utur\u0103 cu un gust delicat. <\/p>\n","protected":false},"featured_media":13449,"comment_status":"open","ping_status":"closed","template":"","meta":[],"product_brand":[],"product_cat":[346,348],"product_tag":[],"class_list":{"0":"post-14194","1":"product","2":"type-product","3":"status-publish","4":"has-post-thumbnail","6":"product_cat-chernyj-chaj","7":"product_cat-chernyj-s-dobavkami","9":"first","10":"instock","11":"shipping-taxable","12":"purchasable","13":"product-type-variable","14":"has-default-attributes"},"_links":{"self":[{"href":"https:\/\/tea-shop.md\/ro\/wp-json\/wp\/v2\/product\/14194","targetHints":{"allow":["GET"]}}],"collection":[{"href":"https:\/\/tea-shop.md\/ro\/wp-json\/wp\/v2\/product"}],"about":[{"href":"https:\/\/tea-shop.md\/ro\/wp-json\/wp\/v2\/types\/product"}],"replies":[{"embeddable":true,"href":"https:\/\/tea-shop.md\/ro\/wp-json\/wp\/v2\/comments?post=14194"}],"version-history":[{"count":1,"href":"https:\/\/tea-shop.md\/ro\/wp-json\/wp\/v2\/product\/14194\/revisions"}],"predecessor-version":[{"id":14967,"href":"https:\/\/tea-shop.md\/ro\/wp-json\/wp\/v2\/product\/14194\/revisions\/14967"}],"wp:featuredmedia":[{"embeddable":true,"href":"https:\/\/tea-shop.md\/ro\/wp-json\/wp\/v2\/media\/13449"}],"wp:attachment":[{"href":"https:\/\/tea-shop.md\/ro\/wp-json\/wp\/v2\/media?parent=14194"}],"wp:term":[{"taxonomy":"product_brand","embeddable":true,"href":"https:\/\/tea-shop.md\/ro\/wp-json\/wp\/v2\/product_brand?post=14194"},{"taxonomy":"product_cat","embeddable":true,"href":"https:\/\/tea-shop.md\/ro\/wp-json\/wp\/v2\/product_cat?post=14194"},{"taxonomy":"product_tag","embeddable":true,"href":"https:\/\/tea-shop.md\/ro\/wp-json\/wp\/v2\/product_tag?post=14194"}],"curies":[{"name":"wp","href":"https:\/\/api.w.org\/{rel}","templated":true}]}}