{"id":14200,"date":"2025-12-10T20:09:12","date_gmt":"2025-12-10T18:09:12","guid":{"rendered":"https:\/\/tea-shop.md\/product\/dansul-focului\/"},"modified":"2026-03-31T22:12:12","modified_gmt":"2026-03-31T19:12:12","slug":"dansul-focului","status":"publish","type":"product","link":"https:\/\/tea-shop.md\/ro\/produs\/dansul-focului\/","title":{"rendered":"Dansul Focului"},"content":{"rendered":"<p>Ceai negru cu mate pr\u0103jit\u0103, cacao, scor\u021bi\u0219oar\u0103, ghimbir, cardamom, piper, condimente, fenicul \u0219i rozmarin. O b\u0103utur\u0103 minunat\u0103 pentru iubitorii de condimente orientale. <\/p>\n<p>Infuzia are o arom\u0103 pl\u0103cut\u0103 \u0219i atr\u0103g\u0103toare de condimente \u0219i ciocolat\u0103.<\/p>\n<p>Se toarn\u0103 1 linguri\u021b\u0103 de frunze de ceai \u00een ceainic. Se toarn\u0103 250 ml de ap\u0103 cald\u0103 95cc, insist\u0103 timp de 3-5 minute pentru a ob\u021bine o b\u0103utur\u0103 cu un gust delicat. <\/p>\n","protected":false},"excerpt":{"rendered":"<p>\u0427\u0430\u0439 \u0441 \u0432\u043e\u0441\u0442\u043e\u0447\u043d\u044b\u043c\u0438 \u0441\u043f\u0435\u0446\u0438\u044f\u043c\u0438. \u0412 \u0435\u0433\u043e \u0441\u043e\u0441\u0442\u0430\u0432 \u0432\u0445\u043e\u0434\u0438\u0442 \u0441\u043c\u0435\u0441\u044c \u0447\u0435\u0440\u043d\u043e\u0433\u043e \u0431\u0430\u0439\u0445\u043e\u0432\u043e\u0433\u043e \u0447\u0430\u044f \u0441 \u0434\u043e\u0431\u0430\u0432\u043b\u0435\u043d\u0438\u0435\u043c \u0436\u0430\u0440\u0435\u043d\u043e\u0433\u043e \u043c\u0430\u0442\u0435, \u043a\u0430\u043a\u0430\u043e, \u043a\u043e\u0440\u0438\u0446\u044b, \u0438\u043c\u0431\u0438\u0440\u044f, \u043a\u0430\u0440\u0434\u0430\u043c\u043e\u043d\u0430, \u043f\u0435\u0440\u0446\u0430, \u0441\u043f\u0435\u0446\u0438\u0439, \u0444\u0435\u043d\u0445\u0435\u043b\u044f \u0438 \u0440\u043e\u0437\u043c\u0430\u0440\u0438\u043d\u0430. <\/p>\n<p>\u041c\u0430\u0442\u0435 &#8211; \u0443\u043d\u0438\u043a\u0430\u043b\u044c\u043d\u044b\u0439 \u043d\u0430\u043f\u0438\u0442\u043e\u043a, \u043a\u043e\u0442\u043e\u0440\u044b\u0439 \u043f\u043e\u043c\u043e\u0433\u0430\u0435\u0442 \u0432\u044b\u0432\u043e\u0434\u0438\u0442\u044c \u0438\u0437 \u043e\u0440\u0433\u0430\u043d\u0438\u0437\u043c\u0430 \u0448\u043b\u0430\u043a\u0438 \u0438 \u0442\u043e\u043a\u0441\u0438\u043d\u044b, \u0441\u043f\u043e\u0441\u043e\u0431\u0441\u0442\u0432\u0443\u044f \u0430\u043a\u0442\u0438\u0432\u043d\u043e\u043c\u0443 \u0441\u043d\u0438\u0436\u0435\u043d\u0438\u044e \u0432\u0435\u0441\u0430, \u043f\u0440\u0438 \u044d\u0442\u043e\u043c \u043d\u0435 \u0442\u0440\u0430\u0432\u043c\u0438\u0440\u0443\u044f \u043d\u0435\u0440\u0432\u043d\u0443\u044e \u0441\u0438\u0441\u0442\u0435\u043c\u0443 \u0431\u043b\u0430\u0433\u043e\u0434\u0430\u0440\u044f \u043f\u043e\u0434\u0430\u0432\u043b\u0435\u043d\u0438\u0435 \u0432\u044b\u0440\u0430\u0431\u043e\u0442\u043a\u0438 \u0430\u0434\u0440\u0435\u043d\u0430\u043b\u0438\u043d\u0430. \u041a\u043e\u0440\u0438\u0446\u0430 \u043f\u043e\u0432\u044b\u0448\u0430\u0435\u0442 \u043e\u0431\u0449\u0438\u0439 \u0442\u043e\u043d\u0443\u0441, \u0443\u043a\u0440\u0435\u043f\u043b\u044f\u0435\u0442 \u0438\u043c\u043c\u0443\u043d\u0438\u0442\u0435\u0442, \u043f\u043e\u043c\u043e\u0433\u0430\u0435\u0442 \u0432 \u043a\u043e\u043d\u0446\u0435\u043d\u0442\u0440\u0430\u0446\u0438\u0438 \u0432\u043d\u0438\u043c\u0430\u043d\u0438\u044f, \u0430 \u0442\u0430\u043a\u0436\u0435 \u043e\u0431\u043b\u0430\u0434\u0430\u0435\u0442 \u043f\u0440\u043e\u0442\u0438\u0432\u043e\u0432\u043e\u0441\u043f\u0430\u043b\u0438\u0442\u0435\u043b\u044c\u043d\u044b\u043c \u0441\u0432\u043e\u0439\u0441\u0442\u0432\u0430\u043c\u0438. \u041a\u043e\u0440\u0435\u043d\u044c \u0438\u043c\u0431\u0438\u0440\u044f \u0438 \u0444\u0435\u043d\u0445\u0435\u043b\u044c \u0431\u0443\u0434\u0443\u0442 \u043f\u043e\u043b\u0435\u0437\u043d\u044b\u043c \u043f\u0440\u0438 \u043f\u0440\u043e\u0441\u0442\u0443\u0434\u0435, \u0433\u0440\u0438\u043f\u043f\u0435, \u043a\u0430\u0448\u043b\u0435, \u0437\u0430\u0441\u0442\u043e\u0439\u043d\u044b\u0445 \u044f\u0432\u043b\u0435\u043d\u0438\u044f\u0445 \u0432 \u043b\u0435\u0433\u043a\u0438\u0445, \u0430 \u0442\u0430\u043a\u0436\u0435 \u043f\u0440\u0438 \u0431\u043e\u043b\u044f\u0445 \u0432 \u0433\u043e\u0440\u043b\u0435. \u0420\u043e\u0437\u043c\u0430\u0440\u0438\u043d &#8211; \u043e\u0431\u043b\u0430\u0434\u0430\u0435\u0442 \u043c\u043e\u0447\u0435\u0433\u043e\u043d\u043d\u044b\u043c\u0438 \u044d\u0444\u0444\u0435\u043a\u0442\u043e\u043c, \u0441\u043f\u043e\u0441\u043e\u0431\u0441\u0442\u0432\u0443\u0435\u0442 \u0437\u0430\u0436\u0438\u0432\u043b\u0435\u043d\u0438\u044e \u043f\u0435\u0447\u0435\u043d\u0438. \u041d\u0443 \u0430 \u043a\u0430\u043a\u0430\u043e \u0435\u0434\u0438\u043d\u0441\u0442\u0432\u0435\u043d\u043d\u044b\u0439 \u043f\u0440\u043e\u0434\u0443\u043a\u0442, \u043a\u043e\u0442\u043e\u0440\u044b\u0439 \u0441\u043e\u0434\u0435\u0440\u0436\u0438\u0442 \u0430\u043d\u0430\u043d\u0434\u0430\u043c\u0438\u0434, \u0431\u043b\u0430\u0433\u043e\u0434\u0430\u0440\u044f \u043a\u043e\u0442\u043e\u0440\u043e\u043c\u0443 \u043f\u043e\u0432\u044b\u0448\u0430\u0435\u0442\u0441\u044f \u0443\u0440\u043e\u0432\u0435\u043d\u044c \u00ab\u0433\u043e\u0440\u043c\u043e\u043d\u0430 \u0441\u0447\u0430\u0441\u0442\u044c\u044f\u00bb: \u044d\u043d\u0434\u043e\u0440\u0444\u0438\u043d\u0430.    <\/p>\n<p>\u0412 \u0441\u043e\u0441\u0442\u0430\u0432 \u0432\u0445\u043e\u0434\u0438\u0442 \u0438\u043c\u0431\u0438\u0440\u044c, \u043a\u0430\u0440\u0434\u0430\u043c\u043e\u043d, \u043a\u043e\u0440\u0438\u0446\u0430, \u043a\u0430\u043a\u0430\u043e, \u043c\u0430\u0442\u0435, \u043f\u0435\u0440\u0435\u0446, \u0440\u043e\u0437\u043c\u0430\u0440\u0438\u043d, \u0444\u0435\u043d\u0445\u0435\u043b\u044c.<\/p>\n<p>\u041f\u0440\u0438\u044f\u0442\u043d\u044b\u0439 \u043f\u0440\u044f\u043d\u043d\u044b\u0439 \u0438 \u0442\u0435\u0440\u0431\u043a\u0438\u0439 \u0432\u043a\u0443\u0441.<\/p>\n<p>Se toarn\u0103 1 linguri\u021b\u0103 de frunze de ceai \u00een ceainic. Se toarn\u0103 250 ml de ap\u0103 cald\u0103 95cc, insist\u0103 timp de 3-5 minute pentru a ob\u021bine o b\u0103utur\u0103 cu un gust delicat. <\/p>\n","protected":false},"featured_media":13443,"comment_status":"open","ping_status":"closed","template":"","meta":[],"product_brand":[],"product_cat":[346,348],"product_tag":[],"class_list":{"0":"post-14200","1":"product","2":"type-product","3":"status-publish","4":"has-post-thumbnail","6":"product_cat-chernyj-chaj","7":"product_cat-chernyj-s-dobavkami","9":"first","10":"instock","11":"shipping-taxable","12":"purchasable","13":"product-type-variable","14":"has-default-attributes"},"_links":{"self":[{"href":"https:\/\/tea-shop.md\/ro\/wp-json\/wp\/v2\/product\/14200","targetHints":{"allow":["GET"]}}],"collection":[{"href":"https:\/\/tea-shop.md\/ro\/wp-json\/wp\/v2\/product"}],"about":[{"href":"https:\/\/tea-shop.md\/ro\/wp-json\/wp\/v2\/types\/product"}],"replies":[{"embeddable":true,"href":"https:\/\/tea-shop.md\/ro\/wp-json\/wp\/v2\/comments?post=14200"}],"version-history":[{"count":1,"href":"https:\/\/tea-shop.md\/ro\/wp-json\/wp\/v2\/product\/14200\/revisions"}],"predecessor-version":[{"id":14964,"href":"https:\/\/tea-shop.md\/ro\/wp-json\/wp\/v2\/product\/14200\/revisions\/14964"}],"wp:featuredmedia":[{"embeddable":true,"href":"https:\/\/tea-shop.md\/ro\/wp-json\/wp\/v2\/media\/13443"}],"wp:attachment":[{"href":"https:\/\/tea-shop.md\/ro\/wp-json\/wp\/v2\/media?parent=14200"}],"wp:term":[{"taxonomy":"product_brand","embeddable":true,"href":"https:\/\/tea-shop.md\/ro\/wp-json\/wp\/v2\/product_brand?post=14200"},{"taxonomy":"product_cat","embeddable":true,"href":"https:\/\/tea-shop.md\/ro\/wp-json\/wp\/v2\/product_cat?post=14200"},{"taxonomy":"product_tag","embeddable":true,"href":"https:\/\/tea-shop.md\/ro\/wp-json\/wp\/v2\/product_tag?post=14200"}],"curies":[{"name":"wp","href":"https:\/\/api.w.org\/{rel}","templated":true}]}}