{"id":14207,"date":"2025-12-10T20:09:12","date_gmt":"2025-12-10T18:09:12","guid":{"rendered":"https:\/\/tea-shop.md\/product\/catina-de-mare\/"},"modified":"2026-03-31T22:11:46","modified_gmt":"2026-03-31T19:11:46","slug":"catina-de-mare","status":"publish","type":"product","link":"https:\/\/tea-shop.md\/ro\/produs\/catina-de-mare\/","title":{"rendered":"Catina de mare"},"content":{"rendered":"<p>Ceai negru de Ceylon cu fructe de c\u0103tin\u0103 \u0219i zmeur\u0103, frunze de mure, petale de \u0219ofr\u0103nel, cu o arom\u0103 subtil\u0103 de fructe de p\u0103dure \u0219i o arom\u0103 incredibil\u0103. B\u0103utura ofer\u0103 un sentiment de confort, pace \u0219i confort. <\/p>\n<p>B\u0103utura preparat\u0103 are o arom\u0103 subtil\u0103 de fructe de p\u0103dure \u0219i o arom\u0103 incredibil\u0103 \u2013 se \u00eenc\u0103lze\u0219te \u0219i sus\u021bine sistemul imunitar deosebit de bine \u00een serile reci.<\/p>\n<p>Se toarn\u0103 1 linguri\u021b\u0103 de frunze de ceai \u00een ceainic. Se toarn\u0103 250 ml de ap\u0103 cald\u0103 95cc, insist\u0103 timp de 3-5 minute pentru a ob\u021bine o b\u0103utur\u0103 cu un gust delicat. <\/p>\n","protected":false},"excerpt":{"rendered":"<p>Ceai negru de Ceylon cu fructe de c\u0103tin\u0103 \u0219i zmeur\u0103, frunze de mure, petale de \u0219ofr\u0103nel, cu o arom\u0103 subtil\u0103<\/p>\n","protected":false},"featured_media":13441,"comment_status":"open","ping_status":"closed","template":"","meta":[],"product_brand":[],"product_cat":[346,348],"product_tag":[],"class_list":{"0":"post-14207","1":"product","2":"type-product","3":"status-publish","4":"has-post-thumbnail","6":"product_cat-chernyj-chaj","7":"product_cat-chernyj-s-dobavkami","9":"first","10":"instock","11":"shipping-taxable","12":"purchasable","13":"product-type-variable","14":"has-default-attributes"},"_links":{"self":[{"href":"https:\/\/tea-shop.md\/ro\/wp-json\/wp\/v2\/product\/14207","targetHints":{"allow":["GET"]}}],"collection":[{"href":"https:\/\/tea-shop.md\/ro\/wp-json\/wp\/v2\/product"}],"about":[{"href":"https:\/\/tea-shop.md\/ro\/wp-json\/wp\/v2\/types\/product"}],"replies":[{"embeddable":true,"href":"https:\/\/tea-shop.md\/ro\/wp-json\/wp\/v2\/comments?post=14207"}],"version-history":[{"count":1,"href":"https:\/\/tea-shop.md\/ro\/wp-json\/wp\/v2\/product\/14207\/revisions"}],"predecessor-version":[{"id":14963,"href":"https:\/\/tea-shop.md\/ro\/wp-json\/wp\/v2\/product\/14207\/revisions\/14963"}],"wp:featuredmedia":[{"embeddable":true,"href":"https:\/\/tea-shop.md\/ro\/wp-json\/wp\/v2\/media\/13441"}],"wp:attachment":[{"href":"https:\/\/tea-shop.md\/ro\/wp-json\/wp\/v2\/media?parent=14207"}],"wp:term":[{"taxonomy":"product_brand","embeddable":true,"href":"https:\/\/tea-shop.md\/ro\/wp-json\/wp\/v2\/product_brand?post=14207"},{"taxonomy":"product_cat","embeddable":true,"href":"https:\/\/tea-shop.md\/ro\/wp-json\/wp\/v2\/product_cat?post=14207"},{"taxonomy":"product_tag","embeddable":true,"href":"https:\/\/tea-shop.md\/ro\/wp-json\/wp\/v2\/product_tag?post=14207"}],"curies":[{"name":"wp","href":"https:\/\/api.w.org\/{rel}","templated":true}]}}