{"id":14214,"date":"2025-12-10T20:09:11","date_gmt":"2025-12-10T18:09:11","guid":{"rendered":"https:\/\/tea-shop.md\/product\/coacaz\/"},"modified":"2026-03-31T22:10:54","modified_gmt":"2026-03-31T19:10:54","slug":"coacaz","status":"publish","type":"product","link":"https:\/\/tea-shop.md\/ro\/produs\/coacaz\/","title":{"rendered":"Coac\u0103z"},"content":{"rendered":"<p>Ceai negru Ceylon cu mure dulci \u0219i coac\u0103ze negre, flori de eric\u0103 \u0219i fructe de ienup\u0103r.<\/p>\n<p>Ceaiul are o arom\u0103 bogat\u0103 de coac\u0103ze, cu o arom\u0103 pl\u0103cut\u0103 \u0219i note dulci. Aceast\u0103 b\u0103utur\u0103 este atractiv\u0103 pentru iubitorii de ceaiuri de fructe \u0219i fructe de p\u0103dure \u0219i poate fi o modalitate excelent\u0103 de a ad\u0103uga arome \u0219i arome vibrante la o cea\u0219c\u0103 de ceai. <\/p>\n<p>Infuzia preparat\u0103 are o arom\u0103 unic\u0103 de coac\u0103ze negre \u0219i arom\u0103 de fructe de p\u0103dure.<\/p>\n<p>Se toarn\u0103 1 linguri\u021b\u0103 de frunze de ceai \u00een ceainic. Se toarn\u0103 250 ml de ap\u0103 cald\u0103 95cc, insist\u0103 timp de 3-5 minute pentru a ob\u021bine o b\u0103utur\u0103 cu un gust delicat. <\/p>\n","protected":false},"excerpt":{"rendered":"<p>Ceai negru Ceylon cu mure dulci \u0219i coac\u0103ze negre, flori de eric\u0103 \u0219i fructe de ienup\u0103r. Ceaiul are o arom\u0103<\/p>\n","protected":false},"featured_media":14213,"comment_status":"open","ping_status":"closed","template":"","meta":[],"product_brand":[],"product_cat":[346,348],"product_tag":[],"class_list":{"0":"post-14214","1":"product","2":"type-product","3":"status-publish","4":"has-post-thumbnail","6":"product_cat-chernyj-chaj","7":"product_cat-chernyj-s-dobavkami","9":"first","10":"instock","11":"shipping-taxable","12":"purchasable","13":"product-type-variable","14":"has-default-attributes"},"_links":{"self":[{"href":"https:\/\/tea-shop.md\/ro\/wp-json\/wp\/v2\/product\/14214","targetHints":{"allow":["GET"]}}],"collection":[{"href":"https:\/\/tea-shop.md\/ro\/wp-json\/wp\/v2\/product"}],"about":[{"href":"https:\/\/tea-shop.md\/ro\/wp-json\/wp\/v2\/types\/product"}],"replies":[{"embeddable":true,"href":"https:\/\/tea-shop.md\/ro\/wp-json\/wp\/v2\/comments?post=14214"}],"version-history":[{"count":1,"href":"https:\/\/tea-shop.md\/ro\/wp-json\/wp\/v2\/product\/14214\/revisions"}],"predecessor-version":[{"id":14961,"href":"https:\/\/tea-shop.md\/ro\/wp-json\/wp\/v2\/product\/14214\/revisions\/14961"}],"wp:featuredmedia":[{"embeddable":true,"href":"https:\/\/tea-shop.md\/ro\/wp-json\/wp\/v2\/media\/14213"}],"wp:attachment":[{"href":"https:\/\/tea-shop.md\/ro\/wp-json\/wp\/v2\/media?parent=14214"}],"wp:term":[{"taxonomy":"product_brand","embeddable":true,"href":"https:\/\/tea-shop.md\/ro\/wp-json\/wp\/v2\/product_brand?post=14214"},{"taxonomy":"product_cat","embeddable":true,"href":"https:\/\/tea-shop.md\/ro\/wp-json\/wp\/v2\/product_cat?post=14214"},{"taxonomy":"product_tag","embeddable":true,"href":"https:\/\/tea-shop.md\/ro\/wp-json\/wp\/v2\/product_tag?post=14214"}],"curies":[{"name":"wp","href":"https:\/\/api.w.org\/{rel}","templated":true}]}}