{"id":14220,"date":"2025-12-10T20:09:10","date_gmt":"2025-12-10T18:09:10","guid":{"rendered":"https:\/\/tea-shop.md\/product\/ceylon-cu-frunze-mari\/"},"modified":"2026-03-31T22:10:15","modified_gmt":"2026-03-31T19:10:15","slug":"ceylon-cu-frunze-mari","status":"publish","type":"product","link":"https:\/\/tea-shop.md\/ro\/produs\/ceylon-cu-frunze-mari\/","title":{"rendered":"Ceylon cu frunze mari"},"content":{"rendered":"<p>Ceai negru cu frunze mari din cele mai bune planta\u021bii de munte ale insulei Ceylon.<\/p>\n<p>Acesta este un ceai negru unic, care se distinge prin con\u021binutul ridicat de tanin. Taninurile con\u021binute \u00een frunzele de ceai confer\u0103 tartness ceaiului, v\u00e2scozitate, culoare \u0219i arom\u0103, iar combina\u021bia acestor calit\u0103\u021bi a f\u0103cut ca acest soi de ceai de \u00eenalt\u0103 calitate s\u0103 fie at\u00e2t de faimos \u0219i popular \u00een \u00eentreaga lume. <\/p>\n<p>Ceaiul v\u0103 va ajuta s\u0103 v\u0103 \u00eenveseli\u021bi \u00eenainte de o zi lucr\u0103toare aglomerat\u0103, deci este indispensabil ca o b\u0103utur\u0103 de diminea\u021b\u0103. Consumul regulat de ceai activeaz\u0103 circula\u021bia s\u00e2ngelui, \u00een special \u00een creier, ceea ce duce la stimularea activit\u0103\u021bii creierului, \u00eembun\u0103t\u0103\u021birea memoriei, reac\u021bia, inteligen\u021ba, men\u021binerea clarit\u0103\u021bii g\u00e2ndirii, vigoarea \u0219i activitatea \u00eentregului organism. \u00cen plus, apetitul se \u00eembun\u0103t\u0103\u021be\u0219te, dar \u00een acela\u0219i timp metabolismul este activat, ceea ce duce la sc\u0103derea excesului de greutate.  <\/p>\n<p>Infuzia preparat\u0103 are un gust u\u0219or, acceptabil de tart\u0103 \u0219i o arom\u0103 \u00eemb\u0103t\u0103toare.<\/p>\n<p>Se toarn\u0103 1 linguri\u021b\u0103 de frunze de ceai \u00een ceainic. Se toarn\u0103 250 ml de ap\u0103 cald\u0103 95cc, insist\u0103 timp de 3-5 minute pentru a ob\u021bine o b\u0103utur\u0103 cu un gust delicat. <\/p>\n","protected":false},"excerpt":{"rendered":"<p>Ceai negru cu frunze mari din cele mai bune planta\u021bii de munte ale insulei Ceylon. Acesta este un ceai negru<\/p>\n","protected":false},"featured_media":13431,"comment_status":"open","ping_status":"closed","template":"","meta":[],"product_brand":[],"product_cat":[346,347],"product_tag":[],"class_list":{"0":"post-14220","1":"product","2":"type-product","3":"status-publish","4":"has-post-thumbnail","6":"product_cat-chernyj-chaj","7":"product_cat-chernyj-bez-dobavok","9":"first","10":"instock","11":"shipping-taxable","12":"purchasable","13":"product-type-variable","14":"has-default-attributes"},"_links":{"self":[{"href":"https:\/\/tea-shop.md\/ro\/wp-json\/wp\/v2\/product\/14220","targetHints":{"allow":["GET"]}}],"collection":[{"href":"https:\/\/tea-shop.md\/ro\/wp-json\/wp\/v2\/product"}],"about":[{"href":"https:\/\/tea-shop.md\/ro\/wp-json\/wp\/v2\/types\/product"}],"replies":[{"embeddable":true,"href":"https:\/\/tea-shop.md\/ro\/wp-json\/wp\/v2\/comments?post=14220"}],"version-history":[{"count":1,"href":"https:\/\/tea-shop.md\/ro\/wp-json\/wp\/v2\/product\/14220\/revisions"}],"predecessor-version":[{"id":14960,"href":"https:\/\/tea-shop.md\/ro\/wp-json\/wp\/v2\/product\/14220\/revisions\/14960"}],"wp:featuredmedia":[{"embeddable":true,"href":"https:\/\/tea-shop.md\/ro\/wp-json\/wp\/v2\/media\/13431"}],"wp:attachment":[{"href":"https:\/\/tea-shop.md\/ro\/wp-json\/wp\/v2\/media?parent=14220"}],"wp:term":[{"taxonomy":"product_brand","embeddable":true,"href":"https:\/\/tea-shop.md\/ro\/wp-json\/wp\/v2\/product_brand?post=14220"},{"taxonomy":"product_cat","embeddable":true,"href":"https:\/\/tea-shop.md\/ro\/wp-json\/wp\/v2\/product_cat?post=14220"},{"taxonomy":"product_tag","embeddable":true,"href":"https:\/\/tea-shop.md\/ro\/wp-json\/wp\/v2\/product_tag?post=14220"}],"curies":[{"name":"wp","href":"https:\/\/api.w.org\/{rel}","templated":true}]}}