{"id":14226,"date":"2025-12-10T20:09:09","date_gmt":"2025-12-10T18:09:09","guid":{"rendered":"https:\/\/tea-shop.md\/product\/ceai-de-capsuni-cu-aroma-de-crema-negru\/"},"modified":"2026-03-31T22:08:22","modified_gmt":"2026-03-31T19:08:22","slug":"ceai-de-capsuni-cu-aroma-de-crema-negru","status":"publish","type":"product","link":"https:\/\/tea-shop.md\/ro\/produs\/ceai-de-capsuni-cu-aroma-de-crema-negru\/","title":{"rendered":"Ceai de c\u0103p\u0219uni cu arom\u0103 de crem\u0103 (negru)"},"content":{"rendered":"<p>Un amestec de Ceylon \u0219i ceai negru chinezesc cu c\u0103p\u0219uni \u0219i frunze de coac\u0103z negru.<\/p>\n<p>Ceaiul de c\u0103p\u0219uni este un adev\u0103rat r\u0103sf\u0103\u021b care \u00eei va atrage \u00een special pe cei cu un dinte dulce. Gustul s\u0103u dulce, \u00een care notele cremoase sunt \u00eempletite cu note de c\u0103p\u0219uni proaspete, v\u0103 va permite s\u0103 uita\u021bi de ad\u0103ugarea de zah\u0103r \u0219i lapte. Pe l\u00e2ng\u0103 gustul s\u0103u excelent, va oferi \u0219i beneficii pentru s\u0103n\u0103tate. Con\u021bine vitamine care \u00eent\u0103resc sistemul imunitar \u0219i antioxidan\u021bi care protejeaz\u0103 organismul de efectele nocive. Ajut\u00e2nd la eliminarea toxinelor, va \u00eembun\u0103t\u0103\u021bi bun\u0103starea \u0219i va ajuta figura s\u0103 devin\u0103 sub\u021bire.    <\/p>\n<p>O infuzie cu o arom\u0103 str\u0103lucitoare de c\u0103p\u0219uni \u0219i un gust bogat.<\/p>\n<p>Se toarn\u0103 1 linguri\u021b\u0103 de frunze de ceai \u00een ceainic. Se toarn\u0103 250 ml de ap\u0103 cald\u0103 95cc, insist\u0103 timp de 3-5 minute pentru a ob\u021bine o b\u0103utur\u0103 cu un gust delicat. <\/p>\n<p>&nbsp;<\/p>\n","protected":false},"excerpt":{"rendered":"<p>\u0427\u0430\u0439 &#8222;\u0417\u0435\u043c\u043b\u044f\u043d\u0438\u043a\u0430 \u0441\u043e \u0441\u043b\u0438\u0432\u043a\u0430\u043c\u0438&#8221; \u2014 \u044d\u0442\u043e \u043d\u0430\u0441\u0442\u043e\u044f\u0449\u0435\u0435 \u0443\u0434\u043e\u0432\u043e\u043b\u044c\u0441\u0442\u0432\u0438\u0435, \u043a\u043e\u0442\u043e\u0440\u043e\u0435 \u043e\u0441\u043e\u0431\u0435\u043d\u043d\u043e \u043f\u0440\u0438\u0434\u0435\u0442\u0441\u044f \u043f\u043e \u0432\u043a\u0443\u0441\u0443 \u0441\u043b\u0430\u0434\u043a\u043e\u0435\u0436\u043a\u0430\u043c. \u0415\u0433\u043e \u0441\u043b\u0430\u0434\u043a\u043e\u0432\u0430\u0442\u044b\u0439 \u0432\u043a\u0443\u0441, \u0432 \u043a\u043e\u0442\u043e\u0440\u043e\u043c \u0441\u043b\u0438\u0432\u043e\u0447\u043d\u044b\u0435 \u043d\u043e\u0442\u044b \u043f\u0435\u0440\u0435\u043f\u043b\u0435\u043b\u0438\u0441\u044c \u0441 \u043d\u043e\u0442\u0430\u043c\u0438 \u0441\u0432\u0435\u0436\u0435\u0439 \u0437\u0435\u043c\u043b\u044f\u043d\u0438\u043a\u0438, \u043f\u043e\u0437\u0432\u043e\u043b\u0438\u0442 \u0437\u0430\u0431\u044b\u0442\u044c \u043e \u0434\u043e\u0431\u0430\u0432\u043b\u0435\u043d\u0438\u0438 \u0441\u0430\u0445\u0430\u0440\u0430 \u0438 \u043c\u043e\u043b\u043e\u043a\u0430. \u041a\u0440\u043e\u043c\u0435 \u043f\u0440\u0435\u043a\u0440\u0430\u0441\u043d\u043e\u0433\u043e \u0432\u043a\u0443\u0441\u0430 \u043f\u043e\u0434\u0430\u0440\u0438\u0442 \u0435\u0449\u0435 \u0438 \u043f\u043e\u043b\u044c\u0437\u0443 \u0434\u043b\u044f \u0437\u0434\u043e\u0440\u043e\u0432\u044c\u044f. \u041e\u043d \u0441\u043e\u0434\u0435\u0440\u0436\u0438\u0442 \u0432\u0438\u0442\u0430\u043c\u0438\u043d\u044b, \u043a\u043e\u0442\u043e\u0440\u044b\u0435 \u0443\u043a\u0440\u0435\u043f\u044f\u0442 \u0438\u043c\u043c\u0443\u043d\u0438\u0442\u0435\u0442, \u0438 \u0430\u043d\u0442\u0438\u043e\u043a\u0441\u0438\u0434\u0430\u043d\u0442\u044b, \u043a\u043e\u0442\u043e\u0440\u044b\u0435 \u0437\u0430\u0449\u0438\u0442\u044f\u0442 \u043e\u0440\u0433\u0430\u043d\u0438\u0437\u043c \u043e\u0442 \u0432\u0440\u0435\u0434\u043d\u043e\u0433\u043e \u0432\u043b\u0438\u044f\u043d\u0438\u044f. \u0421\u043f\u043e\u0441\u043e\u0431\u0441\u0442\u0432\u0443\u044f \u0432\u044b\u0432\u0435\u0434\u0435\u043d\u0438\u044e \u0448\u043b\u0430\u043a\u043e\u0432, \u043e\u043d \u0443\u043b\u0443\u0447\u0448\u0438\u0442 \u0441\u0430\u043c\u043e\u0447\u0443\u0432\u0441\u0442\u0432\u0438\u0435 \u0438 \u043f\u043e\u043c\u043e\u0436\u0435\u0442 \u0444\u0438\u0433\u0443\u0440\u0435 \u043e\u0431\u0440\u0435\u0441\u0442\u0438 \u0441\u0442\u0440\u043e\u0439\u043d\u043e\u0441\u0442\u044c. \u0422\u0430\u043a\u0436\u0435 \u0447\u0430\u0439 &#8222;\u0417\u0435\u043c\u043b\u044f\u043d\u0438\u043a\u0430 \u0441\u043e \u0441\u043b\u0438\u0432\u043a\u0430\u043c\u0438&#8221; \u043f\u043e\u043c\u043e\u0433\u0430\u0435\u0442 \u043d\u043e\u0440\u043c\u0430\u043b\u0438\u0437\u043e\u0432\u0430\u0442\u044c \u0434\u0430\u0432\u043b\u0435\u043d\u0438\u0435, \u0438\u0437\u0431\u0430\u0432\u0438\u0442\u044c\u0441\u044f \u043e\u0442 \u0433\u043e\u043b\u043e\u0432\u043d\u044b\u0445 \u0431\u043e\u043b\u0435\u0439, \u0432\u043a\u043b\u044e\u0447\u0430\u044f \u0438 \u0431\u043e\u043b\u0438 \u043f\u0440\u0438 \u043c\u0435\u0442\u0435\u043e\u0447\u0443\u0432\u0441\u0442\u0432\u0438\u0442\u0435\u043b\u044c\u043d\u043e\u0441\u0442\u0438.     <\/p>\n<p>\u041a\u0443\u043f\u0430\u0436 \u043d\u0430 \u043e\u0441\u043d\u043e\u0432\u0435 \u0447\u0435\u0440\u043d\u043e\u0433\u043e \u0438\u043d\u0434\u0438\u0439\u0441\u043a\u043e\u0433\u043e \u0447\u0430\u044f \u0441 \u0434\u043e\u0431\u0430\u0432\u043b\u0435\u043d\u0438\u0435\u043c \u043a\u0443\u0441\u043e\u0447\u043a\u043e\u0432 \u043a\u043b\u0443\u0431\u043d\u0438\u043a\u0438, \u0437\u0435\u043c\u043b\u044f\u043d\u0438\u0447\u043d\u043e\u0433\u043e \u043b\u0438\u0441\u0442\u0430, \u0441\u0430\u0444\u043b\u043e\u0440\u0430, \u0430\u0440\u043e\u043c\u0430\u0442\u043e\u043c \u043b\u0435\u0441\u043d\u043e\u0439 \u0437\u0435\u043c\u043b\u044f\u043d\u0438\u043a\u0438 \u0438 \u0441\u043b\u0430\u0434\u043a\u0438\u0445 \u0441\u043b\u0438\u0432\u043e\u043a.<\/p>\n<p>\u041f\u0440\u0438 \u0437\u0430\u0432\u0430\u0440\u0438\u0432\u0430\u043d\u0438\u0438 \u043f\u043e\u043b\u0443\u0447\u0430\u0435\u0442\u0441\u044f \u043d\u0430\u043f\u0438\u0442\u043e\u043a, \u0441\u043e\u0447\u0435\u0442\u0430\u044e\u0449\u0438\u0439 \u0432 \u0441\u0435\u0431\u0435 \u0442\u0435\u0440\u043f\u043a\u043e\u0441\u0442\u044c \u0432\u043a\u0443\u0441\u0430 \u0447\u0435\u0440\u043d\u043e\u0433\u043e \u0447\u0430\u044f \u0441 \u0438\u0437\u044b\u0441\u043a\u0430\u043d\u043d\u044b\u043c \u0432\u043a\u0443\u0441\u043e\u043c \u0441\u043e\u0447\u043d\u043e\u0439 \u0437\u0435\u043c\u043b\u044f\u043d\u0438\u043a\u0438 \u0438 \u043d\u0435\u0436\u043d\u044b\u043c \u043b\u0435\u0433\u043a\u0438\u043c \u0430\u0440\u043e\u043c\u0430\u0442\u043e\u043c \u0441\u043b\u0438\u0432\u043e\u043a.<\/p>\n<p>Se toarn\u0103 1 linguri\u021b\u0103 de frunze de ceai \u00een ceainic. Se toarn\u0103 250 ml de ap\u0103 cald\u0103 95cc, insist\u0103 timp de 3-5 minute pentru a ob\u021bine o b\u0103utur\u0103 cu un gust delicat. <\/p>\n<p>&nbsp;<\/p>\n","protected":false},"featured_media":13453,"comment_status":"open","ping_status":"closed","template":"","meta":[],"product_brand":[],"product_cat":[346,348],"product_tag":[],"class_list":{"0":"post-14226","1":"product","2":"type-product","3":"status-publish","4":"has-post-thumbnail","6":"product_cat-chernyj-chaj","7":"product_cat-chernyj-s-dobavkami","9":"first","10":"instock","11":"shipping-taxable","12":"purchasable","13":"product-type-variable","14":"has-default-attributes"},"_links":{"self":[{"href":"https:\/\/tea-shop.md\/ro\/wp-json\/wp\/v2\/product\/14226","targetHints":{"allow":["GET"]}}],"collection":[{"href":"https:\/\/tea-shop.md\/ro\/wp-json\/wp\/v2\/product"}],"about":[{"href":"https:\/\/tea-shop.md\/ro\/wp-json\/wp\/v2\/types\/product"}],"replies":[{"embeddable":true,"href":"https:\/\/tea-shop.md\/ro\/wp-json\/wp\/v2\/comments?post=14226"}],"version-history":[{"count":1,"href":"https:\/\/tea-shop.md\/ro\/wp-json\/wp\/v2\/product\/14226\/revisions"}],"predecessor-version":[{"id":14958,"href":"https:\/\/tea-shop.md\/ro\/wp-json\/wp\/v2\/product\/14226\/revisions\/14958"}],"wp:featuredmedia":[{"embeddable":true,"href":"https:\/\/tea-shop.md\/ro\/wp-json\/wp\/v2\/media\/13453"}],"wp:attachment":[{"href":"https:\/\/tea-shop.md\/ro\/wp-json\/wp\/v2\/media?parent=14226"}],"wp:term":[{"taxonomy":"product_brand","embeddable":true,"href":"https:\/\/tea-shop.md\/ro\/wp-json\/wp\/v2\/product_brand?post=14226"},{"taxonomy":"product_cat","embeddable":true,"href":"https:\/\/tea-shop.md\/ro\/wp-json\/wp\/v2\/product_cat?post=14226"},{"taxonomy":"product_tag","embeddable":true,"href":"https:\/\/tea-shop.md\/ro\/wp-json\/wp\/v2\/product_tag?post=14226"}],"curies":[{"name":"wp","href":"https:\/\/api.w.org\/{rel}","templated":true}]}}